{"id":16174,"date":"2023-10-18T11:39:02","date_gmt":"2023-10-18T11:39:02","guid":{"rendered":"https:\/\/lyconnordic.nyside2.net\/privat\/?page_id=16174"},"modified":"2024-03-19T12:46:11","modified_gmt":"2024-03-19T11:46:11","slug":"kopvillkor","status":"publish","type":"page","link":"https:\/\/lyconnordic.se\/privat\/kopvillkor\/","title":{"rendered":"K\u00f6pvillkor"},"content":{"rendered":"<p>\u00c5NGERR\u00c4TT OCH RETURER<\/p>\n<p>Kontrollera alltid att din f\u00f6rs\u00e4ndelse \u00e4r oskadd vid leverans. Vid skador, fel produkter eller\u00a0saknade varor, kontakta oss p\u00e5\u00a0<a href=\"mailto:support@lyconnordic.se\">support@lyconnordic.se<\/a>.<\/p>\n<p>Du har \u00f6ppet k\u00f6p i 14 dagar fr\u00e5n det datum varorna skickas fr\u00e5n oss. Under den perioden kan du helt kostnadsfritt skicka tillbaka dina varor.<\/p>\n<p>Om du \u00e4r os\u00e4ker p\u00e5 vad som g\u00e4ller kring \u00e5ngerr\u00e4tt kan du l\u00e4sa mer om detta p\u00e5 Konsumentverket.se eller ladda ner en standardmall f\u00f6r\u00a0<a href=\"https:\/\/publikationer.konsumentverket.se\/kontrakt-och-mallar\/angerblankett\">\u00e5ngerblankett h\u00e4r<\/a>.<\/p>\n<p><strong>RETURHANTERING OCH \u00c5TERBETALNING<\/strong><\/p>\n<p>Du har \u00f6ppet k\u00f6p i 14 dagar fr\u00e5n det datum som varorna har skickats fr\u00e5n oss. Lycon Nordic st\u00e5r f\u00f6r returkostnaden om du \u00e5ngrar ditt k\u00f6p under denna period. Varan du returnerar ska vara oanv\u00e4nda, o\u00f6ppnade och i sin originalkartong f\u00f6r att godk\u00e4nnas. Om produkterna \u00e4r anv\u00e4nda utf\u00e4rdas ingen \u00e5terbetalning. Meddela g\u00e4rna v\u00e5r kundservice om du mottagit en vara i annat skick \u00e4n f\u00f6rv\u00e4ntat.<\/p>\n<p>Om du har erh\u00e5llit en g\u00e5va i samband med din best\u00e4llning s\u00e5 ska \u00e4ven denna returneras om orderv\u00e4rdet efter returen inte uppn\u00e5r kravet f\u00f6r g\u00e5van.<\/p>\n<p>\u00d6nskar du returnera kan du kontakta oss p\u00e5\u00a0<a href=\"mailto:support@lyconnordic.se\">support@lyconnordic.se<\/a>\u00a0s\u00e5 hj\u00e4lper vi dig\u00a0vidare.<\/p>\n<p>T\u00e4nk p\u00e5 att l\u00e4sa igenom all information som st\u00e5r kring \u00f6nskad retur innan du l\u00e4mnar in ditt paket. F\u00f6r att s\u00e4kerst\u00e4lla att din retur blir godk\u00e4nd.\u00a0Kostnader f\u00f6r leverans \u00e5terbetalas ej vid en retur.<\/p>\n<p>Vid godk\u00e4nd reklamation s\u00e5 \u00e5terbetalar vi summan f\u00f6r din best\u00e4llning inom 9 dagar, inklusive eventuell fraktkostnad.<\/p>\n<p><strong>\u00c5NGERR\u00c4TT<\/strong><\/p>\n<p>Vi till\u00e4mpar 14 dagars lagstadgad \u00e5ngerr\u00e4tt (DAL (2005:59)\u00a0 \u00c5ngerr\u00e4tten p\u00e5b\u00f6rjas den dag du mottagit din vara och \u00e4r giltig i 14 dagar fram\u00e5t.<\/p>\n<p>Fr\u00e5n \u00e5ngerr\u00e4tten undantas vissa produkter. Av h\u00e4lso- och hygiensk\u00e4l omfattas inte produkter med brutet emballage eller annan bruten plombering. Om varan hanterats i st\u00f6rre omfattning \u00e4n vad som anses n\u00f6dv\u00e4ndigt f\u00f6r att fastst\u00e4lla dess egenskaper eller funktion, kan Lycon Nordic utkr\u00e4va en ers\u00e4ttning f\u00f6r varans v\u00e4rdeminskning.\u200b<\/p>\n<p>Du beh\u00f6ver meddela oss f\u00f6r att nyttja \u00e5ngerr\u00e4tten, vi rekommenderar att detta g\u00f6rs till\u00a0<a href=\"mailto:support@lyconnordic.se\">support@lyconnordic.se<\/a>. Du kan ocks\u00e5 ut\u00f6va din \u00e5ngerr\u00e4tt genom att fylla i och skicka Konsumentverkets \u00e5ngerblankett till Lycon Nordic.\u00a0<a href=\"https:\/\/publikationer.konsumentverket.se\/kontrakt-och-mallar\/angerblankett\">Blanketten hittar du h\u00e4r<\/a>. Blanketten skickas sedan till f\u00f6ljande adress:\u200b<\/p>\n<p>Lycon Nordic \u00a0\u200b<br \/>\nUnderhaugsveien 3C<br \/>\nNO-0354 Oslo<\/p>\n<p><strong>Vi till\u00e4mpar f\u00f6ljande undantag fr\u00e5n \u00e5ngerr\u00e4tten (2 kap. 11 \u00a7 DAL):<\/strong><br \/>\n\u00c5ngerr\u00e4tten g\u00e4ller ej varor som med bruten f\u00f6rsegling inte l\u00e4mpligen kan \u00e5terl\u00e4mnas p\u00e5 grund av h\u00e4lso- eller hygiensk\u00e4l och f\u00f6rseglingen har brutits av konsumenten.<\/p>\n<p><strong>GARANTI<\/strong><\/p>\n<p>Lycon Nordic\u00a0\u00e4r auktoriserad \u00e5terf\u00f6rs\u00e4ljare f\u00f6r samtliga varum\u00e4rken. Garantier p\u00e5 varan l\u00e4mnas av respektive tillverkare.\u00a0Vi l\u00e4mnar inga ytterligare garantier ut\u00f6ver den av tillverkaren specificerade. Om du k\u00e4nner dig det minsta os\u00e4ker p\u00e5 garantin eller de anvisningar som medf\u00f6ljer din produkt, kontakta oss innan anv\u00e4ndning s\u00e5 vi kan hj\u00e4lpa dig. Vi kan ej ta ansvar f\u00f6r eventuell \u00f6verk\u00e4nslighet mot ingredienser i en produkt eller prov. Om du \u00e4r os\u00e4ker p\u00e5 vad produkten eller provet inneh\u00e5ller, kontakta\u00a0oss innan anv\u00e4ndning\/best\u00e4llning.<\/p>\n<p><strong>ALLERGISK REAKTION<\/strong><\/p>\n<p>En allergisk reaktion \u00e4r en \u00f6verk\u00e4nslighetsreaktion som sker i huden och uppkommer ganska t\u00e4tt inp\u00e5 anv\u00e4ndning av en produkt. \u00d6verk\u00e4nslighetsreaktionen \u00e4r en f\u00f6rsvarsreaktion p\u00e5 ett visst \u00e4mne som annars \u00e4r ofarligt men som kroppens immunf\u00f6rsvar inte tolererar och reagerar negativt p\u00e5.<\/p>\n<p>Vet du med dig att du har allergier \u00e4r det viktigt att du kontrollerar att produkten du anv\u00e4nder inte inneh\u00e5ller det specifika \u00e4mnet. Det kan vara bra att g\u00f6ra ett allergitest om du \u00e4r os\u00e4ker s\u00e5 att du vet vad du ska undvika. Vi finns h\u00e4r och hj\u00e4lper dig g\u00e4rna kolla igenom ingredienslistan av en produkt innan anv\u00e4ndning.<\/p>\n<p>Kontrollera alltid hur du ska anv\u00e4nda din nya produkt. Att anv\u00e4nda en produkt p\u00e5 fel s\u00e4tt kan skapa en negativ reaktion men det \u00e4r inte samma sak som en allergisk reaktion. \u00c4r du os\u00e4ker p\u00e5 hur du ska anv\u00e4nda din produkt s\u00e5 kontakta v\u00e5ra hudterapeuter via mail eller telefon s\u00e5 guidar vi dig r\u00e4tt.<\/p>\n<p>Om du har f\u00e5tt en allergisk reaktion av n\u00e5gon produkt du k\u00f6pt hos\u00a0oss, v\u00e4nligen kontakta n\u00e5gon av v\u00e5ra hudterapeuter genom att maila\u00a0<a href=\"mailto:support@lyconnordic.se\">support@lyconnordic.se<\/a>. F\u00f6r att kunna hj\u00e4lpa dig p\u00e5 allra b\u00e4sta s\u00e4tt ser vi g\u00e4rna att du beskriver reaktionen och hur du anv\u00e4nt produkten samt skickar med en bild p\u00e5 hur reaktionen ser ut p\u00e5 din hud.<\/p>\n","protected":false},"excerpt":{"rendered":"<p>\u00c5NGERR\u00c4TT OCH RETURER Kontrollera alltid att din f\u00f6rs\u00e4ndelse \u00e4r oskadd vid leverans. Vid skador, fel produkter eller\u00a0saknade varor, kontakta oss<\/p>\n","protected":false},"author":1,"featured_media":0,"parent":0,"menu_order":0,"comment_status":"closed","ping_status":"closed","template":"","meta":{"footnotes":""},"class_list":["post-16174","page","type-page","status-publish","hentry"],"yoast_head":"<!-- This site is optimized with the Yoast SEO plugin v27.5 - https:\/\/yoast.com\/product\/yoast-seo-wordpress\/ -->\n<title>K\u00f6pvillkor - LYCON Nordic - Sweden - Privat<\/title>\n<meta name=\"robots\" content=\"index, follow, max-snippet:-1, max-image-preview:large, max-video-preview:-1\" \/>\n<link rel=\"canonical\" href=\"https:\/\/lyconnordic.se\/privat\/kopvillkor\/\" \/>\n<meta property=\"og:locale\" content=\"sv_SE\" \/>\n<meta property=\"og:type\" content=\"article\" \/>\n<meta property=\"og:title\" content=\"K\u00f6pvillkor - LYCON Nordic - Sweden - Privat\" \/>\n<meta property=\"og:description\" content=\"\u00c5NGERR\u00c4TT OCH RETURER Kontrollera alltid att din f\u00f6rs\u00e4ndelse \u00e4r oskadd vid leverans. Vid skador, fel produkter eller\u00a0saknade varor, kontakta oss\" \/>\n<meta property=\"og:url\" content=\"https:\/\/lyconnordic.se\/privat\/kopvillkor\/\" \/>\n<meta property=\"og:site_name\" content=\"LYCON Nordic - Sweden - Privat\" \/>\n<meta property=\"article:modified_time\" content=\"2024-03-19T11:46:11+00:00\" \/>\n<meta name=\"twitter:card\" content=\"summary_large_image\" \/>\n<meta name=\"twitter:label1\" content=\"Ber\u00e4knad l\u00e4stid\" \/>\n\t<meta name=\"twitter:data1\" content=\"4 minuter\" \/>\n<script type=\"application\/ld+json\" class=\"yoast-schema-graph\">{\"@context\":\"https:\\\/\\\/schema.org\",\"@graph\":[{\"@type\":\"WebPage\",\"@id\":\"https:\\\/\\\/lyconnordic.se\\\/privat\\\/kopvillkor\\\/\",\"url\":\"https:\\\/\\\/lyconnordic.se\\\/privat\\\/kopvillkor\\\/\",\"name\":\"K\u00f6pvillkor - LYCON Nordic - Sweden - Privat\",\"isPartOf\":{\"@id\":\"https:\\\/\\\/lyconnordic.se\\\/privat\\\/#website\"},\"datePublished\":\"2023-10-18T11:39:02+00:00\",\"dateModified\":\"2024-03-19T11:46:11+00:00\",\"breadcrumb\":{\"@id\":\"https:\\\/\\\/lyconnordic.se\\\/privat\\\/kopvillkor\\\/#breadcrumb\"},\"inLanguage\":\"sv-SE\",\"potentialAction\":[{\"@type\":\"ReadAction\",\"target\":[\"https:\\\/\\\/lyconnordic.se\\\/privat\\\/kopvillkor\\\/\"]}]},{\"@type\":\"BreadcrumbList\",\"@id\":\"https:\\\/\\\/lyconnordic.se\\\/privat\\\/kopvillkor\\\/#breadcrumb\",\"itemListElement\":[{\"@type\":\"ListItem\",\"position\":1,\"name\":\"Hem\",\"item\":\"https:\\\/\\\/lyconnordic.se\\\/privat\\\/\"},{\"@type\":\"ListItem\",\"position\":2,\"name\":\"K\u00f6pvillkor\"}]},{\"@type\":\"WebSite\",\"@id\":\"https:\\\/\\\/lyconnordic.se\\\/privat\\\/#website\",\"url\":\"https:\\\/\\\/lyconnordic.se\\\/privat\\\/\",\"name\":\"LYCON Nordic - Sweden\",\"description\":\"Lycon Nordic - Vax, Milt h\u00e5rborttagningsvax, Brasiliansk Vaxning, Exklusivt h\u00e5rborttagningsvax\",\"potentialAction\":[{\"@type\":\"SearchAction\",\"target\":{\"@type\":\"EntryPoint\",\"urlTemplate\":\"https:\\\/\\\/lyconnordic.se\\\/privat\\\/?s={search_term_string}\"},\"query-input\":{\"@type\":\"PropertyValueSpecification\",\"valueRequired\":true,\"valueName\":\"search_term_string\"}}],\"inLanguage\":\"sv-SE\"}]}<\/script>\n<!-- \/ Yoast SEO plugin. -->","yoast_head_json":{"title":"K\u00f6pvillkor - LYCON Nordic - Sweden - Privat","robots":{"index":"index","follow":"follow","max-snippet":"max-snippet:-1","max-image-preview":"max-image-preview:large","max-video-preview":"max-video-preview:-1"},"canonical":"https:\/\/lyconnordic.se\/privat\/kopvillkor\/","og_locale":"sv_SE","og_type":"article","og_title":"K\u00f6pvillkor - LYCON Nordic - Sweden - Privat","og_description":"\u00c5NGERR\u00c4TT OCH RETURER Kontrollera alltid att din f\u00f6rs\u00e4ndelse \u00e4r oskadd vid leverans. Vid skador, fel produkter eller\u00a0saknade varor, kontakta oss","og_url":"https:\/\/lyconnordic.se\/privat\/kopvillkor\/","og_site_name":"LYCON Nordic - Sweden - Privat","article_modified_time":"2024-03-19T11:46:11+00:00","twitter_card":"summary_large_image","twitter_misc":{"Ber\u00e4knad l\u00e4stid":"4 minuter"},"schema":{"@context":"https:\/\/schema.org","@graph":[{"@type":"WebPage","@id":"https:\/\/lyconnordic.se\/privat\/kopvillkor\/","url":"https:\/\/lyconnordic.se\/privat\/kopvillkor\/","name":"K\u00f6pvillkor - LYCON Nordic - Sweden - Privat","isPartOf":{"@id":"https:\/\/lyconnordic.se\/privat\/#website"},"datePublished":"2023-10-18T11:39:02+00:00","dateModified":"2024-03-19T11:46:11+00:00","breadcrumb":{"@id":"https:\/\/lyconnordic.se\/privat\/kopvillkor\/#breadcrumb"},"inLanguage":"sv-SE","potentialAction":[{"@type":"ReadAction","target":["https:\/\/lyconnordic.se\/privat\/kopvillkor\/"]}]},{"@type":"BreadcrumbList","@id":"https:\/\/lyconnordic.se\/privat\/kopvillkor\/#breadcrumb","itemListElement":[{"@type":"ListItem","position":1,"name":"Hem","item":"https:\/\/lyconnordic.se\/privat\/"},{"@type":"ListItem","position":2,"name":"K\u00f6pvillkor"}]},{"@type":"WebSite","@id":"https:\/\/lyconnordic.se\/privat\/#website","url":"https:\/\/lyconnordic.se\/privat\/","name":"LYCON Nordic - Sweden","description":"Lycon Nordic - Vax, Milt h\u00e5rborttagningsvax, Brasiliansk Vaxning, Exklusivt h\u00e5rborttagningsvax","potentialAction":[{"@type":"SearchAction","target":{"@type":"EntryPoint","urlTemplate":"https:\/\/lyconnordic.se\/privat\/?s={search_term_string}"},"query-input":{"@type":"PropertyValueSpecification","valueRequired":true,"valueName":"search_term_string"}}],"inLanguage":"sv-SE"}]}},"_links":{"self":[{"href":"https:\/\/lyconnordic.se\/privat\/wp-json\/wp\/v2\/pages\/16174","targetHints":{"allow":["GET"]}}],"collection":[{"href":"https:\/\/lyconnordic.se\/privat\/wp-json\/wp\/v2\/pages"}],"about":[{"href":"https:\/\/lyconnordic.se\/privat\/wp-json\/wp\/v2\/types\/page"}],"author":[{"embeddable":true,"href":"https:\/\/lyconnordic.se\/privat\/wp-json\/wp\/v2\/users\/1"}],"replies":[{"embeddable":true,"href":"https:\/\/lyconnordic.se\/privat\/wp-json\/wp\/v2\/comments?post=16174"}],"version-history":[{"count":6,"href":"https:\/\/lyconnordic.se\/privat\/wp-json\/wp\/v2\/pages\/16174\/revisions"}],"predecessor-version":[{"id":21215,"href":"https:\/\/lyconnordic.se\/privat\/wp-json\/wp\/v2\/pages\/16174\/revisions\/21215"}],"wp:attachment":[{"href":"https:\/\/lyconnordic.se\/privat\/wp-json\/wp\/v2\/media?parent=16174"}],"curies":[{"name":"wp","href":"https:\/\/api.w.org\/{rel}","templated":true}]}}