{"id":16297,"date":"2023-10-19T07:22:14","date_gmt":"2023-10-19T07:22:14","guid":{"rendered":"https:\/\/lyconnordic.nyside2.net\/privat\/?page_id=16297"},"modified":"2024-03-11T16:27:33","modified_gmt":"2024-03-11T15:27:33","slug":"hur-valjer-man-ratt-vax","status":"publish","type":"page","link":"https:\/\/lyconnordic.se\/privat\/hur-valjer-man-ratt-vax\/","title":{"rendered":"Hur v\u00e4ljer man r\u00e4tt vax?"},"content":{"rendered":"\t\t<div data-elementor-type=\"wp-page\" data-elementor-id=\"16297\" class=\"elementor elementor-16297\">\n\t\t\t\t<div class=\"wd-negative-gap elementor-element elementor-element-6ce3189 e-flex e-con-boxed e-con e-parent\" data-id=\"6ce3189\" data-element_type=\"container\" data-e-type=\"container\">\n\t\t\t\t\t<div class=\"e-con-inner\">\n\t\t<div class=\"elementor-element elementor-element-0d1b314 e-con-full e-flex e-con e-child\" data-id=\"0d1b314\" data-element_type=\"container\" data-e-type=\"container\">\n\t\t\t\t<div class=\"elementor-element elementor-element-e21b99f wd-width-100 elementor-widget elementor-widget-wd_title\" data-id=\"e21b99f\" data-element_type=\"widget\" data-e-type=\"widget\" data-widget_type=\"wd_title.default\">\n\t\t\t\t<div class=\"elementor-widget-container\">\n\t\t\t\t\t\t\t<div class=\"title-wrapper wd-set-mb reset-last-child wd-title-color-primary wd-title-style-default wd-title-size-large text-left\">\n\n\t\t\t\t\t\t\t\t\t\t\t<div class=\"title-subtitle subtitle-color-primary subtitle-style-default wd-fontsize-xs\">\n\t\t\t\t\tLycon precision Waxing System\t\t\t\t<\/div>\n\t\t\t\n\t\t\t<div class=\"liner-continer\">\n\t\t\t\t<h4 class=\"woodmart-title-container title wd-fontsize-xxl\">K\u00e4rt barn har m\u00e5nga namn! Vad \u00e4r skillnaden mellan Hot Wax och Strip Wax?<\/h4> \n\t\t\t\t\t\t\t<\/div>\n\n\t\t\t\t\t<\/div>\n\t\t\t\t\t\t<\/div>\n\t\t\t\t<\/div>\n\t\t\t\t<div class=\"elementor-element elementor-element-e7f6014 elementor-widget elementor-widget-wd_text_block\" data-id=\"e7f6014\" data-element_type=\"widget\" data-e-type=\"widget\" data-widget_type=\"wd_text_block.default\">\n\t\t\t\t<div class=\"elementor-widget-container\">\n\t\t\t\t\t\t\t<div class=\"wd-text-block reset-last-child text-left\">\n\t\t\t\n\t\t\t<p>B\u00e5de Hot Wax och Strip Wax \u00e4r vaxer som anv\u00e4nds f\u00f6r h\u00e5rborttagning. Skillnaden \u00e4r hur de anv\u00e4nds och var p\u00e5 kroppen de anv\u00e4nds.<\/p><p><strong>Hot Wax<\/strong> (engelska) kallas f\u00f6r roll-on vax p\u00e5 svenska. Detta vax appliceras i lite tjockare lager (bananskals tjocklek). Man l\u00e5ter sedan vaxet stelna lite innan man tar bort det genom att ta tag i kanten och dra av sj\u00e4lva \"vaxkakan\". Detta vax \u00e4r bra att anv\u00e4nda p\u00e5 k\u00e4nsligare omr\u00e5den som ansikte, armh\u00e5lor, bikini och brasiliansk.<\/p><p><strong>Strip Wax<\/strong> (engelska) kallas f\u00f6r remsvax p\u00e5 svenska. Detta vax kallas \u00e4ven f\u00f6r kassettvax eftersom det kommer i en beh\u00e5llare med en roller s\u00e5 att du enkelt bara kan rulla vaxet p\u00e5 huden. Detta vax appliceras i tunnare lager. Det r\u00e4cker att rulla p\u00e5 ett lager vax innan du l\u00e4gger p\u00e5 en pappersremsa, stryk den med handen s\u00e5 att den fastnar p\u00e5 huden och h\u00e5ret och dra sedan av den. Detta vax g\u00e5r bra att anv\u00e4nda p\u00e5 lite st\u00f6rre ytor som ben, armar, rygg och br\u00f6st (p\u00e5 m\u00e4n).<\/p>\n\t\t\t\t\t<\/div>\n\t\t\t\t\t\t<\/div>\n\t\t\t\t<\/div>\n\t\t\t\t<\/div>\n\t\t<div class=\"elementor-element elementor-element-a398758 e-con-full color-scheme-light shadowbox e-flex e-con e-child\" data-id=\"a398758\" data-element_type=\"container\" data-e-type=\"container\" data-settings=\"{&quot;background_background&quot;:&quot;classic&quot;}\">\n\t\t\t\t<div class=\"elementor-element elementor-element-9ae0ec1 elementor-widget elementor-widget-wd_text_block\" data-id=\"9ae0ec1\" data-element_type=\"widget\" data-e-type=\"widget\" data-widget_type=\"wd_text_block.default\">\n\t\t\t\t<div class=\"elementor-widget-container\">\n\t\t\t\t\t\t\t<div class=\"wd-text-block reset-last-child text-left\">\n\t\t\t\n\t\t\t<h3>LYCONs vaxer \u00e4r:<\/h3>\n\t\t\t\t\t<\/div>\n\t\t\t\t\t\t<\/div>\n\t\t\t\t<\/div>\n\t\t\t\t<div class=\"elementor-element elementor-element-210687e elementor-icon-list--layout-traditional elementor-list-item-link-full_width elementor-widget elementor-widget-icon-list\" data-id=\"210687e\" data-element_type=\"widget\" data-e-type=\"widget\" data-widget_type=\"icon-list.default\">\n\t\t\t\t<div class=\"elementor-widget-container\">\n\t\t\t\t\t\t\t<ul class=\"elementor-icon-list-items\">\n\t\t\t\t\t\t\t<li class=\"elementor-icon-list-item\">\n\t\t\t\t\t\t\t\t\t\t\t<span class=\"elementor-icon-list-icon\">\n\t\t\t\t\t\t\t<i aria-hidden=\"true\" class=\"fas fa-check\"><\/i>\t\t\t\t\t\t<\/span>\n\t\t\t\t\t\t\t\t\t\t<span class=\"elementor-icon-list-text\">Mycket skonsamma och n\u00e4stintill sm\u00e4rtfria<\/span>\n\t\t\t\t\t\t\t\t\t<\/li>\n\t\t\t\t\t\t\t\t<li class=\"elementor-icon-list-item\">\n\t\t\t\t\t\t\t\t\t\t\t<span class=\"elementor-icon-list-icon\">\n\t\t\t\t\t\t\t<i aria-hidden=\"true\" class=\"fas fa-check\"><\/i>\t\t\t\t\t\t<\/span>\n\t\t\t\t\t\t\t\t\t\t<span class=\"elementor-icon-list-text\">Tar bort alla typer av h\u00e5r<\/span>\n\t\t\t\t\t\t\t\t\t<\/li>\n\t\t\t\t\t\t\t\t<li class=\"elementor-icon-list-item\">\n\t\t\t\t\t\t\t\t\t\t\t<span class=\"elementor-icon-list-icon\">\n\t\t\t\t\t\t\t<i aria-hidden=\"true\" class=\"fas fa-check\"><\/i>\t\t\t\t\t\t<\/span>\n\t\t\t\t\t\t\t\t\t\t<span class=\"elementor-icon-list-text\">L\u00e4mnar ingen rodnad och \u00e4r sn\u00e4ll mot huden<\/span>\n\t\t\t\t\t\t\t\t\t<\/li>\n\t\t\t\t\t\t\t\t<li class=\"elementor-icon-list-item\">\n\t\t\t\t\t\t\t\t\t\t\t<span class=\"elementor-icon-list-icon\">\n\t\t\t\t\t\t\t<i aria-hidden=\"true\" class=\"fas fa-check\"><\/i>\t\t\t\t\t\t<\/span>\n\t\t\t\t\t\t\t\t\t\t<span class=\"elementor-icon-list-text\">Har en l\u00e5g arbetstemperatur<\/span>\n\t\t\t\t\t\t\t\t\t<\/li>\n\t\t\t\t\t\t<\/ul>\n\t\t\t\t\t\t<\/div>\n\t\t\t\t<\/div>\n\t\t\t\t<\/div>\n\t\t\t\t\t<\/div>\n\t\t\t\t<\/div>\n\t\t<div class=\"wd-negative-gap elementor-element elementor-element-c4f9c7f wd-section-stretch e-flex e-con-boxed e-con e-parent\" data-id=\"c4f9c7f\" data-element_type=\"container\" data-e-type=\"container\" data-settings=\"{&quot;background_background&quot;:&quot;classic&quot;}\">\n\t\t\t\t\t<div class=\"e-con-inner\">\n\t\t<div class=\"elementor-element elementor-element-f4f7174 e-con-full e-flex e-con e-child\" data-id=\"f4f7174\" data-element_type=\"container\" data-e-type=\"container\">\n\t\t\t\t<div class=\"elementor-element elementor-element-0e29067 elementor-widget elementor-widget-wd_image_or_svg\" data-id=\"0e29067\" data-element_type=\"widget\" data-e-type=\"widget\" data-widget_type=\"wd_image_or_svg.default\">\n\t\t\t\t<div class=\"elementor-widget-container\">\n\t\t\t\t\t\n\t\t<div class=\"wd-image text-left\">\n\t\t\t\t\t\t\t\t<img loading=\"lazy\" decoding=\"async\" width=\"1080\" height=\"1080\" src=\"https:\/\/lyconnordic.se\/privat\/wp-content\/uploads\/2024\/03\/SE-B2C-strip-wax.png\" class=\"attachment-full size-full\" alt=\"\" srcset=\"https:\/\/lyconnordic.se\/privat\/wp-content\/uploads\/2024\/03\/SE-B2C-strip-wax.png 1080w, https:\/\/lyconnordic.se\/privat\/wp-content\/uploads\/2024\/03\/SE-B2C-strip-wax-300x300.png 300w, https:\/\/lyconnordic.se\/privat\/wp-content\/uploads\/2024\/03\/SE-B2C-strip-wax-800x800.png 800w, https:\/\/lyconnordic.se\/privat\/wp-content\/uploads\/2024\/03\/SE-B2C-strip-wax-150x150.png 150w, https:\/\/lyconnordic.se\/privat\/wp-content\/uploads\/2024\/03\/SE-B2C-strip-wax-768x768.png 768w, https:\/\/lyconnordic.se\/privat\/wp-content\/uploads\/2024\/03\/SE-B2C-strip-wax-860x860.png 860w, https:\/\/lyconnordic.se\/privat\/wp-content\/uploads\/2024\/03\/SE-B2C-strip-wax-430x430.png 430w, https:\/\/lyconnordic.se\/privat\/wp-content\/uploads\/2024\/03\/SE-B2C-strip-wax-700x700.png 700w\" sizes=\"auto, (max-width: 1080px) 100vw, 1080px\" \/>\t\t\t\t\t<\/div>\n\n\t\t\t\t\t\t<\/div>\n\t\t\t\t<\/div>\n\t\t\t\t<div class=\"elementor-element elementor-element-bdf891d voksvideo elementor-widget elementor-widget-video\" data-id=\"bdf891d\" data-element_type=\"widget\" data-e-type=\"widget\" data-settings=\"{&quot;youtube_url&quot;:&quot;https:\\\/\\\/www.youtube.com\\\/watch?v=dmx-uer1bek&amp;feature=youtu.be&quot;,&quot;show_image_overlay&quot;:&quot;yes&quot;,&quot;image_overlay&quot;:{&quot;url&quot;:&quot;https:\\\/\\\/lyconnordic.se\\\/privat\\\/wp-content\\\/uploads\\\/2024\\\/02\\\/bg.png&quot;,&quot;id&quot;:18060,&quot;size&quot;:&quot;&quot;,&quot;alt&quot;:&quot;&quot;,&quot;source&quot;:&quot;library&quot;},&quot;lightbox&quot;:&quot;yes&quot;,&quot;video_type&quot;:&quot;youtube&quot;,&quot;controls&quot;:&quot;yes&quot;}\" data-widget_type=\"video.default\">\n\t\t\t\t<div class=\"elementor-widget-container\">\n\t\t\t\t\t\t\t<div class=\"elementor-wrapper elementor-open-lightbox\">\n\t\t\t\t\t\t\t<div class=\"elementor-custom-embed-image-overlay\" data-elementor-open-lightbox=\"yes\" data-elementor-lightbox=\"{&quot;type&quot;:&quot;video&quot;,&quot;videoType&quot;:&quot;youtube&quot;,&quot;url&quot;:&quot;https:\\\/\\\/www.youtube.com\\\/embed\\\/dmx-uer1bek?feature=oembed&amp;start&amp;end&amp;wmode=opaque&amp;loop=0&amp;controls=1&amp;mute=0&amp;rel=0&amp;cc_load_policy=0&quot;,&quot;autoplay&quot;:&quot;&quot;,&quot;modalOptions&quot;:{&quot;id&quot;:&quot;elementor-lightbox-bdf891d&quot;,&quot;entranceAnimation&quot;:&quot;&quot;,&quot;entranceAnimation_tablet&quot;:&quot;&quot;,&quot;entranceAnimation_mobile&quot;:&quot;&quot;,&quot;videoAspectRatio&quot;:&quot;169&quot;}}\" data-e-action-hash=\"#elementor-action%3Aaction%3Dlightbox%26settings%3DeyJ0eXBlIjoidmlkZW8iLCJ2aWRlb1R5cGUiOiJ5b3V0dWJlIiwidXJsIjoiaHR0cHM6XC9cL3d3dy55b3V0dWJlLmNvbVwvZW1iZWRcL2RteC11ZXIxYmVrP2ZlYXR1cmU9b2VtYmVkJnN0YXJ0JmVuZCZ3bW9kZT1vcGFxdWUmbG9vcD0wJmNvbnRyb2xzPTEmbXV0ZT0wJnJlbD0wJmNjX2xvYWRfcG9saWN5PTAiLCJhdXRvcGxheSI6IiIsIm1vZGFsT3B0aW9ucyI6eyJpZCI6ImVsZW1lbnRvci1saWdodGJveC1iZGY4OTFkIiwiZW50cmFuY2VBbmltYXRpb24iOiIiLCJlbnRyYW5jZUFuaW1hdGlvbl90YWJsZXQiOiIiLCJlbnRyYW5jZUFuaW1hdGlvbl9tb2JpbGUiOiIiLCJ2aWRlb0FzcGVjdFJhdGlvIjoiMTY5In19\">\n\t\t\t\t\t\t\t\t\t\t\t<img loading=\"lazy\" decoding=\"async\" width=\"800\" height=\"500\" src=\"https:\/\/lyconnordic.se\/privat\/wp-content\/themes\/woodmart\/images\/lazy.svg\" class=\"attachment-full size-full wp-image-18060 wd-lazy-fade\" alt=\"\" srcset=\"\" sizes=\"auto, (max-width: 800px) 100vw, 800px\" data-src=\"https:\/\/lyconnordic.se\/privat\/wp-content\/uploads\/2024\/02\/bg.png\" data-srcset=\"https:\/\/lyconnordic.se\/privat\/wp-content\/uploads\/2024\/02\/bg.png 800w, https:\/\/lyconnordic.se\/privat\/wp-content\/uploads\/2024\/02\/bg-400x250.png 400w, https:\/\/lyconnordic.se\/privat\/wp-content\/uploads\/2024\/02\/bg-768x480.png 768w, https:\/\/lyconnordic.se\/privat\/wp-content\/uploads\/2024\/02\/bg-430x269.png 430w, https:\/\/lyconnordic.se\/privat\/wp-content\/uploads\/2024\/02\/bg-700x438.png 700w, https:\/\/lyconnordic.se\/privat\/wp-content\/uploads\/2024\/02\/bg-150x94.png 150w\" \/>\t\t\t\t\t\t\t\t\t\t\t\t\t\t\t\t<div class=\"elementor-custom-embed-play\" role=\"button\" aria-label=\"Spela videoklipp\" tabindex=\"0\">\n\t\t\t\t\t\t\t<i aria-hidden=\"true\" class=\"eicon-play\"><\/i>\t\t\t\t\t\t<\/div>\n\t\t\t\t\t\t\t\t\t<\/div>\n\t\t\t\t\t<\/div>\n\t\t\t\t\t\t<\/div>\n\t\t\t\t<\/div>\n\t\t\t\t<\/div>\n\t\t<div class=\"elementor-element elementor-element-1f2c4a5 e-con-full e-flex e-con e-child\" data-id=\"1f2c4a5\" data-element_type=\"container\" data-e-type=\"container\">\n\t\t\t\t<div class=\"elementor-element elementor-element-45bb998 elementor-widget elementor-widget-wd_image_or_svg\" data-id=\"45bb998\" data-element_type=\"widget\" data-e-type=\"widget\" data-widget_type=\"wd_image_or_svg.default\">\n\t\t\t\t<div class=\"elementor-widget-container\">\n\t\t\t\t\t\n\t\t<div class=\"wd-image text-left\">\n\t\t\t\t\t\t\t\t<img loading=\"lazy\" decoding=\"async\" width=\"1080\" height=\"1080\" src=\"https:\/\/lyconnordic.se\/privat\/wp-content\/uploads\/2024\/03\/SE-B2C-Hot-Wax.png\" class=\"attachment-full size-full\" alt=\"\" srcset=\"https:\/\/lyconnordic.se\/privat\/wp-content\/uploads\/2024\/03\/SE-B2C-Hot-Wax.png 1080w, https:\/\/lyconnordic.se\/privat\/wp-content\/uploads\/2024\/03\/SE-B2C-Hot-Wax-300x300.png 300w, https:\/\/lyconnordic.se\/privat\/wp-content\/uploads\/2024\/03\/SE-B2C-Hot-Wax-800x800.png 800w, https:\/\/lyconnordic.se\/privat\/wp-content\/uploads\/2024\/03\/SE-B2C-Hot-Wax-150x150.png 150w, https:\/\/lyconnordic.se\/privat\/wp-content\/uploads\/2024\/03\/SE-B2C-Hot-Wax-768x768.png 768w, https:\/\/lyconnordic.se\/privat\/wp-content\/uploads\/2024\/03\/SE-B2C-Hot-Wax-860x860.png 860w, https:\/\/lyconnordic.se\/privat\/wp-content\/uploads\/2024\/03\/SE-B2C-Hot-Wax-430x430.png 430w, https:\/\/lyconnordic.se\/privat\/wp-content\/uploads\/2024\/03\/SE-B2C-Hot-Wax-700x700.png 700w\" sizes=\"auto, (max-width: 1080px) 100vw, 1080px\" \/>\t\t\t\t\t<\/div>\n\n\t\t\t\t\t\t<\/div>\n\t\t\t\t<\/div>\n\t\t\t\t<div class=\"elementor-element elementor-element-0e2f3f0 voksvideo elementor-widget elementor-widget-video\" data-id=\"0e2f3f0\" data-element_type=\"widget\" data-e-type=\"widget\" data-settings=\"{&quot;youtube_url&quot;:&quot;https:\\\/\\\/www.youtube.com\\\/watch?v=hnQUit_Nqug&amp;feature=youtu.be&quot;,&quot;show_image_overlay&quot;:&quot;yes&quot;,&quot;image_overlay&quot;:{&quot;url&quot;:&quot;https:\\\/\\\/lyconnordic.se\\\/privat\\\/wp-content\\\/uploads\\\/2024\\\/02\\\/bg.png&quot;,&quot;id&quot;:18060,&quot;size&quot;:&quot;&quot;,&quot;alt&quot;:&quot;&quot;,&quot;source&quot;:&quot;library&quot;},&quot;lightbox&quot;:&quot;yes&quot;,&quot;video_type&quot;:&quot;youtube&quot;,&quot;controls&quot;:&quot;yes&quot;}\" data-widget_type=\"video.default\">\n\t\t\t\t<div class=\"elementor-widget-container\">\n\t\t\t\t\t\t\t<div class=\"elementor-wrapper elementor-open-lightbox\">\n\t\t\t\t\t\t\t<div class=\"elementor-custom-embed-image-overlay\" data-elementor-open-lightbox=\"yes\" data-elementor-lightbox=\"{&quot;type&quot;:&quot;video&quot;,&quot;videoType&quot;:&quot;youtube&quot;,&quot;url&quot;:&quot;https:\\\/\\\/www.youtube.com\\\/embed\\\/hnQUit_Nqug?feature=oembed&amp;start&amp;end&amp;wmode=opaque&amp;loop=0&amp;controls=1&amp;mute=0&amp;rel=0&amp;cc_load_policy=0&quot;,&quot;autoplay&quot;:&quot;&quot;,&quot;modalOptions&quot;:{&quot;id&quot;:&quot;elementor-lightbox-0e2f3f0&quot;,&quot;entranceAnimation&quot;:&quot;&quot;,&quot;entranceAnimation_tablet&quot;:&quot;&quot;,&quot;entranceAnimation_mobile&quot;:&quot;&quot;,&quot;videoAspectRatio&quot;:&quot;169&quot;}}\" data-e-action-hash=\"#elementor-action%3Aaction%3Dlightbox%26settings%3DeyJ0eXBlIjoidmlkZW8iLCJ2aWRlb1R5cGUiOiJ5b3V0dWJlIiwidXJsIjoiaHR0cHM6XC9cL3d3dy55b3V0dWJlLmNvbVwvZW1iZWRcL2huUVVpdF9OcXVnP2ZlYXR1cmU9b2VtYmVkJnN0YXJ0JmVuZCZ3bW9kZT1vcGFxdWUmbG9vcD0wJmNvbnRyb2xzPTEmbXV0ZT0wJnJlbD0wJmNjX2xvYWRfcG9saWN5PTAiLCJhdXRvcGxheSI6IiIsIm1vZGFsT3B0aW9ucyI6eyJpZCI6ImVsZW1lbnRvci1saWdodGJveC0wZTJmM2YwIiwiZW50cmFuY2VBbmltYXRpb24iOiIiLCJlbnRyYW5jZUFuaW1hdGlvbl90YWJsZXQiOiIiLCJlbnRyYW5jZUFuaW1hdGlvbl9tb2JpbGUiOiIiLCJ2aWRlb0FzcGVjdFJhdGlvIjoiMTY5In19\">\n\t\t\t\t\t\t\t\t\t\t\t<img loading=\"lazy\" decoding=\"async\" width=\"800\" height=\"500\" src=\"https:\/\/lyconnordic.se\/privat\/wp-content\/themes\/woodmart\/images\/lazy.svg\" class=\"attachment-full size-full wp-image-18060 wd-lazy-fade\" alt=\"\" srcset=\"\" sizes=\"auto, (max-width: 800px) 100vw, 800px\" data-src=\"https:\/\/lyconnordic.se\/privat\/wp-content\/uploads\/2024\/02\/bg.png\" data-srcset=\"https:\/\/lyconnordic.se\/privat\/wp-content\/uploads\/2024\/02\/bg.png 800w, https:\/\/lyconnordic.se\/privat\/wp-content\/uploads\/2024\/02\/bg-400x250.png 400w, https:\/\/lyconnordic.se\/privat\/wp-content\/uploads\/2024\/02\/bg-768x480.png 768w, https:\/\/lyconnordic.se\/privat\/wp-content\/uploads\/2024\/02\/bg-430x269.png 430w, https:\/\/lyconnordic.se\/privat\/wp-content\/uploads\/2024\/02\/bg-700x438.png 700w, https:\/\/lyconnordic.se\/privat\/wp-content\/uploads\/2024\/02\/bg-150x94.png 150w\" \/>\t\t\t\t\t\t\t\t\t\t\t\t\t\t\t\t<div class=\"elementor-custom-embed-play\" role=\"button\" aria-label=\"Spela videoklipp\" tabindex=\"0\">\n\t\t\t\t\t\t\t<i aria-hidden=\"true\" class=\"eicon-play\"><\/i>\t\t\t\t\t\t<\/div>\n\t\t\t\t\t\t\t\t\t<\/div>\n\t\t\t\t\t<\/div>\n\t\t\t\t\t\t<\/div>\n\t\t\t\t<\/div>\n\t\t\t\t<\/div>\n\t\t\t\t\t<\/div>\n\t\t\t\t<\/div>\n\t\t<div class=\"wd-negative-gap elementor-element elementor-element-c21e4c8 wd-section-stretch e-flex e-con-boxed e-con e-parent\" data-id=\"c21e4c8\" data-element_type=\"container\" data-e-type=\"container\" data-settings=\"{&quot;background_background&quot;:&quot;classic&quot;}\">\n\t\t\t\t\t<div class=\"e-con-inner\">\n\t\t<div class=\"elementor-element elementor-element-617d020 e-con-full e-flex e-con e-child\" data-id=\"617d020\" data-element_type=\"container\" data-e-type=\"container\">\n\t\t\t\t<div class=\"elementor-element elementor-element-e7e794c elementor-widget elementor-widget-wd_text_block\" data-id=\"e7e794c\" data-element_type=\"widget\" data-e-type=\"widget\" data-widget_type=\"wd_text_block.default\">\n\t\t\t\t<div class=\"elementor-widget-container\">\n\t\t\t\t\t\t\t<div class=\"wd-text-block reset-last-child text-center\">\n\t\t\t\n\t\t\t<p>Generellt sett kan alla LYCON vaxtyper anv\u00e4ndas b\u00e5de i ansiktet och p\u00e5 kroppen. Beskrivningen p\u00e5 denna sida \u00e4r v\u00e4gledande f\u00f6r b\u00e4sta resultat och upplevelse.<\/p><p>F\u00f6lj annars instruktionerna f\u00f6r hur du anv\u00e4nder produkterna. Beh\u00f6ver du mer v\u00e4gledning eller information hj\u00e4lper vi g\u00e4rna till! Fyll i formul\u00e4ret nedan f\u00f6r att kontakta oss.<\/p><h2>Happy Lycon Waxing!<\/h2>\n\t\t\t\t\t<\/div>\n\t\t\t\t\t\t<\/div>\n\t\t\t\t<\/div>\n\t\t\t\t<\/div>\n\t\t\t\t\t<\/div>\n\t\t\t\t<\/div>\n\t\t\t\t<\/div>\n\t\t","protected":false},"excerpt":{"rendered":"<p>Lycon precision Waxing System K\u00e4rt barn har m\u00e5nga namn! Vad \u00e4r skillnaden mellan Hot Wax och Strip Wax? B\u00e5de Hot<\/p>\n","protected":false},"author":1,"featured_media":0,"parent":0,"menu_order":0,"comment_status":"closed","ping_status":"closed","template":"","meta":{"footnotes":""},"class_list":["post-16297","page","type-page","status-publish","hentry"],"yoast_head":"<!-- This site is optimized with the Yoast SEO plugin v27.5 - https:\/\/yoast.com\/product\/yoast-seo-wordpress\/ -->\n<title>Hur v\u00e4ljer man r\u00e4tt vax? - LYCON Nordic - Sweden - Privat<\/title>\n<meta name=\"robots\" content=\"index, follow, max-snippet:-1, max-image-preview:large, max-video-preview:-1\" \/>\n<link rel=\"canonical\" href=\"https:\/\/lyconnordic.se\/privat\/hur-valjer-man-ratt-vax\/\" \/>\n<meta property=\"og:locale\" content=\"sv_SE\" \/>\n<meta property=\"og:type\" content=\"article\" \/>\n<meta property=\"og:title\" content=\"Hur v\u00e4ljer man r\u00e4tt vax? - LYCON Nordic - Sweden - Privat\" \/>\n<meta property=\"og:description\" content=\"Lycon precision Waxing System K\u00e4rt barn har m\u00e5nga namn! Vad \u00e4r skillnaden mellan Hot Wax och Strip Wax? B\u00e5de Hot\" \/>\n<meta property=\"og:url\" content=\"https:\/\/lyconnordic.se\/privat\/hur-valjer-man-ratt-vax\/\" \/>\n<meta property=\"og:site_name\" content=\"LYCON Nordic - Sweden - Privat\" \/>\n<meta property=\"article:modified_time\" content=\"2024-03-11T15:27:33+00:00\" \/>\n<meta property=\"og:image\" content=\"https:\/\/lyconnordic.se\/privat\/wp-content\/uploads\/2024\/03\/SE-B2C-strip-wax.png\" \/>\n<meta name=\"twitter:card\" content=\"summary_large_image\" \/>\n<meta name=\"twitter:label1\" content=\"Ber\u00e4knad l\u00e4stid\" \/>\n\t<meta name=\"twitter:data1\" content=\"2 minuter\" \/>\n<script type=\"application\/ld+json\" class=\"yoast-schema-graph\">{\"@context\":\"https:\\\/\\\/schema.org\",\"@graph\":[{\"@type\":\"WebPage\",\"@id\":\"https:\\\/\\\/lyconnordic.se\\\/privat\\\/hur-valjer-man-ratt-vax\\\/\",\"url\":\"https:\\\/\\\/lyconnordic.se\\\/privat\\\/hur-valjer-man-ratt-vax\\\/\",\"name\":\"Hur v\u00e4ljer man r\u00e4tt vax? - LYCON Nordic - Sweden - Privat\",\"isPartOf\":{\"@id\":\"https:\\\/\\\/lyconnordic.se\\\/privat\\\/#website\"},\"primaryImageOfPage\":{\"@id\":\"https:\\\/\\\/lyconnordic.se\\\/privat\\\/hur-valjer-man-ratt-vax\\\/#primaryimage\"},\"image\":{\"@id\":\"https:\\\/\\\/lyconnordic.se\\\/privat\\\/hur-valjer-man-ratt-vax\\\/#primaryimage\"},\"thumbnailUrl\":\"https:\\\/\\\/lyconnordic.se\\\/privat\\\/wp-content\\\/uploads\\\/2024\\\/03\\\/SE-B2C-strip-wax.png\",\"datePublished\":\"2023-10-19T07:22:14+00:00\",\"dateModified\":\"2024-03-11T15:27:33+00:00\",\"breadcrumb\":{\"@id\":\"https:\\\/\\\/lyconnordic.se\\\/privat\\\/hur-valjer-man-ratt-vax\\\/#breadcrumb\"},\"inLanguage\":\"sv-SE\",\"potentialAction\":[{\"@type\":\"ReadAction\",\"target\":[\"https:\\\/\\\/lyconnordic.se\\\/privat\\\/hur-valjer-man-ratt-vax\\\/\"]}]},{\"@type\":\"ImageObject\",\"inLanguage\":\"sv-SE\",\"@id\":\"https:\\\/\\\/lyconnordic.se\\\/privat\\\/hur-valjer-man-ratt-vax\\\/#primaryimage\",\"url\":\"https:\\\/\\\/lyconnordic.se\\\/privat\\\/wp-content\\\/uploads\\\/2024\\\/03\\\/SE-B2C-strip-wax.png\",\"contentUrl\":\"https:\\\/\\\/lyconnordic.se\\\/privat\\\/wp-content\\\/uploads\\\/2024\\\/03\\\/SE-B2C-strip-wax.png\",\"width\":1080,\"height\":1080},{\"@type\":\"BreadcrumbList\",\"@id\":\"https:\\\/\\\/lyconnordic.se\\\/privat\\\/hur-valjer-man-ratt-vax\\\/#breadcrumb\",\"itemListElement\":[{\"@type\":\"ListItem\",\"position\":1,\"name\":\"Hem\",\"item\":\"https:\\\/\\\/lyconnordic.se\\\/privat\\\/\"},{\"@type\":\"ListItem\",\"position\":2,\"name\":\"Hur v\u00e4ljer man r\u00e4tt vax?\"}]},{\"@type\":\"WebSite\",\"@id\":\"https:\\\/\\\/lyconnordic.se\\\/privat\\\/#website\",\"url\":\"https:\\\/\\\/lyconnordic.se\\\/privat\\\/\",\"name\":\"LYCON Nordic - Sweden\",\"description\":\"Lycon Nordic - Vax, Milt h\u00e5rborttagningsvax, Brasiliansk Vaxning, Exklusivt h\u00e5rborttagningsvax\",\"potentialAction\":[{\"@type\":\"SearchAction\",\"target\":{\"@type\":\"EntryPoint\",\"urlTemplate\":\"https:\\\/\\\/lyconnordic.se\\\/privat\\\/?s={search_term_string}\"},\"query-input\":{\"@type\":\"PropertyValueSpecification\",\"valueRequired\":true,\"valueName\":\"search_term_string\"}}],\"inLanguage\":\"sv-SE\"}]}<\/script>\n<!-- \/ Yoast SEO plugin. -->","yoast_head_json":{"title":"Hur v\u00e4ljer man r\u00e4tt vax? - LYCON Nordic - Sweden - Privat","robots":{"index":"index","follow":"follow","max-snippet":"max-snippet:-1","max-image-preview":"max-image-preview:large","max-video-preview":"max-video-preview:-1"},"canonical":"https:\/\/lyconnordic.se\/privat\/hur-valjer-man-ratt-vax\/","og_locale":"sv_SE","og_type":"article","og_title":"Hur v\u00e4ljer man r\u00e4tt vax? - LYCON Nordic - Sweden - Privat","og_description":"Lycon precision Waxing System K\u00e4rt barn har m\u00e5nga namn! Vad \u00e4r skillnaden mellan Hot Wax och Strip Wax? B\u00e5de Hot","og_url":"https:\/\/lyconnordic.se\/privat\/hur-valjer-man-ratt-vax\/","og_site_name":"LYCON Nordic - Sweden - Privat","article_modified_time":"2024-03-11T15:27:33+00:00","og_image":[{"url":"https:\/\/lyconnordic.se\/privat\/wp-content\/uploads\/2024\/03\/SE-B2C-strip-wax.png","type":"","width":"","height":""}],"twitter_card":"summary_large_image","twitter_misc":{"Ber\u00e4knad l\u00e4stid":"2 minuter"},"schema":{"@context":"https:\/\/schema.org","@graph":[{"@type":"WebPage","@id":"https:\/\/lyconnordic.se\/privat\/hur-valjer-man-ratt-vax\/","url":"https:\/\/lyconnordic.se\/privat\/hur-valjer-man-ratt-vax\/","name":"Hur v\u00e4ljer man r\u00e4tt vax? - LYCON Nordic - Sweden - Privat","isPartOf":{"@id":"https:\/\/lyconnordic.se\/privat\/#website"},"primaryImageOfPage":{"@id":"https:\/\/lyconnordic.se\/privat\/hur-valjer-man-ratt-vax\/#primaryimage"},"image":{"@id":"https:\/\/lyconnordic.se\/privat\/hur-valjer-man-ratt-vax\/#primaryimage"},"thumbnailUrl":"https:\/\/lyconnordic.se\/privat\/wp-content\/uploads\/2024\/03\/SE-B2C-strip-wax.png","datePublished":"2023-10-19T07:22:14+00:00","dateModified":"2024-03-11T15:27:33+00:00","breadcrumb":{"@id":"https:\/\/lyconnordic.se\/privat\/hur-valjer-man-ratt-vax\/#breadcrumb"},"inLanguage":"sv-SE","potentialAction":[{"@type":"ReadAction","target":["https:\/\/lyconnordic.se\/privat\/hur-valjer-man-ratt-vax\/"]}]},{"@type":"ImageObject","inLanguage":"sv-SE","@id":"https:\/\/lyconnordic.se\/privat\/hur-valjer-man-ratt-vax\/#primaryimage","url":"https:\/\/lyconnordic.se\/privat\/wp-content\/uploads\/2024\/03\/SE-B2C-strip-wax.png","contentUrl":"https:\/\/lyconnordic.se\/privat\/wp-content\/uploads\/2024\/03\/SE-B2C-strip-wax.png","width":1080,"height":1080},{"@type":"BreadcrumbList","@id":"https:\/\/lyconnordic.se\/privat\/hur-valjer-man-ratt-vax\/#breadcrumb","itemListElement":[{"@type":"ListItem","position":1,"name":"Hem","item":"https:\/\/lyconnordic.se\/privat\/"},{"@type":"ListItem","position":2,"name":"Hur v\u00e4ljer man r\u00e4tt vax?"}]},{"@type":"WebSite","@id":"https:\/\/lyconnordic.se\/privat\/#website","url":"https:\/\/lyconnordic.se\/privat\/","name":"LYCON Nordic - Sweden","description":"Lycon Nordic - Vax, Milt h\u00e5rborttagningsvax, Brasiliansk Vaxning, Exklusivt h\u00e5rborttagningsvax","potentialAction":[{"@type":"SearchAction","target":{"@type":"EntryPoint","urlTemplate":"https:\/\/lyconnordic.se\/privat\/?s={search_term_string}"},"query-input":{"@type":"PropertyValueSpecification","valueRequired":true,"valueName":"search_term_string"}}],"inLanguage":"sv-SE"}]}},"_links":{"self":[{"href":"https:\/\/lyconnordic.se\/privat\/wp-json\/wp\/v2\/pages\/16297","targetHints":{"allow":["GET"]}}],"collection":[{"href":"https:\/\/lyconnordic.se\/privat\/wp-json\/wp\/v2\/pages"}],"about":[{"href":"https:\/\/lyconnordic.se\/privat\/wp-json\/wp\/v2\/types\/page"}],"author":[{"embeddable":true,"href":"https:\/\/lyconnordic.se\/privat\/wp-json\/wp\/v2\/users\/1"}],"replies":[{"embeddable":true,"href":"https:\/\/lyconnordic.se\/privat\/wp-json\/wp\/v2\/comments?post=16297"}],"version-history":[{"count":102,"href":"https:\/\/lyconnordic.se\/privat\/wp-json\/wp\/v2\/pages\/16297\/revisions"}],"predecessor-version":[{"id":21001,"href":"https:\/\/lyconnordic.se\/privat\/wp-json\/wp\/v2\/pages\/16297\/revisions\/21001"}],"wp:attachment":[{"href":"https:\/\/lyconnordic.se\/privat\/wp-json\/wp\/v2\/media?parent=16297"}],"curies":[{"name":"wp","href":"https:\/\/api.w.org\/{rel}","templated":true}]}}