{"id":16824,"date":"2023-11-07T09:25:24","date_gmt":"2023-11-07T09:25:24","guid":{"rendered":"https:\/\/lyconnordic.nyside2.net\/privat\/?post_type=product&#038;p=16824"},"modified":"2023-11-07T09:28:51","modified_gmt":"2023-11-07T09:28:51","slug":"strip-professional-waxing-kit","status":"publish","type":"product","link":"https:\/\/lyconnordic.se\/privat\/produkt\/strip-professional-waxing-kit\/","title":{"rendered":"Strip Professional Waxing Kit"},"content":{"rendered":"<h2>STRIP PROFESSIONAL WAXING KIT<\/h2>\n<p>Startpakke som er ideell for deg som foretrekker \u00e5 benytte spatel ved voksing av st\u00f8rre omr\u00e5der p\u00e5 kroppen!<\/p>\n<h3>SETTET INNEHOLDER:<\/h3>\n<ul>\n<li>LYCOPRO Mini Digital Wax Heater 500ml<\/li>\n<li>Strip Wax 397g<\/li>\n<li>Lycotane 125ml<\/li>\n<li>Tea-Tree Perfect 125ml<\/li>\n<li>Wax Solvent 125ml<\/li>\n<li>ingrown-X-it 15ml<\/li>\n<li>Tongue Depressors 100pk<\/li>\n<li>2 x Epilace Waxing Strips 100pc<\/li>\n<\/ul>\n","protected":false},"excerpt":{"rendered":"<p>STRIP PROFESSIONAL WAXING KIT<\/p>\n<p>Startpakke som er ideell for deg som foretrekker \u00e5 benytte spatel ved voksing av st\u00f8rre omr\u00e5der p\u00e5 kroppen!<\/p>\n","protected":false},"featured_media":16825,"comment_status":"open","ping_status":"closed","template":"","meta":[],"product_brand":[],"product_cat":[20],"product_tag":[],"class_list":{"0":"post-16824","1":"product","2":"type-product","3":"status-publish","4":"has-post-thumbnail","6":"product_cat-vaxprodukter","8":"first","9":"instock","10":"taxable","11":"shipping-taxable","12":"product-type-simple"},"yoast_head":"<!-- This site is optimized with the Yoast SEO plugin v27.5 - https:\/\/yoast.com\/product\/yoast-seo-wordpress\/ -->\n<title>Strip Professional Waxing Kit - LYCON Nordic - Sweden - Privat<\/title>\n<meta name=\"robots\" content=\"index, follow, max-snippet:-1, max-image-preview:large, max-video-preview:-1\" \/>\n<link rel=\"canonical\" href=\"https:\/\/lyconnordic.se\/privat\/produkt\/strip-professional-waxing-kit\/\" \/>\n<meta property=\"og:locale\" content=\"sv_SE\" \/>\n<meta property=\"og:type\" content=\"article\" \/>\n<meta property=\"og:title\" content=\"Strip Professional Waxing Kit - LYCON Nordic - Sweden - Privat\" \/>\n<meta property=\"og:description\" content=\"STRIP PROFESSIONAL WAXING KIT  Startpakke som er ideell for deg som foretrekker \u00e5 benytte spatel ved voksing av st\u00f8rre omr\u00e5der p\u00e5 kroppen!\" \/>\n<meta property=\"og:url\" content=\"https:\/\/lyconnordic.se\/privat\/produkt\/strip-professional-waxing-kit\/\" \/>\n<meta property=\"og:site_name\" content=\"LYCON Nordic - Sweden - Privat\" \/>\n<meta property=\"article:modified_time\" content=\"2023-11-07T09:28:51+00:00\" \/>\n<meta property=\"og:image\" content=\"https:\/\/lyconnordic.se\/privat\/wp-content\/uploads\/2023\/11\/set.jpg\" \/>\n\t<meta property=\"og:image:width\" content=\"900\" \/>\n\t<meta property=\"og:image:height\" content=\"900\" \/>\n\t<meta property=\"og:image:type\" content=\"image\/jpeg\" \/>\n<meta name=\"twitter:card\" content=\"summary_large_image\" \/>\n<script type=\"application\/ld+json\" class=\"yoast-schema-graph\">{\"@context\":\"https:\\\/\\\/schema.org\",\"@graph\":[{\"@type\":\"WebPage\",\"@id\":\"https:\\\/\\\/lyconnordic.se\\\/privat\\\/produkt\\\/strip-professional-waxing-kit\\\/\",\"url\":\"https:\\\/\\\/lyconnordic.se\\\/privat\\\/produkt\\\/strip-professional-waxing-kit\\\/\",\"name\":\"Strip Professional Waxing Kit - LYCON Nordic - Sweden - Privat\",\"isPartOf\":{\"@id\":\"https:\\\/\\\/lyconnordic.se\\\/privat\\\/#website\"},\"primaryImageOfPage\":{\"@id\":\"https:\\\/\\\/lyconnordic.se\\\/privat\\\/produkt\\\/strip-professional-waxing-kit\\\/#primaryimage\"},\"image\":{\"@id\":\"https:\\\/\\\/lyconnordic.se\\\/privat\\\/produkt\\\/strip-professional-waxing-kit\\\/#primaryimage\"},\"thumbnailUrl\":\"https:\\\/\\\/lyconnordic.se\\\/privat\\\/wp-content\\\/uploads\\\/2023\\\/11\\\/set.jpg\",\"datePublished\":\"2023-11-07T09:25:24+00:00\",\"dateModified\":\"2023-11-07T09:28:51+00:00\",\"breadcrumb\":{\"@id\":\"https:\\\/\\\/lyconnordic.se\\\/privat\\\/produkt\\\/strip-professional-waxing-kit\\\/#breadcrumb\"},\"inLanguage\":\"sv-SE\",\"potentialAction\":[{\"@type\":\"ReadAction\",\"target\":[\"https:\\\/\\\/lyconnordic.se\\\/privat\\\/produkt\\\/strip-professional-waxing-kit\\\/\"]}]},{\"@type\":\"ImageObject\",\"inLanguage\":\"sv-SE\",\"@id\":\"https:\\\/\\\/lyconnordic.se\\\/privat\\\/produkt\\\/strip-professional-waxing-kit\\\/#primaryimage\",\"url\":\"https:\\\/\\\/lyconnordic.se\\\/privat\\\/wp-content\\\/uploads\\\/2023\\\/11\\\/set.jpg\",\"contentUrl\":\"https:\\\/\\\/lyconnordic.se\\\/privat\\\/wp-content\\\/uploads\\\/2023\\\/11\\\/set.jpg\",\"width\":900,\"height\":900},{\"@type\":\"BreadcrumbList\",\"@id\":\"https:\\\/\\\/lyconnordic.se\\\/privat\\\/produkt\\\/strip-professional-waxing-kit\\\/#breadcrumb\",\"itemListElement\":[{\"@type\":\"ListItem\",\"position\":1,\"name\":\"Hem\",\"item\":\"https:\\\/\\\/lyconnordic.se\\\/privat\\\/\"},{\"@type\":\"ListItem\",\"position\":2,\"name\":\"Produkter\",\"item\":\"https:\\\/\\\/lyconnordic.se\\\/privat\\\/produkter\\\/\"},{\"@type\":\"ListItem\",\"position\":3,\"name\":\"Strip Professional Waxing Kit\"}]},{\"@type\":\"WebSite\",\"@id\":\"https:\\\/\\\/lyconnordic.se\\\/privat\\\/#website\",\"url\":\"https:\\\/\\\/lyconnordic.se\\\/privat\\\/\",\"name\":\"LYCON Nordic - Sweden\",\"description\":\"Lycon Nordic - Vax, Milt h\u00e5rborttagningsvax, Brasiliansk Vaxning, Exklusivt h\u00e5rborttagningsvax\",\"potentialAction\":[{\"@type\":\"SearchAction\",\"target\":{\"@type\":\"EntryPoint\",\"urlTemplate\":\"https:\\\/\\\/lyconnordic.se\\\/privat\\\/?s={search_term_string}\"},\"query-input\":{\"@type\":\"PropertyValueSpecification\",\"valueRequired\":true,\"valueName\":\"search_term_string\"}}],\"inLanguage\":\"sv-SE\"}]}<\/script>\n<!-- \/ Yoast SEO plugin. -->","yoast_head_json":{"title":"Strip Professional Waxing Kit - LYCON Nordic - Sweden - Privat","robots":{"index":"index","follow":"follow","max-snippet":"max-snippet:-1","max-image-preview":"max-image-preview:large","max-video-preview":"max-video-preview:-1"},"canonical":"https:\/\/lyconnordic.se\/privat\/produkt\/strip-professional-waxing-kit\/","og_locale":"sv_SE","og_type":"article","og_title":"Strip Professional Waxing Kit - LYCON Nordic - Sweden - Privat","og_description":"STRIP PROFESSIONAL WAXING KIT  Startpakke som er ideell for deg som foretrekker \u00e5 benytte spatel ved voksing av st\u00f8rre omr\u00e5der p\u00e5 kroppen!","og_url":"https:\/\/lyconnordic.se\/privat\/produkt\/strip-professional-waxing-kit\/","og_site_name":"LYCON Nordic - Sweden - Privat","article_modified_time":"2023-11-07T09:28:51+00:00","og_image":[{"width":900,"height":900,"url":"https:\/\/lyconnordic.se\/privat\/wp-content\/uploads\/2023\/11\/set.jpg","type":"image\/jpeg"}],"twitter_card":"summary_large_image","schema":{"@context":"https:\/\/schema.org","@graph":[{"@type":"WebPage","@id":"https:\/\/lyconnordic.se\/privat\/produkt\/strip-professional-waxing-kit\/","url":"https:\/\/lyconnordic.se\/privat\/produkt\/strip-professional-waxing-kit\/","name":"Strip Professional Waxing Kit - LYCON Nordic - Sweden - Privat","isPartOf":{"@id":"https:\/\/lyconnordic.se\/privat\/#website"},"primaryImageOfPage":{"@id":"https:\/\/lyconnordic.se\/privat\/produkt\/strip-professional-waxing-kit\/#primaryimage"},"image":{"@id":"https:\/\/lyconnordic.se\/privat\/produkt\/strip-professional-waxing-kit\/#primaryimage"},"thumbnailUrl":"https:\/\/lyconnordic.se\/privat\/wp-content\/uploads\/2023\/11\/set.jpg","datePublished":"2023-11-07T09:25:24+00:00","dateModified":"2023-11-07T09:28:51+00:00","breadcrumb":{"@id":"https:\/\/lyconnordic.se\/privat\/produkt\/strip-professional-waxing-kit\/#breadcrumb"},"inLanguage":"sv-SE","potentialAction":[{"@type":"ReadAction","target":["https:\/\/lyconnordic.se\/privat\/produkt\/strip-professional-waxing-kit\/"]}]},{"@type":"ImageObject","inLanguage":"sv-SE","@id":"https:\/\/lyconnordic.se\/privat\/produkt\/strip-professional-waxing-kit\/#primaryimage","url":"https:\/\/lyconnordic.se\/privat\/wp-content\/uploads\/2023\/11\/set.jpg","contentUrl":"https:\/\/lyconnordic.se\/privat\/wp-content\/uploads\/2023\/11\/set.jpg","width":900,"height":900},{"@type":"BreadcrumbList","@id":"https:\/\/lyconnordic.se\/privat\/produkt\/strip-professional-waxing-kit\/#breadcrumb","itemListElement":[{"@type":"ListItem","position":1,"name":"Hem","item":"https:\/\/lyconnordic.se\/privat\/"},{"@type":"ListItem","position":2,"name":"Produkter","item":"https:\/\/lyconnordic.se\/privat\/produkter\/"},{"@type":"ListItem","position":3,"name":"Strip Professional Waxing Kit"}]},{"@type":"WebSite","@id":"https:\/\/lyconnordic.se\/privat\/#website","url":"https:\/\/lyconnordic.se\/privat\/","name":"LYCON Nordic - Sweden","description":"Lycon Nordic - Vax, Milt h\u00e5rborttagningsvax, Brasiliansk Vaxning, Exklusivt h\u00e5rborttagningsvax","potentialAction":[{"@type":"SearchAction","target":{"@type":"EntryPoint","urlTemplate":"https:\/\/lyconnordic.se\/privat\/?s={search_term_string}"},"query-input":{"@type":"PropertyValueSpecification","valueRequired":true,"valueName":"search_term_string"}}],"inLanguage":"sv-SE"}]}},"_links":{"self":[{"href":"https:\/\/lyconnordic.se\/privat\/wp-json\/wp\/v2\/product\/16824","targetHints":{"allow":["GET"]}}],"collection":[{"href":"https:\/\/lyconnordic.se\/privat\/wp-json\/wp\/v2\/product"}],"about":[{"href":"https:\/\/lyconnordic.se\/privat\/wp-json\/wp\/v2\/types\/product"}],"replies":[{"embeddable":true,"href":"https:\/\/lyconnordic.se\/privat\/wp-json\/wp\/v2\/comments?post=16824"}],"version-history":[{"count":2,"href":"https:\/\/lyconnordic.se\/privat\/wp-json\/wp\/v2\/product\/16824\/revisions"}],"predecessor-version":[{"id":16827,"href":"https:\/\/lyconnordic.se\/privat\/wp-json\/wp\/v2\/product\/16824\/revisions\/16827"}],"wp:featuredmedia":[{"embeddable":true,"href":"https:\/\/lyconnordic.se\/privat\/wp-json\/wp\/v2\/media\/16825"}],"wp:attachment":[{"href":"https:\/\/lyconnordic.se\/privat\/wp-json\/wp\/v2\/media?parent=16824"}],"wp:term":[{"taxonomy":"product_brand","embeddable":true,"href":"https:\/\/lyconnordic.se\/privat\/wp-json\/wp\/v2\/product_brand?post=16824"},{"taxonomy":"product_cat","embeddable":true,"href":"https:\/\/lyconnordic.se\/privat\/wp-json\/wp\/v2\/product_cat?post=16824"},{"taxonomy":"product_tag","embeddable":true,"href":"https:\/\/lyconnordic.se\/privat\/wp-json\/wp\/v2\/product_tag?post=16824"}],"curies":[{"name":"wp","href":"https:\/\/api.w.org\/{rel}","templated":true}]}}