{"id":16875,"date":"2023-11-07T11:33:48","date_gmt":"2023-11-07T11:33:48","guid":{"rendered":"https:\/\/lyconnordic.nyside2.net\/privat\/?post_type=product&#038;p=16875"},"modified":"2024-03-28T08:58:12","modified_gmt":"2024-03-28T07:58:12","slug":"apple-cranberry-hand-and-body-lotion","status":"publish","type":"product","link":"https:\/\/lyconnordic.se\/privat\/produkt\/apple-cranberry-hand-and-body-lotion\/","title":{"rendered":"Hand and Body Lotion &#8211; Apple and Cranberry 50ml"},"content":{"rendered":"<h1>APPLE &amp; CRANBERRY LOTION<\/h1>\n<div class=\"ingredients\">med \u00e4pple, tranb\u00e4r, jojobaolja och vitamin E.<\/div>\n<p>En snabbt absorberande kr\u00e4m som tillf\u00f6r fukt och n\u00e4ring till kropp och h\u00e4nder. Inneh\u00e5ller Pro-Vitamin B5 och Vitamin E som minimerar tecken p\u00e5 \u00e5ldrande, ger n\u00e4ring och skyddar huden samt st\u00e4rker naglar och nagelband.<\/p>\n<div class=\"pink-highlight\">Vegansk | Ej testat p\u00e5 djur<\/div>\n<p><strong>STORLEKAR:<\/strong>\u00a050ml<\/p>\n","protected":false},"excerpt":{"rendered":"<p>Med \u00e4pple, tranb\u00e4r, jojobaolja och vitamin E<\/p>\n<p>En lyxig och frisk blandning av \u00e4pple, tranb\u00e4r och jojobaolja som g\u00f6r huden mjuk fr\u00e5n topp till t\u00e5. Kr\u00e4men \u00e4r snabbt absorberande och\u00a0 tillf\u00f6r fukt och n\u00e4ring till kropp och h\u00e4nder. Inneh\u00e5ller Pro-Vitamin B5 och Vitamin E som minimerar tecken p\u00e5 \u00e5ldrande, ger n\u00e4ring och skyddar huden samt st\u00e4rker naglar och nagelband.<\/p>\n<p>Perfekt och anv\u00e4nda efter exfoliering med Lycon Sugar Scrub!<\/p>\n","protected":false},"featured_media":16876,"comment_status":"open","ping_status":"closed","template":"","meta":[],"product_brand":[],"product_cat":[92],"product_tag":[],"class_list":{"0":"post-16875","1":"product","2":"type-product","3":"status-publish","4":"has-post-thumbnail","6":"product_cat-lycon-spa-essentials","8":"first","9":"instock","10":"taxable","11":"shipping-taxable","12":"purchasable","13":"product-type-simple"},"yoast_head":"<!-- This site is optimized with the Yoast SEO plugin v27.5 - https:\/\/yoast.com\/product\/yoast-seo-wordpress\/ -->\n<title>Hand and Body Lotion - Apple and Cranberry 50ml - LYCON Nordic - Sweden - Privat<\/title>\n<meta name=\"robots\" content=\"index, follow, max-snippet:-1, max-image-preview:large, max-video-preview:-1\" \/>\n<link rel=\"canonical\" href=\"https:\/\/lyconnordic.se\/privat\/produkt\/apple-cranberry-hand-and-body-lotion\/\" \/>\n<meta property=\"og:locale\" content=\"sv_SE\" \/>\n<meta property=\"og:type\" content=\"article\" \/>\n<meta property=\"og:title\" content=\"Hand and Body Lotion - Apple and Cranberry 50ml - LYCON Nordic - Sweden - Privat\" \/>\n<meta property=\"og:description\" content=\"Med \u00e4pple, tranb\u00e4r, jojobaolja och vitamin E  En lyxig och frisk blandning av \u00e4pple, tranb\u00e4r och jojobaolja som g\u00f6r huden mjuk fr\u00e5n topp till t\u00e5. Kr\u00e4men \u00e4r snabbt absorberande och\u00a0 tillf\u00f6r fukt och n\u00e4ring till kropp och h\u00e4nder. Inneh\u00e5ller Pro-Vitamin B5 och Vitamin E som minimerar tecken p\u00e5 \u00e5ldrande, ger n\u00e4ring och skyddar huden samt st\u00e4rker naglar och nagelband.  Perfekt och anv\u00e4nda efter exfoliering med Lycon Sugar Scrub!\" \/>\n<meta property=\"og:url\" content=\"https:\/\/lyconnordic.se\/privat\/produkt\/apple-cranberry-hand-and-body-lotion\/\" \/>\n<meta property=\"og:site_name\" content=\"LYCON Nordic - Sweden - Privat\" \/>\n<meta property=\"article:modified_time\" content=\"2024-03-28T07:58:12+00:00\" \/>\n<meta property=\"og:image\" content=\"https:\/\/lyconnordic.se\/privat\/wp-content\/uploads\/2023\/11\/Apple-Cranberry_HB-Lotion_Spa-Essentials_50ml_WEB.jpg\" \/>\n\t<meta property=\"og:image:width\" content=\"900\" \/>\n\t<meta property=\"og:image:height\" content=\"900\" \/>\n\t<meta property=\"og:image:type\" content=\"image\/jpeg\" \/>\n<meta name=\"twitter:card\" content=\"summary_large_image\" \/>\n<script type=\"application\/ld+json\" class=\"yoast-schema-graph\">{\"@context\":\"https:\\\/\\\/schema.org\",\"@graph\":[{\"@type\":\"WebPage\",\"@id\":\"https:\\\/\\\/lyconnordic.se\\\/privat\\\/produkt\\\/apple-cranberry-hand-and-body-lotion\\\/\",\"url\":\"https:\\\/\\\/lyconnordic.se\\\/privat\\\/produkt\\\/apple-cranberry-hand-and-body-lotion\\\/\",\"name\":\"Hand and Body Lotion - Apple and Cranberry 50ml - LYCON Nordic - Sweden - Privat\",\"isPartOf\":{\"@id\":\"https:\\\/\\\/lyconnordic.se\\\/privat\\\/#website\"},\"primaryImageOfPage\":{\"@id\":\"https:\\\/\\\/lyconnordic.se\\\/privat\\\/produkt\\\/apple-cranberry-hand-and-body-lotion\\\/#primaryimage\"},\"image\":{\"@id\":\"https:\\\/\\\/lyconnordic.se\\\/privat\\\/produkt\\\/apple-cranberry-hand-and-body-lotion\\\/#primaryimage\"},\"thumbnailUrl\":\"https:\\\/\\\/lyconnordic.se\\\/privat\\\/wp-content\\\/uploads\\\/2023\\\/11\\\/Apple-Cranberry_HB-Lotion_Spa-Essentials_50ml_WEB.jpg\",\"datePublished\":\"2023-11-07T11:33:48+00:00\",\"dateModified\":\"2024-03-28T07:58:12+00:00\",\"breadcrumb\":{\"@id\":\"https:\\\/\\\/lyconnordic.se\\\/privat\\\/produkt\\\/apple-cranberry-hand-and-body-lotion\\\/#breadcrumb\"},\"inLanguage\":\"sv-SE\",\"potentialAction\":[{\"@type\":\"ReadAction\",\"target\":[\"https:\\\/\\\/lyconnordic.se\\\/privat\\\/produkt\\\/apple-cranberry-hand-and-body-lotion\\\/\"]}]},{\"@type\":\"ImageObject\",\"inLanguage\":\"sv-SE\",\"@id\":\"https:\\\/\\\/lyconnordic.se\\\/privat\\\/produkt\\\/apple-cranberry-hand-and-body-lotion\\\/#primaryimage\",\"url\":\"https:\\\/\\\/lyconnordic.se\\\/privat\\\/wp-content\\\/uploads\\\/2023\\\/11\\\/Apple-Cranberry_HB-Lotion_Spa-Essentials_50ml_WEB.jpg\",\"contentUrl\":\"https:\\\/\\\/lyconnordic.se\\\/privat\\\/wp-content\\\/uploads\\\/2023\\\/11\\\/Apple-Cranberry_HB-Lotion_Spa-Essentials_50ml_WEB.jpg\",\"width\":900,\"height\":900},{\"@type\":\"BreadcrumbList\",\"@id\":\"https:\\\/\\\/lyconnordic.se\\\/privat\\\/produkt\\\/apple-cranberry-hand-and-body-lotion\\\/#breadcrumb\",\"itemListElement\":[{\"@type\":\"ListItem\",\"position\":1,\"name\":\"Hem\",\"item\":\"https:\\\/\\\/lyconnordic.se\\\/privat\\\/\"},{\"@type\":\"ListItem\",\"position\":2,\"name\":\"Produkter\",\"item\":\"https:\\\/\\\/lyconnordic.se\\\/privat\\\/produkter\\\/\"},{\"@type\":\"ListItem\",\"position\":3,\"name\":\"Hand and Body Lotion &#8211; Apple and Cranberry 50ml\"}]},{\"@type\":\"WebSite\",\"@id\":\"https:\\\/\\\/lyconnordic.se\\\/privat\\\/#website\",\"url\":\"https:\\\/\\\/lyconnordic.se\\\/privat\\\/\",\"name\":\"LYCON Nordic - Sweden\",\"description\":\"Lycon Nordic - Vax, Milt h\u00e5rborttagningsvax, Brasiliansk Vaxning, Exklusivt h\u00e5rborttagningsvax\",\"potentialAction\":[{\"@type\":\"SearchAction\",\"target\":{\"@type\":\"EntryPoint\",\"urlTemplate\":\"https:\\\/\\\/lyconnordic.se\\\/privat\\\/?s={search_term_string}\"},\"query-input\":{\"@type\":\"PropertyValueSpecification\",\"valueRequired\":true,\"valueName\":\"search_term_string\"}}],\"inLanguage\":\"sv-SE\"}]}<\/script>\n<!-- \/ Yoast SEO plugin. -->","yoast_head_json":{"title":"Hand and Body Lotion - Apple and Cranberry 50ml - LYCON Nordic - Sweden - Privat","robots":{"index":"index","follow":"follow","max-snippet":"max-snippet:-1","max-image-preview":"max-image-preview:large","max-video-preview":"max-video-preview:-1"},"canonical":"https:\/\/lyconnordic.se\/privat\/produkt\/apple-cranberry-hand-and-body-lotion\/","og_locale":"sv_SE","og_type":"article","og_title":"Hand and Body Lotion - Apple and Cranberry 50ml - LYCON Nordic - Sweden - Privat","og_description":"Med \u00e4pple, tranb\u00e4r, jojobaolja och vitamin E  En lyxig och frisk blandning av \u00e4pple, tranb\u00e4r och jojobaolja som g\u00f6r huden mjuk fr\u00e5n topp till t\u00e5. Kr\u00e4men \u00e4r snabbt absorberande och\u00a0 tillf\u00f6r fukt och n\u00e4ring till kropp och h\u00e4nder. Inneh\u00e5ller Pro-Vitamin B5 och Vitamin E som minimerar tecken p\u00e5 \u00e5ldrande, ger n\u00e4ring och skyddar huden samt st\u00e4rker naglar och nagelband.  Perfekt och anv\u00e4nda efter exfoliering med Lycon Sugar Scrub!","og_url":"https:\/\/lyconnordic.se\/privat\/produkt\/apple-cranberry-hand-and-body-lotion\/","og_site_name":"LYCON Nordic - Sweden - Privat","article_modified_time":"2024-03-28T07:58:12+00:00","og_image":[{"width":900,"height":900,"url":"https:\/\/lyconnordic.se\/privat\/wp-content\/uploads\/2023\/11\/Apple-Cranberry_HB-Lotion_Spa-Essentials_50ml_WEB.jpg","type":"image\/jpeg"}],"twitter_card":"summary_large_image","schema":{"@context":"https:\/\/schema.org","@graph":[{"@type":"WebPage","@id":"https:\/\/lyconnordic.se\/privat\/produkt\/apple-cranberry-hand-and-body-lotion\/","url":"https:\/\/lyconnordic.se\/privat\/produkt\/apple-cranberry-hand-and-body-lotion\/","name":"Hand and Body Lotion - Apple and Cranberry 50ml - LYCON Nordic - Sweden - Privat","isPartOf":{"@id":"https:\/\/lyconnordic.se\/privat\/#website"},"primaryImageOfPage":{"@id":"https:\/\/lyconnordic.se\/privat\/produkt\/apple-cranberry-hand-and-body-lotion\/#primaryimage"},"image":{"@id":"https:\/\/lyconnordic.se\/privat\/produkt\/apple-cranberry-hand-and-body-lotion\/#primaryimage"},"thumbnailUrl":"https:\/\/lyconnordic.se\/privat\/wp-content\/uploads\/2023\/11\/Apple-Cranberry_HB-Lotion_Spa-Essentials_50ml_WEB.jpg","datePublished":"2023-11-07T11:33:48+00:00","dateModified":"2024-03-28T07:58:12+00:00","breadcrumb":{"@id":"https:\/\/lyconnordic.se\/privat\/produkt\/apple-cranberry-hand-and-body-lotion\/#breadcrumb"},"inLanguage":"sv-SE","potentialAction":[{"@type":"ReadAction","target":["https:\/\/lyconnordic.se\/privat\/produkt\/apple-cranberry-hand-and-body-lotion\/"]}]},{"@type":"ImageObject","inLanguage":"sv-SE","@id":"https:\/\/lyconnordic.se\/privat\/produkt\/apple-cranberry-hand-and-body-lotion\/#primaryimage","url":"https:\/\/lyconnordic.se\/privat\/wp-content\/uploads\/2023\/11\/Apple-Cranberry_HB-Lotion_Spa-Essentials_50ml_WEB.jpg","contentUrl":"https:\/\/lyconnordic.se\/privat\/wp-content\/uploads\/2023\/11\/Apple-Cranberry_HB-Lotion_Spa-Essentials_50ml_WEB.jpg","width":900,"height":900},{"@type":"BreadcrumbList","@id":"https:\/\/lyconnordic.se\/privat\/produkt\/apple-cranberry-hand-and-body-lotion\/#breadcrumb","itemListElement":[{"@type":"ListItem","position":1,"name":"Hem","item":"https:\/\/lyconnordic.se\/privat\/"},{"@type":"ListItem","position":2,"name":"Produkter","item":"https:\/\/lyconnordic.se\/privat\/produkter\/"},{"@type":"ListItem","position":3,"name":"Hand and Body Lotion &#8211; Apple and Cranberry 50ml"}]},{"@type":"WebSite","@id":"https:\/\/lyconnordic.se\/privat\/#website","url":"https:\/\/lyconnordic.se\/privat\/","name":"LYCON Nordic - Sweden","description":"Lycon Nordic - Vax, Milt h\u00e5rborttagningsvax, Brasiliansk Vaxning, Exklusivt h\u00e5rborttagningsvax","potentialAction":[{"@type":"SearchAction","target":{"@type":"EntryPoint","urlTemplate":"https:\/\/lyconnordic.se\/privat\/?s={search_term_string}"},"query-input":{"@type":"PropertyValueSpecification","valueRequired":true,"valueName":"search_term_string"}}],"inLanguage":"sv-SE"}]}},"_links":{"self":[{"href":"https:\/\/lyconnordic.se\/privat\/wp-json\/wp\/v2\/product\/16875","targetHints":{"allow":["GET"]}}],"collection":[{"href":"https:\/\/lyconnordic.se\/privat\/wp-json\/wp\/v2\/product"}],"about":[{"href":"https:\/\/lyconnordic.se\/privat\/wp-json\/wp\/v2\/types\/product"}],"replies":[{"embeddable":true,"href":"https:\/\/lyconnordic.se\/privat\/wp-json\/wp\/v2\/comments?post=16875"}],"version-history":[{"count":7,"href":"https:\/\/lyconnordic.se\/privat\/wp-json\/wp\/v2\/product\/16875\/revisions"}],"predecessor-version":[{"id":21286,"href":"https:\/\/lyconnordic.se\/privat\/wp-json\/wp\/v2\/product\/16875\/revisions\/21286"}],"wp:featuredmedia":[{"embeddable":true,"href":"https:\/\/lyconnordic.se\/privat\/wp-json\/wp\/v2\/media\/16876"}],"wp:attachment":[{"href":"https:\/\/lyconnordic.se\/privat\/wp-json\/wp\/v2\/media?parent=16875"}],"wp:term":[{"taxonomy":"product_brand","embeddable":true,"href":"https:\/\/lyconnordic.se\/privat\/wp-json\/wp\/v2\/product_brand?post=16875"},{"taxonomy":"product_cat","embeddable":true,"href":"https:\/\/lyconnordic.se\/privat\/wp-json\/wp\/v2\/product_cat?post=16875"},{"taxonomy":"product_tag","embeddable":true,"href":"https:\/\/lyconnordic.se\/privat\/wp-json\/wp\/v2\/product_tag?post=16875"}],"curies":[{"name":"wp","href":"https:\/\/api.w.org\/{rel}","templated":true}]}}