{"id":16881,"date":"2023-11-07T11:36:59","date_gmt":"2023-11-07T11:36:59","guid":{"rendered":"https:\/\/lyconnordic.nyside2.net\/privat\/?post_type=product&#038;p=16881"},"modified":"2025-11-06T13:10:48","modified_gmt":"2025-11-06T12:10:48","slug":"apple-cranberry-sugar-scrub","status":"publish","type":"product","link":"https:\/\/lyconnordic.se\/privat\/produkt\/apple-cranberry-sugar-scrub\/","title":{"rendered":"Sugar Scrub &#8211; Apple and Cranberry"},"content":{"rendered":"<p>Med \u00e4pple, tranb\u00e4r och vitamin E<\/p>\n<p>Dessa luxu\u00f6sa oljefria Sugar Scrubs har h\u00f6g SPA-kvalitet och tar effektivt bort d\u00f6da hudceller, boostar cirkulationen och \u00e5terfuktar huden. De \u00e4r vattenl\u00f6sliga, enkla att f\u00e5 bort och l\u00e4mnar ingen oljig hinna p\u00e5 huden. De \u00e4r ett m\u00e5ste i din hudv\u00e5rdsrutin. LYCONs Sugar Scrubs f\u00f6rebygger ingrodda h\u00e5r vid regelbunden anv\u00e4ndning.<\/p>\n<p><strong>Vegansk | Cruelty-free | 100g<\/strong><\/p>\n","protected":false},"excerpt":{"rendered":"<p>Med \u00e4pple, tranb\u00e4r och vitamin E<\/p>\n<p>Dessa luxu\u00f6sa oljefria Sugar Scrubs har h\u00f6g SPA-kvalitet och tar effektivt bort d\u00f6da hudceller, boostar cirkulationen och \u00e5terfuktar huden. De \u00e4r vattenl\u00f6sliga, enkla att f\u00e5 bort och l\u00e4mnar ingen oljig hinna p\u00e5 huden. De \u00e4r ett m\u00e5ste i din hudv\u00e5rdsrutin. LYCONs Sugar Scrubs f\u00f6rebygger ingrodda h\u00e5r vid regelbunden anv\u00e4ndning.<\/p>\n<p><strong>Vegansk | Cruelty-free | 100g<\/strong><\/p>\n","protected":false},"featured_media":17439,"comment_status":"open","ping_status":"closed","template":"","meta":[],"product_brand":[],"product_cat":[92],"product_tag":[],"class_list":{"0":"post-16881","1":"product","2":"type-product","3":"status-publish","4":"has-post-thumbnail","6":"product_cat-lycon-spa-essentials","8":"first","9":"instock","10":"taxable","11":"shipping-taxable","12":"purchasable","13":"product-type-variable"},"yoast_head":"<!-- This site is optimized with the Yoast SEO plugin v27.5 - https:\/\/yoast.com\/product\/yoast-seo-wordpress\/ -->\n<title>Sugar Scrub - Apple and Cranberry - LYCON Nordic - Sweden - Privat<\/title>\n<meta name=\"robots\" content=\"index, follow, max-snippet:-1, max-image-preview:large, max-video-preview:-1\" \/>\n<link rel=\"canonical\" href=\"https:\/\/lyconnordic.se\/privat\/produkt\/apple-cranberry-sugar-scrub\/\" \/>\n<meta property=\"og:locale\" content=\"sv_SE\" \/>\n<meta property=\"og:type\" content=\"article\" \/>\n<meta property=\"og:title\" content=\"Sugar Scrub - Apple and Cranberry - LYCON Nordic - Sweden - Privat\" \/>\n<meta property=\"og:description\" content=\"Med \u00e4pple, tranb\u00e4r och vitamin E  Dessa luxu\u00f6sa oljefria Sugar Scrubs har h\u00f6g SPA-kvalitet och tar effektivt bort d\u00f6da hudceller, boostar cirkulationen och \u00e5terfuktar huden. De \u00e4r vattenl\u00f6sliga, enkla att f\u00e5 bort och l\u00e4mnar ingen oljig hinna p\u00e5 huden. De \u00e4r ett m\u00e5ste i din hudv\u00e5rdsrutin. LYCONs Sugar Scrubs f\u00f6rebygger ingrodda h\u00e5r vid regelbunden anv\u00e4ndning.  Vegansk | Cruelty-free | 100g\" \/>\n<meta property=\"og:url\" content=\"https:\/\/lyconnordic.se\/privat\/produkt\/apple-cranberry-sugar-scrub\/\" \/>\n<meta property=\"og:site_name\" content=\"LYCON Nordic - Sweden - Privat\" \/>\n<meta property=\"article:modified_time\" content=\"2025-11-06T12:10:48+00:00\" \/>\n<meta property=\"og:image\" content=\"https:\/\/lyconnordic.se\/privat\/wp-content\/uploads\/2023\/11\/Apple-Cranberry_Sugar-Scrub_Spa-Essentials_100g_WEB.jpg\" \/>\n\t<meta property=\"og:image:width\" content=\"900\" \/>\n\t<meta property=\"og:image:height\" content=\"900\" \/>\n\t<meta property=\"og:image:type\" content=\"image\/jpeg\" \/>\n<meta name=\"twitter:card\" content=\"summary_large_image\" \/>\n<meta name=\"twitter:label1\" content=\"Ber\u00e4knad l\u00e4stid\" \/>\n\t<meta name=\"twitter:data1\" content=\"1 minut\" \/>\n<script type=\"application\/ld+json\" class=\"yoast-schema-graph\">{\"@context\":\"https:\\\/\\\/schema.org\",\"@graph\":[{\"@type\":\"WebPage\",\"@id\":\"https:\\\/\\\/lyconnordic.se\\\/privat\\\/produkt\\\/apple-cranberry-sugar-scrub\\\/\",\"url\":\"https:\\\/\\\/lyconnordic.se\\\/privat\\\/produkt\\\/apple-cranberry-sugar-scrub\\\/\",\"name\":\"Sugar Scrub - Apple and Cranberry - LYCON Nordic - Sweden - Privat\",\"isPartOf\":{\"@id\":\"https:\\\/\\\/lyconnordic.se\\\/privat\\\/#website\"},\"primaryImageOfPage\":{\"@id\":\"https:\\\/\\\/lyconnordic.se\\\/privat\\\/produkt\\\/apple-cranberry-sugar-scrub\\\/#primaryimage\"},\"image\":{\"@id\":\"https:\\\/\\\/lyconnordic.se\\\/privat\\\/produkt\\\/apple-cranberry-sugar-scrub\\\/#primaryimage\"},\"thumbnailUrl\":\"https:\\\/\\\/lyconnordic.se\\\/privat\\\/wp-content\\\/uploads\\\/2023\\\/11\\\/Apple-Cranberry_Sugar-Scrub_Spa-Essentials_100g_WEB.jpg\",\"datePublished\":\"2023-11-07T11:36:59+00:00\",\"dateModified\":\"2025-11-06T12:10:48+00:00\",\"breadcrumb\":{\"@id\":\"https:\\\/\\\/lyconnordic.se\\\/privat\\\/produkt\\\/apple-cranberry-sugar-scrub\\\/#breadcrumb\"},\"inLanguage\":\"sv-SE\",\"potentialAction\":[{\"@type\":\"ReadAction\",\"target\":[\"https:\\\/\\\/lyconnordic.se\\\/privat\\\/produkt\\\/apple-cranberry-sugar-scrub\\\/\"]}]},{\"@type\":\"ImageObject\",\"inLanguage\":\"sv-SE\",\"@id\":\"https:\\\/\\\/lyconnordic.se\\\/privat\\\/produkt\\\/apple-cranberry-sugar-scrub\\\/#primaryimage\",\"url\":\"https:\\\/\\\/lyconnordic.se\\\/privat\\\/wp-content\\\/uploads\\\/2023\\\/11\\\/Apple-Cranberry_Sugar-Scrub_Spa-Essentials_100g_WEB.jpg\",\"contentUrl\":\"https:\\\/\\\/lyconnordic.se\\\/privat\\\/wp-content\\\/uploads\\\/2023\\\/11\\\/Apple-Cranberry_Sugar-Scrub_Spa-Essentials_100g_WEB.jpg\",\"width\":900,\"height\":900},{\"@type\":\"BreadcrumbList\",\"@id\":\"https:\\\/\\\/lyconnordic.se\\\/privat\\\/produkt\\\/apple-cranberry-sugar-scrub\\\/#breadcrumb\",\"itemListElement\":[{\"@type\":\"ListItem\",\"position\":1,\"name\":\"Hem\",\"item\":\"https:\\\/\\\/lyconnordic.se\\\/privat\\\/\"},{\"@type\":\"ListItem\",\"position\":2,\"name\":\"Produkter\",\"item\":\"https:\\\/\\\/lyconnordic.se\\\/privat\\\/produkter\\\/\"},{\"@type\":\"ListItem\",\"position\":3,\"name\":\"Sugar Scrub &#8211; Apple and Cranberry\"}]},{\"@type\":\"WebSite\",\"@id\":\"https:\\\/\\\/lyconnordic.se\\\/privat\\\/#website\",\"url\":\"https:\\\/\\\/lyconnordic.se\\\/privat\\\/\",\"name\":\"LYCON Nordic - Sweden\",\"description\":\"Lycon Nordic - Vax, Milt h\u00e5rborttagningsvax, Brasiliansk Vaxning, Exklusivt h\u00e5rborttagningsvax\",\"potentialAction\":[{\"@type\":\"SearchAction\",\"target\":{\"@type\":\"EntryPoint\",\"urlTemplate\":\"https:\\\/\\\/lyconnordic.se\\\/privat\\\/?s={search_term_string}\"},\"query-input\":{\"@type\":\"PropertyValueSpecification\",\"valueRequired\":true,\"valueName\":\"search_term_string\"}}],\"inLanguage\":\"sv-SE\"}]}<\/script>\n<!-- \/ Yoast SEO plugin. -->","yoast_head_json":{"title":"Sugar Scrub - Apple and Cranberry - LYCON Nordic - Sweden - Privat","robots":{"index":"index","follow":"follow","max-snippet":"max-snippet:-1","max-image-preview":"max-image-preview:large","max-video-preview":"max-video-preview:-1"},"canonical":"https:\/\/lyconnordic.se\/privat\/produkt\/apple-cranberry-sugar-scrub\/","og_locale":"sv_SE","og_type":"article","og_title":"Sugar Scrub - Apple and Cranberry - LYCON Nordic - Sweden - Privat","og_description":"Med \u00e4pple, tranb\u00e4r och vitamin E  Dessa luxu\u00f6sa oljefria Sugar Scrubs har h\u00f6g SPA-kvalitet och tar effektivt bort d\u00f6da hudceller, boostar cirkulationen och \u00e5terfuktar huden. De \u00e4r vattenl\u00f6sliga, enkla att f\u00e5 bort och l\u00e4mnar ingen oljig hinna p\u00e5 huden. De \u00e4r ett m\u00e5ste i din hudv\u00e5rdsrutin. LYCONs Sugar Scrubs f\u00f6rebygger ingrodda h\u00e5r vid regelbunden anv\u00e4ndning.  Vegansk | Cruelty-free | 100g","og_url":"https:\/\/lyconnordic.se\/privat\/produkt\/apple-cranberry-sugar-scrub\/","og_site_name":"LYCON Nordic - Sweden - Privat","article_modified_time":"2025-11-06T12:10:48+00:00","og_image":[{"width":900,"height":900,"url":"https:\/\/lyconnordic.se\/privat\/wp-content\/uploads\/2023\/11\/Apple-Cranberry_Sugar-Scrub_Spa-Essentials_100g_WEB.jpg","type":"image\/jpeg"}],"twitter_card":"summary_large_image","twitter_misc":{"Ber\u00e4knad l\u00e4stid":"1 minut"},"schema":{"@context":"https:\/\/schema.org","@graph":[{"@type":"WebPage","@id":"https:\/\/lyconnordic.se\/privat\/produkt\/apple-cranberry-sugar-scrub\/","url":"https:\/\/lyconnordic.se\/privat\/produkt\/apple-cranberry-sugar-scrub\/","name":"Sugar Scrub - Apple and Cranberry - LYCON Nordic - Sweden - Privat","isPartOf":{"@id":"https:\/\/lyconnordic.se\/privat\/#website"},"primaryImageOfPage":{"@id":"https:\/\/lyconnordic.se\/privat\/produkt\/apple-cranberry-sugar-scrub\/#primaryimage"},"image":{"@id":"https:\/\/lyconnordic.se\/privat\/produkt\/apple-cranberry-sugar-scrub\/#primaryimage"},"thumbnailUrl":"https:\/\/lyconnordic.se\/privat\/wp-content\/uploads\/2023\/11\/Apple-Cranberry_Sugar-Scrub_Spa-Essentials_100g_WEB.jpg","datePublished":"2023-11-07T11:36:59+00:00","dateModified":"2025-11-06T12:10:48+00:00","breadcrumb":{"@id":"https:\/\/lyconnordic.se\/privat\/produkt\/apple-cranberry-sugar-scrub\/#breadcrumb"},"inLanguage":"sv-SE","potentialAction":[{"@type":"ReadAction","target":["https:\/\/lyconnordic.se\/privat\/produkt\/apple-cranberry-sugar-scrub\/"]}]},{"@type":"ImageObject","inLanguage":"sv-SE","@id":"https:\/\/lyconnordic.se\/privat\/produkt\/apple-cranberry-sugar-scrub\/#primaryimage","url":"https:\/\/lyconnordic.se\/privat\/wp-content\/uploads\/2023\/11\/Apple-Cranberry_Sugar-Scrub_Spa-Essentials_100g_WEB.jpg","contentUrl":"https:\/\/lyconnordic.se\/privat\/wp-content\/uploads\/2023\/11\/Apple-Cranberry_Sugar-Scrub_Spa-Essentials_100g_WEB.jpg","width":900,"height":900},{"@type":"BreadcrumbList","@id":"https:\/\/lyconnordic.se\/privat\/produkt\/apple-cranberry-sugar-scrub\/#breadcrumb","itemListElement":[{"@type":"ListItem","position":1,"name":"Hem","item":"https:\/\/lyconnordic.se\/privat\/"},{"@type":"ListItem","position":2,"name":"Produkter","item":"https:\/\/lyconnordic.se\/privat\/produkter\/"},{"@type":"ListItem","position":3,"name":"Sugar Scrub &#8211; Apple and Cranberry"}]},{"@type":"WebSite","@id":"https:\/\/lyconnordic.se\/privat\/#website","url":"https:\/\/lyconnordic.se\/privat\/","name":"LYCON Nordic - Sweden","description":"Lycon Nordic - Vax, Milt h\u00e5rborttagningsvax, Brasiliansk Vaxning, Exklusivt h\u00e5rborttagningsvax","potentialAction":[{"@type":"SearchAction","target":{"@type":"EntryPoint","urlTemplate":"https:\/\/lyconnordic.se\/privat\/?s={search_term_string}"},"query-input":{"@type":"PropertyValueSpecification","valueRequired":true,"valueName":"search_term_string"}}],"inLanguage":"sv-SE"}]}},"_links":{"self":[{"href":"https:\/\/lyconnordic.se\/privat\/wp-json\/wp\/v2\/product\/16881","targetHints":{"allow":["GET"]}}],"collection":[{"href":"https:\/\/lyconnordic.se\/privat\/wp-json\/wp\/v2\/product"}],"about":[{"href":"https:\/\/lyconnordic.se\/privat\/wp-json\/wp\/v2\/types\/product"}],"replies":[{"embeddable":true,"href":"https:\/\/lyconnordic.se\/privat\/wp-json\/wp\/v2\/comments?post=16881"}],"version-history":[{"count":4,"href":"https:\/\/lyconnordic.se\/privat\/wp-json\/wp\/v2\/product\/16881\/revisions"}],"predecessor-version":[{"id":21084,"href":"https:\/\/lyconnordic.se\/privat\/wp-json\/wp\/v2\/product\/16881\/revisions\/21084"}],"wp:featuredmedia":[{"embeddable":true,"href":"https:\/\/lyconnordic.se\/privat\/wp-json\/wp\/v2\/media\/17439"}],"wp:attachment":[{"href":"https:\/\/lyconnordic.se\/privat\/wp-json\/wp\/v2\/media?parent=16881"}],"wp:term":[{"taxonomy":"product_brand","embeddable":true,"href":"https:\/\/lyconnordic.se\/privat\/wp-json\/wp\/v2\/product_brand?post=16881"},{"taxonomy":"product_cat","embeddable":true,"href":"https:\/\/lyconnordic.se\/privat\/wp-json\/wp\/v2\/product_cat?post=16881"},{"taxonomy":"product_tag","embeddable":true,"href":"https:\/\/lyconnordic.se\/privat\/wp-json\/wp\/v2\/product_tag?post=16881"}],"curies":[{"name":"wp","href":"https:\/\/api.w.org\/{rel}","templated":true}]}}