{"id":16986,"date":"2023-11-07T12:11:27","date_gmt":"2023-11-07T12:11:27","guid":{"rendered":"https:\/\/lyconnordic.nyside2.net\/privat\/?post_type=product&#038;p=16986"},"modified":"2025-11-06T13:13:51","modified_gmt":"2025-11-06T12:13:51","slug":"pinkini-intimate-wash","status":"publish","type":"product","link":"https:\/\/lyconnordic.se\/privat\/produkt\/pinkini-intimate-wash\/","title":{"rendered":"Pinkini Intimate Wash"},"content":{"rendered":"<p>En skonsam, pH-anpassad intimreng\u00f6ring som l\u00e4mnar huden mjuk och ren. Reng\u00f6ringen inneh\u00e5ller mj\u00f6lksyra, tasman berry, aloe vera, allantoin och bisabolol som behandlar och minskar uppkomsten av pigmenteringar. Har en frisk doft av b\u00e4r.<\/p>\n<p><strong>Vegansk | Cruelty-free | Glutenfri<\/strong><\/p>\n<p>Se v\u00e5ra andra <a href=\"https:\/\/lyconnordic.se\/privat\/produktkategori\/pinkini\/\">intimprodukter<\/a><\/p>\n","protected":false},"excerpt":{"rendered":"<p>En skonsam, pH-anpassad intimreng\u00f6ring som l\u00e4mnar huden mjuk och ren. Reng\u00f6ringen inneh\u00e5ller mj\u00f6lksyra, tasman berry, aloe vera, allantoin och bisabolol som behandlar och minskar uppkomsten av pigmenteringar. Har en frisk doft av b\u00e4r.<\/p>\n","protected":false},"featured_media":16987,"comment_status":"open","ping_status":"closed","template":"","meta":[],"product_brand":[],"product_cat":[42],"product_tag":[],"class_list":{"0":"post-16986","1":"product","2":"type-product","3":"status-publish","4":"has-post-thumbnail","6":"product_cat-pinkini","8":"first","9":"instock","10":"taxable","11":"shipping-taxable","12":"purchasable","13":"product-type-variable"},"yoast_head":"<!-- This site is optimized with the Yoast SEO plugin v27.5 - https:\/\/yoast.com\/product\/yoast-seo-wordpress\/ -->\n<title>Pinkini Intimate Wash - LYCON Nordic - Sweden - Privat<\/title>\n<meta name=\"robots\" content=\"index, follow, max-snippet:-1, max-image-preview:large, max-video-preview:-1\" \/>\n<link rel=\"canonical\" href=\"https:\/\/lyconnordic.se\/privat\/produkt\/pinkini-intimate-wash\/\" \/>\n<meta property=\"og:locale\" content=\"sv_SE\" \/>\n<meta property=\"og:type\" content=\"article\" \/>\n<meta property=\"og:title\" content=\"Pinkini Intimate Wash - LYCON Nordic - Sweden - Privat\" \/>\n<meta property=\"og:description\" content=\"En skonsam, pH-anpassad intimreng\u00f6ring som l\u00e4mnar huden mjuk och ren. Reng\u00f6ringen inneh\u00e5ller mj\u00f6lksyra, tasman berry, aloe vera, allantoin och bisabolol som behandlar och minskar uppkomsten av pigmenteringar. Har en frisk doft av b\u00e4r.\" \/>\n<meta property=\"og:url\" content=\"https:\/\/lyconnordic.se\/privat\/produkt\/pinkini-intimate-wash\/\" \/>\n<meta property=\"og:site_name\" content=\"LYCON Nordic - Sweden - Privat\" \/>\n<meta property=\"article:modified_time\" content=\"2025-11-06T12:13:51+00:00\" \/>\n<meta property=\"og:image\" content=\"https:\/\/lyconnordic.se\/privat\/wp-content\/uploads\/2023\/11\/Pinkini-Initmate-Wash_Retail-2_50ml_WEB.jpg\" \/>\n\t<meta property=\"og:image:width\" content=\"900\" \/>\n\t<meta property=\"og:image:height\" content=\"900\" \/>\n\t<meta property=\"og:image:type\" content=\"image\/jpeg\" \/>\n<meta name=\"twitter:card\" content=\"summary_large_image\" \/>\n<meta name=\"twitter:label1\" content=\"Ber\u00e4knad l\u00e4stid\" \/>\n\t<meta name=\"twitter:data1\" content=\"1 minut\" \/>\n<script type=\"application\/ld+json\" class=\"yoast-schema-graph\">{\"@context\":\"https:\\\/\\\/schema.org\",\"@graph\":[{\"@type\":\"WebPage\",\"@id\":\"https:\\\/\\\/lyconnordic.se\\\/privat\\\/produkt\\\/pinkini-intimate-wash\\\/\",\"url\":\"https:\\\/\\\/lyconnordic.se\\\/privat\\\/produkt\\\/pinkini-intimate-wash\\\/\",\"name\":\"Pinkini Intimate Wash - LYCON Nordic - Sweden - Privat\",\"isPartOf\":{\"@id\":\"https:\\\/\\\/lyconnordic.se\\\/privat\\\/#website\"},\"primaryImageOfPage\":{\"@id\":\"https:\\\/\\\/lyconnordic.se\\\/privat\\\/produkt\\\/pinkini-intimate-wash\\\/#primaryimage\"},\"image\":{\"@id\":\"https:\\\/\\\/lyconnordic.se\\\/privat\\\/produkt\\\/pinkini-intimate-wash\\\/#primaryimage\"},\"thumbnailUrl\":\"https:\\\/\\\/lyconnordic.se\\\/privat\\\/wp-content\\\/uploads\\\/2023\\\/11\\\/Pinkini-Initmate-Wash_Retail-2_50ml_WEB.jpg\",\"datePublished\":\"2023-11-07T12:11:27+00:00\",\"dateModified\":\"2025-11-06T12:13:51+00:00\",\"breadcrumb\":{\"@id\":\"https:\\\/\\\/lyconnordic.se\\\/privat\\\/produkt\\\/pinkini-intimate-wash\\\/#breadcrumb\"},\"inLanguage\":\"sv-SE\",\"potentialAction\":[{\"@type\":\"ReadAction\",\"target\":[\"https:\\\/\\\/lyconnordic.se\\\/privat\\\/produkt\\\/pinkini-intimate-wash\\\/\"]}]},{\"@type\":\"ImageObject\",\"inLanguage\":\"sv-SE\",\"@id\":\"https:\\\/\\\/lyconnordic.se\\\/privat\\\/produkt\\\/pinkini-intimate-wash\\\/#primaryimage\",\"url\":\"https:\\\/\\\/lyconnordic.se\\\/privat\\\/wp-content\\\/uploads\\\/2023\\\/11\\\/Pinkini-Initmate-Wash_Retail-2_50ml_WEB.jpg\",\"contentUrl\":\"https:\\\/\\\/lyconnordic.se\\\/privat\\\/wp-content\\\/uploads\\\/2023\\\/11\\\/Pinkini-Initmate-Wash_Retail-2_50ml_WEB.jpg\",\"width\":900,\"height\":900},{\"@type\":\"BreadcrumbList\",\"@id\":\"https:\\\/\\\/lyconnordic.se\\\/privat\\\/produkt\\\/pinkini-intimate-wash\\\/#breadcrumb\",\"itemListElement\":[{\"@type\":\"ListItem\",\"position\":1,\"name\":\"Hem\",\"item\":\"https:\\\/\\\/lyconnordic.se\\\/privat\\\/\"},{\"@type\":\"ListItem\",\"position\":2,\"name\":\"Produkter\",\"item\":\"https:\\\/\\\/lyconnordic.se\\\/privat\\\/produkter\\\/\"},{\"@type\":\"ListItem\",\"position\":3,\"name\":\"Pinkini Intimate Wash\"}]},{\"@type\":\"WebSite\",\"@id\":\"https:\\\/\\\/lyconnordic.se\\\/privat\\\/#website\",\"url\":\"https:\\\/\\\/lyconnordic.se\\\/privat\\\/\",\"name\":\"LYCON Nordic - Sweden\",\"description\":\"Lycon Nordic - Vax, Milt h\u00e5rborttagningsvax, Brasiliansk Vaxning, Exklusivt h\u00e5rborttagningsvax\",\"potentialAction\":[{\"@type\":\"SearchAction\",\"target\":{\"@type\":\"EntryPoint\",\"urlTemplate\":\"https:\\\/\\\/lyconnordic.se\\\/privat\\\/?s={search_term_string}\"},\"query-input\":{\"@type\":\"PropertyValueSpecification\",\"valueRequired\":true,\"valueName\":\"search_term_string\"}}],\"inLanguage\":\"sv-SE\"}]}<\/script>\n<!-- \/ Yoast SEO plugin. -->","yoast_head_json":{"title":"Pinkini Intimate Wash - LYCON Nordic - Sweden - Privat","robots":{"index":"index","follow":"follow","max-snippet":"max-snippet:-1","max-image-preview":"max-image-preview:large","max-video-preview":"max-video-preview:-1"},"canonical":"https:\/\/lyconnordic.se\/privat\/produkt\/pinkini-intimate-wash\/","og_locale":"sv_SE","og_type":"article","og_title":"Pinkini Intimate Wash - LYCON Nordic - Sweden - Privat","og_description":"En skonsam, pH-anpassad intimreng\u00f6ring som l\u00e4mnar huden mjuk och ren. Reng\u00f6ringen inneh\u00e5ller mj\u00f6lksyra, tasman berry, aloe vera, allantoin och bisabolol som behandlar och minskar uppkomsten av pigmenteringar. Har en frisk doft av b\u00e4r.","og_url":"https:\/\/lyconnordic.se\/privat\/produkt\/pinkini-intimate-wash\/","og_site_name":"LYCON Nordic - Sweden - Privat","article_modified_time":"2025-11-06T12:13:51+00:00","og_image":[{"width":900,"height":900,"url":"https:\/\/lyconnordic.se\/privat\/wp-content\/uploads\/2023\/11\/Pinkini-Initmate-Wash_Retail-2_50ml_WEB.jpg","type":"image\/jpeg"}],"twitter_card":"summary_large_image","twitter_misc":{"Ber\u00e4knad l\u00e4stid":"1 minut"},"schema":{"@context":"https:\/\/schema.org","@graph":[{"@type":"WebPage","@id":"https:\/\/lyconnordic.se\/privat\/produkt\/pinkini-intimate-wash\/","url":"https:\/\/lyconnordic.se\/privat\/produkt\/pinkini-intimate-wash\/","name":"Pinkini Intimate Wash - LYCON Nordic - Sweden - Privat","isPartOf":{"@id":"https:\/\/lyconnordic.se\/privat\/#website"},"primaryImageOfPage":{"@id":"https:\/\/lyconnordic.se\/privat\/produkt\/pinkini-intimate-wash\/#primaryimage"},"image":{"@id":"https:\/\/lyconnordic.se\/privat\/produkt\/pinkini-intimate-wash\/#primaryimage"},"thumbnailUrl":"https:\/\/lyconnordic.se\/privat\/wp-content\/uploads\/2023\/11\/Pinkini-Initmate-Wash_Retail-2_50ml_WEB.jpg","datePublished":"2023-11-07T12:11:27+00:00","dateModified":"2025-11-06T12:13:51+00:00","breadcrumb":{"@id":"https:\/\/lyconnordic.se\/privat\/produkt\/pinkini-intimate-wash\/#breadcrumb"},"inLanguage":"sv-SE","potentialAction":[{"@type":"ReadAction","target":["https:\/\/lyconnordic.se\/privat\/produkt\/pinkini-intimate-wash\/"]}]},{"@type":"ImageObject","inLanguage":"sv-SE","@id":"https:\/\/lyconnordic.se\/privat\/produkt\/pinkini-intimate-wash\/#primaryimage","url":"https:\/\/lyconnordic.se\/privat\/wp-content\/uploads\/2023\/11\/Pinkini-Initmate-Wash_Retail-2_50ml_WEB.jpg","contentUrl":"https:\/\/lyconnordic.se\/privat\/wp-content\/uploads\/2023\/11\/Pinkini-Initmate-Wash_Retail-2_50ml_WEB.jpg","width":900,"height":900},{"@type":"BreadcrumbList","@id":"https:\/\/lyconnordic.se\/privat\/produkt\/pinkini-intimate-wash\/#breadcrumb","itemListElement":[{"@type":"ListItem","position":1,"name":"Hem","item":"https:\/\/lyconnordic.se\/privat\/"},{"@type":"ListItem","position":2,"name":"Produkter","item":"https:\/\/lyconnordic.se\/privat\/produkter\/"},{"@type":"ListItem","position":3,"name":"Pinkini Intimate Wash"}]},{"@type":"WebSite","@id":"https:\/\/lyconnordic.se\/privat\/#website","url":"https:\/\/lyconnordic.se\/privat\/","name":"LYCON Nordic - Sweden","description":"Lycon Nordic - Vax, Milt h\u00e5rborttagningsvax, Brasiliansk Vaxning, Exklusivt h\u00e5rborttagningsvax","potentialAction":[{"@type":"SearchAction","target":{"@type":"EntryPoint","urlTemplate":"https:\/\/lyconnordic.se\/privat\/?s={search_term_string}"},"query-input":{"@type":"PropertyValueSpecification","valueRequired":true,"valueName":"search_term_string"}}],"inLanguage":"sv-SE"}]}},"_links":{"self":[{"href":"https:\/\/lyconnordic.se\/privat\/wp-json\/wp\/v2\/product\/16986","targetHints":{"allow":["GET"]}}],"collection":[{"href":"https:\/\/lyconnordic.se\/privat\/wp-json\/wp\/v2\/product"}],"about":[{"href":"https:\/\/lyconnordic.se\/privat\/wp-json\/wp\/v2\/types\/product"}],"replies":[{"embeddable":true,"href":"https:\/\/lyconnordic.se\/privat\/wp-json\/wp\/v2\/comments?post=16986"}],"version-history":[{"count":5,"href":"https:\/\/lyconnordic.se\/privat\/wp-json\/wp\/v2\/product\/16986\/revisions"}],"predecessor-version":[{"id":23187,"href":"https:\/\/lyconnordic.se\/privat\/wp-json\/wp\/v2\/product\/16986\/revisions\/23187"}],"wp:featuredmedia":[{"embeddable":true,"href":"https:\/\/lyconnordic.se\/privat\/wp-json\/wp\/v2\/media\/16987"}],"wp:attachment":[{"href":"https:\/\/lyconnordic.se\/privat\/wp-json\/wp\/v2\/media?parent=16986"}],"wp:term":[{"taxonomy":"product_brand","embeddable":true,"href":"https:\/\/lyconnordic.se\/privat\/wp-json\/wp\/v2\/product_brand?post=16986"},{"taxonomy":"product_cat","embeddable":true,"href":"https:\/\/lyconnordic.se\/privat\/wp-json\/wp\/v2\/product_cat?post=16986"},{"taxonomy":"product_tag","embeddable":true,"href":"https:\/\/lyconnordic.se\/privat\/wp-json\/wp\/v2\/product_tag?post=16986"}],"curies":[{"name":"wp","href":"https:\/\/api.w.org\/{rel}","templated":true}]}}