{"id":16995,"date":"2023-11-07T12:16:25","date_gmt":"2023-11-07T12:16:25","guid":{"rendered":"https:\/\/lyconnordic.nyside2.net\/privat\/?post_type=product&#038;p=16995"},"modified":"2025-11-06T13:02:55","modified_gmt":"2025-11-06T12:02:55","slug":"pinkini-lightening-serum-30-ml","status":"publish","type":"product","link":"https:\/\/lyconnordic.se\/privat\/produkt\/pinkini-lightening-serum-30-ml\/","title":{"rendered":"PINKINI Lightening Serum 30ml"},"content":{"rendered":"<p>Med vitamin C complex<\/p>\n<p>Ett l\u00e4tt serum med avancerade ingredienser som\u00a0 vitamin C, natriumlaktat, beta-glucan och hyaluronsyra.<\/p>\n<p>Bidrar till att reducera pigmenteringar, missf\u00e4rgning, solskador, hudbristningar efter graviditet och \u00e4rr. Missf\u00e4rgning kan uppst\u00e5 p\u00e5 huden efter h\u00e5rborttagning med vax, kr\u00e4m och hyvel.<\/p>\n<p>Serumet kan anv\u00e4ndas p\u00e5 intimomr\u00e5det, kropp och i ansiktet.<\/p>\n<p><strong>Vegansk | Cruelty-free<\/strong><\/p>\n<p>Bl\u00e4ddra bland v\u00e5ra andra produkter inom <a href=\"https:\/\/lyconnordic.se\/privat\/produktkategori\/pinkini\/\">intimv\u00e5rd f\u00f6r kvinnor<\/a><\/p>\n","protected":false},"excerpt":{"rendered":"<p>Med vitamin C complex<\/p>\n<p>Ett l\u00e4tt serum med avancerade ingredienser som\u00a0 vitamin C, natriumlaktat, beta-glucan och hyaluronsyra.<\/p>\n<p>Bidrar till att reducera pigmenteringar, missf\u00e4rgning, solskador, hudbristningar efter graviditet och \u00e4rr. Missf\u00e4rgning kan uppst\u00e5 p\u00e5 huden efter h\u00e5rborttagning med vax, kr\u00e4m och hyvel.<\/p>\n<p>Serumet kan anv\u00e4ndas p\u00e5 intimomr\u00e5det, kropp och i ansiktet.<\/p>\n","protected":false},"featured_media":16996,"comment_status":"open","ping_status":"closed","template":"","meta":[],"product_brand":[],"product_cat":[42],"product_tag":[],"class_list":{"0":"post-16995","1":"product","2":"type-product","3":"status-publish","4":"has-post-thumbnail","6":"product_cat-pinkini","8":"first","9":"instock","10":"taxable","11":"shipping-taxable","12":"purchasable","13":"product-type-simple"},"yoast_head":"<!-- This site is optimized with the Yoast SEO plugin v27.5 - https:\/\/yoast.com\/product\/yoast-seo-wordpress\/ -->\n<title>PINKINI Lightening Serum 30ml - LYCON Nordic - Sweden - Privat<\/title>\n<meta name=\"robots\" content=\"index, follow, max-snippet:-1, max-image-preview:large, max-video-preview:-1\" \/>\n<link rel=\"canonical\" href=\"https:\/\/lyconnordic.se\/privat\/produkt\/pinkini-lightening-serum-30-ml\/\" \/>\n<meta property=\"og:locale\" content=\"sv_SE\" \/>\n<meta property=\"og:type\" content=\"article\" \/>\n<meta property=\"og:title\" content=\"PINKINI Lightening Serum 30ml - LYCON Nordic - Sweden - Privat\" \/>\n<meta property=\"og:description\" content=\"Med vitamin C complex  Ett l\u00e4tt serum med avancerade ingredienser som\u00a0 vitamin C, natriumlaktat, beta-glucan och hyaluronsyra.  Bidrar till att reducera pigmenteringar, missf\u00e4rgning, solskador, hudbristningar efter graviditet och \u00e4rr. Missf\u00e4rgning kan uppst\u00e5 p\u00e5 huden efter h\u00e5rborttagning med vax, kr\u00e4m och hyvel.  Serumet kan anv\u00e4ndas p\u00e5 intimomr\u00e5det, kropp och i ansiktet.\" \/>\n<meta property=\"og:url\" content=\"https:\/\/lyconnordic.se\/privat\/produkt\/pinkini-lightening-serum-30-ml\/\" \/>\n<meta property=\"og:site_name\" content=\"LYCON Nordic - Sweden - Privat\" \/>\n<meta property=\"article:modified_time\" content=\"2025-11-06T12:02:55+00:00\" \/>\n<meta property=\"og:image\" content=\"https:\/\/lyconnordic.se\/privat\/wp-content\/uploads\/2023\/11\/Pinkini-Lightening-Serum_Retail_30ml_WEB.jpg\" \/>\n\t<meta property=\"og:image:width\" content=\"900\" \/>\n\t<meta property=\"og:image:height\" content=\"900\" \/>\n\t<meta property=\"og:image:type\" content=\"image\/jpeg\" \/>\n<meta name=\"twitter:card\" content=\"summary_large_image\" \/>\n<meta name=\"twitter:label1\" content=\"Ber\u00e4knad l\u00e4stid\" \/>\n\t<meta name=\"twitter:data1\" content=\"1 minut\" \/>\n<script type=\"application\/ld+json\" class=\"yoast-schema-graph\">{\"@context\":\"https:\\\/\\\/schema.org\",\"@graph\":[{\"@type\":\"WebPage\",\"@id\":\"https:\\\/\\\/lyconnordic.se\\\/privat\\\/produkt\\\/pinkini-lightening-serum-30-ml\\\/\",\"url\":\"https:\\\/\\\/lyconnordic.se\\\/privat\\\/produkt\\\/pinkini-lightening-serum-30-ml\\\/\",\"name\":\"PINKINI Lightening Serum 30ml - LYCON Nordic - Sweden - Privat\",\"isPartOf\":{\"@id\":\"https:\\\/\\\/lyconnordic.se\\\/privat\\\/#website\"},\"primaryImageOfPage\":{\"@id\":\"https:\\\/\\\/lyconnordic.se\\\/privat\\\/produkt\\\/pinkini-lightening-serum-30-ml\\\/#primaryimage\"},\"image\":{\"@id\":\"https:\\\/\\\/lyconnordic.se\\\/privat\\\/produkt\\\/pinkini-lightening-serum-30-ml\\\/#primaryimage\"},\"thumbnailUrl\":\"https:\\\/\\\/lyconnordic.se\\\/privat\\\/wp-content\\\/uploads\\\/2023\\\/11\\\/Pinkini-Lightening-Serum_Retail_30ml_WEB.jpg\",\"datePublished\":\"2023-11-07T12:16:25+00:00\",\"dateModified\":\"2025-11-06T12:02:55+00:00\",\"breadcrumb\":{\"@id\":\"https:\\\/\\\/lyconnordic.se\\\/privat\\\/produkt\\\/pinkini-lightening-serum-30-ml\\\/#breadcrumb\"},\"inLanguage\":\"sv-SE\",\"potentialAction\":[{\"@type\":\"ReadAction\",\"target\":[\"https:\\\/\\\/lyconnordic.se\\\/privat\\\/produkt\\\/pinkini-lightening-serum-30-ml\\\/\"]}]},{\"@type\":\"ImageObject\",\"inLanguage\":\"sv-SE\",\"@id\":\"https:\\\/\\\/lyconnordic.se\\\/privat\\\/produkt\\\/pinkini-lightening-serum-30-ml\\\/#primaryimage\",\"url\":\"https:\\\/\\\/lyconnordic.se\\\/privat\\\/wp-content\\\/uploads\\\/2023\\\/11\\\/Pinkini-Lightening-Serum_Retail_30ml_WEB.jpg\",\"contentUrl\":\"https:\\\/\\\/lyconnordic.se\\\/privat\\\/wp-content\\\/uploads\\\/2023\\\/11\\\/Pinkini-Lightening-Serum_Retail_30ml_WEB.jpg\",\"width\":900,\"height\":900},{\"@type\":\"BreadcrumbList\",\"@id\":\"https:\\\/\\\/lyconnordic.se\\\/privat\\\/produkt\\\/pinkini-lightening-serum-30-ml\\\/#breadcrumb\",\"itemListElement\":[{\"@type\":\"ListItem\",\"position\":1,\"name\":\"Hem\",\"item\":\"https:\\\/\\\/lyconnordic.se\\\/privat\\\/\"},{\"@type\":\"ListItem\",\"position\":2,\"name\":\"Produkter\",\"item\":\"https:\\\/\\\/lyconnordic.se\\\/privat\\\/produkter\\\/\"},{\"@type\":\"ListItem\",\"position\":3,\"name\":\"PINKINI Lightening Serum 30ml\"}]},{\"@type\":\"WebSite\",\"@id\":\"https:\\\/\\\/lyconnordic.se\\\/privat\\\/#website\",\"url\":\"https:\\\/\\\/lyconnordic.se\\\/privat\\\/\",\"name\":\"LYCON Nordic - Sweden\",\"description\":\"Lycon Nordic - Vax, Milt h\u00e5rborttagningsvax, Brasiliansk Vaxning, Exklusivt h\u00e5rborttagningsvax\",\"potentialAction\":[{\"@type\":\"SearchAction\",\"target\":{\"@type\":\"EntryPoint\",\"urlTemplate\":\"https:\\\/\\\/lyconnordic.se\\\/privat\\\/?s={search_term_string}\"},\"query-input\":{\"@type\":\"PropertyValueSpecification\",\"valueRequired\":true,\"valueName\":\"search_term_string\"}}],\"inLanguage\":\"sv-SE\"}]}<\/script>\n<!-- \/ Yoast SEO plugin. -->","yoast_head_json":{"title":"PINKINI Lightening Serum 30ml - LYCON Nordic - Sweden - Privat","robots":{"index":"index","follow":"follow","max-snippet":"max-snippet:-1","max-image-preview":"max-image-preview:large","max-video-preview":"max-video-preview:-1"},"canonical":"https:\/\/lyconnordic.se\/privat\/produkt\/pinkini-lightening-serum-30-ml\/","og_locale":"sv_SE","og_type":"article","og_title":"PINKINI Lightening Serum 30ml - LYCON Nordic - Sweden - Privat","og_description":"Med vitamin C complex  Ett l\u00e4tt serum med avancerade ingredienser som\u00a0 vitamin C, natriumlaktat, beta-glucan och hyaluronsyra.  Bidrar till att reducera pigmenteringar, missf\u00e4rgning, solskador, hudbristningar efter graviditet och \u00e4rr. Missf\u00e4rgning kan uppst\u00e5 p\u00e5 huden efter h\u00e5rborttagning med vax, kr\u00e4m och hyvel.  Serumet kan anv\u00e4ndas p\u00e5 intimomr\u00e5det, kropp och i ansiktet.","og_url":"https:\/\/lyconnordic.se\/privat\/produkt\/pinkini-lightening-serum-30-ml\/","og_site_name":"LYCON Nordic - Sweden - Privat","article_modified_time":"2025-11-06T12:02:55+00:00","og_image":[{"width":900,"height":900,"url":"https:\/\/lyconnordic.se\/privat\/wp-content\/uploads\/2023\/11\/Pinkini-Lightening-Serum_Retail_30ml_WEB.jpg","type":"image\/jpeg"}],"twitter_card":"summary_large_image","twitter_misc":{"Ber\u00e4knad l\u00e4stid":"1 minut"},"schema":{"@context":"https:\/\/schema.org","@graph":[{"@type":"WebPage","@id":"https:\/\/lyconnordic.se\/privat\/produkt\/pinkini-lightening-serum-30-ml\/","url":"https:\/\/lyconnordic.se\/privat\/produkt\/pinkini-lightening-serum-30-ml\/","name":"PINKINI Lightening Serum 30ml - LYCON Nordic - Sweden - Privat","isPartOf":{"@id":"https:\/\/lyconnordic.se\/privat\/#website"},"primaryImageOfPage":{"@id":"https:\/\/lyconnordic.se\/privat\/produkt\/pinkini-lightening-serum-30-ml\/#primaryimage"},"image":{"@id":"https:\/\/lyconnordic.se\/privat\/produkt\/pinkini-lightening-serum-30-ml\/#primaryimage"},"thumbnailUrl":"https:\/\/lyconnordic.se\/privat\/wp-content\/uploads\/2023\/11\/Pinkini-Lightening-Serum_Retail_30ml_WEB.jpg","datePublished":"2023-11-07T12:16:25+00:00","dateModified":"2025-11-06T12:02:55+00:00","breadcrumb":{"@id":"https:\/\/lyconnordic.se\/privat\/produkt\/pinkini-lightening-serum-30-ml\/#breadcrumb"},"inLanguage":"sv-SE","potentialAction":[{"@type":"ReadAction","target":["https:\/\/lyconnordic.se\/privat\/produkt\/pinkini-lightening-serum-30-ml\/"]}]},{"@type":"ImageObject","inLanguage":"sv-SE","@id":"https:\/\/lyconnordic.se\/privat\/produkt\/pinkini-lightening-serum-30-ml\/#primaryimage","url":"https:\/\/lyconnordic.se\/privat\/wp-content\/uploads\/2023\/11\/Pinkini-Lightening-Serum_Retail_30ml_WEB.jpg","contentUrl":"https:\/\/lyconnordic.se\/privat\/wp-content\/uploads\/2023\/11\/Pinkini-Lightening-Serum_Retail_30ml_WEB.jpg","width":900,"height":900},{"@type":"BreadcrumbList","@id":"https:\/\/lyconnordic.se\/privat\/produkt\/pinkini-lightening-serum-30-ml\/#breadcrumb","itemListElement":[{"@type":"ListItem","position":1,"name":"Hem","item":"https:\/\/lyconnordic.se\/privat\/"},{"@type":"ListItem","position":2,"name":"Produkter","item":"https:\/\/lyconnordic.se\/privat\/produkter\/"},{"@type":"ListItem","position":3,"name":"PINKINI Lightening Serum 30ml"}]},{"@type":"WebSite","@id":"https:\/\/lyconnordic.se\/privat\/#website","url":"https:\/\/lyconnordic.se\/privat\/","name":"LYCON Nordic - Sweden","description":"Lycon Nordic - Vax, Milt h\u00e5rborttagningsvax, Brasiliansk Vaxning, Exklusivt h\u00e5rborttagningsvax","potentialAction":[{"@type":"SearchAction","target":{"@type":"EntryPoint","urlTemplate":"https:\/\/lyconnordic.se\/privat\/?s={search_term_string}"},"query-input":{"@type":"PropertyValueSpecification","valueRequired":true,"valueName":"search_term_string"}}],"inLanguage":"sv-SE"}]}},"_links":{"self":[{"href":"https:\/\/lyconnordic.se\/privat\/wp-json\/wp\/v2\/product\/16995","targetHints":{"allow":["GET"]}}],"collection":[{"href":"https:\/\/lyconnordic.se\/privat\/wp-json\/wp\/v2\/product"}],"about":[{"href":"https:\/\/lyconnordic.se\/privat\/wp-json\/wp\/v2\/types\/product"}],"replies":[{"embeddable":true,"href":"https:\/\/lyconnordic.se\/privat\/wp-json\/wp\/v2\/comments?post=16995"}],"version-history":[{"count":7,"href":"https:\/\/lyconnordic.se\/privat\/wp-json\/wp\/v2\/product\/16995\/revisions"}],"predecessor-version":[{"id":23190,"href":"https:\/\/lyconnordic.se\/privat\/wp-json\/wp\/v2\/product\/16995\/revisions\/23190"}],"wp:featuredmedia":[{"embeddable":true,"href":"https:\/\/lyconnordic.se\/privat\/wp-json\/wp\/v2\/media\/16996"}],"wp:attachment":[{"href":"https:\/\/lyconnordic.se\/privat\/wp-json\/wp\/v2\/media?parent=16995"}],"wp:term":[{"taxonomy":"product_brand","embeddable":true,"href":"https:\/\/lyconnordic.se\/privat\/wp-json\/wp\/v2\/product_brand?post=16995"},{"taxonomy":"product_cat","embeddable":true,"href":"https:\/\/lyconnordic.se\/privat\/wp-json\/wp\/v2\/product_cat?post=16995"},{"taxonomy":"product_tag","embeddable":true,"href":"https:\/\/lyconnordic.se\/privat\/wp-json\/wp\/v2\/product_tag?post=16995"}],"curies":[{"name":"wp","href":"https:\/\/api.w.org\/{rel}","templated":true}]}}