{"id":17020,"date":"2023-11-07T13:15:32","date_gmt":"2023-11-07T13:15:32","guid":{"rendered":"https:\/\/lyconnordic.nyside2.net\/privat\/?post_type=product&#038;p=17020"},"modified":"2025-10-16T10:44:17","modified_gmt":"2025-10-16T08:44:17","slug":"lycopedi-massage-lotion","status":"publish","type":"product","link":"https:\/\/lyconnordic.se\/privat\/produkt\/lycopedi-massage-lotion\/","title":{"rendered":"Lyco&#8217;pedi Massage Lotion 50ml"},"content":{"rendered":"<p>Med mandel- kokos- och jojobaolja.\u00a0 Pro Vitamin B5, vitamin E och Marint kollagen.<\/p>\n<p>En massagelotion berikad med fuktighetsgivande oljor fr\u00e5n mandel, jojoba och kokos. Huden blir \u00e5terfuktad utan att k\u00e4nnas oljig . Marint kollagen, Vitamin E och Pro Vitamin B5, st\u00e4rker och ger n\u00e4ring till huden. F\u00f6tterna efterl\u00e4mnas uppfriskade och silkesmjuka. Doftar frisk Citrongr\u00e4s och inneh\u00e5ller ocks\u00e5 de antibakteriella eteriska oljorna Lemon Tea-Tree och Pepparmynta.<\/p>\n<p>Fri fr\u00e5n soya-, raps- och mineraloljor<\/p>\n<p><strong>Cruelty-free<\/strong><\/p>\n","protected":false},"excerpt":{"rendered":"<p>Med mandel- kokos- och jojobaolja.\u00a0 Pro Vitamin B5, vitamin E och Marint kollagen.<\/p>\n<p>En massagelotion berikad med fuktighetsgivande oljor fr\u00e5n mandel, jojoba och kokos. Huden blir \u00e5terfuktad utan att k\u00e4nnas oljig . Marint kollagen, Vitamin E och Pro Vitamin B5, st\u00e4rker och ger n\u00e4ring till huden. F\u00f6tterna efterl\u00e4mnas uppfriskade och silkesmjuka. Doftar frisk Citrongr\u00e4s och inneh\u00e5ller ocks\u00e5 de antibakteriella eteriska oljorna Lemon Tea-Tree och Pepparmynta.<\/p>\n<p>Fri fr\u00e5n soya-, raps- och mineraloljor<\/p>\n","protected":false},"featured_media":17022,"comment_status":"open","ping_status":"closed","template":"","meta":[],"product_brand":[],"product_cat":[28],"product_tag":[],"class_list":{"0":"post-17020","1":"product","2":"type-product","3":"status-publish","4":"has-post-thumbnail","6":"product_cat-fotvard","8":"first","9":"instock","10":"taxable","11":"shipping-taxable","12":"purchasable","13":"product-type-variable"},"yoast_head":"<!-- This site is optimized with the Yoast SEO plugin v27.5 - https:\/\/yoast.com\/product\/yoast-seo-wordpress\/ -->\n<title>Lyco&#039;pedi Massage Lotion 50ml - LYCON Nordic - Sweden - Privat<\/title>\n<meta name=\"robots\" content=\"index, follow, max-snippet:-1, max-image-preview:large, max-video-preview:-1\" \/>\n<link rel=\"canonical\" href=\"https:\/\/lyconnordic.se\/privat\/produkt\/lycopedi-massage-lotion\/\" \/>\n<meta property=\"og:locale\" content=\"sv_SE\" \/>\n<meta property=\"og:type\" content=\"article\" \/>\n<meta property=\"og:title\" content=\"Lyco&#039;pedi Massage Lotion 50ml - LYCON Nordic - Sweden - Privat\" \/>\n<meta property=\"og:description\" content=\"Med mandel- kokos- och jojobaolja.\u00a0 Pro Vitamin B5, vitamin E och Marint kollagen.  En massagelotion berikad med fuktighetsgivande oljor fr\u00e5n mandel, jojoba och kokos. Huden blir \u00e5terfuktad utan att k\u00e4nnas oljig . Marint kollagen, Vitamin E och Pro Vitamin B5, st\u00e4rker och ger n\u00e4ring till huden. F\u00f6tterna efterl\u00e4mnas uppfriskade och silkesmjuka. Doftar frisk Citrongr\u00e4s och inneh\u00e5ller ocks\u00e5 de antibakteriella eteriska oljorna Lemon Tea-Tree och Pepparmynta.  Fri fr\u00e5n soya-, raps- och mineraloljor\" \/>\n<meta property=\"og:url\" content=\"https:\/\/lyconnordic.se\/privat\/produkt\/lycopedi-massage-lotion\/\" \/>\n<meta property=\"og:site_name\" content=\"LYCON Nordic - Sweden - Privat\" \/>\n<meta property=\"article:modified_time\" content=\"2025-10-16T08:44:17+00:00\" \/>\n<meta property=\"og:image\" content=\"https:\/\/lyconnordic.se\/privat\/wp-content\/uploads\/2023\/11\/2020lycopedi_Massage-Lotion_50ml.jpg\" \/>\n\t<meta property=\"og:image:width\" content=\"900\" \/>\n\t<meta property=\"og:image:height\" content=\"900\" \/>\n\t<meta property=\"og:image:type\" content=\"image\/jpeg\" \/>\n<meta name=\"twitter:card\" content=\"summary_large_image\" \/>\n<meta name=\"twitter:label1\" content=\"Ber\u00e4knad l\u00e4stid\" \/>\n\t<meta name=\"twitter:data1\" content=\"1 minut\" \/>\n<script type=\"application\/ld+json\" class=\"yoast-schema-graph\">{\"@context\":\"https:\\\/\\\/schema.org\",\"@graph\":[{\"@type\":\"WebPage\",\"@id\":\"https:\\\/\\\/lyconnordic.se\\\/privat\\\/produkt\\\/lycopedi-massage-lotion\\\/\",\"url\":\"https:\\\/\\\/lyconnordic.se\\\/privat\\\/produkt\\\/lycopedi-massage-lotion\\\/\",\"name\":\"Lyco'pedi Massage Lotion 50ml - LYCON Nordic - Sweden - Privat\",\"isPartOf\":{\"@id\":\"https:\\\/\\\/lyconnordic.se\\\/privat\\\/#website\"},\"primaryImageOfPage\":{\"@id\":\"https:\\\/\\\/lyconnordic.se\\\/privat\\\/produkt\\\/lycopedi-massage-lotion\\\/#primaryimage\"},\"image\":{\"@id\":\"https:\\\/\\\/lyconnordic.se\\\/privat\\\/produkt\\\/lycopedi-massage-lotion\\\/#primaryimage\"},\"thumbnailUrl\":\"https:\\\/\\\/lyconnordic.se\\\/privat\\\/wp-content\\\/uploads\\\/2023\\\/11\\\/2020lycopedi_Massage-Lotion_50ml.jpg\",\"datePublished\":\"2023-11-07T13:15:32+00:00\",\"dateModified\":\"2025-10-16T08:44:17+00:00\",\"breadcrumb\":{\"@id\":\"https:\\\/\\\/lyconnordic.se\\\/privat\\\/produkt\\\/lycopedi-massage-lotion\\\/#breadcrumb\"},\"inLanguage\":\"sv-SE\",\"potentialAction\":[{\"@type\":\"ReadAction\",\"target\":[\"https:\\\/\\\/lyconnordic.se\\\/privat\\\/produkt\\\/lycopedi-massage-lotion\\\/\"]}]},{\"@type\":\"ImageObject\",\"inLanguage\":\"sv-SE\",\"@id\":\"https:\\\/\\\/lyconnordic.se\\\/privat\\\/produkt\\\/lycopedi-massage-lotion\\\/#primaryimage\",\"url\":\"https:\\\/\\\/lyconnordic.se\\\/privat\\\/wp-content\\\/uploads\\\/2023\\\/11\\\/2020lycopedi_Massage-Lotion_50ml.jpg\",\"contentUrl\":\"https:\\\/\\\/lyconnordic.se\\\/privat\\\/wp-content\\\/uploads\\\/2023\\\/11\\\/2020lycopedi_Massage-Lotion_50ml.jpg\",\"width\":900,\"height\":900},{\"@type\":\"BreadcrumbList\",\"@id\":\"https:\\\/\\\/lyconnordic.se\\\/privat\\\/produkt\\\/lycopedi-massage-lotion\\\/#breadcrumb\",\"itemListElement\":[{\"@type\":\"ListItem\",\"position\":1,\"name\":\"Hem\",\"item\":\"https:\\\/\\\/lyconnordic.se\\\/privat\\\/\"},{\"@type\":\"ListItem\",\"position\":2,\"name\":\"Produkter\",\"item\":\"https:\\\/\\\/lyconnordic.se\\\/privat\\\/produkter\\\/\"},{\"@type\":\"ListItem\",\"position\":3,\"name\":\"Lyco&#8217;pedi Massage Lotion 50ml\"}]},{\"@type\":\"WebSite\",\"@id\":\"https:\\\/\\\/lyconnordic.se\\\/privat\\\/#website\",\"url\":\"https:\\\/\\\/lyconnordic.se\\\/privat\\\/\",\"name\":\"LYCON Nordic - Sweden\",\"description\":\"Lycon Nordic - Vax, Milt h\u00e5rborttagningsvax, Brasiliansk Vaxning, Exklusivt h\u00e5rborttagningsvax\",\"potentialAction\":[{\"@type\":\"SearchAction\",\"target\":{\"@type\":\"EntryPoint\",\"urlTemplate\":\"https:\\\/\\\/lyconnordic.se\\\/privat\\\/?s={search_term_string}\"},\"query-input\":{\"@type\":\"PropertyValueSpecification\",\"valueRequired\":true,\"valueName\":\"search_term_string\"}}],\"inLanguage\":\"sv-SE\"}]}<\/script>\n<!-- \/ Yoast SEO plugin. -->","yoast_head_json":{"title":"Lyco'pedi Massage Lotion 50ml - LYCON Nordic - Sweden - Privat","robots":{"index":"index","follow":"follow","max-snippet":"max-snippet:-1","max-image-preview":"max-image-preview:large","max-video-preview":"max-video-preview:-1"},"canonical":"https:\/\/lyconnordic.se\/privat\/produkt\/lycopedi-massage-lotion\/","og_locale":"sv_SE","og_type":"article","og_title":"Lyco'pedi Massage Lotion 50ml - LYCON Nordic - Sweden - Privat","og_description":"Med mandel- kokos- och jojobaolja.\u00a0 Pro Vitamin B5, vitamin E och Marint kollagen.  En massagelotion berikad med fuktighetsgivande oljor fr\u00e5n mandel, jojoba och kokos. Huden blir \u00e5terfuktad utan att k\u00e4nnas oljig . Marint kollagen, Vitamin E och Pro Vitamin B5, st\u00e4rker och ger n\u00e4ring till huden. F\u00f6tterna efterl\u00e4mnas uppfriskade och silkesmjuka. Doftar frisk Citrongr\u00e4s och inneh\u00e5ller ocks\u00e5 de antibakteriella eteriska oljorna Lemon Tea-Tree och Pepparmynta.  Fri fr\u00e5n soya-, raps- och mineraloljor","og_url":"https:\/\/lyconnordic.se\/privat\/produkt\/lycopedi-massage-lotion\/","og_site_name":"LYCON Nordic - Sweden - Privat","article_modified_time":"2025-10-16T08:44:17+00:00","og_image":[{"width":900,"height":900,"url":"https:\/\/lyconnordic.se\/privat\/wp-content\/uploads\/2023\/11\/2020lycopedi_Massage-Lotion_50ml.jpg","type":"image\/jpeg"}],"twitter_card":"summary_large_image","twitter_misc":{"Ber\u00e4knad l\u00e4stid":"1 minut"},"schema":{"@context":"https:\/\/schema.org","@graph":[{"@type":"WebPage","@id":"https:\/\/lyconnordic.se\/privat\/produkt\/lycopedi-massage-lotion\/","url":"https:\/\/lyconnordic.se\/privat\/produkt\/lycopedi-massage-lotion\/","name":"Lyco'pedi Massage Lotion 50ml - LYCON Nordic - Sweden - Privat","isPartOf":{"@id":"https:\/\/lyconnordic.se\/privat\/#website"},"primaryImageOfPage":{"@id":"https:\/\/lyconnordic.se\/privat\/produkt\/lycopedi-massage-lotion\/#primaryimage"},"image":{"@id":"https:\/\/lyconnordic.se\/privat\/produkt\/lycopedi-massage-lotion\/#primaryimage"},"thumbnailUrl":"https:\/\/lyconnordic.se\/privat\/wp-content\/uploads\/2023\/11\/2020lycopedi_Massage-Lotion_50ml.jpg","datePublished":"2023-11-07T13:15:32+00:00","dateModified":"2025-10-16T08:44:17+00:00","breadcrumb":{"@id":"https:\/\/lyconnordic.se\/privat\/produkt\/lycopedi-massage-lotion\/#breadcrumb"},"inLanguage":"sv-SE","potentialAction":[{"@type":"ReadAction","target":["https:\/\/lyconnordic.se\/privat\/produkt\/lycopedi-massage-lotion\/"]}]},{"@type":"ImageObject","inLanguage":"sv-SE","@id":"https:\/\/lyconnordic.se\/privat\/produkt\/lycopedi-massage-lotion\/#primaryimage","url":"https:\/\/lyconnordic.se\/privat\/wp-content\/uploads\/2023\/11\/2020lycopedi_Massage-Lotion_50ml.jpg","contentUrl":"https:\/\/lyconnordic.se\/privat\/wp-content\/uploads\/2023\/11\/2020lycopedi_Massage-Lotion_50ml.jpg","width":900,"height":900},{"@type":"BreadcrumbList","@id":"https:\/\/lyconnordic.se\/privat\/produkt\/lycopedi-massage-lotion\/#breadcrumb","itemListElement":[{"@type":"ListItem","position":1,"name":"Hem","item":"https:\/\/lyconnordic.se\/privat\/"},{"@type":"ListItem","position":2,"name":"Produkter","item":"https:\/\/lyconnordic.se\/privat\/produkter\/"},{"@type":"ListItem","position":3,"name":"Lyco&#8217;pedi Massage Lotion 50ml"}]},{"@type":"WebSite","@id":"https:\/\/lyconnordic.se\/privat\/#website","url":"https:\/\/lyconnordic.se\/privat\/","name":"LYCON Nordic - Sweden","description":"Lycon Nordic - Vax, Milt h\u00e5rborttagningsvax, Brasiliansk Vaxning, Exklusivt h\u00e5rborttagningsvax","potentialAction":[{"@type":"SearchAction","target":{"@type":"EntryPoint","urlTemplate":"https:\/\/lyconnordic.se\/privat\/?s={search_term_string}"},"query-input":{"@type":"PropertyValueSpecification","valueRequired":true,"valueName":"search_term_string"}}],"inLanguage":"sv-SE"}]}},"_links":{"self":[{"href":"https:\/\/lyconnordic.se\/privat\/wp-json\/wp\/v2\/product\/17020","targetHints":{"allow":["GET"]}}],"collection":[{"href":"https:\/\/lyconnordic.se\/privat\/wp-json\/wp\/v2\/product"}],"about":[{"href":"https:\/\/lyconnordic.se\/privat\/wp-json\/wp\/v2\/types\/product"}],"replies":[{"embeddable":true,"href":"https:\/\/lyconnordic.se\/privat\/wp-json\/wp\/v2\/comments?post=17020"}],"version-history":[{"count":6,"href":"https:\/\/lyconnordic.se\/privat\/wp-json\/wp\/v2\/product\/17020\/revisions"}],"predecessor-version":[{"id":21214,"href":"https:\/\/lyconnordic.se\/privat\/wp-json\/wp\/v2\/product\/17020\/revisions\/21214"}],"wp:featuredmedia":[{"embeddable":true,"href":"https:\/\/lyconnordic.se\/privat\/wp-json\/wp\/v2\/media\/17022"}],"wp:attachment":[{"href":"https:\/\/lyconnordic.se\/privat\/wp-json\/wp\/v2\/media?parent=17020"}],"wp:term":[{"taxonomy":"product_brand","embeddable":true,"href":"https:\/\/lyconnordic.se\/privat\/wp-json\/wp\/v2\/product_brand?post=17020"},{"taxonomy":"product_cat","embeddable":true,"href":"https:\/\/lyconnordic.se\/privat\/wp-json\/wp\/v2\/product_cat?post=17020"},{"taxonomy":"product_tag","embeddable":true,"href":"https:\/\/lyconnordic.se\/privat\/wp-json\/wp\/v2\/product_tag?post=17020"}],"curies":[{"name":"wp","href":"https:\/\/api.w.org\/{rel}","templated":true}]}}