{"id":17032,"date":"2023-11-07T13:21:08","date_gmt":"2023-11-07T13:21:08","guid":{"rendered":"https:\/\/lyconnordic.nyside2.net\/privat\/?post_type=product&#038;p=17032"},"modified":"2025-11-06T13:02:24","modified_gmt":"2025-11-06T12:02:24","slug":"lycopedi-paddle","status":"publish","type":"product","link":"https:\/\/lyconnordic.se\/privat\/produkt\/lycopedi-paddle\/","title":{"rendered":"LYCO\u2019PEDI PADDLE"},"content":{"rendered":"<h1>LYCO\u2019PEDI PADDLE<\/h1>\n<p>En l\u00e4tt och smidig fotfil med 2 olika gritt.<\/p>\n","protected":false},"excerpt":{"rendered":"<p>En ergonomiskt utformad fotfil som enkelt hj\u00e4lper till att avl\u00e4gsna torr och h\u00e5rd hud. Tv\u00e5-sidig med en gr\u00f6vre sida som avl\u00e4gsnar h\u00e5rd hud och en finare sida som ger en mjuk finish. Pedi Paddle kan anv\u00e4ndas p\u00e5 v\u00e5t eller torr hud och kan desinficeras mellan anv\u00e4ndning.<\/p>\n<p>Rekommenderas att anv\u00e4ndas regelbundet f\u00f6r att underh\u00e5lla f\u00f6tterna hemma mellan dina fotbehandlingar.<\/p>\n","protected":false},"featured_media":17033,"comment_status":"open","ping_status":"closed","template":"","meta":[],"product_brand":[],"product_cat":[28],"product_tag":[],"class_list":{"0":"post-17032","1":"product","2":"type-product","3":"status-publish","4":"has-post-thumbnail","6":"product_cat-fotvard","8":"first","9":"instock","10":"taxable","11":"shipping-taxable","12":"purchasable","13":"product-type-simple"},"yoast_head":"<!-- This site is optimized with the Yoast SEO plugin v27.5 - https:\/\/yoast.com\/product\/yoast-seo-wordpress\/ -->\n<title>LYCO\u2019PEDI PADDLE - LYCON Nordic - Sweden - Privat<\/title>\n<meta name=\"robots\" content=\"index, follow, max-snippet:-1, max-image-preview:large, max-video-preview:-1\" \/>\n<link rel=\"canonical\" href=\"https:\/\/lyconnordic.se\/privat\/produkt\/lycopedi-paddle\/\" \/>\n<meta property=\"og:locale\" content=\"sv_SE\" \/>\n<meta property=\"og:type\" content=\"article\" \/>\n<meta property=\"og:title\" content=\"LYCO\u2019PEDI PADDLE - LYCON Nordic - Sweden - Privat\" \/>\n<meta property=\"og:description\" content=\"En ergonomiskt utformad fotfil som enkelt hj\u00e4lper till att avl\u00e4gsna torr och h\u00e5rd hud. Tv\u00e5-sidig med en gr\u00f6vre sida som avl\u00e4gsnar h\u00e5rd hud och en finare sida som ger en mjuk finish. Pedi Paddle kan anv\u00e4ndas p\u00e5 v\u00e5t eller torr hud och kan desinficeras mellan anv\u00e4ndning.  Rekommenderas att anv\u00e4ndas regelbundet f\u00f6r att underh\u00e5lla f\u00f6tterna hemma mellan dina fotbehandlingar.\" \/>\n<meta property=\"og:url\" content=\"https:\/\/lyconnordic.se\/privat\/produkt\/lycopedi-paddle\/\" \/>\n<meta property=\"og:site_name\" content=\"LYCON Nordic - Sweden - Privat\" \/>\n<meta property=\"article:modified_time\" content=\"2025-11-06T12:02:24+00:00\" \/>\n<meta property=\"og:image\" content=\"https:\/\/lyconnordic.se\/privat\/wp-content\/uploads\/2023\/11\/lycopedi_Paddle_WEB.jpg\" \/>\n\t<meta property=\"og:image:width\" content=\"900\" \/>\n\t<meta property=\"og:image:height\" content=\"900\" \/>\n\t<meta property=\"og:image:type\" content=\"image\/jpeg\" \/>\n<meta name=\"twitter:card\" content=\"summary_large_image\" \/>\n<script type=\"application\/ld+json\" class=\"yoast-schema-graph\">{\"@context\":\"https:\\\/\\\/schema.org\",\"@graph\":[{\"@type\":\"WebPage\",\"@id\":\"https:\\\/\\\/lyconnordic.se\\\/privat\\\/produkt\\\/lycopedi-paddle\\\/\",\"url\":\"https:\\\/\\\/lyconnordic.se\\\/privat\\\/produkt\\\/lycopedi-paddle\\\/\",\"name\":\"LYCO\u2019PEDI PADDLE - LYCON Nordic - Sweden - Privat\",\"isPartOf\":{\"@id\":\"https:\\\/\\\/lyconnordic.se\\\/privat\\\/#website\"},\"primaryImageOfPage\":{\"@id\":\"https:\\\/\\\/lyconnordic.se\\\/privat\\\/produkt\\\/lycopedi-paddle\\\/#primaryimage\"},\"image\":{\"@id\":\"https:\\\/\\\/lyconnordic.se\\\/privat\\\/produkt\\\/lycopedi-paddle\\\/#primaryimage\"},\"thumbnailUrl\":\"https:\\\/\\\/lyconnordic.se\\\/privat\\\/wp-content\\\/uploads\\\/2023\\\/11\\\/lycopedi_Paddle_WEB.jpg\",\"datePublished\":\"2023-11-07T13:21:08+00:00\",\"dateModified\":\"2025-11-06T12:02:24+00:00\",\"breadcrumb\":{\"@id\":\"https:\\\/\\\/lyconnordic.se\\\/privat\\\/produkt\\\/lycopedi-paddle\\\/#breadcrumb\"},\"inLanguage\":\"sv-SE\",\"potentialAction\":[{\"@type\":\"ReadAction\",\"target\":[\"https:\\\/\\\/lyconnordic.se\\\/privat\\\/produkt\\\/lycopedi-paddle\\\/\"]}]},{\"@type\":\"ImageObject\",\"inLanguage\":\"sv-SE\",\"@id\":\"https:\\\/\\\/lyconnordic.se\\\/privat\\\/produkt\\\/lycopedi-paddle\\\/#primaryimage\",\"url\":\"https:\\\/\\\/lyconnordic.se\\\/privat\\\/wp-content\\\/uploads\\\/2023\\\/11\\\/lycopedi_Paddle_WEB.jpg\",\"contentUrl\":\"https:\\\/\\\/lyconnordic.se\\\/privat\\\/wp-content\\\/uploads\\\/2023\\\/11\\\/lycopedi_Paddle_WEB.jpg\",\"width\":900,\"height\":900},{\"@type\":\"BreadcrumbList\",\"@id\":\"https:\\\/\\\/lyconnordic.se\\\/privat\\\/produkt\\\/lycopedi-paddle\\\/#breadcrumb\",\"itemListElement\":[{\"@type\":\"ListItem\",\"position\":1,\"name\":\"Hem\",\"item\":\"https:\\\/\\\/lyconnordic.se\\\/privat\\\/\"},{\"@type\":\"ListItem\",\"position\":2,\"name\":\"Produkter\",\"item\":\"https:\\\/\\\/lyconnordic.se\\\/privat\\\/produkter\\\/\"},{\"@type\":\"ListItem\",\"position\":3,\"name\":\"LYCO\u2019PEDI PADDLE\"}]},{\"@type\":\"WebSite\",\"@id\":\"https:\\\/\\\/lyconnordic.se\\\/privat\\\/#website\",\"url\":\"https:\\\/\\\/lyconnordic.se\\\/privat\\\/\",\"name\":\"LYCON Nordic - Sweden\",\"description\":\"Lycon Nordic - Vax, Milt h\u00e5rborttagningsvax, Brasiliansk Vaxning, Exklusivt h\u00e5rborttagningsvax\",\"potentialAction\":[{\"@type\":\"SearchAction\",\"target\":{\"@type\":\"EntryPoint\",\"urlTemplate\":\"https:\\\/\\\/lyconnordic.se\\\/privat\\\/?s={search_term_string}\"},\"query-input\":{\"@type\":\"PropertyValueSpecification\",\"valueRequired\":true,\"valueName\":\"search_term_string\"}}],\"inLanguage\":\"sv-SE\"}]}<\/script>\n<!-- \/ Yoast SEO plugin. -->","yoast_head_json":{"title":"LYCO\u2019PEDI PADDLE - LYCON Nordic - Sweden - Privat","robots":{"index":"index","follow":"follow","max-snippet":"max-snippet:-1","max-image-preview":"max-image-preview:large","max-video-preview":"max-video-preview:-1"},"canonical":"https:\/\/lyconnordic.se\/privat\/produkt\/lycopedi-paddle\/","og_locale":"sv_SE","og_type":"article","og_title":"LYCO\u2019PEDI PADDLE - LYCON Nordic - Sweden - Privat","og_description":"En ergonomiskt utformad fotfil som enkelt hj\u00e4lper till att avl\u00e4gsna torr och h\u00e5rd hud. Tv\u00e5-sidig med en gr\u00f6vre sida som avl\u00e4gsnar h\u00e5rd hud och en finare sida som ger en mjuk finish. Pedi Paddle kan anv\u00e4ndas p\u00e5 v\u00e5t eller torr hud och kan desinficeras mellan anv\u00e4ndning.  Rekommenderas att anv\u00e4ndas regelbundet f\u00f6r att underh\u00e5lla f\u00f6tterna hemma mellan dina fotbehandlingar.","og_url":"https:\/\/lyconnordic.se\/privat\/produkt\/lycopedi-paddle\/","og_site_name":"LYCON Nordic - Sweden - Privat","article_modified_time":"2025-11-06T12:02:24+00:00","og_image":[{"width":900,"height":900,"url":"https:\/\/lyconnordic.se\/privat\/wp-content\/uploads\/2023\/11\/lycopedi_Paddle_WEB.jpg","type":"image\/jpeg"}],"twitter_card":"summary_large_image","schema":{"@context":"https:\/\/schema.org","@graph":[{"@type":"WebPage","@id":"https:\/\/lyconnordic.se\/privat\/produkt\/lycopedi-paddle\/","url":"https:\/\/lyconnordic.se\/privat\/produkt\/lycopedi-paddle\/","name":"LYCO\u2019PEDI PADDLE - LYCON Nordic - Sweden - Privat","isPartOf":{"@id":"https:\/\/lyconnordic.se\/privat\/#website"},"primaryImageOfPage":{"@id":"https:\/\/lyconnordic.se\/privat\/produkt\/lycopedi-paddle\/#primaryimage"},"image":{"@id":"https:\/\/lyconnordic.se\/privat\/produkt\/lycopedi-paddle\/#primaryimage"},"thumbnailUrl":"https:\/\/lyconnordic.se\/privat\/wp-content\/uploads\/2023\/11\/lycopedi_Paddle_WEB.jpg","datePublished":"2023-11-07T13:21:08+00:00","dateModified":"2025-11-06T12:02:24+00:00","breadcrumb":{"@id":"https:\/\/lyconnordic.se\/privat\/produkt\/lycopedi-paddle\/#breadcrumb"},"inLanguage":"sv-SE","potentialAction":[{"@type":"ReadAction","target":["https:\/\/lyconnordic.se\/privat\/produkt\/lycopedi-paddle\/"]}]},{"@type":"ImageObject","inLanguage":"sv-SE","@id":"https:\/\/lyconnordic.se\/privat\/produkt\/lycopedi-paddle\/#primaryimage","url":"https:\/\/lyconnordic.se\/privat\/wp-content\/uploads\/2023\/11\/lycopedi_Paddle_WEB.jpg","contentUrl":"https:\/\/lyconnordic.se\/privat\/wp-content\/uploads\/2023\/11\/lycopedi_Paddle_WEB.jpg","width":900,"height":900},{"@type":"BreadcrumbList","@id":"https:\/\/lyconnordic.se\/privat\/produkt\/lycopedi-paddle\/#breadcrumb","itemListElement":[{"@type":"ListItem","position":1,"name":"Hem","item":"https:\/\/lyconnordic.se\/privat\/"},{"@type":"ListItem","position":2,"name":"Produkter","item":"https:\/\/lyconnordic.se\/privat\/produkter\/"},{"@type":"ListItem","position":3,"name":"LYCO\u2019PEDI PADDLE"}]},{"@type":"WebSite","@id":"https:\/\/lyconnordic.se\/privat\/#website","url":"https:\/\/lyconnordic.se\/privat\/","name":"LYCON Nordic - Sweden","description":"Lycon Nordic - Vax, Milt h\u00e5rborttagningsvax, Brasiliansk Vaxning, Exklusivt h\u00e5rborttagningsvax","potentialAction":[{"@type":"SearchAction","target":{"@type":"EntryPoint","urlTemplate":"https:\/\/lyconnordic.se\/privat\/?s={search_term_string}"},"query-input":{"@type":"PropertyValueSpecification","valueRequired":true,"valueName":"search_term_string"}}],"inLanguage":"sv-SE"}]}},"_links":{"self":[{"href":"https:\/\/lyconnordic.se\/privat\/wp-json\/wp\/v2\/product\/17032","targetHints":{"allow":["GET"]}}],"collection":[{"href":"https:\/\/lyconnordic.se\/privat\/wp-json\/wp\/v2\/product"}],"about":[{"href":"https:\/\/lyconnordic.se\/privat\/wp-json\/wp\/v2\/types\/product"}],"replies":[{"embeddable":true,"href":"https:\/\/lyconnordic.se\/privat\/wp-json\/wp\/v2\/comments?post=17032"}],"version-history":[{"count":6,"href":"https:\/\/lyconnordic.se\/privat\/wp-json\/wp\/v2\/product\/17032\/revisions"}],"predecessor-version":[{"id":21267,"href":"https:\/\/lyconnordic.se\/privat\/wp-json\/wp\/v2\/product\/17032\/revisions\/21267"}],"wp:featuredmedia":[{"embeddable":true,"href":"https:\/\/lyconnordic.se\/privat\/wp-json\/wp\/v2\/media\/17033"}],"wp:attachment":[{"href":"https:\/\/lyconnordic.se\/privat\/wp-json\/wp\/v2\/media?parent=17032"}],"wp:term":[{"taxonomy":"product_brand","embeddable":true,"href":"https:\/\/lyconnordic.se\/privat\/wp-json\/wp\/v2\/product_brand?post=17032"},{"taxonomy":"product_cat","embeddable":true,"href":"https:\/\/lyconnordic.se\/privat\/wp-json\/wp\/v2\/product_cat?post=17032"},{"taxonomy":"product_tag","embeddable":true,"href":"https:\/\/lyconnordic.se\/privat\/wp-json\/wp\/v2\/product_tag?post=17032"}],"curies":[{"name":"wp","href":"https:\/\/api.w.org\/{rel}","templated":true}]}}