{"id":17050,"date":"2023-11-07T13:27:52","date_gmt":"2023-11-07T13:27:52","guid":{"rendered":"https:\/\/lyconnordic.nyside2.net\/privat\/?post_type=product&#038;p=17050"},"modified":"2025-11-06T13:16:41","modified_gmt":"2025-11-06T12:16:41","slug":"lycopedi-smoothing-cream","status":"publish","type":"product","link":"https:\/\/lyconnordic.se\/privat\/produkt\/lycopedi-smoothing-cream\/","title":{"rendered":"Lyco&#8217;pedi Smoothing Cream"},"content":{"rendered":"<p>Med Hyaluronsyra, Pro Vitamin B5, Vitamin E, Marint kollagen, AHA-fruktsyror och sheasm\u00f6r<\/p>\n<p>Denna behandlande fotkr\u00e4men \u00e4r en riktig favorit! Den \u00e4r fullpackad med f\u00f6rstklassiga \u00e5terfuktande och n\u00e4rande ingredienser som Hyaluronsyra, Vitamin E, Pro Vitamin B5 och Marint Kollagen. I till\u00e4gg inneh\u00e5ller den Sheasm\u00f6r som lugnar huden och st\u00e4rker hudbarri\u00e4ren, samtidigt som AHA-syrorna ger en naturlig exfoliering som effektivt mjukg\u00f6r torr och f\u00f6rh\u00e5rdnad hud. Denna fotkr\u00e4men behandlar huden och f\u00f6rhindrar uppkomsten av f\u00f6rh\u00e5rdnader. Fotkr\u00e4men motverkar d\u00e5ligt lukt och har en frisk doft av citrongr\u00e4s, de eteriska oljorna Lemon Tea-Tree och Pepparmynta som har antibakteriella och uppfriskande egenskaper.<\/p>\n<p><strong>Cruelty-free<\/strong><\/p>\n","protected":false},"excerpt":{"rendered":"<p>Med Hyaluronsyra, Pro Vitamin B5, Vitamin E, Marint kollagen, AHA-fruktsyror och sheasm\u00f6r<\/p>\n<p>Denna behandlande fotkr\u00e4men \u00e4r en riktig favorit! Den \u00e4r fullpackad med f\u00f6rstklassiga \u00e5terfuktande och n\u00e4rande ingredienser som Hyaluronsyra, Vitamin E, Pro Vitamin B5 och Marint Kollagen. I till\u00e4gg inneh\u00e5ller den Sheasm\u00f6r som lugnar huden och st\u00e4rker hudbarri\u00e4ren, samtidigt som AHA-syrorna ger en naturlig exfoliering som effektivt mjukg\u00f6r torr och f\u00f6rh\u00e5rdnad hud. Denna fotkr\u00e4men behandlar huden och f\u00f6rhindrar uppkomsten av f\u00f6rh\u00e5rdnader. Fotkr\u00e4men motverkar d\u00e5ligt lukt och har en frisk doft av citrongr\u00e4s, de eteriska oljorna Lemon Tea-Tree och Pepparmynta som har antibakteriella och uppfriskande egenskaper.<\/p>\n<p>Bruksanvisning: F\u00f6r b\u00e4st resultat rekommenderas det att regelbunden anv\u00e4ndning av fotkr\u00e4men. Enast\u00e5ende resultat f\u00e5r du i samband med en pedikyr\/fotbehandling.<\/p>\n<p>TIPS: St\u00e4ll fotkr\u00e4men p\u00e5 s\u00e4ngbordet och massera in en liten m\u00e4ngd kr\u00e4m varje kv\u00e4ll innan du g\u00e5r och l\u00e4gger dig.<\/p>\n","protected":false},"featured_media":17051,"comment_status":"open","ping_status":"closed","template":"","meta":[],"product_brand":[],"product_cat":[28],"product_tag":[],"class_list":{"0":"post-17050","1":"product","2":"type-product","3":"status-publish","4":"has-post-thumbnail","6":"product_cat-fotvard","8":"first","9":"instock","10":"taxable","11":"shipping-taxable","12":"purchasable","13":"product-type-variable"},"yoast_head":"<!-- This site is optimized with the Yoast SEO plugin v27.5 - https:\/\/yoast.com\/product\/yoast-seo-wordpress\/ -->\n<title>Lyco&#039;pedi Smoothing Cream - LYCON Nordic - Sweden - Privat<\/title>\n<meta name=\"robots\" content=\"index, follow, max-snippet:-1, max-image-preview:large, max-video-preview:-1\" \/>\n<link rel=\"canonical\" href=\"https:\/\/lyconnordic.se\/privat\/produkt\/lycopedi-smoothing-cream\/\" \/>\n<meta property=\"og:locale\" content=\"sv_SE\" \/>\n<meta property=\"og:type\" content=\"article\" \/>\n<meta property=\"og:title\" content=\"Lyco&#039;pedi Smoothing Cream - LYCON Nordic - Sweden - Privat\" \/>\n<meta property=\"og:description\" content=\"Med Hyaluronsyra, Pro Vitamin B5, Vitamin E, Marint kollagen, AHA-fruktsyror och sheasm\u00f6r  Denna behandlande fotkr\u00e4men \u00e4r en riktig favorit! Den \u00e4r fullpackad med f\u00f6rstklassiga \u00e5terfuktande och n\u00e4rande ingredienser som Hyaluronsyra, Vitamin E, Pro Vitamin B5 och Marint Kollagen. I till\u00e4gg inneh\u00e5ller den Sheasm\u00f6r som lugnar huden och st\u00e4rker hudbarri\u00e4ren, samtidigt som AHA-syrorna ger en naturlig exfoliering som effektivt mjukg\u00f6r torr och f\u00f6rh\u00e5rdnad hud. Denna fotkr\u00e4men behandlar huden och f\u00f6rhindrar uppkomsten av f\u00f6rh\u00e5rdnader. Fotkr\u00e4men motverkar d\u00e5ligt lukt och har en frisk doft av citrongr\u00e4s, de eteriska oljorna Lemon Tea-Tree och Pepparmynta som har antibakteriella och uppfriskande egenskaper.  Bruksanvisning: F\u00f6r b\u00e4st resultat rekommenderas det att regelbunden anv\u00e4ndning av fotkr\u00e4men. Enast\u00e5ende resultat f\u00e5r du i samband med en pedikyr\/fotbehandling.  TIPS: St\u00e4ll fotkr\u00e4men p\u00e5 s\u00e4ngbordet och massera in en liten m\u00e4ngd kr\u00e4m varje kv\u00e4ll innan du g\u00e5r och l\u00e4gger dig.\" \/>\n<meta property=\"og:url\" content=\"https:\/\/lyconnordic.se\/privat\/produkt\/lycopedi-smoothing-cream\/\" \/>\n<meta property=\"og:site_name\" content=\"LYCON Nordic - Sweden - Privat\" \/>\n<meta property=\"article:modified_time\" content=\"2025-11-06T12:16:41+00:00\" \/>\n<meta property=\"og:image\" content=\"https:\/\/lyconnordic.se\/privat\/wp-content\/uploads\/2023\/11\/lycopedi_Smoothing-Cream_75ml_WEB.jpg\" \/>\n\t<meta property=\"og:image:width\" content=\"900\" \/>\n\t<meta property=\"og:image:height\" content=\"900\" \/>\n\t<meta property=\"og:image:type\" content=\"image\/jpeg\" \/>\n<meta name=\"twitter:card\" content=\"summary_large_image\" \/>\n<meta name=\"twitter:label1\" content=\"Ber\u00e4knad l\u00e4stid\" \/>\n\t<meta name=\"twitter:data1\" content=\"1 minut\" \/>\n<script type=\"application\/ld+json\" class=\"yoast-schema-graph\">{\"@context\":\"https:\\\/\\\/schema.org\",\"@graph\":[{\"@type\":\"WebPage\",\"@id\":\"https:\\\/\\\/lyconnordic.se\\\/privat\\\/produkt\\\/lycopedi-smoothing-cream\\\/\",\"url\":\"https:\\\/\\\/lyconnordic.se\\\/privat\\\/produkt\\\/lycopedi-smoothing-cream\\\/\",\"name\":\"Lyco'pedi Smoothing Cream - LYCON Nordic - Sweden - Privat\",\"isPartOf\":{\"@id\":\"https:\\\/\\\/lyconnordic.se\\\/privat\\\/#website\"},\"primaryImageOfPage\":{\"@id\":\"https:\\\/\\\/lyconnordic.se\\\/privat\\\/produkt\\\/lycopedi-smoothing-cream\\\/#primaryimage\"},\"image\":{\"@id\":\"https:\\\/\\\/lyconnordic.se\\\/privat\\\/produkt\\\/lycopedi-smoothing-cream\\\/#primaryimage\"},\"thumbnailUrl\":\"https:\\\/\\\/lyconnordic.se\\\/privat\\\/wp-content\\\/uploads\\\/2023\\\/11\\\/lycopedi_Smoothing-Cream_75ml_WEB.jpg\",\"datePublished\":\"2023-11-07T13:27:52+00:00\",\"dateModified\":\"2025-11-06T12:16:41+00:00\",\"breadcrumb\":{\"@id\":\"https:\\\/\\\/lyconnordic.se\\\/privat\\\/produkt\\\/lycopedi-smoothing-cream\\\/#breadcrumb\"},\"inLanguage\":\"sv-SE\",\"potentialAction\":[{\"@type\":\"ReadAction\",\"target\":[\"https:\\\/\\\/lyconnordic.se\\\/privat\\\/produkt\\\/lycopedi-smoothing-cream\\\/\"]}]},{\"@type\":\"ImageObject\",\"inLanguage\":\"sv-SE\",\"@id\":\"https:\\\/\\\/lyconnordic.se\\\/privat\\\/produkt\\\/lycopedi-smoothing-cream\\\/#primaryimage\",\"url\":\"https:\\\/\\\/lyconnordic.se\\\/privat\\\/wp-content\\\/uploads\\\/2023\\\/11\\\/lycopedi_Smoothing-Cream_75ml_WEB.jpg\",\"contentUrl\":\"https:\\\/\\\/lyconnordic.se\\\/privat\\\/wp-content\\\/uploads\\\/2023\\\/11\\\/lycopedi_Smoothing-Cream_75ml_WEB.jpg\",\"width\":900,\"height\":900},{\"@type\":\"BreadcrumbList\",\"@id\":\"https:\\\/\\\/lyconnordic.se\\\/privat\\\/produkt\\\/lycopedi-smoothing-cream\\\/#breadcrumb\",\"itemListElement\":[{\"@type\":\"ListItem\",\"position\":1,\"name\":\"Hem\",\"item\":\"https:\\\/\\\/lyconnordic.se\\\/privat\\\/\"},{\"@type\":\"ListItem\",\"position\":2,\"name\":\"Produkter\",\"item\":\"https:\\\/\\\/lyconnordic.se\\\/privat\\\/produkter\\\/\"},{\"@type\":\"ListItem\",\"position\":3,\"name\":\"Lyco&#8217;pedi Smoothing Cream\"}]},{\"@type\":\"WebSite\",\"@id\":\"https:\\\/\\\/lyconnordic.se\\\/privat\\\/#website\",\"url\":\"https:\\\/\\\/lyconnordic.se\\\/privat\\\/\",\"name\":\"LYCON Nordic - Sweden\",\"description\":\"Lycon Nordic - Vax, Milt h\u00e5rborttagningsvax, Brasiliansk Vaxning, Exklusivt h\u00e5rborttagningsvax\",\"potentialAction\":[{\"@type\":\"SearchAction\",\"target\":{\"@type\":\"EntryPoint\",\"urlTemplate\":\"https:\\\/\\\/lyconnordic.se\\\/privat\\\/?s={search_term_string}\"},\"query-input\":{\"@type\":\"PropertyValueSpecification\",\"valueRequired\":true,\"valueName\":\"search_term_string\"}}],\"inLanguage\":\"sv-SE\"}]}<\/script>\n<!-- \/ Yoast SEO plugin. -->","yoast_head_json":{"title":"Lyco'pedi Smoothing Cream - LYCON Nordic - Sweden - Privat","robots":{"index":"index","follow":"follow","max-snippet":"max-snippet:-1","max-image-preview":"max-image-preview:large","max-video-preview":"max-video-preview:-1"},"canonical":"https:\/\/lyconnordic.se\/privat\/produkt\/lycopedi-smoothing-cream\/","og_locale":"sv_SE","og_type":"article","og_title":"Lyco'pedi Smoothing Cream - LYCON Nordic - Sweden - Privat","og_description":"Med Hyaluronsyra, Pro Vitamin B5, Vitamin E, Marint kollagen, AHA-fruktsyror och sheasm\u00f6r  Denna behandlande fotkr\u00e4men \u00e4r en riktig favorit! Den \u00e4r fullpackad med f\u00f6rstklassiga \u00e5terfuktande och n\u00e4rande ingredienser som Hyaluronsyra, Vitamin E, Pro Vitamin B5 och Marint Kollagen. I till\u00e4gg inneh\u00e5ller den Sheasm\u00f6r som lugnar huden och st\u00e4rker hudbarri\u00e4ren, samtidigt som AHA-syrorna ger en naturlig exfoliering som effektivt mjukg\u00f6r torr och f\u00f6rh\u00e5rdnad hud. Denna fotkr\u00e4men behandlar huden och f\u00f6rhindrar uppkomsten av f\u00f6rh\u00e5rdnader. Fotkr\u00e4men motverkar d\u00e5ligt lukt och har en frisk doft av citrongr\u00e4s, de eteriska oljorna Lemon Tea-Tree och Pepparmynta som har antibakteriella och uppfriskande egenskaper.  Bruksanvisning: F\u00f6r b\u00e4st resultat rekommenderas det att regelbunden anv\u00e4ndning av fotkr\u00e4men. Enast\u00e5ende resultat f\u00e5r du i samband med en pedikyr\/fotbehandling.  TIPS: St\u00e4ll fotkr\u00e4men p\u00e5 s\u00e4ngbordet och massera in en liten m\u00e4ngd kr\u00e4m varje kv\u00e4ll innan du g\u00e5r och l\u00e4gger dig.","og_url":"https:\/\/lyconnordic.se\/privat\/produkt\/lycopedi-smoothing-cream\/","og_site_name":"LYCON Nordic - Sweden - Privat","article_modified_time":"2025-11-06T12:16:41+00:00","og_image":[{"width":900,"height":900,"url":"https:\/\/lyconnordic.se\/privat\/wp-content\/uploads\/2023\/11\/lycopedi_Smoothing-Cream_75ml_WEB.jpg","type":"image\/jpeg"}],"twitter_card":"summary_large_image","twitter_misc":{"Ber\u00e4knad l\u00e4stid":"1 minut"},"schema":{"@context":"https:\/\/schema.org","@graph":[{"@type":"WebPage","@id":"https:\/\/lyconnordic.se\/privat\/produkt\/lycopedi-smoothing-cream\/","url":"https:\/\/lyconnordic.se\/privat\/produkt\/lycopedi-smoothing-cream\/","name":"Lyco'pedi Smoothing Cream - LYCON Nordic - Sweden - Privat","isPartOf":{"@id":"https:\/\/lyconnordic.se\/privat\/#website"},"primaryImageOfPage":{"@id":"https:\/\/lyconnordic.se\/privat\/produkt\/lycopedi-smoothing-cream\/#primaryimage"},"image":{"@id":"https:\/\/lyconnordic.se\/privat\/produkt\/lycopedi-smoothing-cream\/#primaryimage"},"thumbnailUrl":"https:\/\/lyconnordic.se\/privat\/wp-content\/uploads\/2023\/11\/lycopedi_Smoothing-Cream_75ml_WEB.jpg","datePublished":"2023-11-07T13:27:52+00:00","dateModified":"2025-11-06T12:16:41+00:00","breadcrumb":{"@id":"https:\/\/lyconnordic.se\/privat\/produkt\/lycopedi-smoothing-cream\/#breadcrumb"},"inLanguage":"sv-SE","potentialAction":[{"@type":"ReadAction","target":["https:\/\/lyconnordic.se\/privat\/produkt\/lycopedi-smoothing-cream\/"]}]},{"@type":"ImageObject","inLanguage":"sv-SE","@id":"https:\/\/lyconnordic.se\/privat\/produkt\/lycopedi-smoothing-cream\/#primaryimage","url":"https:\/\/lyconnordic.se\/privat\/wp-content\/uploads\/2023\/11\/lycopedi_Smoothing-Cream_75ml_WEB.jpg","contentUrl":"https:\/\/lyconnordic.se\/privat\/wp-content\/uploads\/2023\/11\/lycopedi_Smoothing-Cream_75ml_WEB.jpg","width":900,"height":900},{"@type":"BreadcrumbList","@id":"https:\/\/lyconnordic.se\/privat\/produkt\/lycopedi-smoothing-cream\/#breadcrumb","itemListElement":[{"@type":"ListItem","position":1,"name":"Hem","item":"https:\/\/lyconnordic.se\/privat\/"},{"@type":"ListItem","position":2,"name":"Produkter","item":"https:\/\/lyconnordic.se\/privat\/produkter\/"},{"@type":"ListItem","position":3,"name":"Lyco&#8217;pedi Smoothing Cream"}]},{"@type":"WebSite","@id":"https:\/\/lyconnordic.se\/privat\/#website","url":"https:\/\/lyconnordic.se\/privat\/","name":"LYCON Nordic - Sweden","description":"Lycon Nordic - Vax, Milt h\u00e5rborttagningsvax, Brasiliansk Vaxning, Exklusivt h\u00e5rborttagningsvax","potentialAction":[{"@type":"SearchAction","target":{"@type":"EntryPoint","urlTemplate":"https:\/\/lyconnordic.se\/privat\/?s={search_term_string}"},"query-input":{"@type":"PropertyValueSpecification","valueRequired":true,"valueName":"search_term_string"}}],"inLanguage":"sv-SE"}]}},"_links":{"self":[{"href":"https:\/\/lyconnordic.se\/privat\/wp-json\/wp\/v2\/product\/17050","targetHints":{"allow":["GET"]}}],"collection":[{"href":"https:\/\/lyconnordic.se\/privat\/wp-json\/wp\/v2\/product"}],"about":[{"href":"https:\/\/lyconnordic.se\/privat\/wp-json\/wp\/v2\/types\/product"}],"replies":[{"embeddable":true,"href":"https:\/\/lyconnordic.se\/privat\/wp-json\/wp\/v2\/comments?post=17050"}],"version-history":[{"count":5,"href":"https:\/\/lyconnordic.se\/privat\/wp-json\/wp\/v2\/product\/17050\/revisions"}],"predecessor-version":[{"id":21043,"href":"https:\/\/lyconnordic.se\/privat\/wp-json\/wp\/v2\/product\/17050\/revisions\/21043"}],"wp:featuredmedia":[{"embeddable":true,"href":"https:\/\/lyconnordic.se\/privat\/wp-json\/wp\/v2\/media\/17051"}],"wp:attachment":[{"href":"https:\/\/lyconnordic.se\/privat\/wp-json\/wp\/v2\/media?parent=17050"}],"wp:term":[{"taxonomy":"product_brand","embeddable":true,"href":"https:\/\/lyconnordic.se\/privat\/wp-json\/wp\/v2\/product_brand?post=17050"},{"taxonomy":"product_cat","embeddable":true,"href":"https:\/\/lyconnordic.se\/privat\/wp-json\/wp\/v2\/product_cat?post=17050"},{"taxonomy":"product_tag","embeddable":true,"href":"https:\/\/lyconnordic.se\/privat\/wp-json\/wp\/v2\/product_tag?post=17050"}],"curies":[{"name":"wp","href":"https:\/\/api.w.org\/{rel}","templated":true}]}}