{"id":17107,"date":"2023-11-07T13:59:51","date_gmt":"2023-11-07T13:59:51","guid":{"rendered":"https:\/\/lyconnordic.nyside2.net\/privat\/?post_type=product&#038;p=17107"},"modified":"2025-11-06T13:02:03","modified_gmt":"2025-11-06T12:02:03","slug":"lycotane-plus-intensive-repair-hand-balm-500ml","status":"publish","type":"product","link":"https:\/\/lyconnordic.se\/privat\/produkt\/lycotane-plus-intensive-repair-hand-balm-500ml\/","title":{"rendered":"LYCOTANE PLUS INTENSIVE REPAIR HAND BALM"},"content":{"rendered":"<p><span style=\"font-size: medium\">En skyddande och reparerande handkr\u00e4m som \u00e5terfuktar p\u00e5 djupet. Inneh\u00e5ller \u00e5terfuktande hyaluronsyra och pro-vitamin B5 samt skyddande och reparerande solros, bisabolol och allantoin. <\/span><span style=\"font-size: medium\">Kr\u00e4men har en naturlig antibakteriell formula med mj\u00f6lksyra, teatree och timjanolja. Ut\u00f6ver det \u00e4r kr\u00e4men\u00a0snabbabsorberande och k\u00e4nns inte\u00a0oljig p\u00e5 huden.<\/span><\/p>\n<p><strong>Vegan | Cruelty Free<\/strong><\/p>\n<p>Storlek: 500ml<\/p>\n","protected":false},"excerpt":{"rendered":"<p>En skyddande och reparerande handkr\u00e4m som \u00e5terfuktar p\u00e5 djupet. Inneh\u00e5ller \u00e5terfuktande hyaluronsyra och pro-vitamin B5 samt skyddande och reparerande solros, bisabolol och allantoin.\u00a0Kr\u00e4men har en naturlig antibakteriell formula med mj\u00f6lksyra, teatree och timjanolja. Ut\u00f6ver det \u00e4r kr\u00e4men\u00a0snabbabsorberande och k\u00e4nns inte\u00a0oljig p\u00e5 huden.<\/p>\n<p>&nbsp;<\/p>\n","protected":false},"featured_media":17108,"comment_status":"open","ping_status":"closed","template":"","meta":[],"product_brand":[],"product_cat":[72],"product_tag":[],"class_list":{"0":"post-17107","1":"product","2":"type-product","3":"status-publish","4":"has-post-thumbnail","6":"product_cat-lycotane-plus","8":"first","9":"outofstock","10":"taxable","11":"shipping-taxable","12":"purchasable","13":"product-type-simple"},"yoast_head":"<!-- This site is optimized with the Yoast SEO plugin v27.5 - https:\/\/yoast.com\/product\/yoast-seo-wordpress\/ -->\n<title>LYCOTANE PLUS INTENSIVE REPAIR HAND BALM - LYCON Nordic - Sweden - Privat<\/title>\n<meta name=\"robots\" content=\"index, follow, max-snippet:-1, max-image-preview:large, max-video-preview:-1\" \/>\n<link rel=\"canonical\" href=\"https:\/\/lyconnordic.se\/privat\/produkt\/lycotane-plus-intensive-repair-hand-balm-500ml\/\" \/>\n<meta property=\"og:locale\" content=\"sv_SE\" \/>\n<meta property=\"og:type\" content=\"article\" \/>\n<meta property=\"og:title\" content=\"LYCOTANE PLUS INTENSIVE REPAIR HAND BALM - LYCON Nordic - Sweden - Privat\" \/>\n<meta property=\"og:description\" content=\"En skyddande och reparerande handkr\u00e4m som \u00e5terfuktar p\u00e5 djupet. Inneh\u00e5ller \u00e5terfuktande hyaluronsyra och pro-vitamin B5 samt skyddande och reparerande solros, bisabolol och allantoin.\u00a0Kr\u00e4men har en naturlig antibakteriell formula med mj\u00f6lksyra, teatree och timjanolja. Ut\u00f6ver det \u00e4r kr\u00e4men\u00a0snabbabsorberande och k\u00e4nns inte\u00a0oljig p\u00e5 huden.  &nbsp;\" \/>\n<meta property=\"og:url\" content=\"https:\/\/lyconnordic.se\/privat\/produkt\/lycotane-plus-intensive-repair-hand-balm-500ml\/\" \/>\n<meta property=\"og:site_name\" content=\"LYCON Nordic - Sweden - Privat\" \/>\n<meta property=\"article:modified_time\" content=\"2025-11-06T12:02:03+00:00\" \/>\n<meta property=\"og:image\" content=\"https:\/\/lyconnordic.se\/privat\/wp-content\/uploads\/2023\/11\/LYCOTANE-Plus_Intensive-Repair-Hand-Balm_500ml_WEB.jpg\" \/>\n\t<meta property=\"og:image:width\" content=\"900\" \/>\n\t<meta property=\"og:image:height\" content=\"900\" \/>\n\t<meta property=\"og:image:type\" content=\"image\/jpeg\" \/>\n<meta name=\"twitter:card\" content=\"summary_large_image\" \/>\n<script type=\"application\/ld+json\" class=\"yoast-schema-graph\">{\"@context\":\"https:\\\/\\\/schema.org\",\"@graph\":[{\"@type\":\"WebPage\",\"@id\":\"https:\\\/\\\/lyconnordic.se\\\/privat\\\/produkt\\\/lycotane-plus-intensive-repair-hand-balm-500ml\\\/\",\"url\":\"https:\\\/\\\/lyconnordic.se\\\/privat\\\/produkt\\\/lycotane-plus-intensive-repair-hand-balm-500ml\\\/\",\"name\":\"LYCOTANE PLUS INTENSIVE REPAIR HAND BALM - LYCON Nordic - Sweden - Privat\",\"isPartOf\":{\"@id\":\"https:\\\/\\\/lyconnordic.se\\\/privat\\\/#website\"},\"primaryImageOfPage\":{\"@id\":\"https:\\\/\\\/lyconnordic.se\\\/privat\\\/produkt\\\/lycotane-plus-intensive-repair-hand-balm-500ml\\\/#primaryimage\"},\"image\":{\"@id\":\"https:\\\/\\\/lyconnordic.se\\\/privat\\\/produkt\\\/lycotane-plus-intensive-repair-hand-balm-500ml\\\/#primaryimage\"},\"thumbnailUrl\":\"https:\\\/\\\/lyconnordic.se\\\/privat\\\/wp-content\\\/uploads\\\/2023\\\/11\\\/LYCOTANE-Plus_Intensive-Repair-Hand-Balm_500ml_WEB.jpg\",\"datePublished\":\"2023-11-07T13:59:51+00:00\",\"dateModified\":\"2025-11-06T12:02:03+00:00\",\"breadcrumb\":{\"@id\":\"https:\\\/\\\/lyconnordic.se\\\/privat\\\/produkt\\\/lycotane-plus-intensive-repair-hand-balm-500ml\\\/#breadcrumb\"},\"inLanguage\":\"sv-SE\",\"potentialAction\":[{\"@type\":\"ReadAction\",\"target\":[\"https:\\\/\\\/lyconnordic.se\\\/privat\\\/produkt\\\/lycotane-plus-intensive-repair-hand-balm-500ml\\\/\"]}]},{\"@type\":\"ImageObject\",\"inLanguage\":\"sv-SE\",\"@id\":\"https:\\\/\\\/lyconnordic.se\\\/privat\\\/produkt\\\/lycotane-plus-intensive-repair-hand-balm-500ml\\\/#primaryimage\",\"url\":\"https:\\\/\\\/lyconnordic.se\\\/privat\\\/wp-content\\\/uploads\\\/2023\\\/11\\\/LYCOTANE-Plus_Intensive-Repair-Hand-Balm_500ml_WEB.jpg\",\"contentUrl\":\"https:\\\/\\\/lyconnordic.se\\\/privat\\\/wp-content\\\/uploads\\\/2023\\\/11\\\/LYCOTANE-Plus_Intensive-Repair-Hand-Balm_500ml_WEB.jpg\",\"width\":900,\"height\":900},{\"@type\":\"BreadcrumbList\",\"@id\":\"https:\\\/\\\/lyconnordic.se\\\/privat\\\/produkt\\\/lycotane-plus-intensive-repair-hand-balm-500ml\\\/#breadcrumb\",\"itemListElement\":[{\"@type\":\"ListItem\",\"position\":1,\"name\":\"Hem\",\"item\":\"https:\\\/\\\/lyconnordic.se\\\/privat\\\/\"},{\"@type\":\"ListItem\",\"position\":2,\"name\":\"Produkter\",\"item\":\"https:\\\/\\\/lyconnordic.se\\\/privat\\\/produkter\\\/\"},{\"@type\":\"ListItem\",\"position\":3,\"name\":\"LYCOTANE PLUS INTENSIVE REPAIR HAND BALM\"}]},{\"@type\":\"WebSite\",\"@id\":\"https:\\\/\\\/lyconnordic.se\\\/privat\\\/#website\",\"url\":\"https:\\\/\\\/lyconnordic.se\\\/privat\\\/\",\"name\":\"LYCON Nordic - Sweden\",\"description\":\"Lycon Nordic - Vax, Milt h\u00e5rborttagningsvax, Brasiliansk Vaxning, Exklusivt h\u00e5rborttagningsvax\",\"potentialAction\":[{\"@type\":\"SearchAction\",\"target\":{\"@type\":\"EntryPoint\",\"urlTemplate\":\"https:\\\/\\\/lyconnordic.se\\\/privat\\\/?s={search_term_string}\"},\"query-input\":{\"@type\":\"PropertyValueSpecification\",\"valueRequired\":true,\"valueName\":\"search_term_string\"}}],\"inLanguage\":\"sv-SE\"}]}<\/script>\n<!-- \/ Yoast SEO plugin. -->","yoast_head_json":{"title":"LYCOTANE PLUS INTENSIVE REPAIR HAND BALM - LYCON Nordic - Sweden - Privat","robots":{"index":"index","follow":"follow","max-snippet":"max-snippet:-1","max-image-preview":"max-image-preview:large","max-video-preview":"max-video-preview:-1"},"canonical":"https:\/\/lyconnordic.se\/privat\/produkt\/lycotane-plus-intensive-repair-hand-balm-500ml\/","og_locale":"sv_SE","og_type":"article","og_title":"LYCOTANE PLUS INTENSIVE REPAIR HAND BALM - LYCON Nordic - Sweden - Privat","og_description":"En skyddande och reparerande handkr\u00e4m som \u00e5terfuktar p\u00e5 djupet. Inneh\u00e5ller \u00e5terfuktande hyaluronsyra och pro-vitamin B5 samt skyddande och reparerande solros, bisabolol och allantoin.\u00a0Kr\u00e4men har en naturlig antibakteriell formula med mj\u00f6lksyra, teatree och timjanolja. Ut\u00f6ver det \u00e4r kr\u00e4men\u00a0snabbabsorberande och k\u00e4nns inte\u00a0oljig p\u00e5 huden.  &nbsp;","og_url":"https:\/\/lyconnordic.se\/privat\/produkt\/lycotane-plus-intensive-repair-hand-balm-500ml\/","og_site_name":"LYCON Nordic - Sweden - Privat","article_modified_time":"2025-11-06T12:02:03+00:00","og_image":[{"width":900,"height":900,"url":"https:\/\/lyconnordic.se\/privat\/wp-content\/uploads\/2023\/11\/LYCOTANE-Plus_Intensive-Repair-Hand-Balm_500ml_WEB.jpg","type":"image\/jpeg"}],"twitter_card":"summary_large_image","schema":{"@context":"https:\/\/schema.org","@graph":[{"@type":"WebPage","@id":"https:\/\/lyconnordic.se\/privat\/produkt\/lycotane-plus-intensive-repair-hand-balm-500ml\/","url":"https:\/\/lyconnordic.se\/privat\/produkt\/lycotane-plus-intensive-repair-hand-balm-500ml\/","name":"LYCOTANE PLUS INTENSIVE REPAIR HAND BALM - LYCON Nordic - Sweden - Privat","isPartOf":{"@id":"https:\/\/lyconnordic.se\/privat\/#website"},"primaryImageOfPage":{"@id":"https:\/\/lyconnordic.se\/privat\/produkt\/lycotane-plus-intensive-repair-hand-balm-500ml\/#primaryimage"},"image":{"@id":"https:\/\/lyconnordic.se\/privat\/produkt\/lycotane-plus-intensive-repair-hand-balm-500ml\/#primaryimage"},"thumbnailUrl":"https:\/\/lyconnordic.se\/privat\/wp-content\/uploads\/2023\/11\/LYCOTANE-Plus_Intensive-Repair-Hand-Balm_500ml_WEB.jpg","datePublished":"2023-11-07T13:59:51+00:00","dateModified":"2025-11-06T12:02:03+00:00","breadcrumb":{"@id":"https:\/\/lyconnordic.se\/privat\/produkt\/lycotane-plus-intensive-repair-hand-balm-500ml\/#breadcrumb"},"inLanguage":"sv-SE","potentialAction":[{"@type":"ReadAction","target":["https:\/\/lyconnordic.se\/privat\/produkt\/lycotane-plus-intensive-repair-hand-balm-500ml\/"]}]},{"@type":"ImageObject","inLanguage":"sv-SE","@id":"https:\/\/lyconnordic.se\/privat\/produkt\/lycotane-plus-intensive-repair-hand-balm-500ml\/#primaryimage","url":"https:\/\/lyconnordic.se\/privat\/wp-content\/uploads\/2023\/11\/LYCOTANE-Plus_Intensive-Repair-Hand-Balm_500ml_WEB.jpg","contentUrl":"https:\/\/lyconnordic.se\/privat\/wp-content\/uploads\/2023\/11\/LYCOTANE-Plus_Intensive-Repair-Hand-Balm_500ml_WEB.jpg","width":900,"height":900},{"@type":"BreadcrumbList","@id":"https:\/\/lyconnordic.se\/privat\/produkt\/lycotane-plus-intensive-repair-hand-balm-500ml\/#breadcrumb","itemListElement":[{"@type":"ListItem","position":1,"name":"Hem","item":"https:\/\/lyconnordic.se\/privat\/"},{"@type":"ListItem","position":2,"name":"Produkter","item":"https:\/\/lyconnordic.se\/privat\/produkter\/"},{"@type":"ListItem","position":3,"name":"LYCOTANE PLUS INTENSIVE REPAIR HAND BALM"}]},{"@type":"WebSite","@id":"https:\/\/lyconnordic.se\/privat\/#website","url":"https:\/\/lyconnordic.se\/privat\/","name":"LYCON Nordic - Sweden","description":"Lycon Nordic - Vax, Milt h\u00e5rborttagningsvax, Brasiliansk Vaxning, Exklusivt h\u00e5rborttagningsvax","potentialAction":[{"@type":"SearchAction","target":{"@type":"EntryPoint","urlTemplate":"https:\/\/lyconnordic.se\/privat\/?s={search_term_string}"},"query-input":{"@type":"PropertyValueSpecification","valueRequired":true,"valueName":"search_term_string"}}],"inLanguage":"sv-SE"}]}},"_links":{"self":[{"href":"https:\/\/lyconnordic.se\/privat\/wp-json\/wp\/v2\/product\/17107","targetHints":{"allow":["GET"]}}],"collection":[{"href":"https:\/\/lyconnordic.se\/privat\/wp-json\/wp\/v2\/product"}],"about":[{"href":"https:\/\/lyconnordic.se\/privat\/wp-json\/wp\/v2\/types\/product"}],"replies":[{"embeddable":true,"href":"https:\/\/lyconnordic.se\/privat\/wp-json\/wp\/v2\/comments?post=17107"}],"version-history":[{"count":8,"href":"https:\/\/lyconnordic.se\/privat\/wp-json\/wp\/v2\/product\/17107\/revisions"}],"predecessor-version":[{"id":21427,"href":"https:\/\/lyconnordic.se\/privat\/wp-json\/wp\/v2\/product\/17107\/revisions\/21427"}],"wp:featuredmedia":[{"embeddable":true,"href":"https:\/\/lyconnordic.se\/privat\/wp-json\/wp\/v2\/media\/17108"}],"wp:attachment":[{"href":"https:\/\/lyconnordic.se\/privat\/wp-json\/wp\/v2\/media?parent=17107"}],"wp:term":[{"taxonomy":"product_brand","embeddable":true,"href":"https:\/\/lyconnordic.se\/privat\/wp-json\/wp\/v2\/product_brand?post=17107"},{"taxonomy":"product_cat","embeddable":true,"href":"https:\/\/lyconnordic.se\/privat\/wp-json\/wp\/v2\/product_cat?post=17107"},{"taxonomy":"product_tag","embeddable":true,"href":"https:\/\/lyconnordic.se\/privat\/wp-json\/wp\/v2\/product_tag?post=17107"}],"curies":[{"name":"wp","href":"https:\/\/api.w.org\/{rel}","templated":true}]}}