{"id":17110,"date":"2023-11-07T14:00:00","date_gmt":"2023-11-07T14:00:00","guid":{"rendered":"https:\/\/lyconnordic.nyside2.net\/privat\/?post_type=product&#038;p=17110"},"modified":"2025-11-06T13:01:52","modified_gmt":"2025-11-06T12:01:52","slug":"lycotane-plus-lemon-tea-tree-hand-wash-500ml","status":"publish","type":"product","link":"https:\/\/lyconnordic.se\/privat\/produkt\/lycotane-plus-lemon-tea-tree-hand-wash-500ml\/","title":{"rendered":"LYCOTANE PLUS LEMON TEA TREE HAND WASH 500ml"},"content":{"rendered":"<p><span style=\"font-size: medium\">Djupreng\u00f6rande handtv\u00e5l framst\u00e4lld med antibakteriell mj\u00f6lksyra, teatree och timjanolja. Inneh\u00e5ller \u00e4ven \u00e5terfuktande pro-vitamin B5 och aloe vera.\u00a0<\/span><\/p>\n<p><strong>500ml | Vegan | Cruelty Free |<\/strong><\/p>\n","protected":false},"excerpt":{"rendered":"<p>LYCOTANE Plus \u00e4r en serie med hygienprodukter fullpackade med ingredienser som Tea Tree, Timjanolja, Mj\u00f6lksyra, Aloe Vera, Hyaluronsyra och Sheasm\u00f6r. Produkterna \u00e4r utvecklade f\u00f6r att s\u00e4kra bakteriefria och mjuka h\u00e4nder. Lycotane Plus avl\u00e4gsnar skonsamt bakterier och st\u00e4rker hudens naturliga barri\u00e4r.<\/p>\n","protected":false},"featured_media":17111,"comment_status":"open","ping_status":"closed","template":"","meta":[],"product_brand":[],"product_cat":[72],"product_tag":[],"class_list":{"0":"post-17110","1":"product","2":"type-product","3":"status-publish","4":"has-post-thumbnail","6":"product_cat-lycotane-plus","8":"first","9":"instock","10":"taxable","11":"shipping-taxable","12":"purchasable","13":"product-type-simple"},"yoast_head":"<!-- This site is optimized with the Yoast SEO plugin v27.5 - https:\/\/yoast.com\/product\/yoast-seo-wordpress\/ -->\n<title>LYCOTANE PLUS LEMON TEA TREE HAND WASH 500ml - LYCON Nordic - Sweden - Privat<\/title>\n<meta name=\"robots\" content=\"index, follow, max-snippet:-1, max-image-preview:large, max-video-preview:-1\" \/>\n<link rel=\"canonical\" href=\"https:\/\/lyconnordic.se\/privat\/produkt\/lycotane-plus-lemon-tea-tree-hand-wash-500ml\/\" \/>\n<meta property=\"og:locale\" content=\"sv_SE\" \/>\n<meta property=\"og:type\" content=\"article\" \/>\n<meta property=\"og:title\" content=\"LYCOTANE PLUS LEMON TEA TREE HAND WASH 500ml - LYCON Nordic - Sweden - Privat\" \/>\n<meta property=\"og:description\" content=\"LYCOTANE Plus \u00e4r en serie med hygienprodukter fullpackade med ingredienser som Tea Tree, Timjanolja, Mj\u00f6lksyra, Aloe Vera, Hyaluronsyra och Sheasm\u00f6r. Produkterna \u00e4r utvecklade f\u00f6r att s\u00e4kra bakteriefria och mjuka h\u00e4nder. Lycotane Plus avl\u00e4gsnar skonsamt bakterier och st\u00e4rker hudens naturliga barri\u00e4r.\" \/>\n<meta property=\"og:url\" content=\"https:\/\/lyconnordic.se\/privat\/produkt\/lycotane-plus-lemon-tea-tree-hand-wash-500ml\/\" \/>\n<meta property=\"og:site_name\" content=\"LYCON Nordic - Sweden - Privat\" \/>\n<meta property=\"article:modified_time\" content=\"2025-11-06T12:01:52+00:00\" \/>\n<meta property=\"og:image\" content=\"https:\/\/lyconnordic.se\/privat\/wp-content\/uploads\/2023\/11\/LYCOTANE-Plus_Lemon-Tea-Tree-Hand-Wash_500ml_WEB.jpg\" \/>\n\t<meta property=\"og:image:width\" content=\"900\" \/>\n\t<meta property=\"og:image:height\" content=\"900\" \/>\n\t<meta property=\"og:image:type\" content=\"image\/jpeg\" \/>\n<meta name=\"twitter:card\" content=\"summary_large_image\" \/>\n<script type=\"application\/ld+json\" class=\"yoast-schema-graph\">{\"@context\":\"https:\\\/\\\/schema.org\",\"@graph\":[{\"@type\":\"WebPage\",\"@id\":\"https:\\\/\\\/lyconnordic.se\\\/privat\\\/produkt\\\/lycotane-plus-lemon-tea-tree-hand-wash-500ml\\\/\",\"url\":\"https:\\\/\\\/lyconnordic.se\\\/privat\\\/produkt\\\/lycotane-plus-lemon-tea-tree-hand-wash-500ml\\\/\",\"name\":\"LYCOTANE PLUS LEMON TEA TREE HAND WASH 500ml - LYCON Nordic - Sweden - Privat\",\"isPartOf\":{\"@id\":\"https:\\\/\\\/lyconnordic.se\\\/privat\\\/#website\"},\"primaryImageOfPage\":{\"@id\":\"https:\\\/\\\/lyconnordic.se\\\/privat\\\/produkt\\\/lycotane-plus-lemon-tea-tree-hand-wash-500ml\\\/#primaryimage\"},\"image\":{\"@id\":\"https:\\\/\\\/lyconnordic.se\\\/privat\\\/produkt\\\/lycotane-plus-lemon-tea-tree-hand-wash-500ml\\\/#primaryimage\"},\"thumbnailUrl\":\"https:\\\/\\\/lyconnordic.se\\\/privat\\\/wp-content\\\/uploads\\\/2023\\\/11\\\/LYCOTANE-Plus_Lemon-Tea-Tree-Hand-Wash_500ml_WEB.jpg\",\"datePublished\":\"2023-11-07T14:00:00+00:00\",\"dateModified\":\"2025-11-06T12:01:52+00:00\",\"breadcrumb\":{\"@id\":\"https:\\\/\\\/lyconnordic.se\\\/privat\\\/produkt\\\/lycotane-plus-lemon-tea-tree-hand-wash-500ml\\\/#breadcrumb\"},\"inLanguage\":\"sv-SE\",\"potentialAction\":[{\"@type\":\"ReadAction\",\"target\":[\"https:\\\/\\\/lyconnordic.se\\\/privat\\\/produkt\\\/lycotane-plus-lemon-tea-tree-hand-wash-500ml\\\/\"]}]},{\"@type\":\"ImageObject\",\"inLanguage\":\"sv-SE\",\"@id\":\"https:\\\/\\\/lyconnordic.se\\\/privat\\\/produkt\\\/lycotane-plus-lemon-tea-tree-hand-wash-500ml\\\/#primaryimage\",\"url\":\"https:\\\/\\\/lyconnordic.se\\\/privat\\\/wp-content\\\/uploads\\\/2023\\\/11\\\/LYCOTANE-Plus_Lemon-Tea-Tree-Hand-Wash_500ml_WEB.jpg\",\"contentUrl\":\"https:\\\/\\\/lyconnordic.se\\\/privat\\\/wp-content\\\/uploads\\\/2023\\\/11\\\/LYCOTANE-Plus_Lemon-Tea-Tree-Hand-Wash_500ml_WEB.jpg\",\"width\":900,\"height\":900},{\"@type\":\"BreadcrumbList\",\"@id\":\"https:\\\/\\\/lyconnordic.se\\\/privat\\\/produkt\\\/lycotane-plus-lemon-tea-tree-hand-wash-500ml\\\/#breadcrumb\",\"itemListElement\":[{\"@type\":\"ListItem\",\"position\":1,\"name\":\"Hem\",\"item\":\"https:\\\/\\\/lyconnordic.se\\\/privat\\\/\"},{\"@type\":\"ListItem\",\"position\":2,\"name\":\"Produkter\",\"item\":\"https:\\\/\\\/lyconnordic.se\\\/privat\\\/produkter\\\/\"},{\"@type\":\"ListItem\",\"position\":3,\"name\":\"LYCOTANE PLUS LEMON TEA TREE HAND WASH 500ml\"}]},{\"@type\":\"WebSite\",\"@id\":\"https:\\\/\\\/lyconnordic.se\\\/privat\\\/#website\",\"url\":\"https:\\\/\\\/lyconnordic.se\\\/privat\\\/\",\"name\":\"LYCON Nordic - Sweden\",\"description\":\"Lycon Nordic - Vax, Milt h\u00e5rborttagningsvax, Brasiliansk Vaxning, Exklusivt h\u00e5rborttagningsvax\",\"potentialAction\":[{\"@type\":\"SearchAction\",\"target\":{\"@type\":\"EntryPoint\",\"urlTemplate\":\"https:\\\/\\\/lyconnordic.se\\\/privat\\\/?s={search_term_string}\"},\"query-input\":{\"@type\":\"PropertyValueSpecification\",\"valueRequired\":true,\"valueName\":\"search_term_string\"}}],\"inLanguage\":\"sv-SE\"}]}<\/script>\n<!-- \/ Yoast SEO plugin. -->","yoast_head_json":{"title":"LYCOTANE PLUS LEMON TEA TREE HAND WASH 500ml - LYCON Nordic - Sweden - Privat","robots":{"index":"index","follow":"follow","max-snippet":"max-snippet:-1","max-image-preview":"max-image-preview:large","max-video-preview":"max-video-preview:-1"},"canonical":"https:\/\/lyconnordic.se\/privat\/produkt\/lycotane-plus-lemon-tea-tree-hand-wash-500ml\/","og_locale":"sv_SE","og_type":"article","og_title":"LYCOTANE PLUS LEMON TEA TREE HAND WASH 500ml - LYCON Nordic - Sweden - Privat","og_description":"LYCOTANE Plus \u00e4r en serie med hygienprodukter fullpackade med ingredienser som Tea Tree, Timjanolja, Mj\u00f6lksyra, Aloe Vera, Hyaluronsyra och Sheasm\u00f6r. Produkterna \u00e4r utvecklade f\u00f6r att s\u00e4kra bakteriefria och mjuka h\u00e4nder. Lycotane Plus avl\u00e4gsnar skonsamt bakterier och st\u00e4rker hudens naturliga barri\u00e4r.","og_url":"https:\/\/lyconnordic.se\/privat\/produkt\/lycotane-plus-lemon-tea-tree-hand-wash-500ml\/","og_site_name":"LYCON Nordic - Sweden - Privat","article_modified_time":"2025-11-06T12:01:52+00:00","og_image":[{"width":900,"height":900,"url":"https:\/\/lyconnordic.se\/privat\/wp-content\/uploads\/2023\/11\/LYCOTANE-Plus_Lemon-Tea-Tree-Hand-Wash_500ml_WEB.jpg","type":"image\/jpeg"}],"twitter_card":"summary_large_image","schema":{"@context":"https:\/\/schema.org","@graph":[{"@type":"WebPage","@id":"https:\/\/lyconnordic.se\/privat\/produkt\/lycotane-plus-lemon-tea-tree-hand-wash-500ml\/","url":"https:\/\/lyconnordic.se\/privat\/produkt\/lycotane-plus-lemon-tea-tree-hand-wash-500ml\/","name":"LYCOTANE PLUS LEMON TEA TREE HAND WASH 500ml - LYCON Nordic - Sweden - Privat","isPartOf":{"@id":"https:\/\/lyconnordic.se\/privat\/#website"},"primaryImageOfPage":{"@id":"https:\/\/lyconnordic.se\/privat\/produkt\/lycotane-plus-lemon-tea-tree-hand-wash-500ml\/#primaryimage"},"image":{"@id":"https:\/\/lyconnordic.se\/privat\/produkt\/lycotane-plus-lemon-tea-tree-hand-wash-500ml\/#primaryimage"},"thumbnailUrl":"https:\/\/lyconnordic.se\/privat\/wp-content\/uploads\/2023\/11\/LYCOTANE-Plus_Lemon-Tea-Tree-Hand-Wash_500ml_WEB.jpg","datePublished":"2023-11-07T14:00:00+00:00","dateModified":"2025-11-06T12:01:52+00:00","breadcrumb":{"@id":"https:\/\/lyconnordic.se\/privat\/produkt\/lycotane-plus-lemon-tea-tree-hand-wash-500ml\/#breadcrumb"},"inLanguage":"sv-SE","potentialAction":[{"@type":"ReadAction","target":["https:\/\/lyconnordic.se\/privat\/produkt\/lycotane-plus-lemon-tea-tree-hand-wash-500ml\/"]}]},{"@type":"ImageObject","inLanguage":"sv-SE","@id":"https:\/\/lyconnordic.se\/privat\/produkt\/lycotane-plus-lemon-tea-tree-hand-wash-500ml\/#primaryimage","url":"https:\/\/lyconnordic.se\/privat\/wp-content\/uploads\/2023\/11\/LYCOTANE-Plus_Lemon-Tea-Tree-Hand-Wash_500ml_WEB.jpg","contentUrl":"https:\/\/lyconnordic.se\/privat\/wp-content\/uploads\/2023\/11\/LYCOTANE-Plus_Lemon-Tea-Tree-Hand-Wash_500ml_WEB.jpg","width":900,"height":900},{"@type":"BreadcrumbList","@id":"https:\/\/lyconnordic.se\/privat\/produkt\/lycotane-plus-lemon-tea-tree-hand-wash-500ml\/#breadcrumb","itemListElement":[{"@type":"ListItem","position":1,"name":"Hem","item":"https:\/\/lyconnordic.se\/privat\/"},{"@type":"ListItem","position":2,"name":"Produkter","item":"https:\/\/lyconnordic.se\/privat\/produkter\/"},{"@type":"ListItem","position":3,"name":"LYCOTANE PLUS LEMON TEA TREE HAND WASH 500ml"}]},{"@type":"WebSite","@id":"https:\/\/lyconnordic.se\/privat\/#website","url":"https:\/\/lyconnordic.se\/privat\/","name":"LYCON Nordic - Sweden","description":"Lycon Nordic - Vax, Milt h\u00e5rborttagningsvax, Brasiliansk Vaxning, Exklusivt h\u00e5rborttagningsvax","potentialAction":[{"@type":"SearchAction","target":{"@type":"EntryPoint","urlTemplate":"https:\/\/lyconnordic.se\/privat\/?s={search_term_string}"},"query-input":{"@type":"PropertyValueSpecification","valueRequired":true,"valueName":"search_term_string"}}],"inLanguage":"sv-SE"}]}},"_links":{"self":[{"href":"https:\/\/lyconnordic.se\/privat\/wp-json\/wp\/v2\/product\/17110","targetHints":{"allow":["GET"]}}],"collection":[{"href":"https:\/\/lyconnordic.se\/privat\/wp-json\/wp\/v2\/product"}],"about":[{"href":"https:\/\/lyconnordic.se\/privat\/wp-json\/wp\/v2\/types\/product"}],"replies":[{"embeddable":true,"href":"https:\/\/lyconnordic.se\/privat\/wp-json\/wp\/v2\/comments?post=17110"}],"version-history":[{"count":7,"href":"https:\/\/lyconnordic.se\/privat\/wp-json\/wp\/v2\/product\/17110\/revisions"}],"predecessor-version":[{"id":21428,"href":"https:\/\/lyconnordic.se\/privat\/wp-json\/wp\/v2\/product\/17110\/revisions\/21428"}],"wp:featuredmedia":[{"embeddable":true,"href":"https:\/\/lyconnordic.se\/privat\/wp-json\/wp\/v2\/media\/17111"}],"wp:attachment":[{"href":"https:\/\/lyconnordic.se\/privat\/wp-json\/wp\/v2\/media?parent=17110"}],"wp:term":[{"taxonomy":"product_brand","embeddable":true,"href":"https:\/\/lyconnordic.se\/privat\/wp-json\/wp\/v2\/product_brand?post=17110"},{"taxonomy":"product_cat","embeddable":true,"href":"https:\/\/lyconnordic.se\/privat\/wp-json\/wp\/v2\/product_cat?post=17110"},{"taxonomy":"product_tag","embeddable":true,"href":"https:\/\/lyconnordic.se\/privat\/wp-json\/wp\/v2\/product_tag?post=17110"}],"curies":[{"name":"wp","href":"https:\/\/api.w.org\/{rel}","templated":true}]}}