{"id":17116,"date":"2023-11-07T14:02:25","date_gmt":"2023-11-07T14:02:25","guid":{"rendered":"https:\/\/lyconnordic.nyside2.net\/privat\/?post_type=product&#038;p=17116"},"modified":"2025-11-06T13:01:35","modified_gmt":"2025-11-06T12:01:35","slug":"lyco-bronze-self-tanning-foam-200ml","status":"publish","type":"product","link":"https:\/\/lyconnordic.se\/privat\/produkt\/lyco-bronze-self-tanning-foam-200ml\/","title":{"rendered":"LYCO-BRONZE SELF-TANNING FOAM"},"content":{"rendered":"<p align=\"LEFT\" dir=\"LTR\"><span style=\"font-size: medium\">Lyco-Bronze Self Tanning Foam \u00e4r en snabbverkande brun-utan-sol mousse med v\u00e4xtbaserat DHA, Erythrulose och f\u00f6rstklassiga naturliga pigment som ger en solkysst glow. Ger ett j\u00e4mnt och vackert resultat redan efter 1 timme. L\u00e5t verka i upptill 4 timmar f\u00f6r en m\u00f6rkare br\u00e4nna. F\u00e4rgen forts\u00e4tter att utvecklas under de n\u00e4rmaste 12 timmarna. Tillf\u00f6r fukt och n\u00e4ring till huden.<\/span><\/p>\n<p align=\"LEFT\" dir=\"LTR\"><span style=\"font-size: medium\"><strong>Tips: <\/strong>Skaka flaskan f\u00f6re anv\u00e4ndning f\u00f6r att aktivera inneh\u00e5llet. F\u00f6r b\u00e4sta resultat \u2013 se till att huden \u00e4r exfolierad, ren och torr f\u00f6r ett l\u00e5ngvarigt resultat. Appliceras med Lyco-Bronze Application Mitt med l\u00e5nga, cirkulerande r\u00f6relser. Avl\u00e4gsnas med ljummet vatten efter 1-4 timmar. Anv\u00e4nd inte fuktkr\u00e4m de f\u00f6rsta 12 timmarna.<\/span><\/p>\n<p><strong>200 ml | <\/strong><strong>Vegan | Cruelty Free<\/strong><\/p>\n","protected":false},"excerpt":{"rendered":"<div class=\"ingredients\">\n<p>En formula med v\u00e4xtbaserat DHA, Erythrulose och f\u00f6rstklassiga naturliga pigment som ger en solkysst glow. Ger ett j\u00e4mnt och vackert resultat redan efter 1 timme. L\u00e5t verka i upptill 4 timmar f\u00f6r en m\u00f6rkare br\u00e4nna. F\u00e4rgen forts\u00e4tter att utvecklas under de n\u00e4rmaste 12 timmarna. Tillf\u00f6r fukt och n\u00e4ring till huden.<\/p>\n<\/div>\n<p dir=\"LTR\" align=\"LEFT\"><strong>Tips:\u00a0<\/strong>Skaka flaskan f\u00f6re anv\u00e4ndning f\u00f6r att aktivera inneh\u00e5llet. F\u00f6r b\u00e4sta resultat \u2013 se till att huden \u00e4r exfolierad, ren och torr f\u00f6r ett l\u00e5ngvarigt resultat. Appliceras med Lyco-Bronze Application Mitt med l\u00e5nga, cirkulerande r\u00f6relser. Avl\u00e4gsnas med ljummet vatten efter 1-4 timmar. Anv\u00e4nd inte fuktkr\u00e4m de f\u00f6rsta 12 timmarna.<\/p>\n","protected":false},"featured_media":17117,"comment_status":"open","ping_status":"closed","template":"","meta":[],"product_brand":[],"product_cat":[73],"product_tag":[],"class_list":{"0":"post-17116","1":"product","2":"type-product","3":"status-publish","4":"has-post-thumbnail","6":"product_cat-lyco-bronze","8":"first","9":"instock","10":"taxable","11":"shipping-taxable","12":"purchasable","13":"product-type-simple"},"yoast_head":"<!-- This site is optimized with the Yoast SEO plugin v27.5 - https:\/\/yoast.com\/product\/yoast-seo-wordpress\/ -->\n<title>LYCO-BRONZE SELF-TANNING FOAM - LYCON Nordic - Sweden - Privat<\/title>\n<meta name=\"robots\" content=\"index, follow, max-snippet:-1, max-image-preview:large, max-video-preview:-1\" \/>\n<link rel=\"canonical\" href=\"https:\/\/lyconnordic.se\/privat\/produkt\/lyco-bronze-self-tanning-foam-200ml\/\" \/>\n<meta property=\"og:locale\" content=\"sv_SE\" \/>\n<meta property=\"og:type\" content=\"article\" \/>\n<meta property=\"og:title\" content=\"LYCO-BRONZE SELF-TANNING FOAM - LYCON Nordic - Sweden - Privat\" \/>\n<meta property=\"og:description\" content=\"En formula med v\u00e4xtbaserat DHA, Erythrulose och f\u00f6rstklassiga naturliga pigment som ger en solkysst glow. Ger ett j\u00e4mnt och vackert resultat redan efter 1 timme. L\u00e5t verka i upptill 4 timmar f\u00f6r en m\u00f6rkare br\u00e4nna. F\u00e4rgen forts\u00e4tter att utvecklas under de n\u00e4rmaste 12 timmarna. Tillf\u00f6r fukt och n\u00e4ring till huden.   Tips:\u00a0Skaka flaskan f\u00f6re anv\u00e4ndning f\u00f6r att aktivera inneh\u00e5llet. F\u00f6r b\u00e4sta resultat \u2013 se till att huden \u00e4r exfolierad, ren och torr f\u00f6r ett l\u00e5ngvarigt resultat. Appliceras med Lyco-Bronze Application Mitt med l\u00e5nga, cirkulerande r\u00f6relser. Avl\u00e4gsnas med ljummet vatten efter 1-4 timmar. Anv\u00e4nd inte fuktkr\u00e4m de f\u00f6rsta 12 timmarna.\" \/>\n<meta property=\"og:url\" content=\"https:\/\/lyconnordic.se\/privat\/produkt\/lyco-bronze-self-tanning-foam-200ml\/\" \/>\n<meta property=\"og:site_name\" content=\"LYCON Nordic - Sweden - Privat\" \/>\n<meta property=\"article:modified_time\" content=\"2025-11-06T12:01:35+00:00\" \/>\n<meta property=\"og:image\" content=\"https:\/\/lyconnordic.se\/privat\/wp-content\/uploads\/2023\/11\/LYCO-BRONZE-Self-Tanning-Foam_200ml_WEB.jpg\" \/>\n\t<meta property=\"og:image:width\" content=\"900\" \/>\n\t<meta property=\"og:image:height\" content=\"900\" \/>\n\t<meta property=\"og:image:type\" content=\"image\/jpeg\" \/>\n<meta name=\"twitter:card\" content=\"summary_large_image\" \/>\n<meta name=\"twitter:label1\" content=\"Ber\u00e4knad l\u00e4stid\" \/>\n\t<meta name=\"twitter:data1\" content=\"1 minut\" \/>\n<script type=\"application\/ld+json\" class=\"yoast-schema-graph\">{\"@context\":\"https:\\\/\\\/schema.org\",\"@graph\":[{\"@type\":\"WebPage\",\"@id\":\"https:\\\/\\\/lyconnordic.se\\\/privat\\\/produkt\\\/lyco-bronze-self-tanning-foam-200ml\\\/\",\"url\":\"https:\\\/\\\/lyconnordic.se\\\/privat\\\/produkt\\\/lyco-bronze-self-tanning-foam-200ml\\\/\",\"name\":\"LYCO-BRONZE SELF-TANNING FOAM - LYCON Nordic - Sweden - Privat\",\"isPartOf\":{\"@id\":\"https:\\\/\\\/lyconnordic.se\\\/privat\\\/#website\"},\"primaryImageOfPage\":{\"@id\":\"https:\\\/\\\/lyconnordic.se\\\/privat\\\/produkt\\\/lyco-bronze-self-tanning-foam-200ml\\\/#primaryimage\"},\"image\":{\"@id\":\"https:\\\/\\\/lyconnordic.se\\\/privat\\\/produkt\\\/lyco-bronze-self-tanning-foam-200ml\\\/#primaryimage\"},\"thumbnailUrl\":\"https:\\\/\\\/lyconnordic.se\\\/privat\\\/wp-content\\\/uploads\\\/2023\\\/11\\\/LYCO-BRONZE-Self-Tanning-Foam_200ml_WEB.jpg\",\"datePublished\":\"2023-11-07T14:02:25+00:00\",\"dateModified\":\"2025-11-06T12:01:35+00:00\",\"breadcrumb\":{\"@id\":\"https:\\\/\\\/lyconnordic.se\\\/privat\\\/produkt\\\/lyco-bronze-self-tanning-foam-200ml\\\/#breadcrumb\"},\"inLanguage\":\"sv-SE\",\"potentialAction\":[{\"@type\":\"ReadAction\",\"target\":[\"https:\\\/\\\/lyconnordic.se\\\/privat\\\/produkt\\\/lyco-bronze-self-tanning-foam-200ml\\\/\"]}]},{\"@type\":\"ImageObject\",\"inLanguage\":\"sv-SE\",\"@id\":\"https:\\\/\\\/lyconnordic.se\\\/privat\\\/produkt\\\/lyco-bronze-self-tanning-foam-200ml\\\/#primaryimage\",\"url\":\"https:\\\/\\\/lyconnordic.se\\\/privat\\\/wp-content\\\/uploads\\\/2023\\\/11\\\/LYCO-BRONZE-Self-Tanning-Foam_200ml_WEB.jpg\",\"contentUrl\":\"https:\\\/\\\/lyconnordic.se\\\/privat\\\/wp-content\\\/uploads\\\/2023\\\/11\\\/LYCO-BRONZE-Self-Tanning-Foam_200ml_WEB.jpg\",\"width\":900,\"height\":900},{\"@type\":\"BreadcrumbList\",\"@id\":\"https:\\\/\\\/lyconnordic.se\\\/privat\\\/produkt\\\/lyco-bronze-self-tanning-foam-200ml\\\/#breadcrumb\",\"itemListElement\":[{\"@type\":\"ListItem\",\"position\":1,\"name\":\"Hem\",\"item\":\"https:\\\/\\\/lyconnordic.se\\\/privat\\\/\"},{\"@type\":\"ListItem\",\"position\":2,\"name\":\"Produkter\",\"item\":\"https:\\\/\\\/lyconnordic.se\\\/privat\\\/produkter\\\/\"},{\"@type\":\"ListItem\",\"position\":3,\"name\":\"LYCO-BRONZE SELF-TANNING FOAM\"}]},{\"@type\":\"WebSite\",\"@id\":\"https:\\\/\\\/lyconnordic.se\\\/privat\\\/#website\",\"url\":\"https:\\\/\\\/lyconnordic.se\\\/privat\\\/\",\"name\":\"LYCON Nordic - Sweden\",\"description\":\"Lycon Nordic - Vax, Milt h\u00e5rborttagningsvax, Brasiliansk Vaxning, Exklusivt h\u00e5rborttagningsvax\",\"potentialAction\":[{\"@type\":\"SearchAction\",\"target\":{\"@type\":\"EntryPoint\",\"urlTemplate\":\"https:\\\/\\\/lyconnordic.se\\\/privat\\\/?s={search_term_string}\"},\"query-input\":{\"@type\":\"PropertyValueSpecification\",\"valueRequired\":true,\"valueName\":\"search_term_string\"}}],\"inLanguage\":\"sv-SE\"}]}<\/script>\n<!-- \/ Yoast SEO plugin. -->","yoast_head_json":{"title":"LYCO-BRONZE SELF-TANNING FOAM - LYCON Nordic - Sweden - Privat","robots":{"index":"index","follow":"follow","max-snippet":"max-snippet:-1","max-image-preview":"max-image-preview:large","max-video-preview":"max-video-preview:-1"},"canonical":"https:\/\/lyconnordic.se\/privat\/produkt\/lyco-bronze-self-tanning-foam-200ml\/","og_locale":"sv_SE","og_type":"article","og_title":"LYCO-BRONZE SELF-TANNING FOAM - LYCON Nordic - Sweden - Privat","og_description":"En formula med v\u00e4xtbaserat DHA, Erythrulose och f\u00f6rstklassiga naturliga pigment som ger en solkysst glow. Ger ett j\u00e4mnt och vackert resultat redan efter 1 timme. L\u00e5t verka i upptill 4 timmar f\u00f6r en m\u00f6rkare br\u00e4nna. F\u00e4rgen forts\u00e4tter att utvecklas under de n\u00e4rmaste 12 timmarna. Tillf\u00f6r fukt och n\u00e4ring till huden.   Tips:\u00a0Skaka flaskan f\u00f6re anv\u00e4ndning f\u00f6r att aktivera inneh\u00e5llet. F\u00f6r b\u00e4sta resultat \u2013 se till att huden \u00e4r exfolierad, ren och torr f\u00f6r ett l\u00e5ngvarigt resultat. Appliceras med Lyco-Bronze Application Mitt med l\u00e5nga, cirkulerande r\u00f6relser. Avl\u00e4gsnas med ljummet vatten efter 1-4 timmar. Anv\u00e4nd inte fuktkr\u00e4m de f\u00f6rsta 12 timmarna.","og_url":"https:\/\/lyconnordic.se\/privat\/produkt\/lyco-bronze-self-tanning-foam-200ml\/","og_site_name":"LYCON Nordic - Sweden - Privat","article_modified_time":"2025-11-06T12:01:35+00:00","og_image":[{"width":900,"height":900,"url":"https:\/\/lyconnordic.se\/privat\/wp-content\/uploads\/2023\/11\/LYCO-BRONZE-Self-Tanning-Foam_200ml_WEB.jpg","type":"image\/jpeg"}],"twitter_card":"summary_large_image","twitter_misc":{"Ber\u00e4knad l\u00e4stid":"1 minut"},"schema":{"@context":"https:\/\/schema.org","@graph":[{"@type":"WebPage","@id":"https:\/\/lyconnordic.se\/privat\/produkt\/lyco-bronze-self-tanning-foam-200ml\/","url":"https:\/\/lyconnordic.se\/privat\/produkt\/lyco-bronze-self-tanning-foam-200ml\/","name":"LYCO-BRONZE SELF-TANNING FOAM - LYCON Nordic - Sweden - Privat","isPartOf":{"@id":"https:\/\/lyconnordic.se\/privat\/#website"},"primaryImageOfPage":{"@id":"https:\/\/lyconnordic.se\/privat\/produkt\/lyco-bronze-self-tanning-foam-200ml\/#primaryimage"},"image":{"@id":"https:\/\/lyconnordic.se\/privat\/produkt\/lyco-bronze-self-tanning-foam-200ml\/#primaryimage"},"thumbnailUrl":"https:\/\/lyconnordic.se\/privat\/wp-content\/uploads\/2023\/11\/LYCO-BRONZE-Self-Tanning-Foam_200ml_WEB.jpg","datePublished":"2023-11-07T14:02:25+00:00","dateModified":"2025-11-06T12:01:35+00:00","breadcrumb":{"@id":"https:\/\/lyconnordic.se\/privat\/produkt\/lyco-bronze-self-tanning-foam-200ml\/#breadcrumb"},"inLanguage":"sv-SE","potentialAction":[{"@type":"ReadAction","target":["https:\/\/lyconnordic.se\/privat\/produkt\/lyco-bronze-self-tanning-foam-200ml\/"]}]},{"@type":"ImageObject","inLanguage":"sv-SE","@id":"https:\/\/lyconnordic.se\/privat\/produkt\/lyco-bronze-self-tanning-foam-200ml\/#primaryimage","url":"https:\/\/lyconnordic.se\/privat\/wp-content\/uploads\/2023\/11\/LYCO-BRONZE-Self-Tanning-Foam_200ml_WEB.jpg","contentUrl":"https:\/\/lyconnordic.se\/privat\/wp-content\/uploads\/2023\/11\/LYCO-BRONZE-Self-Tanning-Foam_200ml_WEB.jpg","width":900,"height":900},{"@type":"BreadcrumbList","@id":"https:\/\/lyconnordic.se\/privat\/produkt\/lyco-bronze-self-tanning-foam-200ml\/#breadcrumb","itemListElement":[{"@type":"ListItem","position":1,"name":"Hem","item":"https:\/\/lyconnordic.se\/privat\/"},{"@type":"ListItem","position":2,"name":"Produkter","item":"https:\/\/lyconnordic.se\/privat\/produkter\/"},{"@type":"ListItem","position":3,"name":"LYCO-BRONZE SELF-TANNING FOAM"}]},{"@type":"WebSite","@id":"https:\/\/lyconnordic.se\/privat\/#website","url":"https:\/\/lyconnordic.se\/privat\/","name":"LYCON Nordic - Sweden","description":"Lycon Nordic - Vax, Milt h\u00e5rborttagningsvax, Brasiliansk Vaxning, Exklusivt h\u00e5rborttagningsvax","potentialAction":[{"@type":"SearchAction","target":{"@type":"EntryPoint","urlTemplate":"https:\/\/lyconnordic.se\/privat\/?s={search_term_string}"},"query-input":{"@type":"PropertyValueSpecification","valueRequired":true,"valueName":"search_term_string"}}],"inLanguage":"sv-SE"}]}},"_links":{"self":[{"href":"https:\/\/lyconnordic.se\/privat\/wp-json\/wp\/v2\/product\/17116","targetHints":{"allow":["GET"]}}],"collection":[{"href":"https:\/\/lyconnordic.se\/privat\/wp-json\/wp\/v2\/product"}],"about":[{"href":"https:\/\/lyconnordic.se\/privat\/wp-json\/wp\/v2\/types\/product"}],"replies":[{"embeddable":true,"href":"https:\/\/lyconnordic.se\/privat\/wp-json\/wp\/v2\/comments?post=17116"}],"version-history":[{"count":8,"href":"https:\/\/lyconnordic.se\/privat\/wp-json\/wp\/v2\/product\/17116\/revisions"}],"predecessor-version":[{"id":22154,"href":"https:\/\/lyconnordic.se\/privat\/wp-json\/wp\/v2\/product\/17116\/revisions\/22154"}],"wp:featuredmedia":[{"embeddable":true,"href":"https:\/\/lyconnordic.se\/privat\/wp-json\/wp\/v2\/media\/17117"}],"wp:attachment":[{"href":"https:\/\/lyconnordic.se\/privat\/wp-json\/wp\/v2\/media?parent=17116"}],"wp:term":[{"taxonomy":"product_brand","embeddable":true,"href":"https:\/\/lyconnordic.se\/privat\/wp-json\/wp\/v2\/product_brand?post=17116"},{"taxonomy":"product_cat","embeddable":true,"href":"https:\/\/lyconnordic.se\/privat\/wp-json\/wp\/v2\/product_cat?post=17116"},{"taxonomy":"product_tag","embeddable":true,"href":"https:\/\/lyconnordic.se\/privat\/wp-json\/wp\/v2\/product_tag?post=17116"}],"curies":[{"name":"wp","href":"https:\/\/api.w.org\/{rel}","templated":true}]}}