{"id":17176,"date":"2023-11-08T07:57:27","date_gmt":"2023-11-08T07:57:27","guid":{"rendered":"https:\/\/lyconnordic.nyside2.net\/privat\/?post_type=product&#038;p=17176"},"modified":"2025-11-06T13:01:25","modified_gmt":"2025-11-06T12:01:25","slug":"hand-held-hair-trimmer","status":"publish","type":"product","link":"https:\/\/lyconnordic.se\/privat\/produkt\/hand-held-hair-trimmer\/","title":{"rendered":"Hand Held Hair Trimmer"},"content":{"rendered":"<p><span style=\"font-size: medium\">En tr\u00e5dl\u00f6s och kompakt h\u00e5rtrimmer med fyra kammar i olika l\u00e4ngder.<\/span><\/p>\n<p><span style=\"font-size: medium\">&#8211; Med reng\u00f6ringsborste<br \/>\n&#8211; Fyra utbytbara kammar (3mm, 6mm, 9mm, 12mm)<br \/>\n&#8211; Ergonomisk utforming<br \/>\n&#8211; Enkel reng\u00f6ring<br \/>\n&#8211; Tystl\u00e5ten<br \/>\n&#8211; Batteridriven (OBS! 2 x AA-batterier f\u00f6ljer\u00a0<u>inte<\/u>\u00a0med)<\/span><\/p>\n","protected":false},"excerpt":{"rendered":"<p><strong>H\u00e5rtrimmer <\/strong><\/p>\n<p>En tr\u00e5dl\u00f6s och kompakt h\u00e5rtrimmer med fyra kammar i olika l\u00e4ngder.<\/p>\n<p>&#8211; Med reng\u00f6ringsborste<br \/>\n&#8211; Fyra utbytbara kammar (3mm, 6mm, 9mm, 12mm)<br \/>\n&#8211; Ergonomisk utforming<br \/>\n&#8211; Enkel reng\u00f6ring<br \/>\n&#8211; Tystl\u00e5ten<br \/>\n&#8211; Batteridriven (OBS! 2 x AA-batterier f\u00f6ljer\u00a0<u>inte<\/u>\u00a0med)<\/p>\n","protected":false},"featured_media":17177,"comment_status":"open","ping_status":"closed","template":"","meta":[],"product_brand":[],"product_cat":[87,20],"product_tag":[],"class_list":{"0":"post-17176","1":"product","2":"type-product","3":"status-publish","4":"has-post-thumbnail","6":"product_cat-tillbehor","7":"product_cat-vaxprodukter","9":"first","10":"instock","11":"taxable","12":"shipping-taxable","13":"purchasable","14":"product-type-simple"},"yoast_head":"<!-- This site is optimized with the Yoast SEO plugin v27.5 - https:\/\/yoast.com\/product\/yoast-seo-wordpress\/ -->\n<title>Prisv\u00e4rd h\u00e5r trimmer - LYCON Nordic - Sweden - Privat<\/title>\n<meta name=\"robots\" content=\"index, follow, max-snippet:-1, max-image-preview:large, max-video-preview:-1\" \/>\n<link rel=\"canonical\" href=\"https:\/\/lyconnordic.se\/privat\/produkt\/hand-held-hair-trimmer\/\" \/>\n<meta property=\"og:locale\" content=\"sv_SE\" \/>\n<meta property=\"og:type\" content=\"article\" \/>\n<meta property=\"og:title\" content=\"Prisv\u00e4rd h\u00e5r trimmer - LYCON Nordic - Sweden - Privat\" \/>\n<meta property=\"og:description\" content=\"H\u00e5rtrimmer   En tr\u00e5dl\u00f6s och kompakt h\u00e5rtrimmer med fyra kammar i olika l\u00e4ngder.  - Med reng\u00f6ringsborste - Fyra utbytbara kammar (3mm, 6mm, 9mm, 12mm) - Ergonomisk utforming - Enkel reng\u00f6ring - Tystl\u00e5ten - Batteridriven (OBS! 2 x AA-batterier f\u00f6ljer\u00a0inte\u00a0med)\" \/>\n<meta property=\"og:url\" content=\"https:\/\/lyconnordic.se\/privat\/produkt\/hand-held-hair-trimmer\/\" \/>\n<meta property=\"og:site_name\" content=\"LYCON Nordic - Sweden - Privat\" \/>\n<meta property=\"article:modified_time\" content=\"2025-11-06T12:01:25+00:00\" \/>\n<meta property=\"og:image\" content=\"https:\/\/lyconnordic.se\/privat\/wp-content\/uploads\/2023\/11\/Trimmer_Accessories_WEB.jpg\" \/>\n\t<meta property=\"og:image:width\" content=\"900\" \/>\n\t<meta property=\"og:image:height\" content=\"900\" \/>\n\t<meta property=\"og:image:type\" content=\"image\/jpeg\" \/>\n<meta name=\"twitter:card\" content=\"summary_large_image\" \/>\n<meta name=\"twitter:label1\" content=\"Ber\u00e4knad l\u00e4stid\" \/>\n\t<meta name=\"twitter:data1\" content=\"3 minuter\" \/>\n<script type=\"application\/ld+json\" class=\"yoast-schema-graph\">{\"@context\":\"https:\\\/\\\/schema.org\",\"@graph\":[{\"@type\":\"WebPage\",\"@id\":\"https:\\\/\\\/lyconnordic.se\\\/privat\\\/produkt\\\/hand-held-hair-trimmer\\\/\",\"url\":\"https:\\\/\\\/lyconnordic.se\\\/privat\\\/produkt\\\/hand-held-hair-trimmer\\\/\",\"name\":\"Prisv\u00e4rd h\u00e5r trimmer - LYCON Nordic - Sweden - Privat\",\"isPartOf\":{\"@id\":\"https:\\\/\\\/lyconnordic.se\\\/privat\\\/#website\"},\"primaryImageOfPage\":{\"@id\":\"https:\\\/\\\/lyconnordic.se\\\/privat\\\/produkt\\\/hand-held-hair-trimmer\\\/#primaryimage\"},\"image\":{\"@id\":\"https:\\\/\\\/lyconnordic.se\\\/privat\\\/produkt\\\/hand-held-hair-trimmer\\\/#primaryimage\"},\"thumbnailUrl\":\"https:\\\/\\\/lyconnordic.se\\\/privat\\\/wp-content\\\/uploads\\\/2023\\\/11\\\/Trimmer_Accessories_WEB.jpg\",\"datePublished\":\"2023-11-08T07:57:27+00:00\",\"dateModified\":\"2025-11-06T12:01:25+00:00\",\"breadcrumb\":{\"@id\":\"https:\\\/\\\/lyconnordic.se\\\/privat\\\/produkt\\\/hand-held-hair-trimmer\\\/#breadcrumb\"},\"inLanguage\":\"sv-SE\",\"potentialAction\":[{\"@type\":\"ReadAction\",\"target\":[\"https:\\\/\\\/lyconnordic.se\\\/privat\\\/produkt\\\/hand-held-hair-trimmer\\\/\"]}]},{\"@type\":\"ImageObject\",\"inLanguage\":\"sv-SE\",\"@id\":\"https:\\\/\\\/lyconnordic.se\\\/privat\\\/produkt\\\/hand-held-hair-trimmer\\\/#primaryimage\",\"url\":\"https:\\\/\\\/lyconnordic.se\\\/privat\\\/wp-content\\\/uploads\\\/2023\\\/11\\\/Trimmer_Accessories_WEB.jpg\",\"contentUrl\":\"https:\\\/\\\/lyconnordic.se\\\/privat\\\/wp-content\\\/uploads\\\/2023\\\/11\\\/Trimmer_Accessories_WEB.jpg\",\"width\":900,\"height\":900},{\"@type\":\"BreadcrumbList\",\"@id\":\"https:\\\/\\\/lyconnordic.se\\\/privat\\\/produkt\\\/hand-held-hair-trimmer\\\/#breadcrumb\",\"itemListElement\":[{\"@type\":\"ListItem\",\"position\":1,\"name\":\"Hem\",\"item\":\"https:\\\/\\\/lyconnordic.se\\\/privat\\\/\"},{\"@type\":\"ListItem\",\"position\":2,\"name\":\"Produkter\",\"item\":\"https:\\\/\\\/lyconnordic.se\\\/privat\\\/produkter\\\/\"},{\"@type\":\"ListItem\",\"position\":3,\"name\":\"Hand Held Hair Trimmer\"}]},{\"@type\":\"WebSite\",\"@id\":\"https:\\\/\\\/lyconnordic.se\\\/privat\\\/#website\",\"url\":\"https:\\\/\\\/lyconnordic.se\\\/privat\\\/\",\"name\":\"LYCON Nordic - Sweden\",\"description\":\"Lycon Nordic - Vax, Milt h\u00e5rborttagningsvax, Brasiliansk Vaxning, Exklusivt h\u00e5rborttagningsvax\",\"potentialAction\":[{\"@type\":\"SearchAction\",\"target\":{\"@type\":\"EntryPoint\",\"urlTemplate\":\"https:\\\/\\\/lyconnordic.se\\\/privat\\\/?s={search_term_string}\"},\"query-input\":{\"@type\":\"PropertyValueSpecification\",\"valueRequired\":true,\"valueName\":\"search_term_string\"}}],\"inLanguage\":\"sv-SE\"}]}<\/script>\n<!-- \/ Yoast SEO plugin. -->","yoast_head_json":{"title":"Prisv\u00e4rd h\u00e5r trimmer - LYCON Nordic - Sweden - Privat","robots":{"index":"index","follow":"follow","max-snippet":"max-snippet:-1","max-image-preview":"max-image-preview:large","max-video-preview":"max-video-preview:-1"},"canonical":"https:\/\/lyconnordic.se\/privat\/produkt\/hand-held-hair-trimmer\/","og_locale":"sv_SE","og_type":"article","og_title":"Prisv\u00e4rd h\u00e5r trimmer - LYCON Nordic - Sweden - Privat","og_description":"H\u00e5rtrimmer   En tr\u00e5dl\u00f6s och kompakt h\u00e5rtrimmer med fyra kammar i olika l\u00e4ngder.  - Med reng\u00f6ringsborste - Fyra utbytbara kammar (3mm, 6mm, 9mm, 12mm) - Ergonomisk utforming - Enkel reng\u00f6ring - Tystl\u00e5ten - Batteridriven (OBS! 2 x AA-batterier f\u00f6ljer\u00a0inte\u00a0med)","og_url":"https:\/\/lyconnordic.se\/privat\/produkt\/hand-held-hair-trimmer\/","og_site_name":"LYCON Nordic - Sweden - Privat","article_modified_time":"2025-11-06T12:01:25+00:00","og_image":[{"width":900,"height":900,"url":"https:\/\/lyconnordic.se\/privat\/wp-content\/uploads\/2023\/11\/Trimmer_Accessories_WEB.jpg","type":"image\/jpeg"}],"twitter_card":"summary_large_image","twitter_misc":{"Ber\u00e4knad l\u00e4stid":"3 minuter"},"schema":{"@context":"https:\/\/schema.org","@graph":[{"@type":"WebPage","@id":"https:\/\/lyconnordic.se\/privat\/produkt\/hand-held-hair-trimmer\/","url":"https:\/\/lyconnordic.se\/privat\/produkt\/hand-held-hair-trimmer\/","name":"Prisv\u00e4rd h\u00e5r trimmer - LYCON Nordic - Sweden - Privat","isPartOf":{"@id":"https:\/\/lyconnordic.se\/privat\/#website"},"primaryImageOfPage":{"@id":"https:\/\/lyconnordic.se\/privat\/produkt\/hand-held-hair-trimmer\/#primaryimage"},"image":{"@id":"https:\/\/lyconnordic.se\/privat\/produkt\/hand-held-hair-trimmer\/#primaryimage"},"thumbnailUrl":"https:\/\/lyconnordic.se\/privat\/wp-content\/uploads\/2023\/11\/Trimmer_Accessories_WEB.jpg","datePublished":"2023-11-08T07:57:27+00:00","dateModified":"2025-11-06T12:01:25+00:00","breadcrumb":{"@id":"https:\/\/lyconnordic.se\/privat\/produkt\/hand-held-hair-trimmer\/#breadcrumb"},"inLanguage":"sv-SE","potentialAction":[{"@type":"ReadAction","target":["https:\/\/lyconnordic.se\/privat\/produkt\/hand-held-hair-trimmer\/"]}]},{"@type":"ImageObject","inLanguage":"sv-SE","@id":"https:\/\/lyconnordic.se\/privat\/produkt\/hand-held-hair-trimmer\/#primaryimage","url":"https:\/\/lyconnordic.se\/privat\/wp-content\/uploads\/2023\/11\/Trimmer_Accessories_WEB.jpg","contentUrl":"https:\/\/lyconnordic.se\/privat\/wp-content\/uploads\/2023\/11\/Trimmer_Accessories_WEB.jpg","width":900,"height":900},{"@type":"BreadcrumbList","@id":"https:\/\/lyconnordic.se\/privat\/produkt\/hand-held-hair-trimmer\/#breadcrumb","itemListElement":[{"@type":"ListItem","position":1,"name":"Hem","item":"https:\/\/lyconnordic.se\/privat\/"},{"@type":"ListItem","position":2,"name":"Produkter","item":"https:\/\/lyconnordic.se\/privat\/produkter\/"},{"@type":"ListItem","position":3,"name":"Hand Held Hair Trimmer"}]},{"@type":"WebSite","@id":"https:\/\/lyconnordic.se\/privat\/#website","url":"https:\/\/lyconnordic.se\/privat\/","name":"LYCON Nordic - Sweden","description":"Lycon Nordic - Vax, Milt h\u00e5rborttagningsvax, Brasiliansk Vaxning, Exklusivt h\u00e5rborttagningsvax","potentialAction":[{"@type":"SearchAction","target":{"@type":"EntryPoint","urlTemplate":"https:\/\/lyconnordic.se\/privat\/?s={search_term_string}"},"query-input":{"@type":"PropertyValueSpecification","valueRequired":true,"valueName":"search_term_string"}}],"inLanguage":"sv-SE"}]}},"_links":{"self":[{"href":"https:\/\/lyconnordic.se\/privat\/wp-json\/wp\/v2\/product\/17176","targetHints":{"allow":["GET"]}}],"collection":[{"href":"https:\/\/lyconnordic.se\/privat\/wp-json\/wp\/v2\/product"}],"about":[{"href":"https:\/\/lyconnordic.se\/privat\/wp-json\/wp\/v2\/types\/product"}],"replies":[{"embeddable":true,"href":"https:\/\/lyconnordic.se\/privat\/wp-json\/wp\/v2\/comments?post=17176"}],"version-history":[{"count":12,"href":"https:\/\/lyconnordic.se\/privat\/wp-json\/wp\/v2\/product\/17176\/revisions"}],"predecessor-version":[{"id":23231,"href":"https:\/\/lyconnordic.se\/privat\/wp-json\/wp\/v2\/product\/17176\/revisions\/23231"}],"wp:featuredmedia":[{"embeddable":true,"href":"https:\/\/lyconnordic.se\/privat\/wp-json\/wp\/v2\/media\/17177"}],"wp:attachment":[{"href":"https:\/\/lyconnordic.se\/privat\/wp-json\/wp\/v2\/media?parent=17176"}],"wp:term":[{"taxonomy":"product_brand","embeddable":true,"href":"https:\/\/lyconnordic.se\/privat\/wp-json\/wp\/v2\/product_brand?post=17176"},{"taxonomy":"product_cat","embeddable":true,"href":"https:\/\/lyconnordic.se\/privat\/wp-json\/wp\/v2\/product_cat?post=17176"},{"taxonomy":"product_tag","embeddable":true,"href":"https:\/\/lyconnordic.se\/privat\/wp-json\/wp\/v2\/product_tag?post=17176"}],"curies":[{"name":"wp","href":"https:\/\/api.w.org\/{rel}","templated":true}]}}