{"id":17244,"date":"2023-11-08T08:50:06","date_gmt":"2023-11-08T08:50:06","guid":{"rendered":"https:\/\/lyconnordic.nyside2.net\/privat\/?post_type=product&#038;p=17244"},"modified":"2026-04-02T11:30:57","modified_gmt":"2026-04-02T09:30:57","slug":"ingrown-x-it-wipes-40pk","status":"publish","type":"product","link":"https:\/\/lyconnordic.se\/privat\/produkt\/ingrown-x-it-wipes-40pk\/","title":{"rendered":"INGROWN X-IT WIPES"},"content":{"rendered":"<p><span style=\"font-size: medium\">Ingrown-X-it wipes har en banbrytande formula som skonsamt exfolierar och hj\u00e4lper till att minimera, behandla och f\u00f6rebygga uppkomsten av\u00a0ingrodda h\u00e5r och irritationer\u00a0efter h\u00e5rborttagning s\u00e5 som vaxning och rakning. Kan \u00e4ven anv\u00e4ndas som behandling f\u00f6r en igent\u00e4ppt och oren hy. Sticker och br\u00e4nner inte p\u00e5 huden.<\/span><\/p>\n<p><span style=\"font-size: medium\">40 wipes<\/span><\/p>\n<p><span style=\"font-size: medium\">ANV\u00c4NDNING<\/span><\/p>\n<div class=\"wpb_text_column wpb_content_element\">\n<div class=\"wpb_wrapper\">\n<ol>\n<li><span style=\"font-size: medium\">Svep ingrown-X-it Wipes \u00f6ver en ren och torr hy direkt efter h\u00e5rborttagning. Anv\u00e4nds tv\u00e5 g\u00e5nger dagligen de f\u00f6rsta tv\u00e5 veckorna, d\u00e4refter en g\u00e5ng om dagen eller vid behov.<\/span><\/li>\n<li><span style=\"font-size: medium\">Anv\u00e4nds morgon och kv\u00e4ll f\u00f6r behandling av en oren och igent\u00e4ppt hud. H\u00e5ll burken v\u00e4l st\u00e4ngd.<br \/>\n<\/span><\/li>\n<\/ol>\n<p><span style=\"font-size: medium\"><strong>VARNING:<\/strong>\u00a0Inneh\u00e5ller Salicylsyra. F\u00f6rvaras utom r\u00e4ckh\u00e5ll fr\u00e5n barn. Undvik omr\u00e5det kring \u00f6gonen.\u00a0Konsultera med\u00a0l\u00e4kare innan anv\u00e4ndning vid graviditet.\u00a0<\/span><\/p>\n<\/div>\n<\/div>\n<p><span style=\"font-size: medium\"><strong>Vegansk | Cruelty Free\u00a0<\/strong><\/span><\/p>\n","protected":false},"excerpt":{"rendered":"<p>Ingrown-X-it wipes har en banbrytande formula som skonsamt exfolierar och hj\u00e4lper till att minimera, behandla och f\u00f6rebygga uppkomsten av ingrodda h\u00e5r och irritationer efter h\u00e5rborttagning s\u00e5 som vaxning och rakning. Kan \u00e4ven anv\u00e4ndas som behandling f\u00f6r en igent\u00e4ppt och oren hy. Sticker och br\u00e4nner inte p\u00e5 huden.<\/p>\n<p>40 wipes<\/p>\n<p>ANV\u00c4NDNING<\/p>\n<div class=\"wpb_text_column wpb_content_element\">\n<div class=\"wpb_wrapper\">\n<ol>\n<li>Svep ingrown-X-it Wipes \u00f6ver en ren och torr hy direkt efter h\u00e5rborttagning. Anv\u00e4nds tv\u00e5 g\u00e5nger dagligen de f\u00f6rsta tv\u00e5 veckorna, d\u00e4refter en g\u00e5ng om dagen eller vid behov.<\/li>\n<li>Anv\u00e4nds morgon och kv\u00e4ll f\u00f6r behandling av en oren och igent\u00e4ppt hud. H\u00e5ll burken v\u00e4l st\u00e4ngd.<\/li>\n<\/ol>\n<p><strong>VARNING:<\/strong>\u00a0Inneh\u00e5ller Salicylsyra. F\u00f6rvaras utom r\u00e4ckh\u00e5ll fr\u00e5n barn. Undvik omr\u00e5det kring \u00f6gonen.\u00a0Konsultera med\u00a0l\u00e4kare innan anv\u00e4ndning vid graviditet.<\/p>\n<\/div>\n<\/div>\n<p><strong>Vegansk | Cruelty Free\u00a0<\/strong><\/p>\n","protected":false},"featured_media":17245,"comment_status":"open","ping_status":"closed","template":"","meta":[],"product_brand":[],"product_cat":[91],"product_tag":[],"class_list":{"0":"post-17244","1":"product","2":"type-product","3":"status-publish","4":"has-post-thumbnail","6":"product_cat-ingrown-x-it","8":"first","9":"instock","10":"taxable","11":"shipping-taxable","12":"purchasable","13":"product-type-simple"},"yoast_head":"<!-- This site is optimized with the Yoast SEO plugin v27.5 - https:\/\/yoast.com\/product\/yoast-seo-wordpress\/ -->\n<title>INGROWN X-IT WIPES - LYCON Nordic - Sweden - Privat<\/title>\n<meta name=\"robots\" content=\"index, follow, max-snippet:-1, max-image-preview:large, max-video-preview:-1\" \/>\n<link rel=\"canonical\" href=\"https:\/\/lyconnordic.se\/privat\/produkt\/ingrown-x-it-wipes-40pk\/\" \/>\n<meta property=\"og:locale\" content=\"sv_SE\" \/>\n<meta property=\"og:type\" content=\"article\" \/>\n<meta property=\"og:title\" content=\"INGROWN X-IT WIPES - LYCON Nordic - Sweden - Privat\" \/>\n<meta property=\"og:description\" content=\"Ingrown-X-it wipes har en banbrytande formula som skonsamt exfolierar och hj\u00e4lper till att minimera, behandla och f\u00f6rebygga uppkomsten av ingrodda h\u00e5r och irritationer efter h\u00e5rborttagning s\u00e5 som vaxning och rakning. Kan \u00e4ven anv\u00e4ndas som behandling f\u00f6r en igent\u00e4ppt och oren hy. Sticker och br\u00e4nner inte p\u00e5 huden.  40 wipes  ANV\u00c4NDNING     Svep ingrown-X-it Wipes \u00f6ver en ren och torr hy direkt efter h\u00e5rborttagning. Anv\u00e4nds tv\u00e5 g\u00e5nger dagligen de f\u00f6rsta tv\u00e5 veckorna, d\u00e4refter en g\u00e5ng om dagen eller vid behov.  Anv\u00e4nds morgon och kv\u00e4ll f\u00f6r behandling av en oren och igent\u00e4ppt hud. H\u00e5ll burken v\u00e4l st\u00e4ngd.  VARNING:\u00a0Inneh\u00e5ller Salicylsyra. F\u00f6rvaras utom r\u00e4ckh\u00e5ll fr\u00e5n barn. Undvik omr\u00e5det kring \u00f6gonen.\u00a0Konsultera med\u00a0l\u00e4kare innan anv\u00e4ndning vid graviditet.    Vegansk | Cruelty Free\u00a0\" \/>\n<meta property=\"og:url\" content=\"https:\/\/lyconnordic.se\/privat\/produkt\/ingrown-x-it-wipes-40pk\/\" \/>\n<meta property=\"og:site_name\" content=\"LYCON Nordic - Sweden - Privat\" \/>\n<meta property=\"article:modified_time\" content=\"2026-04-02T09:30:57+00:00\" \/>\n<meta property=\"og:image\" content=\"https:\/\/lyconnordic.se\/privat\/wp-content\/uploads\/2023\/11\/ingrown-X-it_Wipes_WEB.jpg\" \/>\n\t<meta property=\"og:image:width\" content=\"900\" \/>\n\t<meta property=\"og:image:height\" content=\"900\" \/>\n\t<meta property=\"og:image:type\" content=\"image\/jpeg\" \/>\n<meta name=\"twitter:card\" content=\"summary_large_image\" \/>\n<meta name=\"twitter:label1\" content=\"Ber\u00e4knad l\u00e4stid\" \/>\n\t<meta name=\"twitter:data1\" content=\"1 minut\" \/>\n<script type=\"application\/ld+json\" class=\"yoast-schema-graph\">{\"@context\":\"https:\\\/\\\/schema.org\",\"@graph\":[{\"@type\":\"WebPage\",\"@id\":\"https:\\\/\\\/lyconnordic.se\\\/privat\\\/produkt\\\/ingrown-x-it-wipes-40pk\\\/\",\"url\":\"https:\\\/\\\/lyconnordic.se\\\/privat\\\/produkt\\\/ingrown-x-it-wipes-40pk\\\/\",\"name\":\"INGROWN X-IT WIPES - LYCON Nordic - Sweden - Privat\",\"isPartOf\":{\"@id\":\"https:\\\/\\\/lyconnordic.se\\\/privat\\\/#website\"},\"primaryImageOfPage\":{\"@id\":\"https:\\\/\\\/lyconnordic.se\\\/privat\\\/produkt\\\/ingrown-x-it-wipes-40pk\\\/#primaryimage\"},\"image\":{\"@id\":\"https:\\\/\\\/lyconnordic.se\\\/privat\\\/produkt\\\/ingrown-x-it-wipes-40pk\\\/#primaryimage\"},\"thumbnailUrl\":\"https:\\\/\\\/lyconnordic.se\\\/privat\\\/wp-content\\\/uploads\\\/2023\\\/11\\\/ingrown-X-it_Wipes_WEB.jpg\",\"datePublished\":\"2023-11-08T08:50:06+00:00\",\"dateModified\":\"2026-04-02T09:30:57+00:00\",\"breadcrumb\":{\"@id\":\"https:\\\/\\\/lyconnordic.se\\\/privat\\\/produkt\\\/ingrown-x-it-wipes-40pk\\\/#breadcrumb\"},\"inLanguage\":\"sv-SE\",\"potentialAction\":[{\"@type\":\"ReadAction\",\"target\":[\"https:\\\/\\\/lyconnordic.se\\\/privat\\\/produkt\\\/ingrown-x-it-wipes-40pk\\\/\"]}]},{\"@type\":\"ImageObject\",\"inLanguage\":\"sv-SE\",\"@id\":\"https:\\\/\\\/lyconnordic.se\\\/privat\\\/produkt\\\/ingrown-x-it-wipes-40pk\\\/#primaryimage\",\"url\":\"https:\\\/\\\/lyconnordic.se\\\/privat\\\/wp-content\\\/uploads\\\/2023\\\/11\\\/ingrown-X-it_Wipes_WEB.jpg\",\"contentUrl\":\"https:\\\/\\\/lyconnordic.se\\\/privat\\\/wp-content\\\/uploads\\\/2023\\\/11\\\/ingrown-X-it_Wipes_WEB.jpg\",\"width\":900,\"height\":900},{\"@type\":\"BreadcrumbList\",\"@id\":\"https:\\\/\\\/lyconnordic.se\\\/privat\\\/produkt\\\/ingrown-x-it-wipes-40pk\\\/#breadcrumb\",\"itemListElement\":[{\"@type\":\"ListItem\",\"position\":1,\"name\":\"Hem\",\"item\":\"https:\\\/\\\/lyconnordic.se\\\/privat\\\/\"},{\"@type\":\"ListItem\",\"position\":2,\"name\":\"Produkter\",\"item\":\"https:\\\/\\\/lyconnordic.se\\\/privat\\\/produkter\\\/\"},{\"@type\":\"ListItem\",\"position\":3,\"name\":\"INGROWN X-IT WIPES\"}]},{\"@type\":\"WebSite\",\"@id\":\"https:\\\/\\\/lyconnordic.se\\\/privat\\\/#website\",\"url\":\"https:\\\/\\\/lyconnordic.se\\\/privat\\\/\",\"name\":\"LYCON Nordic - Sweden\",\"description\":\"Lycon Nordic - Vax, Milt h\u00e5rborttagningsvax, Brasiliansk Vaxning, Exklusivt h\u00e5rborttagningsvax\",\"potentialAction\":[{\"@type\":\"SearchAction\",\"target\":{\"@type\":\"EntryPoint\",\"urlTemplate\":\"https:\\\/\\\/lyconnordic.se\\\/privat\\\/?s={search_term_string}\"},\"query-input\":{\"@type\":\"PropertyValueSpecification\",\"valueRequired\":true,\"valueName\":\"search_term_string\"}}],\"inLanguage\":\"sv-SE\"}]}<\/script>\n<!-- \/ Yoast SEO plugin. -->","yoast_head_json":{"title":"INGROWN X-IT WIPES - LYCON Nordic - Sweden - Privat","robots":{"index":"index","follow":"follow","max-snippet":"max-snippet:-1","max-image-preview":"max-image-preview:large","max-video-preview":"max-video-preview:-1"},"canonical":"https:\/\/lyconnordic.se\/privat\/produkt\/ingrown-x-it-wipes-40pk\/","og_locale":"sv_SE","og_type":"article","og_title":"INGROWN X-IT WIPES - LYCON Nordic - Sweden - Privat","og_description":"Ingrown-X-it wipes har en banbrytande formula som skonsamt exfolierar och hj\u00e4lper till att minimera, behandla och f\u00f6rebygga uppkomsten av ingrodda h\u00e5r och irritationer efter h\u00e5rborttagning s\u00e5 som vaxning och rakning. Kan \u00e4ven anv\u00e4ndas som behandling f\u00f6r en igent\u00e4ppt och oren hy. Sticker och br\u00e4nner inte p\u00e5 huden.  40 wipes  ANV\u00c4NDNING     Svep ingrown-X-it Wipes \u00f6ver en ren och torr hy direkt efter h\u00e5rborttagning. Anv\u00e4nds tv\u00e5 g\u00e5nger dagligen de f\u00f6rsta tv\u00e5 veckorna, d\u00e4refter en g\u00e5ng om dagen eller vid behov.  Anv\u00e4nds morgon och kv\u00e4ll f\u00f6r behandling av en oren och igent\u00e4ppt hud. H\u00e5ll burken v\u00e4l st\u00e4ngd.  VARNING:\u00a0Inneh\u00e5ller Salicylsyra. F\u00f6rvaras utom r\u00e4ckh\u00e5ll fr\u00e5n barn. Undvik omr\u00e5det kring \u00f6gonen.\u00a0Konsultera med\u00a0l\u00e4kare innan anv\u00e4ndning vid graviditet.    Vegansk | Cruelty Free\u00a0","og_url":"https:\/\/lyconnordic.se\/privat\/produkt\/ingrown-x-it-wipes-40pk\/","og_site_name":"LYCON Nordic - Sweden - Privat","article_modified_time":"2026-04-02T09:30:57+00:00","og_image":[{"width":900,"height":900,"url":"https:\/\/lyconnordic.se\/privat\/wp-content\/uploads\/2023\/11\/ingrown-X-it_Wipes_WEB.jpg","type":"image\/jpeg"}],"twitter_card":"summary_large_image","twitter_misc":{"Ber\u00e4knad l\u00e4stid":"1 minut"},"schema":{"@context":"https:\/\/schema.org","@graph":[{"@type":"WebPage","@id":"https:\/\/lyconnordic.se\/privat\/produkt\/ingrown-x-it-wipes-40pk\/","url":"https:\/\/lyconnordic.se\/privat\/produkt\/ingrown-x-it-wipes-40pk\/","name":"INGROWN X-IT WIPES - LYCON Nordic - Sweden - Privat","isPartOf":{"@id":"https:\/\/lyconnordic.se\/privat\/#website"},"primaryImageOfPage":{"@id":"https:\/\/lyconnordic.se\/privat\/produkt\/ingrown-x-it-wipes-40pk\/#primaryimage"},"image":{"@id":"https:\/\/lyconnordic.se\/privat\/produkt\/ingrown-x-it-wipes-40pk\/#primaryimage"},"thumbnailUrl":"https:\/\/lyconnordic.se\/privat\/wp-content\/uploads\/2023\/11\/ingrown-X-it_Wipes_WEB.jpg","datePublished":"2023-11-08T08:50:06+00:00","dateModified":"2026-04-02T09:30:57+00:00","breadcrumb":{"@id":"https:\/\/lyconnordic.se\/privat\/produkt\/ingrown-x-it-wipes-40pk\/#breadcrumb"},"inLanguage":"sv-SE","potentialAction":[{"@type":"ReadAction","target":["https:\/\/lyconnordic.se\/privat\/produkt\/ingrown-x-it-wipes-40pk\/"]}]},{"@type":"ImageObject","inLanguage":"sv-SE","@id":"https:\/\/lyconnordic.se\/privat\/produkt\/ingrown-x-it-wipes-40pk\/#primaryimage","url":"https:\/\/lyconnordic.se\/privat\/wp-content\/uploads\/2023\/11\/ingrown-X-it_Wipes_WEB.jpg","contentUrl":"https:\/\/lyconnordic.se\/privat\/wp-content\/uploads\/2023\/11\/ingrown-X-it_Wipes_WEB.jpg","width":900,"height":900},{"@type":"BreadcrumbList","@id":"https:\/\/lyconnordic.se\/privat\/produkt\/ingrown-x-it-wipes-40pk\/#breadcrumb","itemListElement":[{"@type":"ListItem","position":1,"name":"Hem","item":"https:\/\/lyconnordic.se\/privat\/"},{"@type":"ListItem","position":2,"name":"Produkter","item":"https:\/\/lyconnordic.se\/privat\/produkter\/"},{"@type":"ListItem","position":3,"name":"INGROWN X-IT WIPES"}]},{"@type":"WebSite","@id":"https:\/\/lyconnordic.se\/privat\/#website","url":"https:\/\/lyconnordic.se\/privat\/","name":"LYCON Nordic - Sweden","description":"Lycon Nordic - Vax, Milt h\u00e5rborttagningsvax, Brasiliansk Vaxning, Exklusivt h\u00e5rborttagningsvax","potentialAction":[{"@type":"SearchAction","target":{"@type":"EntryPoint","urlTemplate":"https:\/\/lyconnordic.se\/privat\/?s={search_term_string}"},"query-input":{"@type":"PropertyValueSpecification","valueRequired":true,"valueName":"search_term_string"}}],"inLanguage":"sv-SE"}]}},"_links":{"self":[{"href":"https:\/\/lyconnordic.se\/privat\/wp-json\/wp\/v2\/product\/17244","targetHints":{"allow":["GET"]}}],"collection":[{"href":"https:\/\/lyconnordic.se\/privat\/wp-json\/wp\/v2\/product"}],"about":[{"href":"https:\/\/lyconnordic.se\/privat\/wp-json\/wp\/v2\/types\/product"}],"replies":[{"embeddable":true,"href":"https:\/\/lyconnordic.se\/privat\/wp-json\/wp\/v2\/comments?post=17244"}],"version-history":[{"count":4,"href":"https:\/\/lyconnordic.se\/privat\/wp-json\/wp\/v2\/product\/17244\/revisions"}],"predecessor-version":[{"id":21289,"href":"https:\/\/lyconnordic.se\/privat\/wp-json\/wp\/v2\/product\/17244\/revisions\/21289"}],"wp:featuredmedia":[{"embeddable":true,"href":"https:\/\/lyconnordic.se\/privat\/wp-json\/wp\/v2\/media\/17245"}],"wp:attachment":[{"href":"https:\/\/lyconnordic.se\/privat\/wp-json\/wp\/v2\/media?parent=17244"}],"wp:term":[{"taxonomy":"product_brand","embeddable":true,"href":"https:\/\/lyconnordic.se\/privat\/wp-json\/wp\/v2\/product_brand?post=17244"},{"taxonomy":"product_cat","embeddable":true,"href":"https:\/\/lyconnordic.se\/privat\/wp-json\/wp\/v2\/product_cat?post=17244"},{"taxonomy":"product_tag","embeddable":true,"href":"https:\/\/lyconnordic.se\/privat\/wp-json\/wp\/v2\/product_tag?post=17244"}],"curies":[{"name":"wp","href":"https:\/\/api.w.org\/{rel}","templated":true}]}}