{"id":17270,"date":"2023-11-08T09:00:12","date_gmt":"2023-11-08T09:00:12","guid":{"rendered":"https:\/\/lyconnordic.nyside2.net\/privat\/?post_type=product&#038;p=17270"},"modified":"2025-11-06T13:00:31","modified_gmt":"2025-11-06T12:00:31","slug":"aloe-vera-soothing-gel-200ml","status":"publish","type":"product","link":"https:\/\/lyconnordic.se\/privat\/produkt\/aloe-vera-soothing-gel-200ml\/","title":{"rendered":"ALOE VERA SOOTHING GEL 200ml"},"content":{"rendered":"<h1>ALOE VERA SOOTHING GEL<\/h1>\n<div class=\"ingredients\">med hyaluronsyra och arnica<\/div>\n<p>Aloe Vera Soothing Gel lugnar snabbt ner huden, minskar r\u00f6dhet och \u00e4r fuktgivande f\u00f6r kropp och ansikte. Den \u00e4r utm\u00e4rkt att anv\u00e4nda efter laserbehandling, all typ av vaxning och efter solexponering.<\/p>\n<div class=\"pink-highlight\">Vegansk | Ej testat p\u00e5 djur<\/div>\n<p><strong>STORLEKAR:<\/strong> 200ml<\/p>\n","protected":false},"excerpt":{"rendered":"<div class=\"ingredients\">Med hyaluronsyra och arnica<\/div>\n<p>Aloe Vera Soothing Gel lugnar snabbt ner huden, minskar r\u00f6dhet och \u00e4r fuktgivande f\u00f6r kropp och ansikte. Den \u00e4r utm\u00e4rkt att anv\u00e4nda efter laserbehandling, all typ av vaxning och efter solexponering.<\/p>\n","protected":false},"featured_media":17271,"comment_status":"open","ping_status":"closed","template":"","meta":[],"product_brand":[],"product_cat":[90],"product_tag":[],"class_list":{"0":"post-17270","1":"product","2":"type-product","3":"status-publish","4":"has-post-thumbnail","6":"product_cat-lycon-spa","8":"first","9":"instock","10":"taxable","11":"shipping-taxable","12":"purchasable","13":"product-type-simple"},"yoast_head":"<!-- This site is optimized with the Yoast SEO plugin v27.5 - https:\/\/yoast.com\/product\/yoast-seo-wordpress\/ -->\n<title>ALOE VERA SOOTHING GEL 200ml - LYCON Nordic - Sweden - Privat<\/title>\n<meta name=\"robots\" content=\"index, follow, max-snippet:-1, max-image-preview:large, max-video-preview:-1\" \/>\n<link rel=\"canonical\" href=\"https:\/\/lyconnordic.se\/privat\/produkt\/aloe-vera-soothing-gel-200ml\/\" \/>\n<meta property=\"og:locale\" content=\"sv_SE\" \/>\n<meta property=\"og:type\" content=\"article\" \/>\n<meta property=\"og:title\" content=\"ALOE VERA SOOTHING GEL 200ml - LYCON Nordic - Sweden - Privat\" \/>\n<meta property=\"og:description\" content=\"Med hyaluronsyra och arnica Aloe Vera Soothing Gel lugnar snabbt ner huden, minskar r\u00f6dhet och \u00e4r fuktgivande f\u00f6r kropp och ansikte. Den \u00e4r utm\u00e4rkt att anv\u00e4nda efter laserbehandling, all typ av vaxning och efter solexponering.\" \/>\n<meta property=\"og:url\" content=\"https:\/\/lyconnordic.se\/privat\/produkt\/aloe-vera-soothing-gel-200ml\/\" \/>\n<meta property=\"og:site_name\" content=\"LYCON Nordic - Sweden - Privat\" \/>\n<meta property=\"article:modified_time\" content=\"2025-11-06T12:00:31+00:00\" \/>\n<meta property=\"og:image\" content=\"https:\/\/lyconnordic.se\/privat\/wp-content\/uploads\/2023\/11\/Aloe-Vera-Soothing-Gel_Spa-Essentials_200ml_WEB.jpg\" \/>\n\t<meta property=\"og:image:width\" content=\"900\" \/>\n\t<meta property=\"og:image:height\" content=\"900\" \/>\n\t<meta property=\"og:image:type\" content=\"image\/jpeg\" \/>\n<meta name=\"twitter:card\" content=\"summary_large_image\" \/>\n<script type=\"application\/ld+json\" class=\"yoast-schema-graph\">{\"@context\":\"https:\\\/\\\/schema.org\",\"@graph\":[{\"@type\":\"WebPage\",\"@id\":\"https:\\\/\\\/lyconnordic.se\\\/privat\\\/produkt\\\/aloe-vera-soothing-gel-200ml\\\/\",\"url\":\"https:\\\/\\\/lyconnordic.se\\\/privat\\\/produkt\\\/aloe-vera-soothing-gel-200ml\\\/\",\"name\":\"ALOE VERA SOOTHING GEL 200ml - LYCON Nordic - Sweden - Privat\",\"isPartOf\":{\"@id\":\"https:\\\/\\\/lyconnordic.se\\\/privat\\\/#website\"},\"primaryImageOfPage\":{\"@id\":\"https:\\\/\\\/lyconnordic.se\\\/privat\\\/produkt\\\/aloe-vera-soothing-gel-200ml\\\/#primaryimage\"},\"image\":{\"@id\":\"https:\\\/\\\/lyconnordic.se\\\/privat\\\/produkt\\\/aloe-vera-soothing-gel-200ml\\\/#primaryimage\"},\"thumbnailUrl\":\"https:\\\/\\\/lyconnordic.se\\\/privat\\\/wp-content\\\/uploads\\\/2023\\\/11\\\/Aloe-Vera-Soothing-Gel_Spa-Essentials_200ml_WEB.jpg\",\"datePublished\":\"2023-11-08T09:00:12+00:00\",\"dateModified\":\"2025-11-06T12:00:31+00:00\",\"breadcrumb\":{\"@id\":\"https:\\\/\\\/lyconnordic.se\\\/privat\\\/produkt\\\/aloe-vera-soothing-gel-200ml\\\/#breadcrumb\"},\"inLanguage\":\"sv-SE\",\"potentialAction\":[{\"@type\":\"ReadAction\",\"target\":[\"https:\\\/\\\/lyconnordic.se\\\/privat\\\/produkt\\\/aloe-vera-soothing-gel-200ml\\\/\"]}]},{\"@type\":\"ImageObject\",\"inLanguage\":\"sv-SE\",\"@id\":\"https:\\\/\\\/lyconnordic.se\\\/privat\\\/produkt\\\/aloe-vera-soothing-gel-200ml\\\/#primaryimage\",\"url\":\"https:\\\/\\\/lyconnordic.se\\\/privat\\\/wp-content\\\/uploads\\\/2023\\\/11\\\/Aloe-Vera-Soothing-Gel_Spa-Essentials_200ml_WEB.jpg\",\"contentUrl\":\"https:\\\/\\\/lyconnordic.se\\\/privat\\\/wp-content\\\/uploads\\\/2023\\\/11\\\/Aloe-Vera-Soothing-Gel_Spa-Essentials_200ml_WEB.jpg\",\"width\":900,\"height\":900},{\"@type\":\"BreadcrumbList\",\"@id\":\"https:\\\/\\\/lyconnordic.se\\\/privat\\\/produkt\\\/aloe-vera-soothing-gel-200ml\\\/#breadcrumb\",\"itemListElement\":[{\"@type\":\"ListItem\",\"position\":1,\"name\":\"Hem\",\"item\":\"https:\\\/\\\/lyconnordic.se\\\/privat\\\/\"},{\"@type\":\"ListItem\",\"position\":2,\"name\":\"Produkter\",\"item\":\"https:\\\/\\\/lyconnordic.se\\\/privat\\\/produkter\\\/\"},{\"@type\":\"ListItem\",\"position\":3,\"name\":\"ALOE VERA SOOTHING GEL 200ml\"}]},{\"@type\":\"WebSite\",\"@id\":\"https:\\\/\\\/lyconnordic.se\\\/privat\\\/#website\",\"url\":\"https:\\\/\\\/lyconnordic.se\\\/privat\\\/\",\"name\":\"LYCON Nordic - Sweden\",\"description\":\"Lycon Nordic - Vax, Milt h\u00e5rborttagningsvax, Brasiliansk Vaxning, Exklusivt h\u00e5rborttagningsvax\",\"potentialAction\":[{\"@type\":\"SearchAction\",\"target\":{\"@type\":\"EntryPoint\",\"urlTemplate\":\"https:\\\/\\\/lyconnordic.se\\\/privat\\\/?s={search_term_string}\"},\"query-input\":{\"@type\":\"PropertyValueSpecification\",\"valueRequired\":true,\"valueName\":\"search_term_string\"}}],\"inLanguage\":\"sv-SE\"}]}<\/script>\n<!-- \/ Yoast SEO plugin. -->","yoast_head_json":{"title":"ALOE VERA SOOTHING GEL 200ml - LYCON Nordic - Sweden - Privat","robots":{"index":"index","follow":"follow","max-snippet":"max-snippet:-1","max-image-preview":"max-image-preview:large","max-video-preview":"max-video-preview:-1"},"canonical":"https:\/\/lyconnordic.se\/privat\/produkt\/aloe-vera-soothing-gel-200ml\/","og_locale":"sv_SE","og_type":"article","og_title":"ALOE VERA SOOTHING GEL 200ml - LYCON Nordic - Sweden - Privat","og_description":"Med hyaluronsyra och arnica Aloe Vera Soothing Gel lugnar snabbt ner huden, minskar r\u00f6dhet och \u00e4r fuktgivande f\u00f6r kropp och ansikte. Den \u00e4r utm\u00e4rkt att anv\u00e4nda efter laserbehandling, all typ av vaxning och efter solexponering.","og_url":"https:\/\/lyconnordic.se\/privat\/produkt\/aloe-vera-soothing-gel-200ml\/","og_site_name":"LYCON Nordic - Sweden - Privat","article_modified_time":"2025-11-06T12:00:31+00:00","og_image":[{"width":900,"height":900,"url":"https:\/\/lyconnordic.se\/privat\/wp-content\/uploads\/2023\/11\/Aloe-Vera-Soothing-Gel_Spa-Essentials_200ml_WEB.jpg","type":"image\/jpeg"}],"twitter_card":"summary_large_image","schema":{"@context":"https:\/\/schema.org","@graph":[{"@type":"WebPage","@id":"https:\/\/lyconnordic.se\/privat\/produkt\/aloe-vera-soothing-gel-200ml\/","url":"https:\/\/lyconnordic.se\/privat\/produkt\/aloe-vera-soothing-gel-200ml\/","name":"ALOE VERA SOOTHING GEL 200ml - LYCON Nordic - Sweden - Privat","isPartOf":{"@id":"https:\/\/lyconnordic.se\/privat\/#website"},"primaryImageOfPage":{"@id":"https:\/\/lyconnordic.se\/privat\/produkt\/aloe-vera-soothing-gel-200ml\/#primaryimage"},"image":{"@id":"https:\/\/lyconnordic.se\/privat\/produkt\/aloe-vera-soothing-gel-200ml\/#primaryimage"},"thumbnailUrl":"https:\/\/lyconnordic.se\/privat\/wp-content\/uploads\/2023\/11\/Aloe-Vera-Soothing-Gel_Spa-Essentials_200ml_WEB.jpg","datePublished":"2023-11-08T09:00:12+00:00","dateModified":"2025-11-06T12:00:31+00:00","breadcrumb":{"@id":"https:\/\/lyconnordic.se\/privat\/produkt\/aloe-vera-soothing-gel-200ml\/#breadcrumb"},"inLanguage":"sv-SE","potentialAction":[{"@type":"ReadAction","target":["https:\/\/lyconnordic.se\/privat\/produkt\/aloe-vera-soothing-gel-200ml\/"]}]},{"@type":"ImageObject","inLanguage":"sv-SE","@id":"https:\/\/lyconnordic.se\/privat\/produkt\/aloe-vera-soothing-gel-200ml\/#primaryimage","url":"https:\/\/lyconnordic.se\/privat\/wp-content\/uploads\/2023\/11\/Aloe-Vera-Soothing-Gel_Spa-Essentials_200ml_WEB.jpg","contentUrl":"https:\/\/lyconnordic.se\/privat\/wp-content\/uploads\/2023\/11\/Aloe-Vera-Soothing-Gel_Spa-Essentials_200ml_WEB.jpg","width":900,"height":900},{"@type":"BreadcrumbList","@id":"https:\/\/lyconnordic.se\/privat\/produkt\/aloe-vera-soothing-gel-200ml\/#breadcrumb","itemListElement":[{"@type":"ListItem","position":1,"name":"Hem","item":"https:\/\/lyconnordic.se\/privat\/"},{"@type":"ListItem","position":2,"name":"Produkter","item":"https:\/\/lyconnordic.se\/privat\/produkter\/"},{"@type":"ListItem","position":3,"name":"ALOE VERA SOOTHING GEL 200ml"}]},{"@type":"WebSite","@id":"https:\/\/lyconnordic.se\/privat\/#website","url":"https:\/\/lyconnordic.se\/privat\/","name":"LYCON Nordic - Sweden","description":"Lycon Nordic - Vax, Milt h\u00e5rborttagningsvax, Brasiliansk Vaxning, Exklusivt h\u00e5rborttagningsvax","potentialAction":[{"@type":"SearchAction","target":{"@type":"EntryPoint","urlTemplate":"https:\/\/lyconnordic.se\/privat\/?s={search_term_string}"},"query-input":{"@type":"PropertyValueSpecification","valueRequired":true,"valueName":"search_term_string"}}],"inLanguage":"sv-SE"}]}},"_links":{"self":[{"href":"https:\/\/lyconnordic.se\/privat\/wp-json\/wp\/v2\/product\/17270","targetHints":{"allow":["GET"]}}],"collection":[{"href":"https:\/\/lyconnordic.se\/privat\/wp-json\/wp\/v2\/product"}],"about":[{"href":"https:\/\/lyconnordic.se\/privat\/wp-json\/wp\/v2\/types\/product"}],"replies":[{"embeddable":true,"href":"https:\/\/lyconnordic.se\/privat\/wp-json\/wp\/v2\/comments?post=17270"}],"version-history":[{"count":5,"href":"https:\/\/lyconnordic.se\/privat\/wp-json\/wp\/v2\/product\/17270\/revisions"}],"predecessor-version":[{"id":21231,"href":"https:\/\/lyconnordic.se\/privat\/wp-json\/wp\/v2\/product\/17270\/revisions\/21231"}],"wp:featuredmedia":[{"embeddable":true,"href":"https:\/\/lyconnordic.se\/privat\/wp-json\/wp\/v2\/media\/17271"}],"wp:attachment":[{"href":"https:\/\/lyconnordic.se\/privat\/wp-json\/wp\/v2\/media?parent=17270"}],"wp:term":[{"taxonomy":"product_brand","embeddable":true,"href":"https:\/\/lyconnordic.se\/privat\/wp-json\/wp\/v2\/product_brand?post=17270"},{"taxonomy":"product_cat","embeddable":true,"href":"https:\/\/lyconnordic.se\/privat\/wp-json\/wp\/v2\/product_cat?post=17270"},{"taxonomy":"product_tag","embeddable":true,"href":"https:\/\/lyconnordic.se\/privat\/wp-json\/wp\/v2\/product_tag?post=17270"}],"curies":[{"name":"wp","href":"https:\/\/api.w.org\/{rel}","templated":true}]}}