{"id":17277,"date":"2023-11-08T09:01:00","date_gmt":"2023-11-08T09:01:00","guid":{"rendered":"https:\/\/lyconnordic.nyside2.net\/privat\/?post_type=product&#038;p=17277"},"modified":"2025-11-06T13:11:44","modified_gmt":"2025-11-06T12:11:44","slug":"hair-on-strike-30g","status":"publish","type":"product","link":"https:\/\/lyconnordic.se\/privat\/produkt\/hair-on-strike-30g\/","title":{"rendered":"Hair on Strike 30g"},"content":{"rendered":"<div class=\"ingredients\">Med papaya och chaparral<\/div>\n<p>Avancerad formula som minskar h\u00e5rv\u00e4xt. Den inneh\u00e5ller extrakt av papaya och Chaparral som bevisats minska o\u00f6nskad h\u00e5rv\u00e4xt efter all typ av h\u00e5rborttagning. Vid regelbunden anv\u00e4ndning \u00e4ndras h\u00e5rstr\u00e5na och blir tunnare, mjukare och ljusare.<\/p>\n<p><strong>Vegansk | Cruelty-free | 30g<\/strong><\/p>\n","protected":false},"excerpt":{"rendered":"<div class=\"ingredients\">Med papaya och chaparral<\/div>\n<p>Avancerad formula som minskar h\u00e5rv\u00e4xt. Den inneh\u00e5ller extrakt av papaya och Chaparral som bevisats minska o\u00f6nskad h\u00e5rv\u00e4xt efter all typ av h\u00e5rborttagning. Vid regelbunden anv\u00e4ndning \u00e4ndras h\u00e5rstr\u00e5na och blir tunnare, mjukare och ljusare.<\/p>\n","protected":false},"featured_media":17278,"comment_status":"open","ping_status":"closed","template":"","meta":[],"product_brand":[],"product_cat":[90],"product_tag":[],"class_list":{"0":"post-17277","1":"product","2":"type-product","3":"status-publish","4":"has-post-thumbnail","6":"product_cat-lycon-spa","8":"first","9":"instock","10":"taxable","11":"shipping-taxable","12":"purchasable","13":"product-type-simple"},"yoast_head":"<!-- This site is optimized with the Yoast SEO plugin v27.5 - https:\/\/yoast.com\/product\/yoast-seo-wordpress\/ -->\n<title>Hair on Strike 30g - LYCON Nordic - Sweden - Privat<\/title>\n<meta name=\"robots\" content=\"index, follow, max-snippet:-1, max-image-preview:large, max-video-preview:-1\" \/>\n<link rel=\"canonical\" href=\"https:\/\/lyconnordic.se\/privat\/produkt\/hair-on-strike-30g\/\" \/>\n<meta property=\"og:locale\" content=\"sv_SE\" \/>\n<meta property=\"og:type\" content=\"article\" \/>\n<meta property=\"og:title\" content=\"Hair on Strike 30g - LYCON Nordic - Sweden - Privat\" \/>\n<meta property=\"og:description\" content=\"Med papaya och chaparral Avancerad formula som minskar h\u00e5rv\u00e4xt. Den inneh\u00e5ller extrakt av papaya och Chaparral som bevisats minska o\u00f6nskad h\u00e5rv\u00e4xt efter all typ av h\u00e5rborttagning. Vid regelbunden anv\u00e4ndning \u00e4ndras h\u00e5rstr\u00e5na och blir tunnare, mjukare och ljusare.\" \/>\n<meta property=\"og:url\" content=\"https:\/\/lyconnordic.se\/privat\/produkt\/hair-on-strike-30g\/\" \/>\n<meta property=\"og:site_name\" content=\"LYCON Nordic - Sweden - Privat\" \/>\n<meta property=\"article:modified_time\" content=\"2025-11-06T12:11:44+00:00\" \/>\n<meta property=\"og:image\" content=\"https:\/\/lyconnordic.se\/privat\/wp-content\/uploads\/2023\/11\/Hair-On_Strike_Spa-Essentials_30g_WEB.jpg\" \/>\n\t<meta property=\"og:image:width\" content=\"900\" \/>\n\t<meta property=\"og:image:height\" content=\"900\" \/>\n\t<meta property=\"og:image:type\" content=\"image\/jpeg\" \/>\n<meta name=\"twitter:card\" content=\"summary_large_image\" \/>\n<meta name=\"twitter:label1\" content=\"Ber\u00e4knad l\u00e4stid\" \/>\n\t<meta name=\"twitter:data1\" content=\"1 minut\" \/>\n<script type=\"application\/ld+json\" class=\"yoast-schema-graph\">{\"@context\":\"https:\\\/\\\/schema.org\",\"@graph\":[{\"@type\":\"WebPage\",\"@id\":\"https:\\\/\\\/lyconnordic.se\\\/privat\\\/produkt\\\/hair-on-strike-30g\\\/\",\"url\":\"https:\\\/\\\/lyconnordic.se\\\/privat\\\/produkt\\\/hair-on-strike-30g\\\/\",\"name\":\"Hair on Strike 30g - LYCON Nordic - Sweden - Privat\",\"isPartOf\":{\"@id\":\"https:\\\/\\\/lyconnordic.se\\\/privat\\\/#website\"},\"primaryImageOfPage\":{\"@id\":\"https:\\\/\\\/lyconnordic.se\\\/privat\\\/produkt\\\/hair-on-strike-30g\\\/#primaryimage\"},\"image\":{\"@id\":\"https:\\\/\\\/lyconnordic.se\\\/privat\\\/produkt\\\/hair-on-strike-30g\\\/#primaryimage\"},\"thumbnailUrl\":\"https:\\\/\\\/lyconnordic.se\\\/privat\\\/wp-content\\\/uploads\\\/2023\\\/11\\\/Hair-On_Strike_Spa-Essentials_30g_WEB.jpg\",\"datePublished\":\"2023-11-08T09:01:00+00:00\",\"dateModified\":\"2025-11-06T12:11:44+00:00\",\"breadcrumb\":{\"@id\":\"https:\\\/\\\/lyconnordic.se\\\/privat\\\/produkt\\\/hair-on-strike-30g\\\/#breadcrumb\"},\"inLanguage\":\"sv-SE\",\"potentialAction\":[{\"@type\":\"ReadAction\",\"target\":[\"https:\\\/\\\/lyconnordic.se\\\/privat\\\/produkt\\\/hair-on-strike-30g\\\/\"]}]},{\"@type\":\"ImageObject\",\"inLanguage\":\"sv-SE\",\"@id\":\"https:\\\/\\\/lyconnordic.se\\\/privat\\\/produkt\\\/hair-on-strike-30g\\\/#primaryimage\",\"url\":\"https:\\\/\\\/lyconnordic.se\\\/privat\\\/wp-content\\\/uploads\\\/2023\\\/11\\\/Hair-On_Strike_Spa-Essentials_30g_WEB.jpg\",\"contentUrl\":\"https:\\\/\\\/lyconnordic.se\\\/privat\\\/wp-content\\\/uploads\\\/2023\\\/11\\\/Hair-On_Strike_Spa-Essentials_30g_WEB.jpg\",\"width\":900,\"height\":900},{\"@type\":\"BreadcrumbList\",\"@id\":\"https:\\\/\\\/lyconnordic.se\\\/privat\\\/produkt\\\/hair-on-strike-30g\\\/#breadcrumb\",\"itemListElement\":[{\"@type\":\"ListItem\",\"position\":1,\"name\":\"Hem\",\"item\":\"https:\\\/\\\/lyconnordic.se\\\/privat\\\/\"},{\"@type\":\"ListItem\",\"position\":2,\"name\":\"Produkter\",\"item\":\"https:\\\/\\\/lyconnordic.se\\\/privat\\\/produkter\\\/\"},{\"@type\":\"ListItem\",\"position\":3,\"name\":\"Hair on Strike 30g\"}]},{\"@type\":\"WebSite\",\"@id\":\"https:\\\/\\\/lyconnordic.se\\\/privat\\\/#website\",\"url\":\"https:\\\/\\\/lyconnordic.se\\\/privat\\\/\",\"name\":\"LYCON Nordic - Sweden\",\"description\":\"Lycon Nordic - Vax, Milt h\u00e5rborttagningsvax, Brasiliansk Vaxning, Exklusivt h\u00e5rborttagningsvax\",\"potentialAction\":[{\"@type\":\"SearchAction\",\"target\":{\"@type\":\"EntryPoint\",\"urlTemplate\":\"https:\\\/\\\/lyconnordic.se\\\/privat\\\/?s={search_term_string}\"},\"query-input\":{\"@type\":\"PropertyValueSpecification\",\"valueRequired\":true,\"valueName\":\"search_term_string\"}}],\"inLanguage\":\"sv-SE\"}]}<\/script>\n<!-- \/ Yoast SEO plugin. -->","yoast_head_json":{"title":"Hair on Strike 30g - LYCON Nordic - Sweden - Privat","robots":{"index":"index","follow":"follow","max-snippet":"max-snippet:-1","max-image-preview":"max-image-preview:large","max-video-preview":"max-video-preview:-1"},"canonical":"https:\/\/lyconnordic.se\/privat\/produkt\/hair-on-strike-30g\/","og_locale":"sv_SE","og_type":"article","og_title":"Hair on Strike 30g - LYCON Nordic - Sweden - Privat","og_description":"Med papaya och chaparral Avancerad formula som minskar h\u00e5rv\u00e4xt. Den inneh\u00e5ller extrakt av papaya och Chaparral som bevisats minska o\u00f6nskad h\u00e5rv\u00e4xt efter all typ av h\u00e5rborttagning. Vid regelbunden anv\u00e4ndning \u00e4ndras h\u00e5rstr\u00e5na och blir tunnare, mjukare och ljusare.","og_url":"https:\/\/lyconnordic.se\/privat\/produkt\/hair-on-strike-30g\/","og_site_name":"LYCON Nordic - Sweden - Privat","article_modified_time":"2025-11-06T12:11:44+00:00","og_image":[{"width":900,"height":900,"url":"https:\/\/lyconnordic.se\/privat\/wp-content\/uploads\/2023\/11\/Hair-On_Strike_Spa-Essentials_30g_WEB.jpg","type":"image\/jpeg"}],"twitter_card":"summary_large_image","twitter_misc":{"Ber\u00e4knad l\u00e4stid":"1 minut"},"schema":{"@context":"https:\/\/schema.org","@graph":[{"@type":"WebPage","@id":"https:\/\/lyconnordic.se\/privat\/produkt\/hair-on-strike-30g\/","url":"https:\/\/lyconnordic.se\/privat\/produkt\/hair-on-strike-30g\/","name":"Hair on Strike 30g - LYCON Nordic - Sweden - Privat","isPartOf":{"@id":"https:\/\/lyconnordic.se\/privat\/#website"},"primaryImageOfPage":{"@id":"https:\/\/lyconnordic.se\/privat\/produkt\/hair-on-strike-30g\/#primaryimage"},"image":{"@id":"https:\/\/lyconnordic.se\/privat\/produkt\/hair-on-strike-30g\/#primaryimage"},"thumbnailUrl":"https:\/\/lyconnordic.se\/privat\/wp-content\/uploads\/2023\/11\/Hair-On_Strike_Spa-Essentials_30g_WEB.jpg","datePublished":"2023-11-08T09:01:00+00:00","dateModified":"2025-11-06T12:11:44+00:00","breadcrumb":{"@id":"https:\/\/lyconnordic.se\/privat\/produkt\/hair-on-strike-30g\/#breadcrumb"},"inLanguage":"sv-SE","potentialAction":[{"@type":"ReadAction","target":["https:\/\/lyconnordic.se\/privat\/produkt\/hair-on-strike-30g\/"]}]},{"@type":"ImageObject","inLanguage":"sv-SE","@id":"https:\/\/lyconnordic.se\/privat\/produkt\/hair-on-strike-30g\/#primaryimage","url":"https:\/\/lyconnordic.se\/privat\/wp-content\/uploads\/2023\/11\/Hair-On_Strike_Spa-Essentials_30g_WEB.jpg","contentUrl":"https:\/\/lyconnordic.se\/privat\/wp-content\/uploads\/2023\/11\/Hair-On_Strike_Spa-Essentials_30g_WEB.jpg","width":900,"height":900},{"@type":"BreadcrumbList","@id":"https:\/\/lyconnordic.se\/privat\/produkt\/hair-on-strike-30g\/#breadcrumb","itemListElement":[{"@type":"ListItem","position":1,"name":"Hem","item":"https:\/\/lyconnordic.se\/privat\/"},{"@type":"ListItem","position":2,"name":"Produkter","item":"https:\/\/lyconnordic.se\/privat\/produkter\/"},{"@type":"ListItem","position":3,"name":"Hair on Strike 30g"}]},{"@type":"WebSite","@id":"https:\/\/lyconnordic.se\/privat\/#website","url":"https:\/\/lyconnordic.se\/privat\/","name":"LYCON Nordic - Sweden","description":"Lycon Nordic - Vax, Milt h\u00e5rborttagningsvax, Brasiliansk Vaxning, Exklusivt h\u00e5rborttagningsvax","potentialAction":[{"@type":"SearchAction","target":{"@type":"EntryPoint","urlTemplate":"https:\/\/lyconnordic.se\/privat\/?s={search_term_string}"},"query-input":{"@type":"PropertyValueSpecification","valueRequired":true,"valueName":"search_term_string"}}],"inLanguage":"sv-SE"}]}},"_links":{"self":[{"href":"https:\/\/lyconnordic.se\/privat\/wp-json\/wp\/v2\/product\/17277","targetHints":{"allow":["GET"]}}],"collection":[{"href":"https:\/\/lyconnordic.se\/privat\/wp-json\/wp\/v2\/product"}],"about":[{"href":"https:\/\/lyconnordic.se\/privat\/wp-json\/wp\/v2\/types\/product"}],"replies":[{"embeddable":true,"href":"https:\/\/lyconnordic.se\/privat\/wp-json\/wp\/v2\/comments?post=17277"}],"version-history":[{"count":5,"href":"https:\/\/lyconnordic.se\/privat\/wp-json\/wp\/v2\/product\/17277\/revisions"}],"predecessor-version":[{"id":21061,"href":"https:\/\/lyconnordic.se\/privat\/wp-json\/wp\/v2\/product\/17277\/revisions\/21061"}],"wp:featuredmedia":[{"embeddable":true,"href":"https:\/\/lyconnordic.se\/privat\/wp-json\/wp\/v2\/media\/17278"}],"wp:attachment":[{"href":"https:\/\/lyconnordic.se\/privat\/wp-json\/wp\/v2\/media?parent=17277"}],"wp:term":[{"taxonomy":"product_brand","embeddable":true,"href":"https:\/\/lyconnordic.se\/privat\/wp-json\/wp\/v2\/product_brand?post=17277"},{"taxonomy":"product_cat","embeddable":true,"href":"https:\/\/lyconnordic.se\/privat\/wp-json\/wp\/v2\/product_cat?post=17277"},{"taxonomy":"product_tag","embeddable":true,"href":"https:\/\/lyconnordic.se\/privat\/wp-json\/wp\/v2\/product_tag?post=17277"}],"curies":[{"name":"wp","href":"https:\/\/api.w.org\/{rel}","templated":true}]}}