{"id":17296,"date":"2023-11-08T09:06:42","date_gmt":"2023-11-08T09:06:42","guid":{"rendered":"https:\/\/lyconnordic.nyside2.net\/privat\/?post_type=product&#038;p=17296"},"modified":"2025-11-06T12:59:48","modified_gmt":"2025-11-06T11:59:48","slug":"soothing-cream-250ml","status":"publish","type":"product","link":"https:\/\/lyconnordic.se\/privat\/produkt\/soothing-cream-250ml\/","title":{"rendered":"SOOTHING CREAM 250ml"},"content":{"rendered":"<h1>SOOTHING CREAM<\/h1>\n<div class=\"ingredients\">med sheasm\u00f6r, allantoin, kamomill och vitamin E.<\/div>\n<p>Den ultimata, n\u00e4rande kroppskr\u00e4men med extra v\u00e5rdande och skyddande egenskaper f\u00f6r torr och uttorkad hud. Efter n\u00e5gra minuter k\u00e4nns huden genast lenare och mjukare, fina linjer f\u00f6rsvinner samt k\u00e4nslig och irriterad hud skyddas och lugnas ner.<\/p>\n<div class=\"pink-highlight\">Vegansk | Ej testat p\u00e5 djur<\/div>\n<p><strong>STORLEKAR:<\/strong> 250ml<\/p>\n","protected":false},"excerpt":{"rendered":"<div class=\"ingredients\">med sheasm\u00f6r, allantoin, kamomill och vitamin E.<\/div>\n<p>Den ultimata, n\u00e4rande kroppskr\u00e4men med extra v\u00e5rdande och skyddande egenskaper f\u00f6r torr och uttorkad hud. Efter n\u00e5gra minuter k\u00e4nns huden genast lenare och mjukare, fina linjer f\u00f6rsvinner samt k\u00e4nslig och irriterad hud skyddas och lugnas ner.<\/p>\n","protected":false},"featured_media":17297,"comment_status":"open","ping_status":"closed","template":"","meta":[],"product_brand":[],"product_cat":[90],"product_tag":[],"class_list":{"0":"post-17296","1":"product","2":"type-product","3":"status-publish","4":"has-post-thumbnail","6":"product_cat-lycon-spa","8":"first","9":"instock","10":"taxable","11":"shipping-taxable","12":"purchasable","13":"product-type-simple"},"yoast_head":"<!-- This site is optimized with the Yoast SEO plugin v27.5 - https:\/\/yoast.com\/product\/yoast-seo-wordpress\/ -->\n<title>SOOTHING CREAM 250ml - LYCON Nordic - Sweden - Privat<\/title>\n<meta name=\"robots\" content=\"index, follow, max-snippet:-1, max-image-preview:large, max-video-preview:-1\" \/>\n<link rel=\"canonical\" href=\"https:\/\/lyconnordic.se\/privat\/produkt\/soothing-cream-250ml\/\" \/>\n<meta property=\"og:locale\" content=\"sv_SE\" \/>\n<meta property=\"og:type\" content=\"article\" \/>\n<meta property=\"og:title\" content=\"SOOTHING CREAM 250ml - LYCON Nordic - Sweden - Privat\" \/>\n<meta property=\"og:description\" content=\"med sheasm\u00f6r, allantoin, kamomill och vitamin E. Den ultimata, n\u00e4rande kroppskr\u00e4men med extra v\u00e5rdande och skyddande egenskaper f\u00f6r torr och uttorkad hud. Efter n\u00e5gra minuter k\u00e4nns huden genast lenare och mjukare, fina linjer f\u00f6rsvinner samt k\u00e4nslig och irriterad hud skyddas och lugnas ner.\" \/>\n<meta property=\"og:url\" content=\"https:\/\/lyconnordic.se\/privat\/produkt\/soothing-cream-250ml\/\" \/>\n<meta property=\"og:site_name\" content=\"LYCON Nordic - Sweden - Privat\" \/>\n<meta property=\"article:modified_time\" content=\"2025-11-06T11:59:48+00:00\" \/>\n<meta property=\"og:image\" content=\"https:\/\/lyconnordic.se\/privat\/wp-content\/uploads\/2023\/11\/Soothing-Cream_Spa-Essentials_250ml_WEB.jpg\" \/>\n\t<meta property=\"og:image:width\" content=\"900\" \/>\n\t<meta property=\"og:image:height\" content=\"900\" \/>\n\t<meta property=\"og:image:type\" content=\"image\/jpeg\" \/>\n<meta name=\"twitter:card\" content=\"summary_large_image\" \/>\n<script type=\"application\/ld+json\" class=\"yoast-schema-graph\">{\"@context\":\"https:\\\/\\\/schema.org\",\"@graph\":[{\"@type\":\"WebPage\",\"@id\":\"https:\\\/\\\/lyconnordic.se\\\/privat\\\/produkt\\\/soothing-cream-250ml\\\/\",\"url\":\"https:\\\/\\\/lyconnordic.se\\\/privat\\\/produkt\\\/soothing-cream-250ml\\\/\",\"name\":\"SOOTHING CREAM 250ml - LYCON Nordic - Sweden - Privat\",\"isPartOf\":{\"@id\":\"https:\\\/\\\/lyconnordic.se\\\/privat\\\/#website\"},\"primaryImageOfPage\":{\"@id\":\"https:\\\/\\\/lyconnordic.se\\\/privat\\\/produkt\\\/soothing-cream-250ml\\\/#primaryimage\"},\"image\":{\"@id\":\"https:\\\/\\\/lyconnordic.se\\\/privat\\\/produkt\\\/soothing-cream-250ml\\\/#primaryimage\"},\"thumbnailUrl\":\"https:\\\/\\\/lyconnordic.se\\\/privat\\\/wp-content\\\/uploads\\\/2023\\\/11\\\/Soothing-Cream_Spa-Essentials_250ml_WEB.jpg\",\"datePublished\":\"2023-11-08T09:06:42+00:00\",\"dateModified\":\"2025-11-06T11:59:48+00:00\",\"breadcrumb\":{\"@id\":\"https:\\\/\\\/lyconnordic.se\\\/privat\\\/produkt\\\/soothing-cream-250ml\\\/#breadcrumb\"},\"inLanguage\":\"sv-SE\",\"potentialAction\":[{\"@type\":\"ReadAction\",\"target\":[\"https:\\\/\\\/lyconnordic.se\\\/privat\\\/produkt\\\/soothing-cream-250ml\\\/\"]}]},{\"@type\":\"ImageObject\",\"inLanguage\":\"sv-SE\",\"@id\":\"https:\\\/\\\/lyconnordic.se\\\/privat\\\/produkt\\\/soothing-cream-250ml\\\/#primaryimage\",\"url\":\"https:\\\/\\\/lyconnordic.se\\\/privat\\\/wp-content\\\/uploads\\\/2023\\\/11\\\/Soothing-Cream_Spa-Essentials_250ml_WEB.jpg\",\"contentUrl\":\"https:\\\/\\\/lyconnordic.se\\\/privat\\\/wp-content\\\/uploads\\\/2023\\\/11\\\/Soothing-Cream_Spa-Essentials_250ml_WEB.jpg\",\"width\":900,\"height\":900},{\"@type\":\"BreadcrumbList\",\"@id\":\"https:\\\/\\\/lyconnordic.se\\\/privat\\\/produkt\\\/soothing-cream-250ml\\\/#breadcrumb\",\"itemListElement\":[{\"@type\":\"ListItem\",\"position\":1,\"name\":\"Hem\",\"item\":\"https:\\\/\\\/lyconnordic.se\\\/privat\\\/\"},{\"@type\":\"ListItem\",\"position\":2,\"name\":\"Produkter\",\"item\":\"https:\\\/\\\/lyconnordic.se\\\/privat\\\/produkter\\\/\"},{\"@type\":\"ListItem\",\"position\":3,\"name\":\"SOOTHING CREAM 250ml\"}]},{\"@type\":\"WebSite\",\"@id\":\"https:\\\/\\\/lyconnordic.se\\\/privat\\\/#website\",\"url\":\"https:\\\/\\\/lyconnordic.se\\\/privat\\\/\",\"name\":\"LYCON Nordic - Sweden\",\"description\":\"Lycon Nordic - Vax, Milt h\u00e5rborttagningsvax, Brasiliansk Vaxning, Exklusivt h\u00e5rborttagningsvax\",\"potentialAction\":[{\"@type\":\"SearchAction\",\"target\":{\"@type\":\"EntryPoint\",\"urlTemplate\":\"https:\\\/\\\/lyconnordic.se\\\/privat\\\/?s={search_term_string}\"},\"query-input\":{\"@type\":\"PropertyValueSpecification\",\"valueRequired\":true,\"valueName\":\"search_term_string\"}}],\"inLanguage\":\"sv-SE\"}]}<\/script>\n<!-- \/ Yoast SEO plugin. -->","yoast_head_json":{"title":"SOOTHING CREAM 250ml - LYCON Nordic - Sweden - Privat","robots":{"index":"index","follow":"follow","max-snippet":"max-snippet:-1","max-image-preview":"max-image-preview:large","max-video-preview":"max-video-preview:-1"},"canonical":"https:\/\/lyconnordic.se\/privat\/produkt\/soothing-cream-250ml\/","og_locale":"sv_SE","og_type":"article","og_title":"SOOTHING CREAM 250ml - LYCON Nordic - Sweden - Privat","og_description":"med sheasm\u00f6r, allantoin, kamomill och vitamin E. Den ultimata, n\u00e4rande kroppskr\u00e4men med extra v\u00e5rdande och skyddande egenskaper f\u00f6r torr och uttorkad hud. Efter n\u00e5gra minuter k\u00e4nns huden genast lenare och mjukare, fina linjer f\u00f6rsvinner samt k\u00e4nslig och irriterad hud skyddas och lugnas ner.","og_url":"https:\/\/lyconnordic.se\/privat\/produkt\/soothing-cream-250ml\/","og_site_name":"LYCON Nordic - Sweden - Privat","article_modified_time":"2025-11-06T11:59:48+00:00","og_image":[{"width":900,"height":900,"url":"https:\/\/lyconnordic.se\/privat\/wp-content\/uploads\/2023\/11\/Soothing-Cream_Spa-Essentials_250ml_WEB.jpg","type":"image\/jpeg"}],"twitter_card":"summary_large_image","schema":{"@context":"https:\/\/schema.org","@graph":[{"@type":"WebPage","@id":"https:\/\/lyconnordic.se\/privat\/produkt\/soothing-cream-250ml\/","url":"https:\/\/lyconnordic.se\/privat\/produkt\/soothing-cream-250ml\/","name":"SOOTHING CREAM 250ml - LYCON Nordic - Sweden - Privat","isPartOf":{"@id":"https:\/\/lyconnordic.se\/privat\/#website"},"primaryImageOfPage":{"@id":"https:\/\/lyconnordic.se\/privat\/produkt\/soothing-cream-250ml\/#primaryimage"},"image":{"@id":"https:\/\/lyconnordic.se\/privat\/produkt\/soothing-cream-250ml\/#primaryimage"},"thumbnailUrl":"https:\/\/lyconnordic.se\/privat\/wp-content\/uploads\/2023\/11\/Soothing-Cream_Spa-Essentials_250ml_WEB.jpg","datePublished":"2023-11-08T09:06:42+00:00","dateModified":"2025-11-06T11:59:48+00:00","breadcrumb":{"@id":"https:\/\/lyconnordic.se\/privat\/produkt\/soothing-cream-250ml\/#breadcrumb"},"inLanguage":"sv-SE","potentialAction":[{"@type":"ReadAction","target":["https:\/\/lyconnordic.se\/privat\/produkt\/soothing-cream-250ml\/"]}]},{"@type":"ImageObject","inLanguage":"sv-SE","@id":"https:\/\/lyconnordic.se\/privat\/produkt\/soothing-cream-250ml\/#primaryimage","url":"https:\/\/lyconnordic.se\/privat\/wp-content\/uploads\/2023\/11\/Soothing-Cream_Spa-Essentials_250ml_WEB.jpg","contentUrl":"https:\/\/lyconnordic.se\/privat\/wp-content\/uploads\/2023\/11\/Soothing-Cream_Spa-Essentials_250ml_WEB.jpg","width":900,"height":900},{"@type":"BreadcrumbList","@id":"https:\/\/lyconnordic.se\/privat\/produkt\/soothing-cream-250ml\/#breadcrumb","itemListElement":[{"@type":"ListItem","position":1,"name":"Hem","item":"https:\/\/lyconnordic.se\/privat\/"},{"@type":"ListItem","position":2,"name":"Produkter","item":"https:\/\/lyconnordic.se\/privat\/produkter\/"},{"@type":"ListItem","position":3,"name":"SOOTHING CREAM 250ml"}]},{"@type":"WebSite","@id":"https:\/\/lyconnordic.se\/privat\/#website","url":"https:\/\/lyconnordic.se\/privat\/","name":"LYCON Nordic - Sweden","description":"Lycon Nordic - Vax, Milt h\u00e5rborttagningsvax, Brasiliansk Vaxning, Exklusivt h\u00e5rborttagningsvax","potentialAction":[{"@type":"SearchAction","target":{"@type":"EntryPoint","urlTemplate":"https:\/\/lyconnordic.se\/privat\/?s={search_term_string}"},"query-input":{"@type":"PropertyValueSpecification","valueRequired":true,"valueName":"search_term_string"}}],"inLanguage":"sv-SE"}]}},"_links":{"self":[{"href":"https:\/\/lyconnordic.se\/privat\/wp-json\/wp\/v2\/product\/17296","targetHints":{"allow":["GET"]}}],"collection":[{"href":"https:\/\/lyconnordic.se\/privat\/wp-json\/wp\/v2\/product"}],"about":[{"href":"https:\/\/lyconnordic.se\/privat\/wp-json\/wp\/v2\/types\/product"}],"replies":[{"embeddable":true,"href":"https:\/\/lyconnordic.se\/privat\/wp-json\/wp\/v2\/comments?post=17296"}],"version-history":[{"count":5,"href":"https:\/\/lyconnordic.se\/privat\/wp-json\/wp\/v2\/product\/17296\/revisions"}],"predecessor-version":[{"id":21229,"href":"https:\/\/lyconnordic.se\/privat\/wp-json\/wp\/v2\/product\/17296\/revisions\/21229"}],"wp:featuredmedia":[{"embeddable":true,"href":"https:\/\/lyconnordic.se\/privat\/wp-json\/wp\/v2\/media\/17297"}],"wp:attachment":[{"href":"https:\/\/lyconnordic.se\/privat\/wp-json\/wp\/v2\/media?parent=17296"}],"wp:term":[{"taxonomy":"product_brand","embeddable":true,"href":"https:\/\/lyconnordic.se\/privat\/wp-json\/wp\/v2\/product_brand?post=17296"},{"taxonomy":"product_cat","embeddable":true,"href":"https:\/\/lyconnordic.se\/privat\/wp-json\/wp\/v2\/product_cat?post=17296"},{"taxonomy":"product_tag","embeddable":true,"href":"https:\/\/lyconnordic.se\/privat\/wp-json\/wp\/v2\/product_tag?post=17296"}],"curies":[{"name":"wp","href":"https:\/\/api.w.org\/{rel}","templated":true}]}}