{"id":17299,"date":"2023-11-08T09:07:19","date_gmt":"2023-11-08T09:07:19","guid":{"rendered":"https:\/\/lyconnordic.nyside2.net\/privat\/?post_type=product&#038;p=17299"},"modified":"2026-04-06T19:53:21","modified_gmt":"2026-04-06T17:53:21","slug":"tea-tree-soothe-250ml","status":"publish","type":"product","link":"https:\/\/lyconnordic.se\/privat\/produkt\/tea-tree-soothe-250ml\/","title":{"rendered":"TEA TREE SOOTHE 250 ml"},"content":{"rendered":"<h1>TEA-TREE SOOTHE<\/h1>\n<div class=\"ingredients\">med Tea Tree, Ros och Kamomill<\/div>\n<p>En v\u00e4ldigt l\u00e4tt kroppslotion som inte klibbar och snabbt v\u00e5rdar samt \u00e5terfuktar huden. Den hj\u00e4lper till att minimera blemmor och ingrodda h\u00e5r. Passar alla hudtyper.<\/p>\n<div class=\"pink-highlight\">Vegansk | Ej testat p\u00e5 djur<\/div>\n<p><strong>STORLEKAR:<\/strong>\u00a0250ml<\/p>\n","protected":false},"excerpt":{"rendered":"<div class=\"ingredients\">med Tea Tree, Ros och Kamomill<\/div>\n<p>En v\u00e4ldigt l\u00e4tt kroppslotion som inte klibbar och snabbt v\u00e5rdar samt \u00e5terfuktar huden. Den hj\u00e4lper till att minimera blemmor och ingrodda h\u00e5r. Passar alla hudtyper.<\/p>\n<div class=\"pink-highlight\">Vegansk | Ej testat p\u00e5 djur<\/div>\n<p><strong>STORLEK:<\/strong>\u00a0250ml<\/p>\n","protected":false},"featured_media":17300,"comment_status":"open","ping_status":"closed","template":"","meta":[],"product_brand":[],"product_cat":[90],"product_tag":[],"class_list":{"0":"post-17299","1":"product","2":"type-product","3":"status-publish","4":"has-post-thumbnail","6":"product_cat-lycon-spa","8":"first","9":"instock","10":"taxable","11":"shipping-taxable","12":"purchasable","13":"product-type-simple"},"yoast_head":"<!-- This site is optimized with the Yoast SEO plugin v27.5 - https:\/\/yoast.com\/product\/yoast-seo-wordpress\/ -->\n<title>TEA TREE SOOTHE 250 ml - LYCON Nordic - Sweden - Privat<\/title>\n<meta name=\"robots\" content=\"index, follow, max-snippet:-1, max-image-preview:large, max-video-preview:-1\" \/>\n<link rel=\"canonical\" href=\"https:\/\/lyconnordic.se\/privat\/produkt\/tea-tree-soothe-250ml\/\" \/>\n<meta property=\"og:locale\" content=\"sv_SE\" \/>\n<meta property=\"og:type\" content=\"article\" \/>\n<meta property=\"og:title\" content=\"TEA TREE SOOTHE 250 ml - LYCON Nordic - Sweden - Privat\" \/>\n<meta property=\"og:description\" content=\"med Tea Tree, Ros och Kamomill En v\u00e4ldigt l\u00e4tt kroppslotion som inte klibbar och snabbt v\u00e5rdar samt \u00e5terfuktar huden. Den hj\u00e4lper till att minimera blemmor och ingrodda h\u00e5r. Passar alla hudtyper. Vegansk | Ej testat p\u00e5 djur STORLEK:\u00a0250ml\" \/>\n<meta property=\"og:url\" content=\"https:\/\/lyconnordic.se\/privat\/produkt\/tea-tree-soothe-250ml\/\" \/>\n<meta property=\"og:site_name\" content=\"LYCON Nordic - Sweden - Privat\" \/>\n<meta property=\"article:modified_time\" content=\"2026-04-06T17:53:21+00:00\" \/>\n<meta property=\"og:image\" content=\"https:\/\/lyconnordic.se\/privat\/wp-content\/uploads\/2023\/11\/Tea-Tree-Soothe_Spa-Essentials_250ml_WEB.jpg\" \/>\n\t<meta property=\"og:image:width\" content=\"900\" \/>\n\t<meta property=\"og:image:height\" content=\"900\" \/>\n\t<meta property=\"og:image:type\" content=\"image\/jpeg\" \/>\n<meta name=\"twitter:card\" content=\"summary_large_image\" \/>\n<script type=\"application\/ld+json\" class=\"yoast-schema-graph\">{\"@context\":\"https:\\\/\\\/schema.org\",\"@graph\":[{\"@type\":\"WebPage\",\"@id\":\"https:\\\/\\\/lyconnordic.se\\\/privat\\\/produkt\\\/tea-tree-soothe-250ml\\\/\",\"url\":\"https:\\\/\\\/lyconnordic.se\\\/privat\\\/produkt\\\/tea-tree-soothe-250ml\\\/\",\"name\":\"TEA TREE SOOTHE 250 ml - LYCON Nordic - Sweden - Privat\",\"isPartOf\":{\"@id\":\"https:\\\/\\\/lyconnordic.se\\\/privat\\\/#website\"},\"primaryImageOfPage\":{\"@id\":\"https:\\\/\\\/lyconnordic.se\\\/privat\\\/produkt\\\/tea-tree-soothe-250ml\\\/#primaryimage\"},\"image\":{\"@id\":\"https:\\\/\\\/lyconnordic.se\\\/privat\\\/produkt\\\/tea-tree-soothe-250ml\\\/#primaryimage\"},\"thumbnailUrl\":\"https:\\\/\\\/lyconnordic.se\\\/privat\\\/wp-content\\\/uploads\\\/2023\\\/11\\\/Tea-Tree-Soothe_Spa-Essentials_250ml_WEB.jpg\",\"datePublished\":\"2023-11-08T09:07:19+00:00\",\"dateModified\":\"2026-04-06T17:53:21+00:00\",\"breadcrumb\":{\"@id\":\"https:\\\/\\\/lyconnordic.se\\\/privat\\\/produkt\\\/tea-tree-soothe-250ml\\\/#breadcrumb\"},\"inLanguage\":\"sv-SE\",\"potentialAction\":[{\"@type\":\"ReadAction\",\"target\":[\"https:\\\/\\\/lyconnordic.se\\\/privat\\\/produkt\\\/tea-tree-soothe-250ml\\\/\"]}]},{\"@type\":\"ImageObject\",\"inLanguage\":\"sv-SE\",\"@id\":\"https:\\\/\\\/lyconnordic.se\\\/privat\\\/produkt\\\/tea-tree-soothe-250ml\\\/#primaryimage\",\"url\":\"https:\\\/\\\/lyconnordic.se\\\/privat\\\/wp-content\\\/uploads\\\/2023\\\/11\\\/Tea-Tree-Soothe_Spa-Essentials_250ml_WEB.jpg\",\"contentUrl\":\"https:\\\/\\\/lyconnordic.se\\\/privat\\\/wp-content\\\/uploads\\\/2023\\\/11\\\/Tea-Tree-Soothe_Spa-Essentials_250ml_WEB.jpg\",\"width\":900,\"height\":900},{\"@type\":\"BreadcrumbList\",\"@id\":\"https:\\\/\\\/lyconnordic.se\\\/privat\\\/produkt\\\/tea-tree-soothe-250ml\\\/#breadcrumb\",\"itemListElement\":[{\"@type\":\"ListItem\",\"position\":1,\"name\":\"Hem\",\"item\":\"https:\\\/\\\/lyconnordic.se\\\/privat\\\/\"},{\"@type\":\"ListItem\",\"position\":2,\"name\":\"Produkter\",\"item\":\"https:\\\/\\\/lyconnordic.se\\\/privat\\\/produkter\\\/\"},{\"@type\":\"ListItem\",\"position\":3,\"name\":\"TEA TREE SOOTHE 250 ml\"}]},{\"@type\":\"WebSite\",\"@id\":\"https:\\\/\\\/lyconnordic.se\\\/privat\\\/#website\",\"url\":\"https:\\\/\\\/lyconnordic.se\\\/privat\\\/\",\"name\":\"LYCON Nordic - Sweden\",\"description\":\"Lycon Nordic - Vax, Milt h\u00e5rborttagningsvax, Brasiliansk Vaxning, Exklusivt h\u00e5rborttagningsvax\",\"potentialAction\":[{\"@type\":\"SearchAction\",\"target\":{\"@type\":\"EntryPoint\",\"urlTemplate\":\"https:\\\/\\\/lyconnordic.se\\\/privat\\\/?s={search_term_string}\"},\"query-input\":{\"@type\":\"PropertyValueSpecification\",\"valueRequired\":true,\"valueName\":\"search_term_string\"}}],\"inLanguage\":\"sv-SE\"}]}<\/script>\n<!-- \/ Yoast SEO plugin. -->","yoast_head_json":{"title":"TEA TREE SOOTHE 250 ml - LYCON Nordic - Sweden - Privat","robots":{"index":"index","follow":"follow","max-snippet":"max-snippet:-1","max-image-preview":"max-image-preview:large","max-video-preview":"max-video-preview:-1"},"canonical":"https:\/\/lyconnordic.se\/privat\/produkt\/tea-tree-soothe-250ml\/","og_locale":"sv_SE","og_type":"article","og_title":"TEA TREE SOOTHE 250 ml - LYCON Nordic - Sweden - Privat","og_description":"med Tea Tree, Ros och Kamomill En v\u00e4ldigt l\u00e4tt kroppslotion som inte klibbar och snabbt v\u00e5rdar samt \u00e5terfuktar huden. Den hj\u00e4lper till att minimera blemmor och ingrodda h\u00e5r. Passar alla hudtyper. Vegansk | Ej testat p\u00e5 djur STORLEK:\u00a0250ml","og_url":"https:\/\/lyconnordic.se\/privat\/produkt\/tea-tree-soothe-250ml\/","og_site_name":"LYCON Nordic - Sweden - Privat","article_modified_time":"2026-04-06T17:53:21+00:00","og_image":[{"width":900,"height":900,"url":"https:\/\/lyconnordic.se\/privat\/wp-content\/uploads\/2023\/11\/Tea-Tree-Soothe_Spa-Essentials_250ml_WEB.jpg","type":"image\/jpeg"}],"twitter_card":"summary_large_image","schema":{"@context":"https:\/\/schema.org","@graph":[{"@type":"WebPage","@id":"https:\/\/lyconnordic.se\/privat\/produkt\/tea-tree-soothe-250ml\/","url":"https:\/\/lyconnordic.se\/privat\/produkt\/tea-tree-soothe-250ml\/","name":"TEA TREE SOOTHE 250 ml - LYCON Nordic - Sweden - Privat","isPartOf":{"@id":"https:\/\/lyconnordic.se\/privat\/#website"},"primaryImageOfPage":{"@id":"https:\/\/lyconnordic.se\/privat\/produkt\/tea-tree-soothe-250ml\/#primaryimage"},"image":{"@id":"https:\/\/lyconnordic.se\/privat\/produkt\/tea-tree-soothe-250ml\/#primaryimage"},"thumbnailUrl":"https:\/\/lyconnordic.se\/privat\/wp-content\/uploads\/2023\/11\/Tea-Tree-Soothe_Spa-Essentials_250ml_WEB.jpg","datePublished":"2023-11-08T09:07:19+00:00","dateModified":"2026-04-06T17:53:21+00:00","breadcrumb":{"@id":"https:\/\/lyconnordic.se\/privat\/produkt\/tea-tree-soothe-250ml\/#breadcrumb"},"inLanguage":"sv-SE","potentialAction":[{"@type":"ReadAction","target":["https:\/\/lyconnordic.se\/privat\/produkt\/tea-tree-soothe-250ml\/"]}]},{"@type":"ImageObject","inLanguage":"sv-SE","@id":"https:\/\/lyconnordic.se\/privat\/produkt\/tea-tree-soothe-250ml\/#primaryimage","url":"https:\/\/lyconnordic.se\/privat\/wp-content\/uploads\/2023\/11\/Tea-Tree-Soothe_Spa-Essentials_250ml_WEB.jpg","contentUrl":"https:\/\/lyconnordic.se\/privat\/wp-content\/uploads\/2023\/11\/Tea-Tree-Soothe_Spa-Essentials_250ml_WEB.jpg","width":900,"height":900},{"@type":"BreadcrumbList","@id":"https:\/\/lyconnordic.se\/privat\/produkt\/tea-tree-soothe-250ml\/#breadcrumb","itemListElement":[{"@type":"ListItem","position":1,"name":"Hem","item":"https:\/\/lyconnordic.se\/privat\/"},{"@type":"ListItem","position":2,"name":"Produkter","item":"https:\/\/lyconnordic.se\/privat\/produkter\/"},{"@type":"ListItem","position":3,"name":"TEA TREE SOOTHE 250 ml"}]},{"@type":"WebSite","@id":"https:\/\/lyconnordic.se\/privat\/#website","url":"https:\/\/lyconnordic.se\/privat\/","name":"LYCON Nordic - Sweden","description":"Lycon Nordic - Vax, Milt h\u00e5rborttagningsvax, Brasiliansk Vaxning, Exklusivt h\u00e5rborttagningsvax","potentialAction":[{"@type":"SearchAction","target":{"@type":"EntryPoint","urlTemplate":"https:\/\/lyconnordic.se\/privat\/?s={search_term_string}"},"query-input":{"@type":"PropertyValueSpecification","valueRequired":true,"valueName":"search_term_string"}}],"inLanguage":"sv-SE"}]}},"_links":{"self":[{"href":"https:\/\/lyconnordic.se\/privat\/wp-json\/wp\/v2\/product\/17299","targetHints":{"allow":["GET"]}}],"collection":[{"href":"https:\/\/lyconnordic.se\/privat\/wp-json\/wp\/v2\/product"}],"about":[{"href":"https:\/\/lyconnordic.se\/privat\/wp-json\/wp\/v2\/types\/product"}],"replies":[{"embeddable":true,"href":"https:\/\/lyconnordic.se\/privat\/wp-json\/wp\/v2\/comments?post=17299"}],"version-history":[{"count":6,"href":"https:\/\/lyconnordic.se\/privat\/wp-json\/wp\/v2\/product\/17299\/revisions"}],"predecessor-version":[{"id":21230,"href":"https:\/\/lyconnordic.se\/privat\/wp-json\/wp\/v2\/product\/17299\/revisions\/21230"}],"wp:featuredmedia":[{"embeddable":true,"href":"https:\/\/lyconnordic.se\/privat\/wp-json\/wp\/v2\/media\/17300"}],"wp:attachment":[{"href":"https:\/\/lyconnordic.se\/privat\/wp-json\/wp\/v2\/media?parent=17299"}],"wp:term":[{"taxonomy":"product_brand","embeddable":true,"href":"https:\/\/lyconnordic.se\/privat\/wp-json\/wp\/v2\/product_brand?post=17299"},{"taxonomy":"product_cat","embeddable":true,"href":"https:\/\/lyconnordic.se\/privat\/wp-json\/wp\/v2\/product_cat?post=17299"},{"taxonomy":"product_tag","embeddable":true,"href":"https:\/\/lyconnordic.se\/privat\/wp-json\/wp\/v2\/product_tag?post=17299"}],"curies":[{"name":"wp","href":"https:\/\/api.w.org\/{rel}","templated":true}]}}