{"id":17884,"date":"2024-01-18T09:08:02","date_gmt":"2024-01-18T08:08:02","guid":{"rendered":"https:\/\/lyconnordic.nyside2.net\/privat\/?post_type=product&#038;p=17884"},"modified":"2026-01-13T16:08:29","modified_gmt":"2026-01-13T15:08:29","slug":"wax-cellence-cleanser-30ml","status":"publish","type":"product","link":"https:\/\/lyconnordic.se\/privat\/produkt\/wax-cellence-cleanser-30ml\/","title":{"rendered":"WAX-CELLENCE CLEANSER 30ml"},"content":{"rendered":"<p><span style=\"font-size: medium\">Refill till Wax-Cellence Home Waxing Kit. <\/span><\/p>\n<p><span style=\"font-size: medium\">En skonsam och uppfriskande reng\u00f6ring som avl\u00e4gsnar talg, smuts, svett, make-up och kr\u00e4mrester fr\u00e5n huden f\u00f6re all typ av vaxning. Anv\u00e4nds \u00e4ven efter vaxning f\u00f6r att reng\u00f6ra huden samt f\u00f6r att hj\u00e4lpa till att st\u00e4nga h\u00e5rfolliklarna.<\/span><\/p>\n<p><strong>Vegansk | Cruelty Free |<\/strong><\/p>\n","protected":false},"excerpt":{"rendered":"<p><span style=\"font-size: medium\">Refill till Wax-Cellence Home Waxing Kit. <\/span><\/p>\n<p><span style=\"font-size: medium\">En skonsam och uppfriskande reng\u00f6ring som avl\u00e4gsnar talg, smuts, svett, make-up och kr\u00e4mrester fr\u00e5n huden f\u00f6re all typ av vaxning. Anv\u00e4nds \u00e4ven efter vaxning f\u00f6r att reng\u00f6ra huden samt f\u00f6r att hj\u00e4lpa till att st\u00e4nga h\u00e5rfolliklarna.<\/span><\/p>\n","protected":false},"featured_media":17893,"comment_status":"open","ping_status":"closed","template":"","meta":[],"product_brand":[],"product_cat":[163],"product_tag":[],"class_list":{"0":"post-17884","1":"product","2":"type-product","3":"status-publish","4":"has-post-thumbnail","6":"product_cat-wax-cellence","8":"first","9":"instock","10":"taxable","11":"shipping-taxable","12":"purchasable","13":"product-type-simple"},"yoast_head":"<!-- This site is optimized with the Yoast SEO plugin v27.5 - https:\/\/yoast.com\/product\/yoast-seo-wordpress\/ -->\n<title>WAX-CELLENCE CLEANSER 30ml - LYCON Nordic - Sweden - Privat<\/title>\n<meta name=\"robots\" content=\"index, follow, max-snippet:-1, max-image-preview:large, max-video-preview:-1\" \/>\n<link rel=\"canonical\" href=\"https:\/\/lyconnordic.se\/privat\/produkt\/wax-cellence-cleanser-30ml\/\" \/>\n<meta property=\"og:locale\" content=\"sv_SE\" \/>\n<meta property=\"og:type\" content=\"article\" \/>\n<meta property=\"og:title\" content=\"WAX-CELLENCE CLEANSER 30ml - LYCON Nordic - Sweden - Privat\" \/>\n<meta property=\"og:description\" content=\"Refill till Wax-Cellence Home Waxing Kit.   En skonsam och uppfriskande reng\u00f6ring som avl\u00e4gsnar talg, smuts, svett, make-up och kr\u00e4mrester fr\u00e5n huden f\u00f6re all typ av vaxning. Anv\u00e4nds \u00e4ven efter vaxning f\u00f6r att reng\u00f6ra huden samt f\u00f6r att hj\u00e4lpa till att st\u00e4nga h\u00e5rfolliklarna.\" \/>\n<meta property=\"og:url\" content=\"https:\/\/lyconnordic.se\/privat\/produkt\/wax-cellence-cleanser-30ml\/\" \/>\n<meta property=\"og:site_name\" content=\"LYCON Nordic - Sweden - Privat\" \/>\n<meta property=\"article:modified_time\" content=\"2026-01-13T15:08:29+00:00\" \/>\n<meta property=\"og:image\" content=\"https:\/\/lyconnordic.se\/privat\/wp-content\/uploads\/2024\/01\/wax-cellence-cleanser-30ml.jpg\" \/>\n\t<meta property=\"og:image:width\" content=\"900\" \/>\n\t<meta property=\"og:image:height\" content=\"900\" \/>\n\t<meta property=\"og:image:type\" content=\"image\/jpeg\" \/>\n<meta name=\"twitter:card\" content=\"summary_large_image\" \/>\n<script type=\"application\/ld+json\" class=\"yoast-schema-graph\">{\"@context\":\"https:\\\/\\\/schema.org\",\"@graph\":[{\"@type\":\"WebPage\",\"@id\":\"https:\\\/\\\/lyconnordic.se\\\/privat\\\/produkt\\\/wax-cellence-cleanser-30ml\\\/\",\"url\":\"https:\\\/\\\/lyconnordic.se\\\/privat\\\/produkt\\\/wax-cellence-cleanser-30ml\\\/\",\"name\":\"WAX-CELLENCE CLEANSER 30ml - LYCON Nordic - Sweden - Privat\",\"isPartOf\":{\"@id\":\"https:\\\/\\\/lyconnordic.se\\\/privat\\\/#website\"},\"primaryImageOfPage\":{\"@id\":\"https:\\\/\\\/lyconnordic.se\\\/privat\\\/produkt\\\/wax-cellence-cleanser-30ml\\\/#primaryimage\"},\"image\":{\"@id\":\"https:\\\/\\\/lyconnordic.se\\\/privat\\\/produkt\\\/wax-cellence-cleanser-30ml\\\/#primaryimage\"},\"thumbnailUrl\":\"https:\\\/\\\/lyconnordic.se\\\/privat\\\/wp-content\\\/uploads\\\/2024\\\/01\\\/wax-cellence-cleanser-30ml.jpg\",\"datePublished\":\"2024-01-18T08:08:02+00:00\",\"dateModified\":\"2026-01-13T15:08:29+00:00\",\"breadcrumb\":{\"@id\":\"https:\\\/\\\/lyconnordic.se\\\/privat\\\/produkt\\\/wax-cellence-cleanser-30ml\\\/#breadcrumb\"},\"inLanguage\":\"sv-SE\",\"potentialAction\":[{\"@type\":\"ReadAction\",\"target\":[\"https:\\\/\\\/lyconnordic.se\\\/privat\\\/produkt\\\/wax-cellence-cleanser-30ml\\\/\"]}]},{\"@type\":\"ImageObject\",\"inLanguage\":\"sv-SE\",\"@id\":\"https:\\\/\\\/lyconnordic.se\\\/privat\\\/produkt\\\/wax-cellence-cleanser-30ml\\\/#primaryimage\",\"url\":\"https:\\\/\\\/lyconnordic.se\\\/privat\\\/wp-content\\\/uploads\\\/2024\\\/01\\\/wax-cellence-cleanser-30ml.jpg\",\"contentUrl\":\"https:\\\/\\\/lyconnordic.se\\\/privat\\\/wp-content\\\/uploads\\\/2024\\\/01\\\/wax-cellence-cleanser-30ml.jpg\",\"width\":900,\"height\":900},{\"@type\":\"BreadcrumbList\",\"@id\":\"https:\\\/\\\/lyconnordic.se\\\/privat\\\/produkt\\\/wax-cellence-cleanser-30ml\\\/#breadcrumb\",\"itemListElement\":[{\"@type\":\"ListItem\",\"position\":1,\"name\":\"Hem\",\"item\":\"https:\\\/\\\/lyconnordic.se\\\/privat\\\/\"},{\"@type\":\"ListItem\",\"position\":2,\"name\":\"Produkter\",\"item\":\"https:\\\/\\\/lyconnordic.se\\\/privat\\\/produkter\\\/\"},{\"@type\":\"ListItem\",\"position\":3,\"name\":\"WAX-CELLENCE CLEANSER 30ml\"}]},{\"@type\":\"WebSite\",\"@id\":\"https:\\\/\\\/lyconnordic.se\\\/privat\\\/#website\",\"url\":\"https:\\\/\\\/lyconnordic.se\\\/privat\\\/\",\"name\":\"LYCON Nordic - Sweden\",\"description\":\"Lycon Nordic - Vax, Milt h\u00e5rborttagningsvax, Brasiliansk Vaxning, Exklusivt h\u00e5rborttagningsvax\",\"potentialAction\":[{\"@type\":\"SearchAction\",\"target\":{\"@type\":\"EntryPoint\",\"urlTemplate\":\"https:\\\/\\\/lyconnordic.se\\\/privat\\\/?s={search_term_string}\"},\"query-input\":{\"@type\":\"PropertyValueSpecification\",\"valueRequired\":true,\"valueName\":\"search_term_string\"}}],\"inLanguage\":\"sv-SE\"}]}<\/script>\n<!-- \/ Yoast SEO plugin. -->","yoast_head_json":{"title":"WAX-CELLENCE CLEANSER 30ml - LYCON Nordic - Sweden - Privat","robots":{"index":"index","follow":"follow","max-snippet":"max-snippet:-1","max-image-preview":"max-image-preview:large","max-video-preview":"max-video-preview:-1"},"canonical":"https:\/\/lyconnordic.se\/privat\/produkt\/wax-cellence-cleanser-30ml\/","og_locale":"sv_SE","og_type":"article","og_title":"WAX-CELLENCE CLEANSER 30ml - LYCON Nordic - Sweden - Privat","og_description":"Refill till Wax-Cellence Home Waxing Kit.   En skonsam och uppfriskande reng\u00f6ring som avl\u00e4gsnar talg, smuts, svett, make-up och kr\u00e4mrester fr\u00e5n huden f\u00f6re all typ av vaxning. Anv\u00e4nds \u00e4ven efter vaxning f\u00f6r att reng\u00f6ra huden samt f\u00f6r att hj\u00e4lpa till att st\u00e4nga h\u00e5rfolliklarna.","og_url":"https:\/\/lyconnordic.se\/privat\/produkt\/wax-cellence-cleanser-30ml\/","og_site_name":"LYCON Nordic - Sweden - Privat","article_modified_time":"2026-01-13T15:08:29+00:00","og_image":[{"width":900,"height":900,"url":"https:\/\/lyconnordic.se\/privat\/wp-content\/uploads\/2024\/01\/wax-cellence-cleanser-30ml.jpg","type":"image\/jpeg"}],"twitter_card":"summary_large_image","schema":{"@context":"https:\/\/schema.org","@graph":[{"@type":"WebPage","@id":"https:\/\/lyconnordic.se\/privat\/produkt\/wax-cellence-cleanser-30ml\/","url":"https:\/\/lyconnordic.se\/privat\/produkt\/wax-cellence-cleanser-30ml\/","name":"WAX-CELLENCE CLEANSER 30ml - LYCON Nordic - Sweden - Privat","isPartOf":{"@id":"https:\/\/lyconnordic.se\/privat\/#website"},"primaryImageOfPage":{"@id":"https:\/\/lyconnordic.se\/privat\/produkt\/wax-cellence-cleanser-30ml\/#primaryimage"},"image":{"@id":"https:\/\/lyconnordic.se\/privat\/produkt\/wax-cellence-cleanser-30ml\/#primaryimage"},"thumbnailUrl":"https:\/\/lyconnordic.se\/privat\/wp-content\/uploads\/2024\/01\/wax-cellence-cleanser-30ml.jpg","datePublished":"2024-01-18T08:08:02+00:00","dateModified":"2026-01-13T15:08:29+00:00","breadcrumb":{"@id":"https:\/\/lyconnordic.se\/privat\/produkt\/wax-cellence-cleanser-30ml\/#breadcrumb"},"inLanguage":"sv-SE","potentialAction":[{"@type":"ReadAction","target":["https:\/\/lyconnordic.se\/privat\/produkt\/wax-cellence-cleanser-30ml\/"]}]},{"@type":"ImageObject","inLanguage":"sv-SE","@id":"https:\/\/lyconnordic.se\/privat\/produkt\/wax-cellence-cleanser-30ml\/#primaryimage","url":"https:\/\/lyconnordic.se\/privat\/wp-content\/uploads\/2024\/01\/wax-cellence-cleanser-30ml.jpg","contentUrl":"https:\/\/lyconnordic.se\/privat\/wp-content\/uploads\/2024\/01\/wax-cellence-cleanser-30ml.jpg","width":900,"height":900},{"@type":"BreadcrumbList","@id":"https:\/\/lyconnordic.se\/privat\/produkt\/wax-cellence-cleanser-30ml\/#breadcrumb","itemListElement":[{"@type":"ListItem","position":1,"name":"Hem","item":"https:\/\/lyconnordic.se\/privat\/"},{"@type":"ListItem","position":2,"name":"Produkter","item":"https:\/\/lyconnordic.se\/privat\/produkter\/"},{"@type":"ListItem","position":3,"name":"WAX-CELLENCE CLEANSER 30ml"}]},{"@type":"WebSite","@id":"https:\/\/lyconnordic.se\/privat\/#website","url":"https:\/\/lyconnordic.se\/privat\/","name":"LYCON Nordic - Sweden","description":"Lycon Nordic - Vax, Milt h\u00e5rborttagningsvax, Brasiliansk Vaxning, Exklusivt h\u00e5rborttagningsvax","potentialAction":[{"@type":"SearchAction","target":{"@type":"EntryPoint","urlTemplate":"https:\/\/lyconnordic.se\/privat\/?s={search_term_string}"},"query-input":{"@type":"PropertyValueSpecification","valueRequired":true,"valueName":"search_term_string"}}],"inLanguage":"sv-SE"}]}},"_links":{"self":[{"href":"https:\/\/lyconnordic.se\/privat\/wp-json\/wp\/v2\/product\/17884","targetHints":{"allow":["GET"]}}],"collection":[{"href":"https:\/\/lyconnordic.se\/privat\/wp-json\/wp\/v2\/product"}],"about":[{"href":"https:\/\/lyconnordic.se\/privat\/wp-json\/wp\/v2\/types\/product"}],"replies":[{"embeddable":true,"href":"https:\/\/lyconnordic.se\/privat\/wp-json\/wp\/v2\/comments?post=17884"}],"version-history":[{"count":7,"href":"https:\/\/lyconnordic.se\/privat\/wp-json\/wp\/v2\/product\/17884\/revisions"}],"predecessor-version":[{"id":21469,"href":"https:\/\/lyconnordic.se\/privat\/wp-json\/wp\/v2\/product\/17884\/revisions\/21469"}],"wp:featuredmedia":[{"embeddable":true,"href":"https:\/\/lyconnordic.se\/privat\/wp-json\/wp\/v2\/media\/17893"}],"wp:attachment":[{"href":"https:\/\/lyconnordic.se\/privat\/wp-json\/wp\/v2\/media?parent=17884"}],"wp:term":[{"taxonomy":"product_brand","embeddable":true,"href":"https:\/\/lyconnordic.se\/privat\/wp-json\/wp\/v2\/product_brand?post=17884"},{"taxonomy":"product_cat","embeddable":true,"href":"https:\/\/lyconnordic.se\/privat\/wp-json\/wp\/v2\/product_cat?post=17884"},{"taxonomy":"product_tag","embeddable":true,"href":"https:\/\/lyconnordic.se\/privat\/wp-json\/wp\/v2\/product_tag?post=17884"}],"curies":[{"name":"wp","href":"https:\/\/api.w.org\/{rel}","templated":true}]}}