{"id":17886,"date":"2024-01-18T09:10:27","date_gmt":"2024-01-18T08:10:27","guid":{"rendered":"https:\/\/lyconnordic.nyside2.net\/privat\/?post_type=product&#038;p=17886"},"modified":"2025-03-06T09:54:26","modified_gmt":"2025-03-06T08:54:26","slug":"wax-cellence-home-waxing-kit","status":"publish","type":"product","link":"https:\/\/lyconnordic.se\/privat\/produkt\/wax-cellence-home-waxing-kit\/","title":{"rendered":"Waxing KIT WAX-CELLENCE f\u00f6r hemmabruk"},"content":{"rendered":"<h2 dir=\"LTR\" align=\"LEFT\">Ett vaxningskit f\u00f6r hemmabruk!<\/h2>\n<p dir=\"LTR\" align=\"LEFT\"><em>Passar f\u00f6r vaxning av ansikte, nacke, kn\u00e4n, armh\u00e5lor och intima omr\u00e5den.<\/em><\/p>\n<p dir=\"LTR\" align=\"LEFT\"><strong>Specifikationer<br \/>\n<\/strong>&#8211; Wax-cellence vax 200g<br \/>\n&#8211; Wax-cellence Reng\u00f6ring 30ml<br \/>\n&#8211; Wax-cellence Lotion 30ml<br \/>\n&#8211; Spatlar \u2013 f\u00f6r kropp och ansikte<br \/>\n&#8211; Steg f\u00f6r steg instruktioner<\/p>\n<p dir=\"LTR\" align=\"LEFT\">Se ocks\u00e5 <a href=\"https:\/\/lyconnordic.se\/privat\/produkt\/wax-cellence-deluxe-home-waxing-kit\/\">v\u00e5r Deluxe Waxing Kit<\/a><\/p>\n","protected":false},"excerpt":{"rendered":"<p>Med arganolja och kamomill.<\/p>\n<p>Wax-Cellence Home Waxing Kit inneh\u00e5ller h\u00e5rborttagningsprodukter och detaljerade instruktioner s\u00e5 att du enkelt kan vaxa dig sj\u00e4lv! Kitet inneh\u00e5ller ett vax som \u00e4r speciellt framtaget f\u00f6r att g\u00f6ra vaxningen snabb och enkel i ditt egna hem. Det f\u00f6ljer med en behandlande reng\u00f6ring och en lugnande olja som tar hand om huden b\u00e5de f\u00f6re och efter vaxningen.<\/p>\n","protected":false},"featured_media":17897,"comment_status":"open","ping_status":"closed","template":"","meta":[],"product_brand":[],"product_cat":[163],"product_tag":[],"class_list":{"0":"post-17886","1":"product","2":"type-product","3":"status-publish","4":"has-post-thumbnail","6":"product_cat-wax-cellence","8":"first","9":"instock","10":"taxable","11":"shipping-taxable","12":"purchasable","13":"product-type-simple"},"yoast_head":"<!-- This site is optimized with the Yoast SEO plugin v27.5 - https:\/\/yoast.com\/product\/yoast-seo-wordpress\/ -->\n<title>Waxing Kit WAX-CELLENCE f\u00f6r hemmabruk | LYCON Nordic - Sweden - Privat<\/title>\n<meta name=\"robots\" content=\"index, follow, max-snippet:-1, max-image-preview:large, max-video-preview:-1\" \/>\n<link rel=\"canonical\" href=\"https:\/\/lyconnordic.se\/privat\/produkt\/wax-cellence-home-waxing-kit\/\" \/>\n<meta property=\"og:locale\" content=\"sv_SE\" \/>\n<meta property=\"og:type\" content=\"article\" \/>\n<meta property=\"og:title\" content=\"Waxing Kit WAX-CELLENCE f\u00f6r hemmabruk | LYCON Nordic - Sweden - Privat\" \/>\n<meta property=\"og:description\" content=\"Med arganolja och kamomill.  Wax-Cellence Home Waxing Kit inneh\u00e5ller h\u00e5rborttagningsprodukter och detaljerade instruktioner s\u00e5 att du enkelt kan vaxa dig sj\u00e4lv! Kitet inneh\u00e5ller ett vax som \u00e4r speciellt framtaget f\u00f6r att g\u00f6ra vaxningen snabb och enkel i ditt egna hem. Det f\u00f6ljer med en behandlande reng\u00f6ring och en lugnande olja som tar hand om huden b\u00e5de f\u00f6re och efter vaxningen.\" \/>\n<meta property=\"og:url\" content=\"https:\/\/lyconnordic.se\/privat\/produkt\/wax-cellence-home-waxing-kit\/\" \/>\n<meta property=\"og:site_name\" content=\"LYCON Nordic - Sweden - Privat\" \/>\n<meta property=\"article:modified_time\" content=\"2025-03-06T08:54:26+00:00\" \/>\n<meta property=\"og:image\" content=\"https:\/\/lyconnordic.se\/privat\/wp-content\/uploads\/2024\/01\/Wax-cellence_Category_WEB.jpg\" \/>\n\t<meta property=\"og:image:width\" content=\"900\" \/>\n\t<meta property=\"og:image:height\" content=\"900\" \/>\n\t<meta property=\"og:image:type\" content=\"image\/jpeg\" \/>\n<meta name=\"twitter:card\" content=\"summary_large_image\" \/>\n<meta name=\"twitter:label1\" content=\"Ber\u00e4knad l\u00e4stid\" \/>\n\t<meta name=\"twitter:data1\" content=\"1 minut\" \/>\n<script type=\"application\/ld+json\" class=\"yoast-schema-graph\">{\"@context\":\"https:\\\/\\\/schema.org\",\"@graph\":[{\"@type\":\"WebPage\",\"@id\":\"https:\\\/\\\/lyconnordic.se\\\/privat\\\/produkt\\\/wax-cellence-home-waxing-kit\\\/\",\"url\":\"https:\\\/\\\/lyconnordic.se\\\/privat\\\/produkt\\\/wax-cellence-home-waxing-kit\\\/\",\"name\":\"Waxing Kit WAX-CELLENCE f\u00f6r hemmabruk | LYCON Nordic - Sweden - Privat\",\"isPartOf\":{\"@id\":\"https:\\\/\\\/lyconnordic.se\\\/privat\\\/#website\"},\"primaryImageOfPage\":{\"@id\":\"https:\\\/\\\/lyconnordic.se\\\/privat\\\/produkt\\\/wax-cellence-home-waxing-kit\\\/#primaryimage\"},\"image\":{\"@id\":\"https:\\\/\\\/lyconnordic.se\\\/privat\\\/produkt\\\/wax-cellence-home-waxing-kit\\\/#primaryimage\"},\"thumbnailUrl\":\"https:\\\/\\\/lyconnordic.se\\\/privat\\\/wp-content\\\/uploads\\\/2024\\\/01\\\/Wax-cellence_Category_WEB.jpg\",\"datePublished\":\"2024-01-18T08:10:27+00:00\",\"dateModified\":\"2025-03-06T08:54:26+00:00\",\"breadcrumb\":{\"@id\":\"https:\\\/\\\/lyconnordic.se\\\/privat\\\/produkt\\\/wax-cellence-home-waxing-kit\\\/#breadcrumb\"},\"inLanguage\":\"sv-SE\",\"potentialAction\":[{\"@type\":\"ReadAction\",\"target\":[\"https:\\\/\\\/lyconnordic.se\\\/privat\\\/produkt\\\/wax-cellence-home-waxing-kit\\\/\"]}]},{\"@type\":\"ImageObject\",\"inLanguage\":\"sv-SE\",\"@id\":\"https:\\\/\\\/lyconnordic.se\\\/privat\\\/produkt\\\/wax-cellence-home-waxing-kit\\\/#primaryimage\",\"url\":\"https:\\\/\\\/lyconnordic.se\\\/privat\\\/wp-content\\\/uploads\\\/2024\\\/01\\\/Wax-cellence_Category_WEB.jpg\",\"contentUrl\":\"https:\\\/\\\/lyconnordic.se\\\/privat\\\/wp-content\\\/uploads\\\/2024\\\/01\\\/Wax-cellence_Category_WEB.jpg\",\"width\":900,\"height\":900},{\"@type\":\"BreadcrumbList\",\"@id\":\"https:\\\/\\\/lyconnordic.se\\\/privat\\\/produkt\\\/wax-cellence-home-waxing-kit\\\/#breadcrumb\",\"itemListElement\":[{\"@type\":\"ListItem\",\"position\":1,\"name\":\"Hem\",\"item\":\"https:\\\/\\\/lyconnordic.se\\\/privat\\\/\"},{\"@type\":\"ListItem\",\"position\":2,\"name\":\"Produkter\",\"item\":\"https:\\\/\\\/lyconnordic.se\\\/privat\\\/produkter\\\/\"},{\"@type\":\"ListItem\",\"position\":3,\"name\":\"Waxing KIT WAX-CELLENCE f\u00f6r hemmabruk\"}]},{\"@type\":\"WebSite\",\"@id\":\"https:\\\/\\\/lyconnordic.se\\\/privat\\\/#website\",\"url\":\"https:\\\/\\\/lyconnordic.se\\\/privat\\\/\",\"name\":\"LYCON Nordic - Sweden\",\"description\":\"Lycon Nordic - Vax, Milt h\u00e5rborttagningsvax, Brasiliansk Vaxning, Exklusivt h\u00e5rborttagningsvax\",\"potentialAction\":[{\"@type\":\"SearchAction\",\"target\":{\"@type\":\"EntryPoint\",\"urlTemplate\":\"https:\\\/\\\/lyconnordic.se\\\/privat\\\/?s={search_term_string}\"},\"query-input\":{\"@type\":\"PropertyValueSpecification\",\"valueRequired\":true,\"valueName\":\"search_term_string\"}}],\"inLanguage\":\"sv-SE\"}]}<\/script>\n<!-- \/ Yoast SEO plugin. -->","yoast_head_json":{"title":"Waxing Kit WAX-CELLENCE f\u00f6r hemmabruk | LYCON Nordic - Sweden - Privat","robots":{"index":"index","follow":"follow","max-snippet":"max-snippet:-1","max-image-preview":"max-image-preview:large","max-video-preview":"max-video-preview:-1"},"canonical":"https:\/\/lyconnordic.se\/privat\/produkt\/wax-cellence-home-waxing-kit\/","og_locale":"sv_SE","og_type":"article","og_title":"Waxing Kit WAX-CELLENCE f\u00f6r hemmabruk | LYCON Nordic - Sweden - Privat","og_description":"Med arganolja och kamomill.  Wax-Cellence Home Waxing Kit inneh\u00e5ller h\u00e5rborttagningsprodukter och detaljerade instruktioner s\u00e5 att du enkelt kan vaxa dig sj\u00e4lv! Kitet inneh\u00e5ller ett vax som \u00e4r speciellt framtaget f\u00f6r att g\u00f6ra vaxningen snabb och enkel i ditt egna hem. Det f\u00f6ljer med en behandlande reng\u00f6ring och en lugnande olja som tar hand om huden b\u00e5de f\u00f6re och efter vaxningen.","og_url":"https:\/\/lyconnordic.se\/privat\/produkt\/wax-cellence-home-waxing-kit\/","og_site_name":"LYCON Nordic - Sweden - Privat","article_modified_time":"2025-03-06T08:54:26+00:00","og_image":[{"width":900,"height":900,"url":"https:\/\/lyconnordic.se\/privat\/wp-content\/uploads\/2024\/01\/Wax-cellence_Category_WEB.jpg","type":"image\/jpeg"}],"twitter_card":"summary_large_image","twitter_misc":{"Ber\u00e4knad l\u00e4stid":"1 minut"},"schema":{"@context":"https:\/\/schema.org","@graph":[{"@type":"WebPage","@id":"https:\/\/lyconnordic.se\/privat\/produkt\/wax-cellence-home-waxing-kit\/","url":"https:\/\/lyconnordic.se\/privat\/produkt\/wax-cellence-home-waxing-kit\/","name":"Waxing Kit WAX-CELLENCE f\u00f6r hemmabruk | LYCON Nordic - Sweden - Privat","isPartOf":{"@id":"https:\/\/lyconnordic.se\/privat\/#website"},"primaryImageOfPage":{"@id":"https:\/\/lyconnordic.se\/privat\/produkt\/wax-cellence-home-waxing-kit\/#primaryimage"},"image":{"@id":"https:\/\/lyconnordic.se\/privat\/produkt\/wax-cellence-home-waxing-kit\/#primaryimage"},"thumbnailUrl":"https:\/\/lyconnordic.se\/privat\/wp-content\/uploads\/2024\/01\/Wax-cellence_Category_WEB.jpg","datePublished":"2024-01-18T08:10:27+00:00","dateModified":"2025-03-06T08:54:26+00:00","breadcrumb":{"@id":"https:\/\/lyconnordic.se\/privat\/produkt\/wax-cellence-home-waxing-kit\/#breadcrumb"},"inLanguage":"sv-SE","potentialAction":[{"@type":"ReadAction","target":["https:\/\/lyconnordic.se\/privat\/produkt\/wax-cellence-home-waxing-kit\/"]}]},{"@type":"ImageObject","inLanguage":"sv-SE","@id":"https:\/\/lyconnordic.se\/privat\/produkt\/wax-cellence-home-waxing-kit\/#primaryimage","url":"https:\/\/lyconnordic.se\/privat\/wp-content\/uploads\/2024\/01\/Wax-cellence_Category_WEB.jpg","contentUrl":"https:\/\/lyconnordic.se\/privat\/wp-content\/uploads\/2024\/01\/Wax-cellence_Category_WEB.jpg","width":900,"height":900},{"@type":"BreadcrumbList","@id":"https:\/\/lyconnordic.se\/privat\/produkt\/wax-cellence-home-waxing-kit\/#breadcrumb","itemListElement":[{"@type":"ListItem","position":1,"name":"Hem","item":"https:\/\/lyconnordic.se\/privat\/"},{"@type":"ListItem","position":2,"name":"Produkter","item":"https:\/\/lyconnordic.se\/privat\/produkter\/"},{"@type":"ListItem","position":3,"name":"Waxing KIT WAX-CELLENCE f\u00f6r hemmabruk"}]},{"@type":"WebSite","@id":"https:\/\/lyconnordic.se\/privat\/#website","url":"https:\/\/lyconnordic.se\/privat\/","name":"LYCON Nordic - Sweden","description":"Lycon Nordic - Vax, Milt h\u00e5rborttagningsvax, Brasiliansk Vaxning, Exklusivt h\u00e5rborttagningsvax","potentialAction":[{"@type":"SearchAction","target":{"@type":"EntryPoint","urlTemplate":"https:\/\/lyconnordic.se\/privat\/?s={search_term_string}"},"query-input":{"@type":"PropertyValueSpecification","valueRequired":true,"valueName":"search_term_string"}}],"inLanguage":"sv-SE"}]}},"_links":{"self":[{"href":"https:\/\/lyconnordic.se\/privat\/wp-json\/wp\/v2\/product\/17886","targetHints":{"allow":["GET"]}}],"collection":[{"href":"https:\/\/lyconnordic.se\/privat\/wp-json\/wp\/v2\/product"}],"about":[{"href":"https:\/\/lyconnordic.se\/privat\/wp-json\/wp\/v2\/types\/product"}],"replies":[{"embeddable":true,"href":"https:\/\/lyconnordic.se\/privat\/wp-json\/wp\/v2\/comments?post=17886"}],"version-history":[{"count":10,"href":"https:\/\/lyconnordic.se\/privat\/wp-json\/wp\/v2\/product\/17886\/revisions"}],"predecessor-version":[{"id":23232,"href":"https:\/\/lyconnordic.se\/privat\/wp-json\/wp\/v2\/product\/17886\/revisions\/23232"}],"wp:featuredmedia":[{"embeddable":true,"href":"https:\/\/lyconnordic.se\/privat\/wp-json\/wp\/v2\/media\/17897"}],"wp:attachment":[{"href":"https:\/\/lyconnordic.se\/privat\/wp-json\/wp\/v2\/media?parent=17886"}],"wp:term":[{"taxonomy":"product_brand","embeddable":true,"href":"https:\/\/lyconnordic.se\/privat\/wp-json\/wp\/v2\/product_brand?post=17886"},{"taxonomy":"product_cat","embeddable":true,"href":"https:\/\/lyconnordic.se\/privat\/wp-json\/wp\/v2\/product_cat?post=17886"},{"taxonomy":"product_tag","embeddable":true,"href":"https:\/\/lyconnordic.se\/privat\/wp-json\/wp\/v2\/product_tag?post=17886"}],"curies":[{"name":"wp","href":"https:\/\/api.w.org\/{rel}","templated":true}]}}