{"id":17888,"date":"2024-01-18T09:12:31","date_gmt":"2024-01-18T08:12:31","guid":{"rendered":"https:\/\/lyconnordic.nyside2.net\/privat\/?post_type=product&#038;p=17888"},"modified":"2025-11-06T13:17:39","modified_gmt":"2025-11-06T12:17:39","slug":"wax-cellence-spatulas-20stk","status":"publish","type":"product","link":"https:\/\/lyconnordic.se\/privat\/produkt\/wax-cellence-spatulas-20stk\/","title":{"rendered":"WAX-CELLENCE SPATULA PACK"},"content":{"rendered":"<p><strong><em>Spatlar f\u00f6r vaxning\u00a0<\/em><\/strong><\/p>\n<p>Inneh\u00e5ller 10 spatlar f\u00f6r kropp &amp; 10 f\u00f6r ansiktet. De st\u00f6rre spatlarna anv\u00e4nds f\u00f6r vaxning av st\u00f6rre omr\u00e5den som armh\u00e5lor och brasiliansk. De mindre spatlarna anv\u00e4nds f\u00f6r vaxning av ansiktet.<\/p>\n","protected":false},"excerpt":{"rendered":"<p><strong><em>Spatlar f\u00f6r vaxning\u00a0<\/em><\/strong><\/p>\n<p>Inneh\u00e5ller 10 spatlar f\u00f6r kropp &amp; 10 f\u00f6r ansiktet. De st\u00f6rre spatlarna anv\u00e4nds f\u00f6r vaxning av st\u00f6rre omr\u00e5den som armh\u00e5lor och brasiliansk. De mindre spatlarna anv\u00e4nds f\u00f6r vaxning av ansiktet.<\/p>\n","protected":false},"featured_media":17901,"comment_status":"open","ping_status":"closed","template":"","meta":[],"product_brand":[],"product_cat":[159,163],"product_tag":[],"class_list":{"0":"post-17888","1":"product","2":"type-product","3":"status-publish","4":"has-post-thumbnail","6":"product_cat-forbrukningsmaterial","7":"product_cat-wax-cellence","9":"first","10":"instock","11":"taxable","12":"shipping-taxable","13":"purchasable","14":"product-type-simple"},"yoast_head":"<!-- This site is optimized with the Yoast SEO plugin v27.5 - https:\/\/yoast.com\/product\/yoast-seo-wordpress\/ -->\n<title>Tr\u00e4spatlar till vaxning - 20 pack WAC-CELLENCE | LYCON Nordic - Sweden - Privat<\/title>\n<meta name=\"robots\" content=\"index, follow, max-snippet:-1, max-image-preview:large, max-video-preview:-1\" \/>\n<link rel=\"canonical\" href=\"https:\/\/lyconnordic.se\/privat\/produkt\/wax-cellence-spatulas-20stk\/\" \/>\n<meta property=\"og:locale\" content=\"sv_SE\" \/>\n<meta property=\"og:type\" content=\"article\" \/>\n<meta property=\"og:title\" content=\"Tr\u00e4spatlar till vaxning - 20 pack WAC-CELLENCE | LYCON Nordic - Sweden - Privat\" \/>\n<meta property=\"og:description\" content=\"Spatlar f\u00f6r vaxning\u00a0  Inneh\u00e5ller 10 spatlar f\u00f6r kropp &amp; 10 f\u00f6r ansiktet. De st\u00f6rre spatlarna anv\u00e4nds f\u00f6r vaxning av st\u00f6rre omr\u00e5den som armh\u00e5lor och brasiliansk. De mindre spatlarna anv\u00e4nds f\u00f6r vaxning av ansiktet.\" \/>\n<meta property=\"og:url\" content=\"https:\/\/lyconnordic.se\/privat\/produkt\/wax-cellence-spatulas-20stk\/\" \/>\n<meta property=\"og:site_name\" content=\"LYCON Nordic - Sweden - Privat\" \/>\n<meta property=\"article:modified_time\" content=\"2025-11-06T12:17:39+00:00\" \/>\n<meta property=\"og:image\" content=\"https:\/\/lyconnordic.se\/privat\/wp-content\/uploads\/2024\/01\/Wax-cellence_Spatula-Pack_WEB.jpg\" \/>\n\t<meta property=\"og:image:width\" content=\"900\" \/>\n\t<meta property=\"og:image:height\" content=\"900\" \/>\n\t<meta property=\"og:image:type\" content=\"image\/jpeg\" \/>\n<meta name=\"twitter:card\" content=\"summary_large_image\" \/>\n<meta name=\"twitter:label1\" content=\"Ber\u00e4knad l\u00e4stid\" \/>\n\t<meta name=\"twitter:data1\" content=\"1 minut\" \/>\n<script type=\"application\/ld+json\" class=\"yoast-schema-graph\">{\"@context\":\"https:\\\/\\\/schema.org\",\"@graph\":[{\"@type\":\"WebPage\",\"@id\":\"https:\\\/\\\/lyconnordic.se\\\/privat\\\/produkt\\\/wax-cellence-spatulas-20stk\\\/\",\"url\":\"https:\\\/\\\/lyconnordic.se\\\/privat\\\/produkt\\\/wax-cellence-spatulas-20stk\\\/\",\"name\":\"Tr\u00e4spatlar till vaxning - 20 pack WAC-CELLENCE | LYCON Nordic - Sweden - Privat\",\"isPartOf\":{\"@id\":\"https:\\\/\\\/lyconnordic.se\\\/privat\\\/#website\"},\"primaryImageOfPage\":{\"@id\":\"https:\\\/\\\/lyconnordic.se\\\/privat\\\/produkt\\\/wax-cellence-spatulas-20stk\\\/#primaryimage\"},\"image\":{\"@id\":\"https:\\\/\\\/lyconnordic.se\\\/privat\\\/produkt\\\/wax-cellence-spatulas-20stk\\\/#primaryimage\"},\"thumbnailUrl\":\"https:\\\/\\\/lyconnordic.se\\\/privat\\\/wp-content\\\/uploads\\\/2024\\\/01\\\/Wax-cellence_Spatula-Pack_WEB.jpg\",\"datePublished\":\"2024-01-18T08:12:31+00:00\",\"dateModified\":\"2025-11-06T12:17:39+00:00\",\"breadcrumb\":{\"@id\":\"https:\\\/\\\/lyconnordic.se\\\/privat\\\/produkt\\\/wax-cellence-spatulas-20stk\\\/#breadcrumb\"},\"inLanguage\":\"sv-SE\",\"potentialAction\":[{\"@type\":\"ReadAction\",\"target\":[\"https:\\\/\\\/lyconnordic.se\\\/privat\\\/produkt\\\/wax-cellence-spatulas-20stk\\\/\"]}]},{\"@type\":\"ImageObject\",\"inLanguage\":\"sv-SE\",\"@id\":\"https:\\\/\\\/lyconnordic.se\\\/privat\\\/produkt\\\/wax-cellence-spatulas-20stk\\\/#primaryimage\",\"url\":\"https:\\\/\\\/lyconnordic.se\\\/privat\\\/wp-content\\\/uploads\\\/2024\\\/01\\\/Wax-cellence_Spatula-Pack_WEB.jpg\",\"contentUrl\":\"https:\\\/\\\/lyconnordic.se\\\/privat\\\/wp-content\\\/uploads\\\/2024\\\/01\\\/Wax-cellence_Spatula-Pack_WEB.jpg\",\"width\":900,\"height\":900},{\"@type\":\"BreadcrumbList\",\"@id\":\"https:\\\/\\\/lyconnordic.se\\\/privat\\\/produkt\\\/wax-cellence-spatulas-20stk\\\/#breadcrumb\",\"itemListElement\":[{\"@type\":\"ListItem\",\"position\":1,\"name\":\"Hem\",\"item\":\"https:\\\/\\\/lyconnordic.se\\\/privat\\\/\"},{\"@type\":\"ListItem\",\"position\":2,\"name\":\"Produkter\",\"item\":\"https:\\\/\\\/lyconnordic.se\\\/privat\\\/produkter\\\/\"},{\"@type\":\"ListItem\",\"position\":3,\"name\":\"WAX-CELLENCE SPATULA PACK\"}]},{\"@type\":\"WebSite\",\"@id\":\"https:\\\/\\\/lyconnordic.se\\\/privat\\\/#website\",\"url\":\"https:\\\/\\\/lyconnordic.se\\\/privat\\\/\",\"name\":\"LYCON Nordic - Sweden\",\"description\":\"Lycon Nordic - Vax, Milt h\u00e5rborttagningsvax, Brasiliansk Vaxning, Exklusivt h\u00e5rborttagningsvax\",\"potentialAction\":[{\"@type\":\"SearchAction\",\"target\":{\"@type\":\"EntryPoint\",\"urlTemplate\":\"https:\\\/\\\/lyconnordic.se\\\/privat\\\/?s={search_term_string}\"},\"query-input\":{\"@type\":\"PropertyValueSpecification\",\"valueRequired\":true,\"valueName\":\"search_term_string\"}}],\"inLanguage\":\"sv-SE\"}]}<\/script>\n<!-- \/ Yoast SEO plugin. -->","yoast_head_json":{"title":"Tr\u00e4spatlar till vaxning - 20 pack WAC-CELLENCE | LYCON Nordic - Sweden - Privat","robots":{"index":"index","follow":"follow","max-snippet":"max-snippet:-1","max-image-preview":"max-image-preview:large","max-video-preview":"max-video-preview:-1"},"canonical":"https:\/\/lyconnordic.se\/privat\/produkt\/wax-cellence-spatulas-20stk\/","og_locale":"sv_SE","og_type":"article","og_title":"Tr\u00e4spatlar till vaxning - 20 pack WAC-CELLENCE | LYCON Nordic - Sweden - Privat","og_description":"Spatlar f\u00f6r vaxning\u00a0  Inneh\u00e5ller 10 spatlar f\u00f6r kropp &amp; 10 f\u00f6r ansiktet. De st\u00f6rre spatlarna anv\u00e4nds f\u00f6r vaxning av st\u00f6rre omr\u00e5den som armh\u00e5lor och brasiliansk. De mindre spatlarna anv\u00e4nds f\u00f6r vaxning av ansiktet.","og_url":"https:\/\/lyconnordic.se\/privat\/produkt\/wax-cellence-spatulas-20stk\/","og_site_name":"LYCON Nordic - Sweden - Privat","article_modified_time":"2025-11-06T12:17:39+00:00","og_image":[{"width":900,"height":900,"url":"https:\/\/lyconnordic.se\/privat\/wp-content\/uploads\/2024\/01\/Wax-cellence_Spatula-Pack_WEB.jpg","type":"image\/jpeg"}],"twitter_card":"summary_large_image","twitter_misc":{"Ber\u00e4knad l\u00e4stid":"1 minut"},"schema":{"@context":"https:\/\/schema.org","@graph":[{"@type":"WebPage","@id":"https:\/\/lyconnordic.se\/privat\/produkt\/wax-cellence-spatulas-20stk\/","url":"https:\/\/lyconnordic.se\/privat\/produkt\/wax-cellence-spatulas-20stk\/","name":"Tr\u00e4spatlar till vaxning - 20 pack WAC-CELLENCE | LYCON Nordic - Sweden - Privat","isPartOf":{"@id":"https:\/\/lyconnordic.se\/privat\/#website"},"primaryImageOfPage":{"@id":"https:\/\/lyconnordic.se\/privat\/produkt\/wax-cellence-spatulas-20stk\/#primaryimage"},"image":{"@id":"https:\/\/lyconnordic.se\/privat\/produkt\/wax-cellence-spatulas-20stk\/#primaryimage"},"thumbnailUrl":"https:\/\/lyconnordic.se\/privat\/wp-content\/uploads\/2024\/01\/Wax-cellence_Spatula-Pack_WEB.jpg","datePublished":"2024-01-18T08:12:31+00:00","dateModified":"2025-11-06T12:17:39+00:00","breadcrumb":{"@id":"https:\/\/lyconnordic.se\/privat\/produkt\/wax-cellence-spatulas-20stk\/#breadcrumb"},"inLanguage":"sv-SE","potentialAction":[{"@type":"ReadAction","target":["https:\/\/lyconnordic.se\/privat\/produkt\/wax-cellence-spatulas-20stk\/"]}]},{"@type":"ImageObject","inLanguage":"sv-SE","@id":"https:\/\/lyconnordic.se\/privat\/produkt\/wax-cellence-spatulas-20stk\/#primaryimage","url":"https:\/\/lyconnordic.se\/privat\/wp-content\/uploads\/2024\/01\/Wax-cellence_Spatula-Pack_WEB.jpg","contentUrl":"https:\/\/lyconnordic.se\/privat\/wp-content\/uploads\/2024\/01\/Wax-cellence_Spatula-Pack_WEB.jpg","width":900,"height":900},{"@type":"BreadcrumbList","@id":"https:\/\/lyconnordic.se\/privat\/produkt\/wax-cellence-spatulas-20stk\/#breadcrumb","itemListElement":[{"@type":"ListItem","position":1,"name":"Hem","item":"https:\/\/lyconnordic.se\/privat\/"},{"@type":"ListItem","position":2,"name":"Produkter","item":"https:\/\/lyconnordic.se\/privat\/produkter\/"},{"@type":"ListItem","position":3,"name":"WAX-CELLENCE SPATULA PACK"}]},{"@type":"WebSite","@id":"https:\/\/lyconnordic.se\/privat\/#website","url":"https:\/\/lyconnordic.se\/privat\/","name":"LYCON Nordic - Sweden","description":"Lycon Nordic - Vax, Milt h\u00e5rborttagningsvax, Brasiliansk Vaxning, Exklusivt h\u00e5rborttagningsvax","potentialAction":[{"@type":"SearchAction","target":{"@type":"EntryPoint","urlTemplate":"https:\/\/lyconnordic.se\/privat\/?s={search_term_string}"},"query-input":{"@type":"PropertyValueSpecification","valueRequired":true,"valueName":"search_term_string"}}],"inLanguage":"sv-SE"}]}},"_links":{"self":[{"href":"https:\/\/lyconnordic.se\/privat\/wp-json\/wp\/v2\/product\/17888","targetHints":{"allow":["GET"]}}],"collection":[{"href":"https:\/\/lyconnordic.se\/privat\/wp-json\/wp\/v2\/product"}],"about":[{"href":"https:\/\/lyconnordic.se\/privat\/wp-json\/wp\/v2\/types\/product"}],"replies":[{"embeddable":true,"href":"https:\/\/lyconnordic.se\/privat\/wp-json\/wp\/v2\/comments?post=17888"}],"version-history":[{"count":8,"href":"https:\/\/lyconnordic.se\/privat\/wp-json\/wp\/v2\/product\/17888\/revisions"}],"predecessor-version":[{"id":21459,"href":"https:\/\/lyconnordic.se\/privat\/wp-json\/wp\/v2\/product\/17888\/revisions\/21459"}],"wp:featuredmedia":[{"embeddable":true,"href":"https:\/\/lyconnordic.se\/privat\/wp-json\/wp\/v2\/media\/17901"}],"wp:attachment":[{"href":"https:\/\/lyconnordic.se\/privat\/wp-json\/wp\/v2\/media?parent=17888"}],"wp:term":[{"taxonomy":"product_brand","embeddable":true,"href":"https:\/\/lyconnordic.se\/privat\/wp-json\/wp\/v2\/product_brand?post=17888"},{"taxonomy":"product_cat","embeddable":true,"href":"https:\/\/lyconnordic.se\/privat\/wp-json\/wp\/v2\/product_cat?post=17888"},{"taxonomy":"product_tag","embeddable":true,"href":"https:\/\/lyconnordic.se\/privat\/wp-json\/wp\/v2\/product_tag?post=17888"}],"curies":[{"name":"wp","href":"https:\/\/api.w.org\/{rel}","templated":true}]}}