{"id":17890,"date":"2024-01-18T09:14:23","date_gmt":"2024-01-18T08:14:23","guid":{"rendered":"https:\/\/lyconnordic.nyside2.net\/privat\/?post_type=product&#038;p=17890"},"modified":"2026-01-13T16:08:29","modified_gmt":"2026-01-13T15:08:29","slug":"wax-cellence-waxing-strips-25stk","status":"publish","type":"product","link":"https:\/\/lyconnordic.se\/privat\/produkt\/wax-cellence-waxing-strips-25stk\/","title":{"rendered":"Wax Strips WAX-CELLENCE 25st"},"content":{"rendered":"<h2>Wax Strips<\/h2>\n<p><em>F\u00f6r remsvaxning<\/em><\/p>\n<p><strong>Wax-cellence Waxing Strips (25 st)<\/strong> \u00e4r professionella vaxremsor av h\u00f6g kvalitet, speciellt designade f\u00f6r effektiv remsvaxning. Dessa non-woven remsor \u00e4r f\u00f6rskurna f\u00f6r att enkelt anpassa sig till kroppens konturer och s\u00e4kerst\u00e4ller en smidigare och mer bekv\u00e4m vaxningsupplevelse. Perfekt b\u00e5de f\u00f6r hemmabruk och salonger, remsorna hj\u00e4lper till att f\u00e5nga \u00e4ven kortare h\u00e5rstr\u00e5n f\u00f6r ett l\u00e5ngvarigt resultat.<\/p>\n<p>Varje f\u00f6rpackning inneh\u00e5ller 25 remsor, vilket g\u00f6r den praktisk och anv\u00e4ndarv\u00e4nlig.<\/p>\n","protected":false},"excerpt":{"rendered":"<p><em>F\u00f6r remsvaxning<\/em><\/p>\n<p>Wax-cellence f\u00f6rskurna, non-woven remsor med h\u00f6g kvalitet g\u00f6r det enkelt f\u00f6r dig att vaxa. Remsorna formas efter kroppskonturerna och bidrar till en n\u00e4stintill sm\u00e4rtfri vaxning.<\/p>\n<p>Inneh\u00e5ller 25st remsor<\/p>\n<p>&nbsp;<\/p>\n","protected":false},"featured_media":17905,"comment_status":"open","ping_status":"closed","template":"","meta":[],"product_brand":[],"product_cat":[163],"product_tag":[],"class_list":{"0":"post-17890","1":"product","2":"type-product","3":"status-publish","4":"has-post-thumbnail","6":"product_cat-wax-cellence","8":"first","9":"instock","10":"taxable","11":"shipping-taxable","12":"purchasable","13":"product-type-simple"},"yoast_head":"<!-- This site is optimized with the Yoast SEO plugin v27.5 - https:\/\/yoast.com\/product\/yoast-seo-wordpress\/ -->\n<title>Wax Strips | WAX-CELLENCE | LYCON Nordic - Sweden - Privat<\/title>\n<meta name=\"robots\" content=\"index, follow, max-snippet:-1, max-image-preview:large, max-video-preview:-1\" \/>\n<link rel=\"canonical\" href=\"https:\/\/lyconnordic.se\/privat\/produkt\/wax-cellence-waxing-strips-25stk\/\" \/>\n<meta property=\"og:locale\" content=\"sv_SE\" \/>\n<meta property=\"og:type\" content=\"article\" \/>\n<meta property=\"og:title\" content=\"Wax Strips | WAX-CELLENCE | LYCON Nordic - Sweden - Privat\" \/>\n<meta property=\"og:description\" content=\"F\u00f6r remsvaxning  Wax-cellence f\u00f6rskurna, non-woven remsor med h\u00f6g kvalitet g\u00f6r det enkelt f\u00f6r dig att vaxa. Remsorna formas efter kroppskonturerna och bidrar till en n\u00e4stintill sm\u00e4rtfri vaxning.  Inneh\u00e5ller 25st remsor  &nbsp;\" \/>\n<meta property=\"og:url\" content=\"https:\/\/lyconnordic.se\/privat\/produkt\/wax-cellence-waxing-strips-25stk\/\" \/>\n<meta property=\"og:site_name\" content=\"LYCON Nordic - Sweden - Privat\" \/>\n<meta property=\"article:modified_time\" content=\"2026-01-13T15:08:29+00:00\" \/>\n<meta property=\"og:image\" content=\"https:\/\/lyconnordic.se\/privat\/wp-content\/uploads\/2024\/01\/Wax-cellence_Waxing-Strips_WEB.jpg\" \/>\n\t<meta property=\"og:image:width\" content=\"900\" \/>\n\t<meta property=\"og:image:height\" content=\"900\" \/>\n\t<meta property=\"og:image:type\" content=\"image\/jpeg\" \/>\n<meta name=\"twitter:card\" content=\"summary_large_image\" \/>\n<meta name=\"twitter:label1\" content=\"Ber\u00e4knad l\u00e4stid\" \/>\n\t<meta name=\"twitter:data1\" content=\"1 minut\" \/>\n<script type=\"application\/ld+json\" class=\"yoast-schema-graph\">{\"@context\":\"https:\\\/\\\/schema.org\",\"@graph\":[{\"@type\":\"WebPage\",\"@id\":\"https:\\\/\\\/lyconnordic.se\\\/privat\\\/produkt\\\/wax-cellence-waxing-strips-25stk\\\/\",\"url\":\"https:\\\/\\\/lyconnordic.se\\\/privat\\\/produkt\\\/wax-cellence-waxing-strips-25stk\\\/\",\"name\":\"Wax Strips | WAX-CELLENCE | LYCON Nordic - Sweden - Privat\",\"isPartOf\":{\"@id\":\"https:\\\/\\\/lyconnordic.se\\\/privat\\\/#website\"},\"primaryImageOfPage\":{\"@id\":\"https:\\\/\\\/lyconnordic.se\\\/privat\\\/produkt\\\/wax-cellence-waxing-strips-25stk\\\/#primaryimage\"},\"image\":{\"@id\":\"https:\\\/\\\/lyconnordic.se\\\/privat\\\/produkt\\\/wax-cellence-waxing-strips-25stk\\\/#primaryimage\"},\"thumbnailUrl\":\"https:\\\/\\\/lyconnordic.se\\\/privat\\\/wp-content\\\/uploads\\\/2024\\\/01\\\/Wax-cellence_Waxing-Strips_WEB.jpg\",\"datePublished\":\"2024-01-18T08:14:23+00:00\",\"dateModified\":\"2026-01-13T15:08:29+00:00\",\"breadcrumb\":{\"@id\":\"https:\\\/\\\/lyconnordic.se\\\/privat\\\/produkt\\\/wax-cellence-waxing-strips-25stk\\\/#breadcrumb\"},\"inLanguage\":\"sv-SE\",\"potentialAction\":[{\"@type\":\"ReadAction\",\"target\":[\"https:\\\/\\\/lyconnordic.se\\\/privat\\\/produkt\\\/wax-cellence-waxing-strips-25stk\\\/\"]}]},{\"@type\":\"ImageObject\",\"inLanguage\":\"sv-SE\",\"@id\":\"https:\\\/\\\/lyconnordic.se\\\/privat\\\/produkt\\\/wax-cellence-waxing-strips-25stk\\\/#primaryimage\",\"url\":\"https:\\\/\\\/lyconnordic.se\\\/privat\\\/wp-content\\\/uploads\\\/2024\\\/01\\\/Wax-cellence_Waxing-Strips_WEB.jpg\",\"contentUrl\":\"https:\\\/\\\/lyconnordic.se\\\/privat\\\/wp-content\\\/uploads\\\/2024\\\/01\\\/Wax-cellence_Waxing-Strips_WEB.jpg\",\"width\":900,\"height\":900},{\"@type\":\"BreadcrumbList\",\"@id\":\"https:\\\/\\\/lyconnordic.se\\\/privat\\\/produkt\\\/wax-cellence-waxing-strips-25stk\\\/#breadcrumb\",\"itemListElement\":[{\"@type\":\"ListItem\",\"position\":1,\"name\":\"Hem\",\"item\":\"https:\\\/\\\/lyconnordic.se\\\/privat\\\/\"},{\"@type\":\"ListItem\",\"position\":2,\"name\":\"Produkter\",\"item\":\"https:\\\/\\\/lyconnordic.se\\\/privat\\\/produkter\\\/\"},{\"@type\":\"ListItem\",\"position\":3,\"name\":\"Wax Strips WAX-CELLENCE 25st\"}]},{\"@type\":\"WebSite\",\"@id\":\"https:\\\/\\\/lyconnordic.se\\\/privat\\\/#website\",\"url\":\"https:\\\/\\\/lyconnordic.se\\\/privat\\\/\",\"name\":\"LYCON Nordic - Sweden\",\"description\":\"Lycon Nordic - Vax, Milt h\u00e5rborttagningsvax, Brasiliansk Vaxning, Exklusivt h\u00e5rborttagningsvax\",\"potentialAction\":[{\"@type\":\"SearchAction\",\"target\":{\"@type\":\"EntryPoint\",\"urlTemplate\":\"https:\\\/\\\/lyconnordic.se\\\/privat\\\/?s={search_term_string}\"},\"query-input\":{\"@type\":\"PropertyValueSpecification\",\"valueRequired\":true,\"valueName\":\"search_term_string\"}}],\"inLanguage\":\"sv-SE\"}]}<\/script>\n<!-- \/ Yoast SEO plugin. -->","yoast_head_json":{"title":"Wax Strips | WAX-CELLENCE | LYCON Nordic - Sweden - Privat","robots":{"index":"index","follow":"follow","max-snippet":"max-snippet:-1","max-image-preview":"max-image-preview:large","max-video-preview":"max-video-preview:-1"},"canonical":"https:\/\/lyconnordic.se\/privat\/produkt\/wax-cellence-waxing-strips-25stk\/","og_locale":"sv_SE","og_type":"article","og_title":"Wax Strips | WAX-CELLENCE | LYCON Nordic - Sweden - Privat","og_description":"F\u00f6r remsvaxning  Wax-cellence f\u00f6rskurna, non-woven remsor med h\u00f6g kvalitet g\u00f6r det enkelt f\u00f6r dig att vaxa. Remsorna formas efter kroppskonturerna och bidrar till en n\u00e4stintill sm\u00e4rtfri vaxning.  Inneh\u00e5ller 25st remsor  &nbsp;","og_url":"https:\/\/lyconnordic.se\/privat\/produkt\/wax-cellence-waxing-strips-25stk\/","og_site_name":"LYCON Nordic - Sweden - Privat","article_modified_time":"2026-01-13T15:08:29+00:00","og_image":[{"width":900,"height":900,"url":"https:\/\/lyconnordic.se\/privat\/wp-content\/uploads\/2024\/01\/Wax-cellence_Waxing-Strips_WEB.jpg","type":"image\/jpeg"}],"twitter_card":"summary_large_image","twitter_misc":{"Ber\u00e4knad l\u00e4stid":"1 minut"},"schema":{"@context":"https:\/\/schema.org","@graph":[{"@type":"WebPage","@id":"https:\/\/lyconnordic.se\/privat\/produkt\/wax-cellence-waxing-strips-25stk\/","url":"https:\/\/lyconnordic.se\/privat\/produkt\/wax-cellence-waxing-strips-25stk\/","name":"Wax Strips | WAX-CELLENCE | LYCON Nordic - Sweden - Privat","isPartOf":{"@id":"https:\/\/lyconnordic.se\/privat\/#website"},"primaryImageOfPage":{"@id":"https:\/\/lyconnordic.se\/privat\/produkt\/wax-cellence-waxing-strips-25stk\/#primaryimage"},"image":{"@id":"https:\/\/lyconnordic.se\/privat\/produkt\/wax-cellence-waxing-strips-25stk\/#primaryimage"},"thumbnailUrl":"https:\/\/lyconnordic.se\/privat\/wp-content\/uploads\/2024\/01\/Wax-cellence_Waxing-Strips_WEB.jpg","datePublished":"2024-01-18T08:14:23+00:00","dateModified":"2026-01-13T15:08:29+00:00","breadcrumb":{"@id":"https:\/\/lyconnordic.se\/privat\/produkt\/wax-cellence-waxing-strips-25stk\/#breadcrumb"},"inLanguage":"sv-SE","potentialAction":[{"@type":"ReadAction","target":["https:\/\/lyconnordic.se\/privat\/produkt\/wax-cellence-waxing-strips-25stk\/"]}]},{"@type":"ImageObject","inLanguage":"sv-SE","@id":"https:\/\/lyconnordic.se\/privat\/produkt\/wax-cellence-waxing-strips-25stk\/#primaryimage","url":"https:\/\/lyconnordic.se\/privat\/wp-content\/uploads\/2024\/01\/Wax-cellence_Waxing-Strips_WEB.jpg","contentUrl":"https:\/\/lyconnordic.se\/privat\/wp-content\/uploads\/2024\/01\/Wax-cellence_Waxing-Strips_WEB.jpg","width":900,"height":900},{"@type":"BreadcrumbList","@id":"https:\/\/lyconnordic.se\/privat\/produkt\/wax-cellence-waxing-strips-25stk\/#breadcrumb","itemListElement":[{"@type":"ListItem","position":1,"name":"Hem","item":"https:\/\/lyconnordic.se\/privat\/"},{"@type":"ListItem","position":2,"name":"Produkter","item":"https:\/\/lyconnordic.se\/privat\/produkter\/"},{"@type":"ListItem","position":3,"name":"Wax Strips WAX-CELLENCE 25st"}]},{"@type":"WebSite","@id":"https:\/\/lyconnordic.se\/privat\/#website","url":"https:\/\/lyconnordic.se\/privat\/","name":"LYCON Nordic - Sweden","description":"Lycon Nordic - Vax, Milt h\u00e5rborttagningsvax, Brasiliansk Vaxning, Exklusivt h\u00e5rborttagningsvax","potentialAction":[{"@type":"SearchAction","target":{"@type":"EntryPoint","urlTemplate":"https:\/\/lyconnordic.se\/privat\/?s={search_term_string}"},"query-input":{"@type":"PropertyValueSpecification","valueRequired":true,"valueName":"search_term_string"}}],"inLanguage":"sv-SE"}]}},"_links":{"self":[{"href":"https:\/\/lyconnordic.se\/privat\/wp-json\/wp\/v2\/product\/17890","targetHints":{"allow":["GET"]}}],"collection":[{"href":"https:\/\/lyconnordic.se\/privat\/wp-json\/wp\/v2\/product"}],"about":[{"href":"https:\/\/lyconnordic.se\/privat\/wp-json\/wp\/v2\/types\/product"}],"replies":[{"embeddable":true,"href":"https:\/\/lyconnordic.se\/privat\/wp-json\/wp\/v2\/comments?post=17890"}],"version-history":[{"count":8,"href":"https:\/\/lyconnordic.se\/privat\/wp-json\/wp\/v2\/product\/17890\/revisions"}],"predecessor-version":[{"id":23158,"href":"https:\/\/lyconnordic.se\/privat\/wp-json\/wp\/v2\/product\/17890\/revisions\/23158"}],"wp:featuredmedia":[{"embeddable":true,"href":"https:\/\/lyconnordic.se\/privat\/wp-json\/wp\/v2\/media\/17905"}],"wp:attachment":[{"href":"https:\/\/lyconnordic.se\/privat\/wp-json\/wp\/v2\/media?parent=17890"}],"wp:term":[{"taxonomy":"product_brand","embeddable":true,"href":"https:\/\/lyconnordic.se\/privat\/wp-json\/wp\/v2\/product_brand?post=17890"},{"taxonomy":"product_cat","embeddable":true,"href":"https:\/\/lyconnordic.se\/privat\/wp-json\/wp\/v2\/product_cat?post=17890"},{"taxonomy":"product_tag","embeddable":true,"href":"https:\/\/lyconnordic.se\/privat\/wp-json\/wp\/v2\/product_tag?post=17890"}],"curies":[{"name":"wp","href":"https:\/\/api.w.org\/{rel}","templated":true}]}}