{"id":23372,"date":"2026-02-11T11:57:09","date_gmt":"2026-02-11T10:57:09","guid":{"rendered":"https:\/\/lyconnordic.se\/privat\/?post_type=product&#038;p=23372"},"modified":"2026-02-11T11:57:09","modified_gmt":"2026-02-11T10:57:09","slug":"refreshing-mist-protective-50ml","status":"publish","type":"product","link":"https:\/\/lyconnordic.se\/privat\/produkt\/refreshing-mist-protective-50ml\/","title":{"rendered":"Refreshing Mist Protective 50ml"},"content":{"rendered":"<p data-start=\"58\" data-end=\"211\"><strong data-start=\"58\" data-end=\"88\">F\u00f6r vem &amp; hur man anv\u00e4nder<\/strong><br data-start=\"88\" data-end=\"91\" \/>Denna spray \u00e4r perfekt att alltid ha med sig f\u00f6r att snabbt och enkelt fr\u00e4scha upp, \u00e5terfukta och skydda intimomr\u00e5det. Spraya tv\u00e5 till tre g\u00e5nger p\u00e5 rengjord hud. Den kan anv\u00e4ndas flera g\u00e5nger om dagen och under hela menstruationscykeln. Endast f\u00f6r utv\u00e4rtes bruk.<\/p>\n<p data-start=\"485\" data-end=\"756\"><strong data-start=\"485\" data-end=\"508\">Aktiva ingredienser<\/strong><\/p>\n<p data-start=\"485\" data-end=\"756\"><strong data-start=\"532\" data-end=\"551\">Kamomillextrakt<\/strong>, som har en antiinflammatorisk effekt och minskar irritation. Tack vare sitt h\u00f6ga inneh\u00e5ll av antioxidanter och vitaminer \u00e4r kamomill \u00e4ven effektiv f\u00f6r att reducera tecken p\u00e5 rosacea och sm\u00e5 hudfl\u00e4ckar.<\/p>\n<p data-start=\"758\" data-end=\"1051\">En annan viktig ingrediens \u00e4r\u00a0<strong data-start=\"788\" data-end=\"812\">Achillea Millefolium<\/strong>\u00a0(r\u00f6llika), k\u00e4nd f\u00f6r sina hemostatiska egenskaper samt sin lugnande och lindrande effekt mot irritation och rodnad. Den \u00e4r s\u00e4rskilt l\u00e4mplig f\u00f6r att behandla irritationer i intimomr\u00e5det och hj\u00e4lper till att skydda mot yttre p\u00e5frestningar.<\/p>\n<p data-start=\"1053\" data-end=\"1254\"><strong data-start=\"1053\" data-end=\"1100\">Trollhassel (Hamamelis Virginiana)<\/strong>\u00a0\u00e4r ytterligare en viktig ingrediens. Dess verkan \u00e4r s\u00e4rskilt effektiv mot problem som rosacea, hudfl\u00e4ckar, akne och m\u00e4rken orsakade av fria radikaler.<\/p>\n<p data-start=\"1256\" data-end=\"1801\">Formulan inneh\u00e5ller \u00e4ven en\u00a0<strong data-start=\"1284\" data-end=\"1298\">probiotika<\/strong>\u00a0som verkar anti-aging, lugnande och v\u00e5rdande. Den \u00f6kar cellandning, cellmetabolism och kollagenproduktion, vilket minskar risken f\u00f6r rodnad och irritation. Den aktiva ingrediensen \u00e4r\u00a0<strong data-start=\"1482\" data-end=\"1512\">Lactococcus Ferment Lysate<\/strong>, en suspension bioteknologiskt framst\u00e4lld fr\u00e5n en probiotisk bakterie som producerar mj\u00f6lksyra, vilket stimulerar hudf\u00f6rnyelse och uppr\u00e4tth\u00e5ller en intakt hudbarri\u00e4r. Eftersom den \u00e4r mj\u00f6lksyrebaserad bidrar den ocks\u00e5 till att bibeh\u00e5lla hudens och de yttre slemhinnornas fysiologiska pH.<\/p>\n<p data-start=\"1803\" data-end=\"2114\">Slutligen inneh\u00e5ller formulan\u00a0<strong data-start=\"1833\" data-end=\"1849\">Hyaluronsyra<\/strong>, en v\u00e4lk\u00e4nd aktiv ingrediens,\u00a0 s\u00e4rskilt idealisk f\u00f6r underlivet tack vare sina \u00e5terfuktande egenskaper. Den hj\u00e4lper till att bibeh\u00e5lla elasticitet och sp\u00e4nst i vaginal slemhinna samt minskar risken f\u00f6r torrhet, kl\u00e5da och irritation.<\/p>\n","protected":false},"excerpt":{"rendered":"<p>En spray framtagen f\u00f6r att fr\u00e4scha upp, \u00e5terfukta och skydda underlivet. Den specifika blandningen av aktiva ingredienser och probiotika hj\u00e4lper till att skydda huden mot obehag och rodnad genom att skapa en osynlig skyddsbarri\u00e4r. Hyaluronsyra \u00e5terfuktar och hj\u00e4lper till att f\u00f6rebygga uttorkning.<\/p>\n<p>F\u00f6rdelar:<br \/>\n\u00c5terfuktande, Skyddande,Uppfriskande, Lugnande, Antibakteriell<\/p>\n<p>50 ml \u2013 Cirka 380 sprays<br \/>\n15 ml \u2013 Cirka 100 sprays<\/p>\n","protected":false},"featured_media":23393,"comment_status":"open","ping_status":"closed","template":"","meta":[],"product_brand":[],"product_cat":[237],"product_tag":[],"class_list":{"0":"post-23372","1":"product","2":"type-product","3":"status-publish","4":"has-post-thumbnail","6":"product_cat-kysh-intimvard","8":"first","9":"instock","10":"taxable","11":"shipping-taxable","12":"purchasable","13":"product-type-simple"},"yoast_head":"<!-- This site is optimized with the Yoast SEO plugin v27.5 - https:\/\/yoast.com\/product\/yoast-seo-wordpress\/ -->\n<title>Refreshing Mist Protective 50ml - LYCON Nordic - Sweden - Privat<\/title>\n<meta name=\"robots\" content=\"index, follow, max-snippet:-1, max-image-preview:large, max-video-preview:-1\" \/>\n<link rel=\"canonical\" href=\"https:\/\/lyconnordic.se\/privat\/produkt\/refreshing-mist-protective-50ml\/\" \/>\n<meta property=\"og:locale\" content=\"sv_SE\" \/>\n<meta property=\"og:type\" content=\"article\" \/>\n<meta property=\"og:title\" content=\"Refreshing Mist Protective 50ml - LYCON Nordic - Sweden - Privat\" \/>\n<meta property=\"og:description\" content=\"En spray framtagen f\u00f6r att fr\u00e4scha upp, \u00e5terfukta och skydda underlivet. Den specifika blandningen av aktiva ingredienser och probiotika hj\u00e4lper till att skydda huden mot obehag och rodnad genom att skapa en osynlig skyddsbarri\u00e4r. Hyaluronsyra \u00e5terfuktar och hj\u00e4lper till att f\u00f6rebygga uttorkning.  F\u00f6rdelar: \u00c5terfuktande, Skyddande,Uppfriskande, Lugnande, Antibakteriell  50 ml \u2013 Cirka 380 sprays 15 ml \u2013 Cirka 100 sprays\" \/>\n<meta property=\"og:url\" content=\"https:\/\/lyconnordic.se\/privat\/produkt\/refreshing-mist-protective-50ml\/\" \/>\n<meta property=\"og:site_name\" content=\"LYCON Nordic - Sweden - Privat\" \/>\n<meta property=\"og:image\" content=\"https:\/\/lyconnordic.se\/privat\/wp-content\/uploads\/2025\/12\/8388779137779_KYSH-REFRESHING-MIST-4_2-e1765973936607.jpg\" \/>\n\t<meta property=\"og:image:width\" content=\"609\" \/>\n\t<meta property=\"og:image:height\" content=\"900\" \/>\n\t<meta property=\"og:image:type\" content=\"image\/jpeg\" \/>\n<meta name=\"twitter:card\" content=\"summary_large_image\" \/>\n<meta name=\"twitter:label1\" content=\"Ber\u00e4knad l\u00e4stid\" \/>\n\t<meta name=\"twitter:data1\" content=\"2 minuter\" \/>\n<script type=\"application\/ld+json\" class=\"yoast-schema-graph\">{\"@context\":\"https:\\\/\\\/schema.org\",\"@graph\":[{\"@type\":\"WebPage\",\"@id\":\"https:\\\/\\\/lyconnordic.se\\\/privat\\\/produkt\\\/refreshing-mist-protective-50ml\\\/\",\"url\":\"https:\\\/\\\/lyconnordic.se\\\/privat\\\/produkt\\\/refreshing-mist-protective-50ml\\\/\",\"name\":\"Refreshing Mist Protective 50ml - LYCON Nordic - Sweden - Privat\",\"isPartOf\":{\"@id\":\"https:\\\/\\\/lyconnordic.se\\\/privat\\\/#website\"},\"primaryImageOfPage\":{\"@id\":\"https:\\\/\\\/lyconnordic.se\\\/privat\\\/produkt\\\/refreshing-mist-protective-50ml\\\/#primaryimage\"},\"image\":{\"@id\":\"https:\\\/\\\/lyconnordic.se\\\/privat\\\/produkt\\\/refreshing-mist-protective-50ml\\\/#primaryimage\"},\"thumbnailUrl\":\"https:\\\/\\\/lyconnordic.se\\\/privat\\\/wp-content\\\/uploads\\\/2025\\\/12\\\/8388779137779_KYSH-REFRESHING-MIST-4_2-e1765973936607.jpg\",\"datePublished\":\"2026-02-11T10:57:09+00:00\",\"breadcrumb\":{\"@id\":\"https:\\\/\\\/lyconnordic.se\\\/privat\\\/produkt\\\/refreshing-mist-protective-50ml\\\/#breadcrumb\"},\"inLanguage\":\"sv-SE\",\"potentialAction\":[{\"@type\":\"ReadAction\",\"target\":[\"https:\\\/\\\/lyconnordic.se\\\/privat\\\/produkt\\\/refreshing-mist-protective-50ml\\\/\"]}]},{\"@type\":\"ImageObject\",\"inLanguage\":\"sv-SE\",\"@id\":\"https:\\\/\\\/lyconnordic.se\\\/privat\\\/produkt\\\/refreshing-mist-protective-50ml\\\/#primaryimage\",\"url\":\"https:\\\/\\\/lyconnordic.se\\\/privat\\\/wp-content\\\/uploads\\\/2025\\\/12\\\/8388779137779_KYSH-REFRESHING-MIST-4_2-e1765973936607.jpg\",\"contentUrl\":\"https:\\\/\\\/lyconnordic.se\\\/privat\\\/wp-content\\\/uploads\\\/2025\\\/12\\\/8388779137779_KYSH-REFRESHING-MIST-4_2-e1765973936607.jpg\",\"width\":609,\"height\":900},{\"@type\":\"BreadcrumbList\",\"@id\":\"https:\\\/\\\/lyconnordic.se\\\/privat\\\/produkt\\\/refreshing-mist-protective-50ml\\\/#breadcrumb\",\"itemListElement\":[{\"@type\":\"ListItem\",\"position\":1,\"name\":\"Hem\",\"item\":\"https:\\\/\\\/lyconnordic.se\\\/privat\\\/\"},{\"@type\":\"ListItem\",\"position\":2,\"name\":\"Produkter\",\"item\":\"https:\\\/\\\/lyconnordic.se\\\/privat\\\/produkter\\\/\"},{\"@type\":\"ListItem\",\"position\":3,\"name\":\"Refreshing Mist Protective 50ml\"}]},{\"@type\":\"WebSite\",\"@id\":\"https:\\\/\\\/lyconnordic.se\\\/privat\\\/#website\",\"url\":\"https:\\\/\\\/lyconnordic.se\\\/privat\\\/\",\"name\":\"LYCON Nordic - Sweden\",\"description\":\"Lycon Nordic - Vax, Milt h\u00e5rborttagningsvax, Brasiliansk Vaxning, Exklusivt h\u00e5rborttagningsvax\",\"potentialAction\":[{\"@type\":\"SearchAction\",\"target\":{\"@type\":\"EntryPoint\",\"urlTemplate\":\"https:\\\/\\\/lyconnordic.se\\\/privat\\\/?s={search_term_string}\"},\"query-input\":{\"@type\":\"PropertyValueSpecification\",\"valueRequired\":true,\"valueName\":\"search_term_string\"}}],\"inLanguage\":\"sv-SE\"}]}<\/script>\n<!-- \/ Yoast SEO plugin. -->","yoast_head_json":{"title":"Refreshing Mist Protective 50ml - LYCON Nordic - Sweden - Privat","robots":{"index":"index","follow":"follow","max-snippet":"max-snippet:-1","max-image-preview":"max-image-preview:large","max-video-preview":"max-video-preview:-1"},"canonical":"https:\/\/lyconnordic.se\/privat\/produkt\/refreshing-mist-protective-50ml\/","og_locale":"sv_SE","og_type":"article","og_title":"Refreshing Mist Protective 50ml - LYCON Nordic - Sweden - Privat","og_description":"En spray framtagen f\u00f6r att fr\u00e4scha upp, \u00e5terfukta och skydda underlivet. Den specifika blandningen av aktiva ingredienser och probiotika hj\u00e4lper till att skydda huden mot obehag och rodnad genom att skapa en osynlig skyddsbarri\u00e4r. Hyaluronsyra \u00e5terfuktar och hj\u00e4lper till att f\u00f6rebygga uttorkning.  F\u00f6rdelar: \u00c5terfuktande, Skyddande,Uppfriskande, Lugnande, Antibakteriell  50 ml \u2013 Cirka 380 sprays 15 ml \u2013 Cirka 100 sprays","og_url":"https:\/\/lyconnordic.se\/privat\/produkt\/refreshing-mist-protective-50ml\/","og_site_name":"LYCON Nordic - Sweden - Privat","og_image":[{"width":609,"height":900,"url":"https:\/\/lyconnordic.se\/privat\/wp-content\/uploads\/2025\/12\/8388779137779_KYSH-REFRESHING-MIST-4_2-e1765973936607.jpg","type":"image\/jpeg"}],"twitter_card":"summary_large_image","twitter_misc":{"Ber\u00e4knad l\u00e4stid":"2 minuter"},"schema":{"@context":"https:\/\/schema.org","@graph":[{"@type":"WebPage","@id":"https:\/\/lyconnordic.se\/privat\/produkt\/refreshing-mist-protective-50ml\/","url":"https:\/\/lyconnordic.se\/privat\/produkt\/refreshing-mist-protective-50ml\/","name":"Refreshing Mist Protective 50ml - LYCON Nordic - Sweden - Privat","isPartOf":{"@id":"https:\/\/lyconnordic.se\/privat\/#website"},"primaryImageOfPage":{"@id":"https:\/\/lyconnordic.se\/privat\/produkt\/refreshing-mist-protective-50ml\/#primaryimage"},"image":{"@id":"https:\/\/lyconnordic.se\/privat\/produkt\/refreshing-mist-protective-50ml\/#primaryimage"},"thumbnailUrl":"https:\/\/lyconnordic.se\/privat\/wp-content\/uploads\/2025\/12\/8388779137779_KYSH-REFRESHING-MIST-4_2-e1765973936607.jpg","datePublished":"2026-02-11T10:57:09+00:00","breadcrumb":{"@id":"https:\/\/lyconnordic.se\/privat\/produkt\/refreshing-mist-protective-50ml\/#breadcrumb"},"inLanguage":"sv-SE","potentialAction":[{"@type":"ReadAction","target":["https:\/\/lyconnordic.se\/privat\/produkt\/refreshing-mist-protective-50ml\/"]}]},{"@type":"ImageObject","inLanguage":"sv-SE","@id":"https:\/\/lyconnordic.se\/privat\/produkt\/refreshing-mist-protective-50ml\/#primaryimage","url":"https:\/\/lyconnordic.se\/privat\/wp-content\/uploads\/2025\/12\/8388779137779_KYSH-REFRESHING-MIST-4_2-e1765973936607.jpg","contentUrl":"https:\/\/lyconnordic.se\/privat\/wp-content\/uploads\/2025\/12\/8388779137779_KYSH-REFRESHING-MIST-4_2-e1765973936607.jpg","width":609,"height":900},{"@type":"BreadcrumbList","@id":"https:\/\/lyconnordic.se\/privat\/produkt\/refreshing-mist-protective-50ml\/#breadcrumb","itemListElement":[{"@type":"ListItem","position":1,"name":"Hem","item":"https:\/\/lyconnordic.se\/privat\/"},{"@type":"ListItem","position":2,"name":"Produkter","item":"https:\/\/lyconnordic.se\/privat\/produkter\/"},{"@type":"ListItem","position":3,"name":"Refreshing Mist Protective 50ml"}]},{"@type":"WebSite","@id":"https:\/\/lyconnordic.se\/privat\/#website","url":"https:\/\/lyconnordic.se\/privat\/","name":"LYCON Nordic - Sweden","description":"Lycon Nordic - Vax, Milt h\u00e5rborttagningsvax, Brasiliansk Vaxning, Exklusivt h\u00e5rborttagningsvax","potentialAction":[{"@type":"SearchAction","target":{"@type":"EntryPoint","urlTemplate":"https:\/\/lyconnordic.se\/privat\/?s={search_term_string}"},"query-input":{"@type":"PropertyValueSpecification","valueRequired":true,"valueName":"search_term_string"}}],"inLanguage":"sv-SE"}]}},"_links":{"self":[{"href":"https:\/\/lyconnordic.se\/privat\/wp-json\/wp\/v2\/product\/23372","targetHints":{"allow":["GET"]}}],"collection":[{"href":"https:\/\/lyconnordic.se\/privat\/wp-json\/wp\/v2\/product"}],"about":[{"href":"https:\/\/lyconnordic.se\/privat\/wp-json\/wp\/v2\/types\/product"}],"replies":[{"embeddable":true,"href":"https:\/\/lyconnordic.se\/privat\/wp-json\/wp\/v2\/comments?post=23372"}],"version-history":[{"count":2,"href":"https:\/\/lyconnordic.se\/privat\/wp-json\/wp\/v2\/product\/23372\/revisions"}],"predecessor-version":[{"id":23402,"href":"https:\/\/lyconnordic.se\/privat\/wp-json\/wp\/v2\/product\/23372\/revisions\/23402"}],"wp:featuredmedia":[{"embeddable":true,"href":"https:\/\/lyconnordic.se\/privat\/wp-json\/wp\/v2\/media\/23393"}],"wp:attachment":[{"href":"https:\/\/lyconnordic.se\/privat\/wp-json\/wp\/v2\/media?parent=23372"}],"wp:term":[{"taxonomy":"product_brand","embeddable":true,"href":"https:\/\/lyconnordic.se\/privat\/wp-json\/wp\/v2\/product_brand?post=23372"},{"taxonomy":"product_cat","embeddable":true,"href":"https:\/\/lyconnordic.se\/privat\/wp-json\/wp\/v2\/product_cat?post=23372"},{"taxonomy":"product_tag","embeddable":true,"href":"https:\/\/lyconnordic.se\/privat\/wp-json\/wp\/v2\/product_tag?post=23372"}],"curies":[{"name":"wp","href":"https:\/\/api.w.org\/{rel}","templated":true}]}}