{"id":23458,"date":"2026-02-11T11:57:19","date_gmt":"2026-02-11T10:57:19","guid":{"rendered":"https:\/\/lyconnordic.se\/privat\/?post_type=product&#038;p=23458"},"modified":"2026-02-11T11:57:19","modified_gmt":"2026-02-11T10:57:19","slug":"lightening-serum-30ml","status":"publish","type":"product","link":"https:\/\/lyconnordic.se\/privat\/produkt\/lightening-serum-30ml\/","title":{"rendered":"Lightening Serum 30ml"},"content":{"rendered":"<p data-start=\"58\" data-end=\"324\"><strong data-start=\"58\" data-end=\"88\">F\u00f6r vem &amp; hur man anv\u00e4nder<\/strong><br data-start=\"88\" data-end=\"91\" \/>Detta serum \u00e4r framtaget f\u00f6r alla som vill ljusa upp, j\u00e4mna ut och ge lyster \u00e5t omr\u00e5det runt underliv, l\u00e5rens insida, skinkor och armh\u00e5lor \u2013 alla de omr\u00e5den som tenderar att m\u00f6rkna \u00f6ver tid, efter rakning, vaxning eller solexponering.<\/p>\n<p data-start=\"326\" data-end=\"536\">Efter reng\u00f6ring appliceras ett tunt lager av serum p\u00e5 det aktuella omr\u00e5det och masseras f\u00f6rsiktigt tills det \u00e4r helt absorberat. Anv\u00e4nd endast en g\u00e5ng om dagen och undvik slemhinnor. Endast f\u00f6r utv\u00e4rtes bruk.<\/p>\n<p data-start=\"538\" data-end=\"788\"><strong data-start=\"538\" data-end=\"553\">Konsistens<\/strong><br data-start=\"553\" data-end=\"556\" \/>Detta uppljusande och lystergivande serum \u00e4r enkelt och behagligt att applicera tack vare sin sammetslena, silkeslena textur, som ligger mitt emellan ett serum och en gel. Formulan absorberas snabbt utan att l\u00e4mna rester.<\/p>\n<p data-start=\"790\" data-end=\"1353\"><strong data-start=\"790\" data-end=\"813\">Aktiva ingredienser<\/strong><br data-start=\"813\" data-end=\"816\" \/>Huvudingrediensen \u00e4r <strong data-start=\"837\" data-end=\"863\">Diglucosyl Gallic Acid<\/strong>, en glukosbaserad ingrediens med ljusnande effekt som verkar p\u00e5 de receptorer som aktiverar melaninproduktionen. Denna n\u00e4sta generations aktiva ingrediens med h\u00f6g ljusnings- och upplysningskraft \u00e4r fyra g\u00e5nger mer effektiv \u00e4n vitamin C och 60 g\u00e5nger mer effektiv \u00e4n kojicsyra, som ofta anv\u00e4nds i ljusnande produkter. Dess verkan minskar synligt f\u00f6rekomsten av solfl\u00e4ckar och \u00e5ldersrelaterade missf\u00e4rgningar, j\u00e4mnar ut hudtonen och ger det behandlade omr\u00e5det ett ljust och j\u00e4mnt utseende.<\/p>\n<p data-start=\"1355\" data-end=\"1712\">Formulan kompletteras med <strong data-start=\"1381\" data-end=\"1404\">Kamomillblomextrakt<\/strong>, en av de \u00e4ldsta medicinalv\u00e4xterna, k\u00e4nd f\u00f6r sina lugnande egenskaper tack vare sitt h\u00f6ga inneh\u00e5ll av flavonoider (fytonutrienter med antioxidant- och antiinflammatoriska egenskaper). Tack vare sitt h\u00f6ga antioxidantinneh\u00e5ll lugnar och mjukg\u00f6r det huden, \u00e4ven hud som \u00e4r k\u00e4nslig eller ben\u00e4gen att irritera.<\/p>\n","protected":false},"excerpt":{"rendered":"<p data-start=\"49\" data-end=\"364\">En daglig behandling framtagen f\u00f6r att ge lyster, j\u00e4mna ut och f\u00f6rsiktigt ljusa upp de mest k\u00e4nsliga delarna av kroppen.\u00a0Konsistensen som \u00e4r mitt mellan ett serum och en gel, g\u00f6r huden sammetslen och silkeslen. Tack vare sin snabba absorption l\u00e4mnar den dessutom inga rester.<\/p>\n<p data-start=\"366\" data-end=\"441\"><strong data-start=\"366\" data-end=\"377\">F\u00f6rdelar:<\/strong><br data-start=\"377\" data-end=\"380\" \/>\u00c5terfuktande, Ljusgivande, J\u00e4mnande, Upplyftande<\/p>\n<p data-start=\"443\" data-end=\"500\"><strong data-start=\"443\" data-end=\"453\">Storlek:<\/strong><br data-start=\"453\" data-end=\"456\" \/>30 ml \u2013 Cirka 200 doseringar av produkten.<\/p>\n","protected":false},"featured_media":23418,"comment_status":"open","ping_status":"closed","template":"","meta":[],"product_brand":[],"product_cat":[237],"product_tag":[],"class_list":{"0":"post-23458","1":"product","2":"type-product","3":"status-publish","4":"has-post-thumbnail","6":"product_cat-kysh-intimvard","8":"first","9":"instock","10":"taxable","11":"shipping-taxable","12":"purchasable","13":"product-type-simple"},"yoast_head":"<!-- This site is optimized with the Yoast SEO plugin v27.5 - https:\/\/yoast.com\/product\/yoast-seo-wordpress\/ -->\n<title>Lightening Serum 30ml - LYCON Nordic - Sweden - Privat<\/title>\n<meta name=\"robots\" content=\"index, follow, max-snippet:-1, max-image-preview:large, max-video-preview:-1\" \/>\n<link rel=\"canonical\" href=\"https:\/\/lyconnordic.se\/privat\/produkt\/lightening-serum-30ml\/\" \/>\n<meta property=\"og:locale\" content=\"sv_SE\" \/>\n<meta property=\"og:type\" content=\"article\" \/>\n<meta property=\"og:title\" content=\"Lightening Serum 30ml - LYCON Nordic - Sweden - Privat\" \/>\n<meta property=\"og:description\" content=\"En daglig behandling framtagen f\u00f6r att ge lyster, j\u00e4mna ut och f\u00f6rsiktigt ljusa upp de mest k\u00e4nsliga delarna av kroppen.\u00a0Konsistensen som \u00e4r mitt mellan ett serum och en gel, g\u00f6r huden sammetslen och silkeslen. Tack vare sin snabba absorption l\u00e4mnar den dessutom inga rester. F\u00f6rdelar:\u00c5terfuktande, Ljusgivande, J\u00e4mnande, Upplyftande Storlek:30 ml \u2013 Cirka 200 doseringar av produkten.\" \/>\n<meta property=\"og:url\" content=\"https:\/\/lyconnordic.se\/privat\/produkt\/lightening-serum-30ml\/\" \/>\n<meta property=\"og:site_name\" content=\"LYCON Nordic - Sweden - Privat\" \/>\n<meta property=\"og:image\" content=\"https:\/\/lyconnordic.se\/privat\/wp-content\/uploads\/2025\/12\/8388779137755_LIGHTENING-SERUM_cover_30ml-1.jpg\" \/>\n\t<meta property=\"og:image:width\" content=\"1500\" \/>\n\t<meta property=\"og:image:height\" content=\"2000\" \/>\n\t<meta property=\"og:image:type\" content=\"image\/jpeg\" \/>\n<meta name=\"twitter:card\" content=\"summary_large_image\" \/>\n<meta name=\"twitter:label1\" content=\"Ber\u00e4knad l\u00e4stid\" \/>\n\t<meta name=\"twitter:data1\" content=\"2 minuter\" \/>\n<script type=\"application\/ld+json\" class=\"yoast-schema-graph\">{\"@context\":\"https:\\\/\\\/schema.org\",\"@graph\":[{\"@type\":\"WebPage\",\"@id\":\"https:\\\/\\\/lyconnordic.se\\\/privat\\\/produkt\\\/lightening-serum-30ml\\\/\",\"url\":\"https:\\\/\\\/lyconnordic.se\\\/privat\\\/produkt\\\/lightening-serum-30ml\\\/\",\"name\":\"Lightening Serum 30ml - LYCON Nordic - Sweden - Privat\",\"isPartOf\":{\"@id\":\"https:\\\/\\\/lyconnordic.se\\\/privat\\\/#website\"},\"primaryImageOfPage\":{\"@id\":\"https:\\\/\\\/lyconnordic.se\\\/privat\\\/produkt\\\/lightening-serum-30ml\\\/#primaryimage\"},\"image\":{\"@id\":\"https:\\\/\\\/lyconnordic.se\\\/privat\\\/produkt\\\/lightening-serum-30ml\\\/#primaryimage\"},\"thumbnailUrl\":\"https:\\\/\\\/lyconnordic.se\\\/privat\\\/wp-content\\\/uploads\\\/2025\\\/12\\\/8388779137755_LIGHTENING-SERUM_cover_30ml-1.jpg\",\"datePublished\":\"2026-02-11T10:57:19+00:00\",\"breadcrumb\":{\"@id\":\"https:\\\/\\\/lyconnordic.se\\\/privat\\\/produkt\\\/lightening-serum-30ml\\\/#breadcrumb\"},\"inLanguage\":\"sv-SE\",\"potentialAction\":[{\"@type\":\"ReadAction\",\"target\":[\"https:\\\/\\\/lyconnordic.se\\\/privat\\\/produkt\\\/lightening-serum-30ml\\\/\"]}]},{\"@type\":\"ImageObject\",\"inLanguage\":\"sv-SE\",\"@id\":\"https:\\\/\\\/lyconnordic.se\\\/privat\\\/produkt\\\/lightening-serum-30ml\\\/#primaryimage\",\"url\":\"https:\\\/\\\/lyconnordic.se\\\/privat\\\/wp-content\\\/uploads\\\/2025\\\/12\\\/8388779137755_LIGHTENING-SERUM_cover_30ml-1.jpg\",\"contentUrl\":\"https:\\\/\\\/lyconnordic.se\\\/privat\\\/wp-content\\\/uploads\\\/2025\\\/12\\\/8388779137755_LIGHTENING-SERUM_cover_30ml-1.jpg\",\"width\":1500,\"height\":2000},{\"@type\":\"BreadcrumbList\",\"@id\":\"https:\\\/\\\/lyconnordic.se\\\/privat\\\/produkt\\\/lightening-serum-30ml\\\/#breadcrumb\",\"itemListElement\":[{\"@type\":\"ListItem\",\"position\":1,\"name\":\"Hem\",\"item\":\"https:\\\/\\\/lyconnordic.se\\\/privat\\\/\"},{\"@type\":\"ListItem\",\"position\":2,\"name\":\"Produkter\",\"item\":\"https:\\\/\\\/lyconnordic.se\\\/privat\\\/produkter\\\/\"},{\"@type\":\"ListItem\",\"position\":3,\"name\":\"Lightening Serum 30ml\"}]},{\"@type\":\"WebSite\",\"@id\":\"https:\\\/\\\/lyconnordic.se\\\/privat\\\/#website\",\"url\":\"https:\\\/\\\/lyconnordic.se\\\/privat\\\/\",\"name\":\"LYCON Nordic - Sweden\",\"description\":\"Lycon Nordic - Vax, Milt h\u00e5rborttagningsvax, Brasiliansk Vaxning, Exklusivt h\u00e5rborttagningsvax\",\"potentialAction\":[{\"@type\":\"SearchAction\",\"target\":{\"@type\":\"EntryPoint\",\"urlTemplate\":\"https:\\\/\\\/lyconnordic.se\\\/privat\\\/?s={search_term_string}\"},\"query-input\":{\"@type\":\"PropertyValueSpecification\",\"valueRequired\":true,\"valueName\":\"search_term_string\"}}],\"inLanguage\":\"sv-SE\"}]}<\/script>\n<!-- \/ Yoast SEO plugin. -->","yoast_head_json":{"title":"Lightening Serum 30ml - LYCON Nordic - Sweden - Privat","robots":{"index":"index","follow":"follow","max-snippet":"max-snippet:-1","max-image-preview":"max-image-preview:large","max-video-preview":"max-video-preview:-1"},"canonical":"https:\/\/lyconnordic.se\/privat\/produkt\/lightening-serum-30ml\/","og_locale":"sv_SE","og_type":"article","og_title":"Lightening Serum 30ml - LYCON Nordic - Sweden - Privat","og_description":"En daglig behandling framtagen f\u00f6r att ge lyster, j\u00e4mna ut och f\u00f6rsiktigt ljusa upp de mest k\u00e4nsliga delarna av kroppen.\u00a0Konsistensen som \u00e4r mitt mellan ett serum och en gel, g\u00f6r huden sammetslen och silkeslen. Tack vare sin snabba absorption l\u00e4mnar den dessutom inga rester. F\u00f6rdelar:\u00c5terfuktande, Ljusgivande, J\u00e4mnande, Upplyftande Storlek:30 ml \u2013 Cirka 200 doseringar av produkten.","og_url":"https:\/\/lyconnordic.se\/privat\/produkt\/lightening-serum-30ml\/","og_site_name":"LYCON Nordic - Sweden - Privat","og_image":[{"width":1500,"height":2000,"url":"https:\/\/lyconnordic.se\/privat\/wp-content\/uploads\/2025\/12\/8388779137755_LIGHTENING-SERUM_cover_30ml-1.jpg","type":"image\/jpeg"}],"twitter_card":"summary_large_image","twitter_misc":{"Ber\u00e4knad l\u00e4stid":"2 minuter"},"schema":{"@context":"https:\/\/schema.org","@graph":[{"@type":"WebPage","@id":"https:\/\/lyconnordic.se\/privat\/produkt\/lightening-serum-30ml\/","url":"https:\/\/lyconnordic.se\/privat\/produkt\/lightening-serum-30ml\/","name":"Lightening Serum 30ml - LYCON Nordic - Sweden - Privat","isPartOf":{"@id":"https:\/\/lyconnordic.se\/privat\/#website"},"primaryImageOfPage":{"@id":"https:\/\/lyconnordic.se\/privat\/produkt\/lightening-serum-30ml\/#primaryimage"},"image":{"@id":"https:\/\/lyconnordic.se\/privat\/produkt\/lightening-serum-30ml\/#primaryimage"},"thumbnailUrl":"https:\/\/lyconnordic.se\/privat\/wp-content\/uploads\/2025\/12\/8388779137755_LIGHTENING-SERUM_cover_30ml-1.jpg","datePublished":"2026-02-11T10:57:19+00:00","breadcrumb":{"@id":"https:\/\/lyconnordic.se\/privat\/produkt\/lightening-serum-30ml\/#breadcrumb"},"inLanguage":"sv-SE","potentialAction":[{"@type":"ReadAction","target":["https:\/\/lyconnordic.se\/privat\/produkt\/lightening-serum-30ml\/"]}]},{"@type":"ImageObject","inLanguage":"sv-SE","@id":"https:\/\/lyconnordic.se\/privat\/produkt\/lightening-serum-30ml\/#primaryimage","url":"https:\/\/lyconnordic.se\/privat\/wp-content\/uploads\/2025\/12\/8388779137755_LIGHTENING-SERUM_cover_30ml-1.jpg","contentUrl":"https:\/\/lyconnordic.se\/privat\/wp-content\/uploads\/2025\/12\/8388779137755_LIGHTENING-SERUM_cover_30ml-1.jpg","width":1500,"height":2000},{"@type":"BreadcrumbList","@id":"https:\/\/lyconnordic.se\/privat\/produkt\/lightening-serum-30ml\/#breadcrumb","itemListElement":[{"@type":"ListItem","position":1,"name":"Hem","item":"https:\/\/lyconnordic.se\/privat\/"},{"@type":"ListItem","position":2,"name":"Produkter","item":"https:\/\/lyconnordic.se\/privat\/produkter\/"},{"@type":"ListItem","position":3,"name":"Lightening Serum 30ml"}]},{"@type":"WebSite","@id":"https:\/\/lyconnordic.se\/privat\/#website","url":"https:\/\/lyconnordic.se\/privat\/","name":"LYCON Nordic - Sweden","description":"Lycon Nordic - Vax, Milt h\u00e5rborttagningsvax, Brasiliansk Vaxning, Exklusivt h\u00e5rborttagningsvax","potentialAction":[{"@type":"SearchAction","target":{"@type":"EntryPoint","urlTemplate":"https:\/\/lyconnordic.se\/privat\/?s={search_term_string}"},"query-input":{"@type":"PropertyValueSpecification","valueRequired":true,"valueName":"search_term_string"}}],"inLanguage":"sv-SE"}]}},"_links":{"self":[{"href":"https:\/\/lyconnordic.se\/privat\/wp-json\/wp\/v2\/product\/23458","targetHints":{"allow":["GET"]}}],"collection":[{"href":"https:\/\/lyconnordic.se\/privat\/wp-json\/wp\/v2\/product"}],"about":[{"href":"https:\/\/lyconnordic.se\/privat\/wp-json\/wp\/v2\/types\/product"}],"replies":[{"embeddable":true,"href":"https:\/\/lyconnordic.se\/privat\/wp-json\/wp\/v2\/comments?post=23458"}],"version-history":[{"count":1,"href":"https:\/\/lyconnordic.se\/privat\/wp-json\/wp\/v2\/product\/23458\/revisions"}],"predecessor-version":[{"id":23459,"href":"https:\/\/lyconnordic.se\/privat\/wp-json\/wp\/v2\/product\/23458\/revisions\/23459"}],"wp:featuredmedia":[{"embeddable":true,"href":"https:\/\/lyconnordic.se\/privat\/wp-json\/wp\/v2\/media\/23418"}],"wp:attachment":[{"href":"https:\/\/lyconnordic.se\/privat\/wp-json\/wp\/v2\/media?parent=23458"}],"wp:term":[{"taxonomy":"product_brand","embeddable":true,"href":"https:\/\/lyconnordic.se\/privat\/wp-json\/wp\/v2\/product_brand?post=23458"},{"taxonomy":"product_cat","embeddable":true,"href":"https:\/\/lyconnordic.se\/privat\/wp-json\/wp\/v2\/product_cat?post=23458"},{"taxonomy":"product_tag","embeddable":true,"href":"https:\/\/lyconnordic.se\/privat\/wp-json\/wp\/v2\/product_tag?post=23458"}],"curies":[{"name":"wp","href":"https:\/\/api.w.org\/{rel}","templated":true}]}}