{"id":23460,"date":"2026-02-11T11:57:27","date_gmt":"2026-02-11T10:57:27","guid":{"rendered":"https:\/\/lyconnordic.se\/privat\/?post_type=product&#038;p=23460"},"modified":"2026-02-11T11:57:27","modified_gmt":"2026-02-11T10:57:27","slug":"intimate-wipes-6st","status":"publish","type":"product","link":"https:\/\/lyconnordic.se\/privat\/produkt\/intimate-wipes-6st\/","title":{"rendered":"Intimate Wipes 6st"},"content":{"rendered":"<p data-start=\"49\" data-end=\"243\"><strong data-start=\"49\" data-end=\"79\">F\u00f6r vem &amp; hur man anv\u00e4nder<\/strong><br data-start=\"79\" data-end=\"82\" \/>Dessa eng\u00e5ngs intimservetter \u00e4r perfekta att ha med sig f\u00f6r att snabbt och enkelt reng\u00f6ra, fr\u00e4scha upp och lugna intimomr\u00e5det, var som helst och n\u00e4r som helst.<\/p>\n<p data-start=\"245\" data-end=\"702\">N\u00e4r du vill reng\u00f6ra och fr\u00e4scha upp ditt intimomr\u00e5de, aktivera enkelt den individuella kapseln genom att trycka p\u00e5 mitten med fingret: f\u00f6rst d\u00e5 kommer den ultrasmjuka servetten i naturlig viskos och det specifika serumet i kontakt med varandra tills det helt absorberats. D\u00e4refter kommer servetten ut ur kapseln, redo att anv\u00e4ndas. Dessa intimservetter kan anv\u00e4ndas en eller flera g\u00e5nger om dagen, under hela menstruationscykeln. Endast f\u00f6r utv\u00e4rtes bruk.<\/p>\n<p data-start=\"704\" data-end=\"951\"><strong data-start=\"704\" data-end=\"719\">Konsistens<\/strong><br data-start=\"719\" data-end=\"722\" \/>Detta l\u00e4tta, sammetslena reng\u00f6ringsserum \u00e4r speciellt framtaget f\u00f6r anv\u00e4ndning med eng\u00e5ngsservetten i naturlig viskos. Dess flytande formula \u00e4r osynlig och uppfriskande, och l\u00e4mnar huden mjuk och l\u00e4tt doftande efter anv\u00e4ndning.<\/p>\n<p data-start=\"58\" data-end=\"372\"><strong data-start=\"58\" data-end=\"81\">Aktiva ingredienser<\/strong><br data-start=\"81\" data-end=\"84\" \/>Huvudingrediensen \u00e4r <strong data-start=\"105\" data-end=\"129\">Achillea Millefolium<\/strong> (r\u00f6llika), k\u00e4nd f\u00f6r sina hemostatiska egenskaper samt sin lugnande och lindrande effekt mot irritation och rodnad. Den \u00e4r s\u00e4rskilt l\u00e4mplig f\u00f6r att behandla irritationer i intimomr\u00e5det och hj\u00e4lper till att skydda det mot yttre p\u00e5frestningar.<\/p>\n<p data-start=\"374\" data-end=\"565\">En annan viktig ingrediens i formulan \u00e4r<strong> Trollhassel. <\/strong>Dess verkan \u00e4r s\u00e4rskilt effektiv mot problem som rosacea, hudfl\u00e4ckar, men \u00e4ven akne och m\u00e4rken orsakade av fria radikaler.<\/p>\n<p data-start=\"567\" data-end=\"1022\">Formulan inneh\u00e5ller \u00e4ven en <strong data-start=\"595\" data-end=\"609\">probiotika<\/strong>, som verkar anti-aging, lugnande och \u00e5terfuktande. Den \u00f6kar ocks\u00e5 cellandning, cellmetabolism och kollagenproduktion, vilket minskar risken f\u00f6r rodnad och irritation. Probiotikan \u00e4r <strong data-start=\"792\" data-end=\"822\">Lactococcus Ferment Lysate<\/strong>, som stimulerar hudf\u00f6rnyelse och uppr\u00e4tth\u00e5ller hudbarri\u00e4ren. Eftersom det \u00e4r en produkt h\u00e4rledd fr\u00e5n mj\u00f6lksyra hj\u00e4lper den \u00e4ven till att bibeh\u00e5lla hudens och de yttre slemhinnornas fysiologiska pH.<\/p>\n<p data-start=\"1024\" data-end=\"1218\">Slutligen inneh\u00e5ller formulan <strong data-start=\"1054\" data-end=\"1073\">Propolisextrakt<\/strong>, en kraftfull naturlig antibakteriell ingrediens med deodoriserande, uppfriskande och lugnande effekt, \u00e4ven l\u00e4mplig f\u00f6r r\u00f6d eller k\u00e4nslig hud.<\/p>\n","protected":false},"excerpt":{"rendered":"<p data-start=\"61\" data-end=\"529\"><strong data-start=\"61\" data-end=\"87\">Eng\u00e5ngs Intimservetter<\/strong><br data-start=\"87\" data-end=\"90\" \/>Dessa eng\u00e5ngs intimservetter \u00e4r framtagna f\u00f6r att reng\u00f6ra, fr\u00e4scha upp och lugna underlivet p\u00e5 ett praktiskt och snabbt s\u00e4tt. Den antibakteriella pH-anpassade formulan \u00e4r mild men effektiv. Den exklusiva s\u00f6ta och blommiga doften \u00e4r fri fr\u00e5n allergener och speciellt framtagen med h\u00e4nsyn till intimzonen. Ha dem alltid med dig f\u00f6r att k\u00e4nna dig ren, \u00e5terfuktad och skyddad var du \u00e4n befinner dig.<\/p>\n<p data-start=\"531\" data-end=\"625\"><strong data-start=\"531\" data-end=\"542\">F\u00f6rdelar:<\/strong><br data-start=\"542\" data-end=\"545\" \/>Reng\u00f6rande, Uppfriskande, Lugnande, Antibakteriell, \u00c5terfuktande<\/p>\n","protected":false},"featured_media":23450,"comment_status":"open","ping_status":"closed","template":"","meta":[],"product_brand":[],"product_cat":[237],"product_tag":[],"class_list":{"0":"post-23460","1":"product","2":"type-product","3":"status-publish","4":"has-post-thumbnail","6":"product_cat-kysh-intimvard","8":"first","9":"instock","10":"taxable","11":"shipping-taxable","12":"purchasable","13":"product-type-simple"},"yoast_head":"<!-- This site is optimized with the Yoast SEO plugin v27.5 - https:\/\/yoast.com\/product\/yoast-seo-wordpress\/ -->\n<title>Intimate Wipes 6st - LYCON Nordic - Sweden - Privat<\/title>\n<meta name=\"robots\" content=\"index, follow, max-snippet:-1, max-image-preview:large, max-video-preview:-1\" \/>\n<link rel=\"canonical\" href=\"https:\/\/lyconnordic.se\/privat\/produkt\/intimate-wipes-6st\/\" \/>\n<meta property=\"og:locale\" content=\"sv_SE\" \/>\n<meta property=\"og:type\" content=\"article\" \/>\n<meta property=\"og:title\" content=\"Intimate Wipes 6st - LYCON Nordic - Sweden - Privat\" \/>\n<meta property=\"og:description\" content=\"Eng\u00e5ngs IntimservetterDessa eng\u00e5ngs intimservetter \u00e4r framtagna f\u00f6r att reng\u00f6ra, fr\u00e4scha upp och lugna underlivet p\u00e5 ett praktiskt och snabbt s\u00e4tt. Den antibakteriella pH-anpassade formulan \u00e4r mild men effektiv. Den exklusiva s\u00f6ta och blommiga doften \u00e4r fri fr\u00e5n allergener och speciellt framtagen med h\u00e4nsyn till intimzonen. Ha dem alltid med dig f\u00f6r att k\u00e4nna dig ren, \u00e5terfuktad och skyddad var du \u00e4n befinner dig. F\u00f6rdelar:Reng\u00f6rande, Uppfriskande, Lugnande, Antibakteriell, \u00c5terfuktande\" \/>\n<meta property=\"og:url\" content=\"https:\/\/lyconnordic.se\/privat\/produkt\/intimate-wipes-6st\/\" \/>\n<meta property=\"og:site_name\" content=\"LYCON Nordic - Sweden - Privat\" \/>\n<meta property=\"og:image\" content=\"https:\/\/lyconnordic.se\/privat\/wp-content\/uploads\/2025\/12\/8388779137892_KYSH-INTIMATE-WIPES_Pack-6_1-scaled.jpg\" \/>\n\t<meta property=\"og:image:width\" content=\"1920\" \/>\n\t<meta property=\"og:image:height\" content=\"2560\" \/>\n\t<meta property=\"og:image:type\" content=\"image\/jpeg\" \/>\n<meta name=\"twitter:card\" content=\"summary_large_image\" \/>\n<meta name=\"twitter:label1\" content=\"Ber\u00e4knad l\u00e4stid\" \/>\n\t<meta name=\"twitter:data1\" content=\"2 minuter\" \/>\n<script type=\"application\/ld+json\" class=\"yoast-schema-graph\">{\"@context\":\"https:\\\/\\\/schema.org\",\"@graph\":[{\"@type\":\"WebPage\",\"@id\":\"https:\\\/\\\/lyconnordic.se\\\/privat\\\/produkt\\\/intimate-wipes-6st\\\/\",\"url\":\"https:\\\/\\\/lyconnordic.se\\\/privat\\\/produkt\\\/intimate-wipes-6st\\\/\",\"name\":\"Intimate Wipes 6st - LYCON Nordic - Sweden - Privat\",\"isPartOf\":{\"@id\":\"https:\\\/\\\/lyconnordic.se\\\/privat\\\/#website\"},\"primaryImageOfPage\":{\"@id\":\"https:\\\/\\\/lyconnordic.se\\\/privat\\\/produkt\\\/intimate-wipes-6st\\\/#primaryimage\"},\"image\":{\"@id\":\"https:\\\/\\\/lyconnordic.se\\\/privat\\\/produkt\\\/intimate-wipes-6st\\\/#primaryimage\"},\"thumbnailUrl\":\"https:\\\/\\\/lyconnordic.se\\\/privat\\\/wp-content\\\/uploads\\\/2025\\\/12\\\/8388779137892_KYSH-INTIMATE-WIPES_Pack-6_1-scaled.jpg\",\"datePublished\":\"2026-02-11T10:57:27+00:00\",\"breadcrumb\":{\"@id\":\"https:\\\/\\\/lyconnordic.se\\\/privat\\\/produkt\\\/intimate-wipes-6st\\\/#breadcrumb\"},\"inLanguage\":\"sv-SE\",\"potentialAction\":[{\"@type\":\"ReadAction\",\"target\":[\"https:\\\/\\\/lyconnordic.se\\\/privat\\\/produkt\\\/intimate-wipes-6st\\\/\"]}]},{\"@type\":\"ImageObject\",\"inLanguage\":\"sv-SE\",\"@id\":\"https:\\\/\\\/lyconnordic.se\\\/privat\\\/produkt\\\/intimate-wipes-6st\\\/#primaryimage\",\"url\":\"https:\\\/\\\/lyconnordic.se\\\/privat\\\/wp-content\\\/uploads\\\/2025\\\/12\\\/8388779137892_KYSH-INTIMATE-WIPES_Pack-6_1-scaled.jpg\",\"contentUrl\":\"https:\\\/\\\/lyconnordic.se\\\/privat\\\/wp-content\\\/uploads\\\/2025\\\/12\\\/8388779137892_KYSH-INTIMATE-WIPES_Pack-6_1-scaled.jpg\",\"width\":1920,\"height\":2560},{\"@type\":\"BreadcrumbList\",\"@id\":\"https:\\\/\\\/lyconnordic.se\\\/privat\\\/produkt\\\/intimate-wipes-6st\\\/#breadcrumb\",\"itemListElement\":[{\"@type\":\"ListItem\",\"position\":1,\"name\":\"Hem\",\"item\":\"https:\\\/\\\/lyconnordic.se\\\/privat\\\/\"},{\"@type\":\"ListItem\",\"position\":2,\"name\":\"Produkter\",\"item\":\"https:\\\/\\\/lyconnordic.se\\\/privat\\\/produkter\\\/\"},{\"@type\":\"ListItem\",\"position\":3,\"name\":\"Intimate Wipes 6st\"}]},{\"@type\":\"WebSite\",\"@id\":\"https:\\\/\\\/lyconnordic.se\\\/privat\\\/#website\",\"url\":\"https:\\\/\\\/lyconnordic.se\\\/privat\\\/\",\"name\":\"LYCON Nordic - Sweden\",\"description\":\"Lycon Nordic - Vax, Milt h\u00e5rborttagningsvax, Brasiliansk Vaxning, Exklusivt h\u00e5rborttagningsvax\",\"potentialAction\":[{\"@type\":\"SearchAction\",\"target\":{\"@type\":\"EntryPoint\",\"urlTemplate\":\"https:\\\/\\\/lyconnordic.se\\\/privat\\\/?s={search_term_string}\"},\"query-input\":{\"@type\":\"PropertyValueSpecification\",\"valueRequired\":true,\"valueName\":\"search_term_string\"}}],\"inLanguage\":\"sv-SE\"}]}<\/script>\n<!-- \/ Yoast SEO plugin. -->","yoast_head_json":{"title":"Intimate Wipes 6st - LYCON Nordic - Sweden - Privat","robots":{"index":"index","follow":"follow","max-snippet":"max-snippet:-1","max-image-preview":"max-image-preview:large","max-video-preview":"max-video-preview:-1"},"canonical":"https:\/\/lyconnordic.se\/privat\/produkt\/intimate-wipes-6st\/","og_locale":"sv_SE","og_type":"article","og_title":"Intimate Wipes 6st - LYCON Nordic - Sweden - Privat","og_description":"Eng\u00e5ngs IntimservetterDessa eng\u00e5ngs intimservetter \u00e4r framtagna f\u00f6r att reng\u00f6ra, fr\u00e4scha upp och lugna underlivet p\u00e5 ett praktiskt och snabbt s\u00e4tt. Den antibakteriella pH-anpassade formulan \u00e4r mild men effektiv. Den exklusiva s\u00f6ta och blommiga doften \u00e4r fri fr\u00e5n allergener och speciellt framtagen med h\u00e4nsyn till intimzonen. Ha dem alltid med dig f\u00f6r att k\u00e4nna dig ren, \u00e5terfuktad och skyddad var du \u00e4n befinner dig. F\u00f6rdelar:Reng\u00f6rande, Uppfriskande, Lugnande, Antibakteriell, \u00c5terfuktande","og_url":"https:\/\/lyconnordic.se\/privat\/produkt\/intimate-wipes-6st\/","og_site_name":"LYCON Nordic - Sweden - Privat","og_image":[{"width":1920,"height":2560,"url":"https:\/\/lyconnordic.se\/privat\/wp-content\/uploads\/2025\/12\/8388779137892_KYSH-INTIMATE-WIPES_Pack-6_1-scaled.jpg","type":"image\/jpeg"}],"twitter_card":"summary_large_image","twitter_misc":{"Ber\u00e4knad l\u00e4stid":"2 minuter"},"schema":{"@context":"https:\/\/schema.org","@graph":[{"@type":"WebPage","@id":"https:\/\/lyconnordic.se\/privat\/produkt\/intimate-wipes-6st\/","url":"https:\/\/lyconnordic.se\/privat\/produkt\/intimate-wipes-6st\/","name":"Intimate Wipes 6st - LYCON Nordic - Sweden - Privat","isPartOf":{"@id":"https:\/\/lyconnordic.se\/privat\/#website"},"primaryImageOfPage":{"@id":"https:\/\/lyconnordic.se\/privat\/produkt\/intimate-wipes-6st\/#primaryimage"},"image":{"@id":"https:\/\/lyconnordic.se\/privat\/produkt\/intimate-wipes-6st\/#primaryimage"},"thumbnailUrl":"https:\/\/lyconnordic.se\/privat\/wp-content\/uploads\/2025\/12\/8388779137892_KYSH-INTIMATE-WIPES_Pack-6_1-scaled.jpg","datePublished":"2026-02-11T10:57:27+00:00","breadcrumb":{"@id":"https:\/\/lyconnordic.se\/privat\/produkt\/intimate-wipes-6st\/#breadcrumb"},"inLanguage":"sv-SE","potentialAction":[{"@type":"ReadAction","target":["https:\/\/lyconnordic.se\/privat\/produkt\/intimate-wipes-6st\/"]}]},{"@type":"ImageObject","inLanguage":"sv-SE","@id":"https:\/\/lyconnordic.se\/privat\/produkt\/intimate-wipes-6st\/#primaryimage","url":"https:\/\/lyconnordic.se\/privat\/wp-content\/uploads\/2025\/12\/8388779137892_KYSH-INTIMATE-WIPES_Pack-6_1-scaled.jpg","contentUrl":"https:\/\/lyconnordic.se\/privat\/wp-content\/uploads\/2025\/12\/8388779137892_KYSH-INTIMATE-WIPES_Pack-6_1-scaled.jpg","width":1920,"height":2560},{"@type":"BreadcrumbList","@id":"https:\/\/lyconnordic.se\/privat\/produkt\/intimate-wipes-6st\/#breadcrumb","itemListElement":[{"@type":"ListItem","position":1,"name":"Hem","item":"https:\/\/lyconnordic.se\/privat\/"},{"@type":"ListItem","position":2,"name":"Produkter","item":"https:\/\/lyconnordic.se\/privat\/produkter\/"},{"@type":"ListItem","position":3,"name":"Intimate Wipes 6st"}]},{"@type":"WebSite","@id":"https:\/\/lyconnordic.se\/privat\/#website","url":"https:\/\/lyconnordic.se\/privat\/","name":"LYCON Nordic - Sweden","description":"Lycon Nordic - Vax, Milt h\u00e5rborttagningsvax, Brasiliansk Vaxning, Exklusivt h\u00e5rborttagningsvax","potentialAction":[{"@type":"SearchAction","target":{"@type":"EntryPoint","urlTemplate":"https:\/\/lyconnordic.se\/privat\/?s={search_term_string}"},"query-input":{"@type":"PropertyValueSpecification","valueRequired":true,"valueName":"search_term_string"}}],"inLanguage":"sv-SE"}]}},"_links":{"self":[{"href":"https:\/\/lyconnordic.se\/privat\/wp-json\/wp\/v2\/product\/23460","targetHints":{"allow":["GET"]}}],"collection":[{"href":"https:\/\/lyconnordic.se\/privat\/wp-json\/wp\/v2\/product"}],"about":[{"href":"https:\/\/lyconnordic.se\/privat\/wp-json\/wp\/v2\/types\/product"}],"replies":[{"embeddable":true,"href":"https:\/\/lyconnordic.se\/privat\/wp-json\/wp\/v2\/comments?post=23460"}],"version-history":[{"count":1,"href":"https:\/\/lyconnordic.se\/privat\/wp-json\/wp\/v2\/product\/23460\/revisions"}],"predecessor-version":[{"id":23461,"href":"https:\/\/lyconnordic.se\/privat\/wp-json\/wp\/v2\/product\/23460\/revisions\/23461"}],"wp:featuredmedia":[{"embeddable":true,"href":"https:\/\/lyconnordic.se\/privat\/wp-json\/wp\/v2\/media\/23450"}],"wp:attachment":[{"href":"https:\/\/lyconnordic.se\/privat\/wp-json\/wp\/v2\/media?parent=23460"}],"wp:term":[{"taxonomy":"product_brand","embeddable":true,"href":"https:\/\/lyconnordic.se\/privat\/wp-json\/wp\/v2\/product_brand?post=23460"},{"taxonomy":"product_cat","embeddable":true,"href":"https:\/\/lyconnordic.se\/privat\/wp-json\/wp\/v2\/product_cat?post=23460"},{"taxonomy":"product_tag","embeddable":true,"href":"https:\/\/lyconnordic.se\/privat\/wp-json\/wp\/v2\/product_tag?post=23460"}],"curies":[{"name":"wp","href":"https:\/\/api.w.org\/{rel}","templated":true}]}}