{"id":23462,"date":"2026-02-11T11:57:35","date_gmt":"2026-02-11T10:57:35","guid":{"rendered":"https:\/\/lyconnordic.se\/privat\/?post_type=product&#038;p=23462"},"modified":"2026-02-11T11:57:35","modified_gmt":"2026-02-11T10:57:35","slug":"intimate-lightening-cleanser-150ml","status":"publish","type":"product","link":"https:\/\/lyconnordic.se\/privat\/produkt\/intimate-lightening-cleanser-150ml\/","title":{"rendered":"Intimate Lightening Cleanser 150ml"},"content":{"rendered":"<h2 data-start=\"297\" data-end=\"334\">F\u00f6r vem och hur man anv\u00e4nder det<\/h2>\n<p data-start=\"336\" data-end=\"675\">Denna milda intimreng\u00f6ring \u00e4r framtagen f\u00f6r <strong data-start=\"380\" data-end=\"397\">daglig hygien<\/strong> och passar dig som vill ge <strong data-start=\"425\" data-end=\"481\">s\u00e4ker och effektiv lyster samt j\u00e4mn hudton i underlivet<\/strong>. Formulan \u00e4r l\u00e4mplig f\u00f6r alla hudtyper, inklusive k\u00e4nslig hud, och har ett pH-v\u00e4rde mellan <strong data-start=\"573\" data-end=\"588\">4,5 och 5,5<\/strong> som <strong data-start=\"593\" data-end=\"651\">hj\u00e4lper till att bevara intimomr\u00e5dets naturliga balans<\/strong> i alla livets skeden.<\/p>\n<p data-start=\"677\" data-end=\"712\"><strong data-start=\"677\" data-end=\"710\">S\u00e5 h\u00e4r anv\u00e4nder du produkten:<\/strong><\/p>\n<ol data-start=\"713\" data-end=\"865\">\n<li data-start=\"713\" data-end=\"757\">\n<p data-start=\"716\" data-end=\"757\">Applicera en liten m\u00e4ngd p\u00e5 fuktig hud.<\/p>\n<\/li>\n<li data-start=\"758\" data-end=\"821\">\n<p data-start=\"761\" data-end=\"821\">Emulgera och massera f\u00f6rsiktigt med cirkulerande r\u00f6relser.<\/p>\n<\/li>\n<li data-start=\"822\" data-end=\"865\">\n<p data-start=\"825\" data-end=\"865\">Sk\u00f6lj noggrant med rikligt med vatten.<\/p>\n<\/li>\n<\/ol>\n<p data-start=\"867\" data-end=\"903\">L\u00e4mplig f\u00f6r <strong data-start=\"879\" data-end=\"900\">daglig anv\u00e4ndning<\/strong>.<\/p>\n<h3 data-start=\"910\" data-end=\"927\">Konsistens<\/h3>\n<p data-start=\"929\" data-end=\"1131\">Den ultramjuka gelreng\u00f6ringen sveper huden i en sl\u00f6ja av <strong data-start=\"986\" data-end=\"1015\">fr\u00e4sch\u00f6r och \u00e5terfuktning<\/strong>. Den silkeslena konsistensen \u00e4r l\u00e4tt att sk\u00f6lja av och l\u00e4mnar intimomr\u00e5det <strong data-start=\"1091\" data-end=\"1128\">v\u00e4ldoftande, mjukt och \u00e5terfuktat<\/strong>.<\/p>\n<h3 data-start=\"1138\" data-end=\"1163\">Aktiva ingredienser<\/h3>\n<ul data-start=\"1165\" data-end=\"1648\">\n<li data-start=\"1165\" data-end=\"1342\">\n<p data-start=\"1167\" data-end=\"1342\"><strong data-start=\"1167\" data-end=\"1193\">Stabiliserad C-vitamin<\/strong> \u2013 kraftfull antioxidant som stimulerar kollagen, f\u00f6rb\u00e4ttrar elasticitet och hudton samt minskar m\u00f6rka fl\u00e4ckar genom att h\u00e4mma melaninproduktionen.<\/p>\n<\/li>\n<li data-start=\"1343\" data-end=\"1484\">\n<p data-start=\"1345\" data-end=\"1484\"><strong data-start=\"1345\" data-end=\"1359\">Niacinamid<\/strong> \u2013 st\u00e4rker hudbarri\u00e4ren, minskar fuktf\u00f6rlust, lindrar rodnad, lugnar irritation och ljusar upp postinflammatoriska blemmor.<\/p>\n<\/li>\n<li data-start=\"1485\" data-end=\"1553\">\n<p data-start=\"1487\" data-end=\"1553\"><strong data-start=\"1487\" data-end=\"1503\">Hyaluronsyra<\/strong> \u2013 \u00e5terfuktar p\u00e5 djupet och ger huden fyllighet.<\/p>\n<\/li>\n<li data-start=\"1554\" data-end=\"1648\">\n<p data-start=\"1556\" data-end=\"1648\"><strong data-start=\"1556\" data-end=\"1569\">Panthenol<\/strong> \u2013 lugnande, antiinflammatorisk och reparerande samt fr\u00e4mjar hudens f\u00f6rnyelse.<\/p>\n<\/li>\n<\/ul>\n<p data-start=\"1650\" data-end=\"1799\">Tillsammans ger ingredienserna <strong data-start=\"1681\" data-end=\"1754\">l\u00e5ngvarig \u00e5terfuktning, minskad irritation och f\u00f6rb\u00e4ttrad elasticitet<\/strong>, vilket g\u00f6r dem idealiska f\u00f6r k\u00e4nslig hud.<\/p>\n","protected":false},"excerpt":{"rendered":"<p data-start=\"177\" data-end=\"462\">En utj\u00e4mnande och lystergivande intimreng\u00f6ring som \u00e4r s\u00e4rskilt framtagen f\u00f6r att <strong data-start=\"256\" data-end=\"302\">\u00e5terfukta och ljusa upp hudtonen i underlivet<\/strong>. Den milda formulan reng\u00f6r skonsamt och <strong data-start=\"343\" data-end=\"401\">hj\u00e4lper till att bevara intimomr\u00e5dets naturliga balans<\/strong>, tack vare ett balanserat pH-v\u00e4rde mellan <strong data-start=\"444\" data-end=\"459\">4,5 och 5,5<\/strong>.<\/p>\n<h3 data-start=\"469\" data-end=\"483\">F\u00f6rdelar<\/h3>\n<p>J\u00e4mnar ut hudtonen, Ljusar upp och ger lyster, Reng\u00f6r skonsamt, \u00c5terfuktande<\/p>\n","protected":false},"featured_media":23455,"comment_status":"open","ping_status":"closed","template":"","meta":[],"product_brand":[],"product_cat":[237],"product_tag":[],"class_list":{"0":"post-23462","1":"product","2":"type-product","3":"status-publish","4":"has-post-thumbnail","6":"product_cat-kysh-intimvard","8":"first","9":"instock","10":"taxable","11":"shipping-taxable","12":"purchasable","13":"product-type-simple"},"yoast_head":"<!-- This site is optimized with the Yoast SEO plugin v27.5 - https:\/\/yoast.com\/product\/yoast-seo-wordpress\/ -->\n<title>Intimate Lightening Cleanser 150ml - LYCON Nordic - Sweden - Privat<\/title>\n<meta name=\"robots\" content=\"index, follow, max-snippet:-1, max-image-preview:large, max-video-preview:-1\" \/>\n<link rel=\"canonical\" href=\"https:\/\/lyconnordic.se\/privat\/produkt\/intimate-lightening-cleanser-150ml\/\" \/>\n<meta property=\"og:locale\" content=\"sv_SE\" \/>\n<meta property=\"og:type\" content=\"article\" \/>\n<meta property=\"og:title\" content=\"Intimate Lightening Cleanser 150ml - LYCON Nordic - Sweden - Privat\" \/>\n<meta property=\"og:description\" content=\"En utj\u00e4mnande och lystergivande intimreng\u00f6ring som \u00e4r s\u00e4rskilt framtagen f\u00f6r att \u00e5terfukta och ljusa upp hudtonen i underlivet. Den milda formulan reng\u00f6r skonsamt och hj\u00e4lper till att bevara intimomr\u00e5dets naturliga balans, tack vare ett balanserat pH-v\u00e4rde mellan 4,5 och 5,5.  F\u00f6rdelar J\u00e4mnar ut hudtonen, Ljusar upp och ger lyster, Reng\u00f6r skonsamt, \u00c5terfuktande\" \/>\n<meta property=\"og:url\" content=\"https:\/\/lyconnordic.se\/privat\/produkt\/intimate-lightening-cleanser-150ml\/\" \/>\n<meta property=\"og:site_name\" content=\"LYCON Nordic - Sweden - Privat\" \/>\n<meta property=\"og:image\" content=\"https:\/\/lyconnordic.se\/privat\/wp-content\/uploads\/2025\/12\/8388779137915_Kysh-Cosmetics_Intimate-Lightening-Cleanser_.jpg\" \/>\n\t<meta property=\"og:image:width\" content=\"1500\" \/>\n\t<meta property=\"og:image:height\" content=\"2000\" \/>\n\t<meta property=\"og:image:type\" content=\"image\/jpeg\" \/>\n<meta name=\"twitter:card\" content=\"summary_large_image\" \/>\n<meta name=\"twitter:label1\" content=\"Ber\u00e4knad l\u00e4stid\" \/>\n\t<meta name=\"twitter:data1\" content=\"2 minuter\" \/>\n<script type=\"application\/ld+json\" class=\"yoast-schema-graph\">{\"@context\":\"https:\\\/\\\/schema.org\",\"@graph\":[{\"@type\":\"WebPage\",\"@id\":\"https:\\\/\\\/lyconnordic.se\\\/privat\\\/produkt\\\/intimate-lightening-cleanser-150ml\\\/\",\"url\":\"https:\\\/\\\/lyconnordic.se\\\/privat\\\/produkt\\\/intimate-lightening-cleanser-150ml\\\/\",\"name\":\"Intimate Lightening Cleanser 150ml - LYCON Nordic - Sweden - Privat\",\"isPartOf\":{\"@id\":\"https:\\\/\\\/lyconnordic.se\\\/privat\\\/#website\"},\"primaryImageOfPage\":{\"@id\":\"https:\\\/\\\/lyconnordic.se\\\/privat\\\/produkt\\\/intimate-lightening-cleanser-150ml\\\/#primaryimage\"},\"image\":{\"@id\":\"https:\\\/\\\/lyconnordic.se\\\/privat\\\/produkt\\\/intimate-lightening-cleanser-150ml\\\/#primaryimage\"},\"thumbnailUrl\":\"https:\\\/\\\/lyconnordic.se\\\/privat\\\/wp-content\\\/uploads\\\/2025\\\/12\\\/8388779137915_Kysh-Cosmetics_Intimate-Lightening-Cleanser_.jpg\",\"datePublished\":\"2026-02-11T10:57:35+00:00\",\"breadcrumb\":{\"@id\":\"https:\\\/\\\/lyconnordic.se\\\/privat\\\/produkt\\\/intimate-lightening-cleanser-150ml\\\/#breadcrumb\"},\"inLanguage\":\"sv-SE\",\"potentialAction\":[{\"@type\":\"ReadAction\",\"target\":[\"https:\\\/\\\/lyconnordic.se\\\/privat\\\/produkt\\\/intimate-lightening-cleanser-150ml\\\/\"]}]},{\"@type\":\"ImageObject\",\"inLanguage\":\"sv-SE\",\"@id\":\"https:\\\/\\\/lyconnordic.se\\\/privat\\\/produkt\\\/intimate-lightening-cleanser-150ml\\\/#primaryimage\",\"url\":\"https:\\\/\\\/lyconnordic.se\\\/privat\\\/wp-content\\\/uploads\\\/2025\\\/12\\\/8388779137915_Kysh-Cosmetics_Intimate-Lightening-Cleanser_.jpg\",\"contentUrl\":\"https:\\\/\\\/lyconnordic.se\\\/privat\\\/wp-content\\\/uploads\\\/2025\\\/12\\\/8388779137915_Kysh-Cosmetics_Intimate-Lightening-Cleanser_.jpg\",\"width\":1500,\"height\":2000},{\"@type\":\"BreadcrumbList\",\"@id\":\"https:\\\/\\\/lyconnordic.se\\\/privat\\\/produkt\\\/intimate-lightening-cleanser-150ml\\\/#breadcrumb\",\"itemListElement\":[{\"@type\":\"ListItem\",\"position\":1,\"name\":\"Hem\",\"item\":\"https:\\\/\\\/lyconnordic.se\\\/privat\\\/\"},{\"@type\":\"ListItem\",\"position\":2,\"name\":\"Produkter\",\"item\":\"https:\\\/\\\/lyconnordic.se\\\/privat\\\/produkter\\\/\"},{\"@type\":\"ListItem\",\"position\":3,\"name\":\"Intimate Lightening Cleanser 150ml\"}]},{\"@type\":\"WebSite\",\"@id\":\"https:\\\/\\\/lyconnordic.se\\\/privat\\\/#website\",\"url\":\"https:\\\/\\\/lyconnordic.se\\\/privat\\\/\",\"name\":\"LYCON Nordic - Sweden\",\"description\":\"Lycon Nordic - Vax, Milt h\u00e5rborttagningsvax, Brasiliansk Vaxning, Exklusivt h\u00e5rborttagningsvax\",\"potentialAction\":[{\"@type\":\"SearchAction\",\"target\":{\"@type\":\"EntryPoint\",\"urlTemplate\":\"https:\\\/\\\/lyconnordic.se\\\/privat\\\/?s={search_term_string}\"},\"query-input\":{\"@type\":\"PropertyValueSpecification\",\"valueRequired\":true,\"valueName\":\"search_term_string\"}}],\"inLanguage\":\"sv-SE\"}]}<\/script>\n<!-- \/ Yoast SEO plugin. -->","yoast_head_json":{"title":"Intimate Lightening Cleanser 150ml - LYCON Nordic - Sweden - Privat","robots":{"index":"index","follow":"follow","max-snippet":"max-snippet:-1","max-image-preview":"max-image-preview:large","max-video-preview":"max-video-preview:-1"},"canonical":"https:\/\/lyconnordic.se\/privat\/produkt\/intimate-lightening-cleanser-150ml\/","og_locale":"sv_SE","og_type":"article","og_title":"Intimate Lightening Cleanser 150ml - LYCON Nordic - Sweden - Privat","og_description":"En utj\u00e4mnande och lystergivande intimreng\u00f6ring som \u00e4r s\u00e4rskilt framtagen f\u00f6r att \u00e5terfukta och ljusa upp hudtonen i underlivet. Den milda formulan reng\u00f6r skonsamt och hj\u00e4lper till att bevara intimomr\u00e5dets naturliga balans, tack vare ett balanserat pH-v\u00e4rde mellan 4,5 och 5,5.  F\u00f6rdelar J\u00e4mnar ut hudtonen, Ljusar upp och ger lyster, Reng\u00f6r skonsamt, \u00c5terfuktande","og_url":"https:\/\/lyconnordic.se\/privat\/produkt\/intimate-lightening-cleanser-150ml\/","og_site_name":"LYCON Nordic - Sweden - Privat","og_image":[{"width":1500,"height":2000,"url":"https:\/\/lyconnordic.se\/privat\/wp-content\/uploads\/2025\/12\/8388779137915_Kysh-Cosmetics_Intimate-Lightening-Cleanser_.jpg","type":"image\/jpeg"}],"twitter_card":"summary_large_image","twitter_misc":{"Ber\u00e4knad l\u00e4stid":"2 minuter"},"schema":{"@context":"https:\/\/schema.org","@graph":[{"@type":"WebPage","@id":"https:\/\/lyconnordic.se\/privat\/produkt\/intimate-lightening-cleanser-150ml\/","url":"https:\/\/lyconnordic.se\/privat\/produkt\/intimate-lightening-cleanser-150ml\/","name":"Intimate Lightening Cleanser 150ml - LYCON Nordic - Sweden - Privat","isPartOf":{"@id":"https:\/\/lyconnordic.se\/privat\/#website"},"primaryImageOfPage":{"@id":"https:\/\/lyconnordic.se\/privat\/produkt\/intimate-lightening-cleanser-150ml\/#primaryimage"},"image":{"@id":"https:\/\/lyconnordic.se\/privat\/produkt\/intimate-lightening-cleanser-150ml\/#primaryimage"},"thumbnailUrl":"https:\/\/lyconnordic.se\/privat\/wp-content\/uploads\/2025\/12\/8388779137915_Kysh-Cosmetics_Intimate-Lightening-Cleanser_.jpg","datePublished":"2026-02-11T10:57:35+00:00","breadcrumb":{"@id":"https:\/\/lyconnordic.se\/privat\/produkt\/intimate-lightening-cleanser-150ml\/#breadcrumb"},"inLanguage":"sv-SE","potentialAction":[{"@type":"ReadAction","target":["https:\/\/lyconnordic.se\/privat\/produkt\/intimate-lightening-cleanser-150ml\/"]}]},{"@type":"ImageObject","inLanguage":"sv-SE","@id":"https:\/\/lyconnordic.se\/privat\/produkt\/intimate-lightening-cleanser-150ml\/#primaryimage","url":"https:\/\/lyconnordic.se\/privat\/wp-content\/uploads\/2025\/12\/8388779137915_Kysh-Cosmetics_Intimate-Lightening-Cleanser_.jpg","contentUrl":"https:\/\/lyconnordic.se\/privat\/wp-content\/uploads\/2025\/12\/8388779137915_Kysh-Cosmetics_Intimate-Lightening-Cleanser_.jpg","width":1500,"height":2000},{"@type":"BreadcrumbList","@id":"https:\/\/lyconnordic.se\/privat\/produkt\/intimate-lightening-cleanser-150ml\/#breadcrumb","itemListElement":[{"@type":"ListItem","position":1,"name":"Hem","item":"https:\/\/lyconnordic.se\/privat\/"},{"@type":"ListItem","position":2,"name":"Produkter","item":"https:\/\/lyconnordic.se\/privat\/produkter\/"},{"@type":"ListItem","position":3,"name":"Intimate Lightening Cleanser 150ml"}]},{"@type":"WebSite","@id":"https:\/\/lyconnordic.se\/privat\/#website","url":"https:\/\/lyconnordic.se\/privat\/","name":"LYCON Nordic - Sweden","description":"Lycon Nordic - Vax, Milt h\u00e5rborttagningsvax, Brasiliansk Vaxning, Exklusivt h\u00e5rborttagningsvax","potentialAction":[{"@type":"SearchAction","target":{"@type":"EntryPoint","urlTemplate":"https:\/\/lyconnordic.se\/privat\/?s={search_term_string}"},"query-input":{"@type":"PropertyValueSpecification","valueRequired":true,"valueName":"search_term_string"}}],"inLanguage":"sv-SE"}]}},"_links":{"self":[{"href":"https:\/\/lyconnordic.se\/privat\/wp-json\/wp\/v2\/product\/23462","targetHints":{"allow":["GET"]}}],"collection":[{"href":"https:\/\/lyconnordic.se\/privat\/wp-json\/wp\/v2\/product"}],"about":[{"href":"https:\/\/lyconnordic.se\/privat\/wp-json\/wp\/v2\/types\/product"}],"replies":[{"embeddable":true,"href":"https:\/\/lyconnordic.se\/privat\/wp-json\/wp\/v2\/comments?post=23462"}],"version-history":[{"count":1,"href":"https:\/\/lyconnordic.se\/privat\/wp-json\/wp\/v2\/product\/23462\/revisions"}],"predecessor-version":[{"id":23463,"href":"https:\/\/lyconnordic.se\/privat\/wp-json\/wp\/v2\/product\/23462\/revisions\/23463"}],"wp:featuredmedia":[{"embeddable":true,"href":"https:\/\/lyconnordic.se\/privat\/wp-json\/wp\/v2\/media\/23455"}],"wp:attachment":[{"href":"https:\/\/lyconnordic.se\/privat\/wp-json\/wp\/v2\/media?parent=23462"}],"wp:term":[{"taxonomy":"product_brand","embeddable":true,"href":"https:\/\/lyconnordic.se\/privat\/wp-json\/wp\/v2\/product_brand?post=23462"},{"taxonomy":"product_cat","embeddable":true,"href":"https:\/\/lyconnordic.se\/privat\/wp-json\/wp\/v2\/product_cat?post=23462"},{"taxonomy":"product_tag","embeddable":true,"href":"https:\/\/lyconnordic.se\/privat\/wp-json\/wp\/v2\/product_tag?post=23462"}],"curies":[{"name":"wp","href":"https:\/\/api.w.org\/{rel}","templated":true}]}}