{"id":23464,"date":"2026-02-11T11:57:41","date_gmt":"2026-02-11T10:57:41","guid":{"rendered":"https:\/\/lyconnordic.se\/privat\/?post_type=product&#038;p=23464"},"modified":"2026-02-11T11:57:41","modified_gmt":"2026-02-11T10:57:41","slug":"intimate-gentle-cleanser-150ml","status":"publish","type":"product","link":"https:\/\/lyconnordic.se\/privat\/produkt\/intimate-gentle-cleanser-150ml\/","title":{"rendered":"Intimate Gentle Cleanser 150ml"},"content":{"rendered":"<h2 data-start=\"156\" data-end=\"193\">F\u00f6r vem och hur man anv\u00e4nder den<\/h2>\n<p data-start=\"195\" data-end=\"439\">Denna lugnande och \u00e5terfuktande intimreng\u00f6ring \u00e4r utvecklad f\u00f6r <strong data-start=\"259\" data-end=\"276\">daglig anv\u00e4ndning<\/strong> och passar alla hudtyper, \u00e4ven <strong data-start=\"308\" data-end=\"335\">k\u00e4nslig och \u00f6mt\u00e5lig hud<\/strong>. Den kan anv\u00e4ndas under <strong data-start=\"360\" data-end=\"374\">graviditet<\/strong>, <strong data-start=\"376\" data-end=\"392\">klimakteriet<\/strong> och i <strong data-start=\"399\" data-end=\"436\">alla faser av menstruationscykeln<\/strong>.<\/p>\n<p data-start=\"441\" data-end=\"572\">Det <strong data-start=\"445\" data-end=\"467\">neutrala pH-v\u00e4rdet<\/strong>\u00a0g\u00f6r produkten l\u00e4mplig f\u00f6r b\u00e5de yngre och mer mogen hud.<\/p>\n<p data-start=\"574\" data-end=\"609\"><strong data-start=\"574\" data-end=\"607\">S\u00e5 h\u00e4r anv\u00e4nder du produkten:<\/strong><\/p>\n<ul data-start=\"610\" data-end=\"780\">\n<li data-start=\"610\" data-end=\"650\">\n<p data-start=\"612\" data-end=\"650\">Applicera <strong data-start=\"622\" data-end=\"633\">en pump<\/strong> p\u00e5 fuktig hud.<\/p>\n<\/li>\n<li data-start=\"651\" data-end=\"729\">\n<p data-start=\"653\" data-end=\"729\">Massera f\u00f6rsiktigt med cirkulerande r\u00f6relser tills produkten l\u00f6ddrar l\u00e4tt.<\/p>\n<\/li>\n<li data-start=\"730\" data-end=\"780\">\n<p data-start=\"732\" data-end=\"780\">Sk\u00f6lj noggrant med rikligt med ljummet vatten.<\/p>\n<\/li>\n<\/ul>\n<h3 data-start=\"787\" data-end=\"804\">Unik konsistens<\/h3>\n<p data-start=\"806\" data-end=\"993\">Den silkeslena gelreng\u00f6ringen omsluter huden med en mjuk och uppfriskande k\u00e4nsla. Formulan \u00e4r l\u00e4tt att sk\u00f6lja av och l\u00e4mnar huden <strong data-start=\"936\" data-end=\"977\">ren, \u00e5terfuktad, v\u00e4ldoftande och mjuk<\/strong> vid ber\u00f6ring.<\/p>\n<h3 data-start=\"1000\" data-end=\"1025\">Aktiva ingredienser<\/h3>\n<p data-start=\"1027\" data-end=\"1274\"><strong data-start=\"1027\" data-end=\"1051\">Kamomillblomsextrakt<\/strong><br data-start=\"1051\" data-end=\"1054\" \/>En v\u00e4lk\u00e4nd medicinalv\u00e4xt med lugnande och skyddande egenskaper. Rik p\u00e5 flavonoider med antioxidativ och antiinflammatorisk verkan, vilket hj\u00e4lper till att lindra irritation och k\u00e4nslighet \u2013 \u00e4ven hos allergiben\u00e4gen hud.<\/p>\n<p data-start=\"1276\" data-end=\"1507\"><strong data-start=\"1276\" data-end=\"1299\">Extrakt av gr\u00f6nt te<\/strong><br data-start=\"1299\" data-end=\"1302\" \/>En kraftfull antioxidant som lugnar irriterad hud, minskar rodnad och svullnad samt ger intensiv \u00e5terfuktning. Rik p\u00e5 vitaminer och mineraler som bidrar till att h\u00e5lla huden frisk och v\u00e4lm\u00e5ende \u00f6ver tid.<\/p>\n<p data-start=\"1509\" data-end=\"1778\"><strong data-start=\"1509\" data-end=\"1531\">Granat\u00e4ppleextrakt<\/strong><br data-start=\"1531\" data-end=\"1534\" \/>Med sina \u00e5terfuktande, lugnande och antioxidativa egenskaper \u00e4r granat\u00e4ppleextrakt idealiskt f\u00f6r torr, mogen och irriterad hud. Hj\u00e4lper till att lindra narig hud, rodnad och irritation, \u00e4ven efter h\u00e5rborttagning, friktion eller solexponering.<\/p>\n","protected":false},"excerpt":{"rendered":"<h2 data-start=\"109\" data-end=\"133\">Skonsam intimreng\u00f6ring<\/h2>\n<p data-start=\"135\" data-end=\"365\">En skonsam intimreng\u00f6ring f\u00f6r <strong data-start=\"165\" data-end=\"182\">daglig anv\u00e4ndning<\/strong>, l\u00e4mplig f\u00f6r alla hudtyper \u2013 \u00e4ven den mest k\u00e4nsliga. Den skonsamma formulan reng\u00f6r effektivt utan att torka ut och l\u00e4mnar huden <strong data-start=\"307\" data-end=\"341\">ren, \u00e5terfuktad och sammetslen<\/strong> med en behaglig doft.<\/p>\n<h3 data-start=\"524\" data-end=\"538\">F\u00f6rdelar<\/h3>\n<p>\u00c5terfuktande, lugnande, skonsam, skyddar.<\/p>\n","protected":false},"featured_media":23447,"comment_status":"open","ping_status":"closed","template":"","meta":[],"product_brand":[],"product_cat":[237],"product_tag":[],"class_list":{"0":"post-23464","1":"product","2":"type-product","3":"status-publish","4":"has-post-thumbnail","6":"product_cat-kysh-intimvard","8":"first","9":"instock","10":"taxable","11":"shipping-taxable","12":"purchasable","13":"product-type-simple"},"yoast_head":"<!-- This site is optimized with the Yoast SEO plugin v27.5 - https:\/\/yoast.com\/product\/yoast-seo-wordpress\/ -->\n<title>Intimate Gentle Cleanser 150ml - LYCON Nordic - Sweden - Privat<\/title>\n<meta name=\"robots\" content=\"index, follow, max-snippet:-1, max-image-preview:large, max-video-preview:-1\" \/>\n<link rel=\"canonical\" href=\"https:\/\/lyconnordic.se\/privat\/produkt\/intimate-gentle-cleanser-150ml\/\" \/>\n<meta property=\"og:locale\" content=\"sv_SE\" \/>\n<meta property=\"og:type\" content=\"article\" \/>\n<meta property=\"og:title\" content=\"Intimate Gentle Cleanser 150ml - LYCON Nordic - Sweden - Privat\" \/>\n<meta property=\"og:description\" content=\"Skonsam intimreng\u00f6ring En skonsam intimreng\u00f6ring f\u00f6r daglig anv\u00e4ndning, l\u00e4mplig f\u00f6r alla hudtyper \u2013 \u00e4ven den mest k\u00e4nsliga. Den skonsamma formulan reng\u00f6r effektivt utan att torka ut och l\u00e4mnar huden ren, \u00e5terfuktad och sammetslen med en behaglig doft.  F\u00f6rdelar \u00c5terfuktande, lugnande, skonsam, skyddar.\" \/>\n<meta property=\"og:url\" content=\"https:\/\/lyconnordic.se\/privat\/produkt\/intimate-gentle-cleanser-150ml\/\" \/>\n<meta property=\"og:site_name\" content=\"LYCON Nordic - Sweden - Privat\" \/>\n<meta property=\"og:image\" content=\"https:\/\/lyconnordic.se\/privat\/wp-content\/uploads\/2025\/12\/8388779137885_Kysh-Cosmetics_Intimate-Gentle-Cleanser_2.jpg\" \/>\n\t<meta property=\"og:image:width\" content=\"1500\" \/>\n\t<meta property=\"og:image:height\" content=\"2000\" \/>\n\t<meta property=\"og:image:type\" content=\"image\/jpeg\" \/>\n<meta name=\"twitter:card\" content=\"summary_large_image\" \/>\n<meta name=\"twitter:label1\" content=\"Ber\u00e4knad l\u00e4stid\" \/>\n\t<meta name=\"twitter:data1\" content=\"2 minuter\" \/>\n<script type=\"application\/ld+json\" class=\"yoast-schema-graph\">{\"@context\":\"https:\\\/\\\/schema.org\",\"@graph\":[{\"@type\":\"WebPage\",\"@id\":\"https:\\\/\\\/lyconnordic.se\\\/privat\\\/produkt\\\/intimate-gentle-cleanser-150ml\\\/\",\"url\":\"https:\\\/\\\/lyconnordic.se\\\/privat\\\/produkt\\\/intimate-gentle-cleanser-150ml\\\/\",\"name\":\"Intimate Gentle Cleanser 150ml - LYCON Nordic - Sweden - Privat\",\"isPartOf\":{\"@id\":\"https:\\\/\\\/lyconnordic.se\\\/privat\\\/#website\"},\"primaryImageOfPage\":{\"@id\":\"https:\\\/\\\/lyconnordic.se\\\/privat\\\/produkt\\\/intimate-gentle-cleanser-150ml\\\/#primaryimage\"},\"image\":{\"@id\":\"https:\\\/\\\/lyconnordic.se\\\/privat\\\/produkt\\\/intimate-gentle-cleanser-150ml\\\/#primaryimage\"},\"thumbnailUrl\":\"https:\\\/\\\/lyconnordic.se\\\/privat\\\/wp-content\\\/uploads\\\/2025\\\/12\\\/8388779137885_Kysh-Cosmetics_Intimate-Gentle-Cleanser_2.jpg\",\"datePublished\":\"2026-02-11T10:57:41+00:00\",\"breadcrumb\":{\"@id\":\"https:\\\/\\\/lyconnordic.se\\\/privat\\\/produkt\\\/intimate-gentle-cleanser-150ml\\\/#breadcrumb\"},\"inLanguage\":\"sv-SE\",\"potentialAction\":[{\"@type\":\"ReadAction\",\"target\":[\"https:\\\/\\\/lyconnordic.se\\\/privat\\\/produkt\\\/intimate-gentle-cleanser-150ml\\\/\"]}]},{\"@type\":\"ImageObject\",\"inLanguage\":\"sv-SE\",\"@id\":\"https:\\\/\\\/lyconnordic.se\\\/privat\\\/produkt\\\/intimate-gentle-cleanser-150ml\\\/#primaryimage\",\"url\":\"https:\\\/\\\/lyconnordic.se\\\/privat\\\/wp-content\\\/uploads\\\/2025\\\/12\\\/8388779137885_Kysh-Cosmetics_Intimate-Gentle-Cleanser_2.jpg\",\"contentUrl\":\"https:\\\/\\\/lyconnordic.se\\\/privat\\\/wp-content\\\/uploads\\\/2025\\\/12\\\/8388779137885_Kysh-Cosmetics_Intimate-Gentle-Cleanser_2.jpg\",\"width\":1500,\"height\":2000},{\"@type\":\"BreadcrumbList\",\"@id\":\"https:\\\/\\\/lyconnordic.se\\\/privat\\\/produkt\\\/intimate-gentle-cleanser-150ml\\\/#breadcrumb\",\"itemListElement\":[{\"@type\":\"ListItem\",\"position\":1,\"name\":\"Hem\",\"item\":\"https:\\\/\\\/lyconnordic.se\\\/privat\\\/\"},{\"@type\":\"ListItem\",\"position\":2,\"name\":\"Produkter\",\"item\":\"https:\\\/\\\/lyconnordic.se\\\/privat\\\/produkter\\\/\"},{\"@type\":\"ListItem\",\"position\":3,\"name\":\"Intimate Gentle Cleanser 150ml\"}]},{\"@type\":\"WebSite\",\"@id\":\"https:\\\/\\\/lyconnordic.se\\\/privat\\\/#website\",\"url\":\"https:\\\/\\\/lyconnordic.se\\\/privat\\\/\",\"name\":\"LYCON Nordic - Sweden\",\"description\":\"Lycon Nordic - Vax, Milt h\u00e5rborttagningsvax, Brasiliansk Vaxning, Exklusivt h\u00e5rborttagningsvax\",\"potentialAction\":[{\"@type\":\"SearchAction\",\"target\":{\"@type\":\"EntryPoint\",\"urlTemplate\":\"https:\\\/\\\/lyconnordic.se\\\/privat\\\/?s={search_term_string}\"},\"query-input\":{\"@type\":\"PropertyValueSpecification\",\"valueRequired\":true,\"valueName\":\"search_term_string\"}}],\"inLanguage\":\"sv-SE\"}]}<\/script>\n<!-- \/ Yoast SEO plugin. -->","yoast_head_json":{"title":"Intimate Gentle Cleanser 150ml - LYCON Nordic - Sweden - Privat","robots":{"index":"index","follow":"follow","max-snippet":"max-snippet:-1","max-image-preview":"max-image-preview:large","max-video-preview":"max-video-preview:-1"},"canonical":"https:\/\/lyconnordic.se\/privat\/produkt\/intimate-gentle-cleanser-150ml\/","og_locale":"sv_SE","og_type":"article","og_title":"Intimate Gentle Cleanser 150ml - LYCON Nordic - Sweden - Privat","og_description":"Skonsam intimreng\u00f6ring En skonsam intimreng\u00f6ring f\u00f6r daglig anv\u00e4ndning, l\u00e4mplig f\u00f6r alla hudtyper \u2013 \u00e4ven den mest k\u00e4nsliga. Den skonsamma formulan reng\u00f6r effektivt utan att torka ut och l\u00e4mnar huden ren, \u00e5terfuktad och sammetslen med en behaglig doft.  F\u00f6rdelar \u00c5terfuktande, lugnande, skonsam, skyddar.","og_url":"https:\/\/lyconnordic.se\/privat\/produkt\/intimate-gentle-cleanser-150ml\/","og_site_name":"LYCON Nordic - Sweden - Privat","og_image":[{"width":1500,"height":2000,"url":"https:\/\/lyconnordic.se\/privat\/wp-content\/uploads\/2025\/12\/8388779137885_Kysh-Cosmetics_Intimate-Gentle-Cleanser_2.jpg","type":"image\/jpeg"}],"twitter_card":"summary_large_image","twitter_misc":{"Ber\u00e4knad l\u00e4stid":"2 minuter"},"schema":{"@context":"https:\/\/schema.org","@graph":[{"@type":"WebPage","@id":"https:\/\/lyconnordic.se\/privat\/produkt\/intimate-gentle-cleanser-150ml\/","url":"https:\/\/lyconnordic.se\/privat\/produkt\/intimate-gentle-cleanser-150ml\/","name":"Intimate Gentle Cleanser 150ml - LYCON Nordic - Sweden - Privat","isPartOf":{"@id":"https:\/\/lyconnordic.se\/privat\/#website"},"primaryImageOfPage":{"@id":"https:\/\/lyconnordic.se\/privat\/produkt\/intimate-gentle-cleanser-150ml\/#primaryimage"},"image":{"@id":"https:\/\/lyconnordic.se\/privat\/produkt\/intimate-gentle-cleanser-150ml\/#primaryimage"},"thumbnailUrl":"https:\/\/lyconnordic.se\/privat\/wp-content\/uploads\/2025\/12\/8388779137885_Kysh-Cosmetics_Intimate-Gentle-Cleanser_2.jpg","datePublished":"2026-02-11T10:57:41+00:00","breadcrumb":{"@id":"https:\/\/lyconnordic.se\/privat\/produkt\/intimate-gentle-cleanser-150ml\/#breadcrumb"},"inLanguage":"sv-SE","potentialAction":[{"@type":"ReadAction","target":["https:\/\/lyconnordic.se\/privat\/produkt\/intimate-gentle-cleanser-150ml\/"]}]},{"@type":"ImageObject","inLanguage":"sv-SE","@id":"https:\/\/lyconnordic.se\/privat\/produkt\/intimate-gentle-cleanser-150ml\/#primaryimage","url":"https:\/\/lyconnordic.se\/privat\/wp-content\/uploads\/2025\/12\/8388779137885_Kysh-Cosmetics_Intimate-Gentle-Cleanser_2.jpg","contentUrl":"https:\/\/lyconnordic.se\/privat\/wp-content\/uploads\/2025\/12\/8388779137885_Kysh-Cosmetics_Intimate-Gentle-Cleanser_2.jpg","width":1500,"height":2000},{"@type":"BreadcrumbList","@id":"https:\/\/lyconnordic.se\/privat\/produkt\/intimate-gentle-cleanser-150ml\/#breadcrumb","itemListElement":[{"@type":"ListItem","position":1,"name":"Hem","item":"https:\/\/lyconnordic.se\/privat\/"},{"@type":"ListItem","position":2,"name":"Produkter","item":"https:\/\/lyconnordic.se\/privat\/produkter\/"},{"@type":"ListItem","position":3,"name":"Intimate Gentle Cleanser 150ml"}]},{"@type":"WebSite","@id":"https:\/\/lyconnordic.se\/privat\/#website","url":"https:\/\/lyconnordic.se\/privat\/","name":"LYCON Nordic - Sweden","description":"Lycon Nordic - Vax, Milt h\u00e5rborttagningsvax, Brasiliansk Vaxning, Exklusivt h\u00e5rborttagningsvax","potentialAction":[{"@type":"SearchAction","target":{"@type":"EntryPoint","urlTemplate":"https:\/\/lyconnordic.se\/privat\/?s={search_term_string}"},"query-input":{"@type":"PropertyValueSpecification","valueRequired":true,"valueName":"search_term_string"}}],"inLanguage":"sv-SE"}]}},"_links":{"self":[{"href":"https:\/\/lyconnordic.se\/privat\/wp-json\/wp\/v2\/product\/23464","targetHints":{"allow":["GET"]}}],"collection":[{"href":"https:\/\/lyconnordic.se\/privat\/wp-json\/wp\/v2\/product"}],"about":[{"href":"https:\/\/lyconnordic.se\/privat\/wp-json\/wp\/v2\/types\/product"}],"replies":[{"embeddable":true,"href":"https:\/\/lyconnordic.se\/privat\/wp-json\/wp\/v2\/comments?post=23464"}],"version-history":[{"count":1,"href":"https:\/\/lyconnordic.se\/privat\/wp-json\/wp\/v2\/product\/23464\/revisions"}],"predecessor-version":[{"id":23465,"href":"https:\/\/lyconnordic.se\/privat\/wp-json\/wp\/v2\/product\/23464\/revisions\/23465"}],"wp:featuredmedia":[{"embeddable":true,"href":"https:\/\/lyconnordic.se\/privat\/wp-json\/wp\/v2\/media\/23447"}],"wp:attachment":[{"href":"https:\/\/lyconnordic.se\/privat\/wp-json\/wp\/v2\/media?parent=23464"}],"wp:term":[{"taxonomy":"product_brand","embeddable":true,"href":"https:\/\/lyconnordic.se\/privat\/wp-json\/wp\/v2\/product_brand?post=23464"},{"taxonomy":"product_cat","embeddable":true,"href":"https:\/\/lyconnordic.se\/privat\/wp-json\/wp\/v2\/product_cat?post=23464"},{"taxonomy":"product_tag","embeddable":true,"href":"https:\/\/lyconnordic.se\/privat\/wp-json\/wp\/v2\/product_tag?post=23464"}],"curies":[{"name":"wp","href":"https:\/\/api.w.org\/{rel}","templated":true}]}}