{"id":23466,"date":"2026-02-11T11:57:46","date_gmt":"2026-02-11T10:57:46","guid":{"rendered":"https:\/\/lyconnordic.se\/privat\/?post_type=product&#038;p=23466"},"modified":"2026-02-11T11:57:46","modified_gmt":"2026-02-11T10:57:46","slug":"hydrating-serum-30ml","status":"publish","type":"product","link":"https:\/\/lyconnordic.se\/privat\/produkt\/hydrating-serum-30ml\/","title":{"rendered":"Hydrating Serum 30ml"},"content":{"rendered":"<h2 data-start=\"143\" data-end=\"180\">F\u00f6r vem och hur man anv\u00e4nder det<\/h2>\n<p data-start=\"182\" data-end=\"456\">Detta dagliga intimserum \u00e4r l\u00e4mpligt f\u00f6r\u00a0<strong data-start=\"223\" data-end=\"251\">alla \u00e5ldrar och hudtyper<\/strong>, s\u00e4rskilt f\u00f6r dig som upplever\u00a0<strong data-start=\"283\" data-end=\"319\">torrhet, irritation eller rodnad<\/strong>. Den uppfriskande och lugnande gelkonsistensen \u00e4r idealisk f\u00f6r k\u00e4nslig eller r\u00f6d hud och passar \u00e4ven utm\u00e4rkt\u00a0<strong data-start=\"429\" data-end=\"453\">efter h\u00e5rborttagning<\/strong>.<\/p>\n<p data-start=\"458\" data-end=\"487\"><strong data-start=\"458\" data-end=\"485\">S\u00e5 anv\u00e4nder du serumet:<\/strong><\/p>\n<ul data-start=\"488\" data-end=\"629\">\n<li data-start=\"488\" data-end=\"541\">\n<p data-start=\"490\" data-end=\"541\">Applicera ett tunt lager p\u00e5 rengjort underliv.<\/p>\n<\/li>\n<li data-start=\"542\" data-end=\"596\">\n<p data-start=\"544\" data-end=\"596\">Massera f\u00f6rsiktigt tills serumet absorberats helt.<\/p>\n<\/li>\n<li data-start=\"597\" data-end=\"629\">\n<p data-start=\"599\" data-end=\"629\">Anv\u00e4nd\u00a0<strong data-start=\"606\" data-end=\"626\">morgon och kv\u00e4ll<\/strong>.<\/p>\n<\/li>\n<\/ul>\n<p data-start=\"631\" data-end=\"658\">Endast f\u00f6r utv\u00e4rtes bruk.<\/p>\n<h3 data-start=\"665\" data-end=\"682\">Konsistens<\/h3>\n<p data-start=\"684\" data-end=\"886\">Serumets l\u00e4ttviktiga geltextur fris\u00e4tter fukt gradvis och ger en omedelbart svalkande och behaglig k\u00e4nsla. Den absorberas snabbt utan att l\u00e4mna kladd eller rester och l\u00e4mnar huden mjuk och \u00e5terfuktad.<\/p>\n<h3 data-start=\"893\" data-end=\"918\">Aktiva ingredienser<\/h3>\n<p data-start=\"920\" data-end=\"1163\"><strong data-start=\"920\" data-end=\"932\">Neemolja<\/strong><br data-start=\"932\" data-end=\"935\" \/>Rik p\u00e5 fettsyror och vitamin E, vilket ger kraftfullt antioxidant- och anti-aging-skydd. Neemolja liknar hudens naturliga talg, hj\u00e4lper till att balansera hudens pH-v\u00e4rde och \u00e4r s\u00e4rskilt effektiv f\u00f6r torr, r\u00f6d och k\u00e4nslig hud.<\/p>\n<p data-start=\"1165\" data-end=\"1459\"><strong data-start=\"1165\" data-end=\"1186\">Svartvinb\u00e4rsjuice<\/strong><br data-start=\"1186\" data-end=\"1189\" \/>En naturlig ingrediens med lugnande och l\u00e4kande egenskaper. Rik p\u00e5 polyfenoler, antocyaniner, vitamin C och flerom\u00e4ttade fettsyror som hj\u00e4lper till att minska rodnad, irritation och k\u00e4nslighet. Flavonoiderna bidrar dessutom till ett effektivt skydd mot fria radikaler.<\/p>\n<p data-start=\"1461\" data-end=\"1713\"><strong data-start=\"1461\" data-end=\"1494\">Extrakt av bockhornskl\u00f6verfr\u00f6<\/strong><br data-start=\"1494\" data-end=\"1497\" \/>En n\u00e4rande och omstrukturerande v\u00e4xtingrediens med lugnande och antioxidativa egenskaper. Regelbunden anv\u00e4ndning hj\u00e4lper till att h\u00e5lla hud och slemhinnor \u00e5terfuktade samt motverkar kl\u00e5da och obehag i intimomr\u00e5det.<\/p>\n","protected":false},"excerpt":{"rendered":"<h2 data-start=\"116\" data-end=\"151\">Daglig lugnande fuktighetsserum<\/h2>\n<p data-start=\"153\" data-end=\"357\">En skonsam och effektiv daglig intimkr\u00e4m som \u00e5terfuktar, skyddar och lugnar underlivet. Hj\u00e4lper till att minska obehag vid torrhet och irritation, \u00e4ven efter h\u00e5rborttagning och ger l\u00e5ngvarig komfort.<\/p>\n<p data-start=\"359\" data-end=\"410\"><strong data-start=\"359\" data-end=\"408\">Passar f\u00f6r daglig anv\u00e4ndning och k\u00e4nslig hud.<\/strong><\/p>\n<h3 data-start=\"417\" data-end=\"431\">F\u00f6rdelar<\/h3>\n<ul>\n<li data-start=\"137\" data-end=\"167\">Lugnar irritation och rodnad<\/li>\n<li data-start=\"168\" data-end=\"211\">\n<p data-start=\"170\" data-end=\"211\">Ger intensiv och l\u00e5ngvarig \u00e5terfuktning<\/p>\n<\/li>\n<li data-start=\"212\" data-end=\"256\">\n<p data-start=\"214\" data-end=\"256\">Svalkande geltextur med snabb absorption<\/p>\n<\/li>\n<li data-start=\"257\" data-end=\"299\">\n<p data-start=\"259\" data-end=\"299\">St\u00e4rker hudens naturliga skyddsbarri\u00e4r<\/p>\n<\/li>\n<li data-start=\"300\" data-end=\"359\">\n<p data-start=\"302\" data-end=\"359\">Antioxidativ effekt som skyddar mot yttre p\u00e5frestningar<\/p>\n<\/li>\n<li data-start=\"360\" data-end=\"402\">\n<p data-start=\"362\" data-end=\"402\">Passar alla hudtyper, \u00e4ven k\u00e4nslig hud<\/p>\n<\/li>\n<li data-start=\"403\" data-end=\"436\">\n<p data-start=\"405\" data-end=\"436\">Idealisk efter h\u00e5rborttagning<\/p>\n<\/li>\n<\/ul>\n<p>Storlek: 30 ml \u2013 Cirka 200 produktdoseringar<\/p>\n","protected":false},"featured_media":23409,"comment_status":"open","ping_status":"closed","template":"","meta":[],"product_brand":[],"product_cat":[237],"product_tag":[],"class_list":{"0":"post-23466","1":"product","2":"type-product","3":"status-publish","4":"has-post-thumbnail","6":"product_cat-kysh-intimvard","8":"first","9":"instock","10":"taxable","11":"shipping-taxable","12":"purchasable","13":"product-type-simple"},"yoast_head":"<!-- This site is optimized with the Yoast SEO plugin v27.5 - https:\/\/yoast.com\/product\/yoast-seo-wordpress\/ -->\n<title>Hydrating Serum 30ml - LYCON Nordic - Sweden - Privat<\/title>\n<meta name=\"robots\" content=\"index, follow, max-snippet:-1, max-image-preview:large, max-video-preview:-1\" \/>\n<link rel=\"canonical\" href=\"https:\/\/lyconnordic.se\/privat\/produkt\/hydrating-serum-30ml\/\" \/>\n<meta property=\"og:locale\" content=\"sv_SE\" \/>\n<meta property=\"og:type\" content=\"article\" \/>\n<meta property=\"og:title\" content=\"Hydrating Serum 30ml - LYCON Nordic - Sweden - Privat\" \/>\n<meta property=\"og:description\" content=\"Daglig lugnande fuktighetsserum En skonsam och effektiv daglig intimkr\u00e4m som \u00e5terfuktar, skyddar och lugnar underlivet. Hj\u00e4lper till att minska obehag vid torrhet och irritation, \u00e4ven efter h\u00e5rborttagning och ger l\u00e5ngvarig komfort. Passar f\u00f6r daglig anv\u00e4ndning och k\u00e4nslig hud.  F\u00f6rdelar   Lugnar irritation och rodnad   Ger intensiv och l\u00e5ngvarig \u00e5terfuktning    Svalkande geltextur med snabb absorption    St\u00e4rker hudens naturliga skyddsbarri\u00e4r    Antioxidativ effekt som skyddar mot yttre p\u00e5frestningar    Passar alla hudtyper, \u00e4ven k\u00e4nslig hud    Idealisk efter h\u00e5rborttagning   Storlek: 30 ml \u2013 Cirka 200 produktdoseringar\" \/>\n<meta property=\"og:url\" content=\"https:\/\/lyconnordic.se\/privat\/produkt\/hydrating-serum-30ml\/\" \/>\n<meta property=\"og:site_name\" content=\"LYCON Nordic - Sweden - Privat\" \/>\n<meta property=\"og:image\" content=\"https:\/\/lyconnordic.se\/privat\/wp-content\/uploads\/2025\/12\/8388779137748_HYDRATING-SERUM_cover_30ml-1.jpg\" \/>\n\t<meta property=\"og:image:width\" content=\"1500\" \/>\n\t<meta property=\"og:image:height\" content=\"2000\" \/>\n\t<meta property=\"og:image:type\" content=\"image\/jpeg\" \/>\n<meta name=\"twitter:card\" content=\"summary_large_image\" \/>\n<meta name=\"twitter:label1\" content=\"Ber\u00e4knad l\u00e4stid\" \/>\n\t<meta name=\"twitter:data1\" content=\"2 minuter\" \/>\n<script type=\"application\/ld+json\" class=\"yoast-schema-graph\">{\"@context\":\"https:\\\/\\\/schema.org\",\"@graph\":[{\"@type\":\"WebPage\",\"@id\":\"https:\\\/\\\/lyconnordic.se\\\/privat\\\/produkt\\\/hydrating-serum-30ml\\\/\",\"url\":\"https:\\\/\\\/lyconnordic.se\\\/privat\\\/produkt\\\/hydrating-serum-30ml\\\/\",\"name\":\"Hydrating Serum 30ml - LYCON Nordic - Sweden - Privat\",\"isPartOf\":{\"@id\":\"https:\\\/\\\/lyconnordic.se\\\/privat\\\/#website\"},\"primaryImageOfPage\":{\"@id\":\"https:\\\/\\\/lyconnordic.se\\\/privat\\\/produkt\\\/hydrating-serum-30ml\\\/#primaryimage\"},\"image\":{\"@id\":\"https:\\\/\\\/lyconnordic.se\\\/privat\\\/produkt\\\/hydrating-serum-30ml\\\/#primaryimage\"},\"thumbnailUrl\":\"https:\\\/\\\/lyconnordic.se\\\/privat\\\/wp-content\\\/uploads\\\/2025\\\/12\\\/8388779137748_HYDRATING-SERUM_cover_30ml-1.jpg\",\"datePublished\":\"2026-02-11T10:57:46+00:00\",\"breadcrumb\":{\"@id\":\"https:\\\/\\\/lyconnordic.se\\\/privat\\\/produkt\\\/hydrating-serum-30ml\\\/#breadcrumb\"},\"inLanguage\":\"sv-SE\",\"potentialAction\":[{\"@type\":\"ReadAction\",\"target\":[\"https:\\\/\\\/lyconnordic.se\\\/privat\\\/produkt\\\/hydrating-serum-30ml\\\/\"]}]},{\"@type\":\"ImageObject\",\"inLanguage\":\"sv-SE\",\"@id\":\"https:\\\/\\\/lyconnordic.se\\\/privat\\\/produkt\\\/hydrating-serum-30ml\\\/#primaryimage\",\"url\":\"https:\\\/\\\/lyconnordic.se\\\/privat\\\/wp-content\\\/uploads\\\/2025\\\/12\\\/8388779137748_HYDRATING-SERUM_cover_30ml-1.jpg\",\"contentUrl\":\"https:\\\/\\\/lyconnordic.se\\\/privat\\\/wp-content\\\/uploads\\\/2025\\\/12\\\/8388779137748_HYDRATING-SERUM_cover_30ml-1.jpg\",\"width\":1500,\"height\":2000},{\"@type\":\"BreadcrumbList\",\"@id\":\"https:\\\/\\\/lyconnordic.se\\\/privat\\\/produkt\\\/hydrating-serum-30ml\\\/#breadcrumb\",\"itemListElement\":[{\"@type\":\"ListItem\",\"position\":1,\"name\":\"Hem\",\"item\":\"https:\\\/\\\/lyconnordic.se\\\/privat\\\/\"},{\"@type\":\"ListItem\",\"position\":2,\"name\":\"Produkter\",\"item\":\"https:\\\/\\\/lyconnordic.se\\\/privat\\\/produkter\\\/\"},{\"@type\":\"ListItem\",\"position\":3,\"name\":\"Hydrating Serum 30ml\"}]},{\"@type\":\"WebSite\",\"@id\":\"https:\\\/\\\/lyconnordic.se\\\/privat\\\/#website\",\"url\":\"https:\\\/\\\/lyconnordic.se\\\/privat\\\/\",\"name\":\"LYCON Nordic - Sweden\",\"description\":\"Lycon Nordic - Vax, Milt h\u00e5rborttagningsvax, Brasiliansk Vaxning, Exklusivt h\u00e5rborttagningsvax\",\"potentialAction\":[{\"@type\":\"SearchAction\",\"target\":{\"@type\":\"EntryPoint\",\"urlTemplate\":\"https:\\\/\\\/lyconnordic.se\\\/privat\\\/?s={search_term_string}\"},\"query-input\":{\"@type\":\"PropertyValueSpecification\",\"valueRequired\":true,\"valueName\":\"search_term_string\"}}],\"inLanguage\":\"sv-SE\"}]}<\/script>\n<!-- \/ Yoast SEO plugin. -->","yoast_head_json":{"title":"Hydrating Serum 30ml - LYCON Nordic - Sweden - Privat","robots":{"index":"index","follow":"follow","max-snippet":"max-snippet:-1","max-image-preview":"max-image-preview:large","max-video-preview":"max-video-preview:-1"},"canonical":"https:\/\/lyconnordic.se\/privat\/produkt\/hydrating-serum-30ml\/","og_locale":"sv_SE","og_type":"article","og_title":"Hydrating Serum 30ml - LYCON Nordic - Sweden - Privat","og_description":"Daglig lugnande fuktighetsserum En skonsam och effektiv daglig intimkr\u00e4m som \u00e5terfuktar, skyddar och lugnar underlivet. Hj\u00e4lper till att minska obehag vid torrhet och irritation, \u00e4ven efter h\u00e5rborttagning och ger l\u00e5ngvarig komfort. Passar f\u00f6r daglig anv\u00e4ndning och k\u00e4nslig hud.  F\u00f6rdelar   Lugnar irritation och rodnad   Ger intensiv och l\u00e5ngvarig \u00e5terfuktning    Svalkande geltextur med snabb absorption    St\u00e4rker hudens naturliga skyddsbarri\u00e4r    Antioxidativ effekt som skyddar mot yttre p\u00e5frestningar    Passar alla hudtyper, \u00e4ven k\u00e4nslig hud    Idealisk efter h\u00e5rborttagning   Storlek: 30 ml \u2013 Cirka 200 produktdoseringar","og_url":"https:\/\/lyconnordic.se\/privat\/produkt\/hydrating-serum-30ml\/","og_site_name":"LYCON Nordic - Sweden - Privat","og_image":[{"width":1500,"height":2000,"url":"https:\/\/lyconnordic.se\/privat\/wp-content\/uploads\/2025\/12\/8388779137748_HYDRATING-SERUM_cover_30ml-1.jpg","type":"image\/jpeg"}],"twitter_card":"summary_large_image","twitter_misc":{"Ber\u00e4knad l\u00e4stid":"2 minuter"},"schema":{"@context":"https:\/\/schema.org","@graph":[{"@type":"WebPage","@id":"https:\/\/lyconnordic.se\/privat\/produkt\/hydrating-serum-30ml\/","url":"https:\/\/lyconnordic.se\/privat\/produkt\/hydrating-serum-30ml\/","name":"Hydrating Serum 30ml - LYCON Nordic - Sweden - Privat","isPartOf":{"@id":"https:\/\/lyconnordic.se\/privat\/#website"},"primaryImageOfPage":{"@id":"https:\/\/lyconnordic.se\/privat\/produkt\/hydrating-serum-30ml\/#primaryimage"},"image":{"@id":"https:\/\/lyconnordic.se\/privat\/produkt\/hydrating-serum-30ml\/#primaryimage"},"thumbnailUrl":"https:\/\/lyconnordic.se\/privat\/wp-content\/uploads\/2025\/12\/8388779137748_HYDRATING-SERUM_cover_30ml-1.jpg","datePublished":"2026-02-11T10:57:46+00:00","breadcrumb":{"@id":"https:\/\/lyconnordic.se\/privat\/produkt\/hydrating-serum-30ml\/#breadcrumb"},"inLanguage":"sv-SE","potentialAction":[{"@type":"ReadAction","target":["https:\/\/lyconnordic.se\/privat\/produkt\/hydrating-serum-30ml\/"]}]},{"@type":"ImageObject","inLanguage":"sv-SE","@id":"https:\/\/lyconnordic.se\/privat\/produkt\/hydrating-serum-30ml\/#primaryimage","url":"https:\/\/lyconnordic.se\/privat\/wp-content\/uploads\/2025\/12\/8388779137748_HYDRATING-SERUM_cover_30ml-1.jpg","contentUrl":"https:\/\/lyconnordic.se\/privat\/wp-content\/uploads\/2025\/12\/8388779137748_HYDRATING-SERUM_cover_30ml-1.jpg","width":1500,"height":2000},{"@type":"BreadcrumbList","@id":"https:\/\/lyconnordic.se\/privat\/produkt\/hydrating-serum-30ml\/#breadcrumb","itemListElement":[{"@type":"ListItem","position":1,"name":"Hem","item":"https:\/\/lyconnordic.se\/privat\/"},{"@type":"ListItem","position":2,"name":"Produkter","item":"https:\/\/lyconnordic.se\/privat\/produkter\/"},{"@type":"ListItem","position":3,"name":"Hydrating Serum 30ml"}]},{"@type":"WebSite","@id":"https:\/\/lyconnordic.se\/privat\/#website","url":"https:\/\/lyconnordic.se\/privat\/","name":"LYCON Nordic - Sweden","description":"Lycon Nordic - Vax, Milt h\u00e5rborttagningsvax, Brasiliansk Vaxning, Exklusivt h\u00e5rborttagningsvax","potentialAction":[{"@type":"SearchAction","target":{"@type":"EntryPoint","urlTemplate":"https:\/\/lyconnordic.se\/privat\/?s={search_term_string}"},"query-input":{"@type":"PropertyValueSpecification","valueRequired":true,"valueName":"search_term_string"}}],"inLanguage":"sv-SE"}]}},"_links":{"self":[{"href":"https:\/\/lyconnordic.se\/privat\/wp-json\/wp\/v2\/product\/23466","targetHints":{"allow":["GET"]}}],"collection":[{"href":"https:\/\/lyconnordic.se\/privat\/wp-json\/wp\/v2\/product"}],"about":[{"href":"https:\/\/lyconnordic.se\/privat\/wp-json\/wp\/v2\/types\/product"}],"replies":[{"embeddable":true,"href":"https:\/\/lyconnordic.se\/privat\/wp-json\/wp\/v2\/comments?post=23466"}],"version-history":[{"count":1,"href":"https:\/\/lyconnordic.se\/privat\/wp-json\/wp\/v2\/product\/23466\/revisions"}],"predecessor-version":[{"id":23467,"href":"https:\/\/lyconnordic.se\/privat\/wp-json\/wp\/v2\/product\/23466\/revisions\/23467"}],"wp:featuredmedia":[{"embeddable":true,"href":"https:\/\/lyconnordic.se\/privat\/wp-json\/wp\/v2\/media\/23409"}],"wp:attachment":[{"href":"https:\/\/lyconnordic.se\/privat\/wp-json\/wp\/v2\/media?parent=23466"}],"wp:term":[{"taxonomy":"product_brand","embeddable":true,"href":"https:\/\/lyconnordic.se\/privat\/wp-json\/wp\/v2\/product_brand?post=23466"},{"taxonomy":"product_cat","embeddable":true,"href":"https:\/\/lyconnordic.se\/privat\/wp-json\/wp\/v2\/product_cat?post=23466"},{"taxonomy":"product_tag","embeddable":true,"href":"https:\/\/lyconnordic.se\/privat\/wp-json\/wp\/v2\/product_tag?post=23466"}],"curies":[{"name":"wp","href":"https:\/\/api.w.org\/{rel}","templated":true}]}}