{"id":23473,"date":"2026-02-11T11:58:06","date_gmt":"2026-02-11T10:58:06","guid":{"rendered":"https:\/\/lyconnordic.se\/privat\/?post_type=product&#038;p=23473"},"modified":"2026-02-11T11:58:06","modified_gmt":"2026-02-11T10:58:06","slug":"anti-aging-cream-30ml","status":"publish","type":"product","link":"https:\/\/lyconnordic.se\/privat\/produkt\/anti-aging-cream-30ml\/","title":{"rendered":"Anti-Aging Cream 30ml"},"content":{"rendered":"<h2 data-start=\"143\" data-end=\"180\">F\u00f6r vem och hur man anv\u00e4nder den<\/h2>\n<p data-start=\"182\" data-end=\"300\">Denna intensiva intimkr\u00e4m \u00e4r perfekt f\u00f6r alla som vill motverka huvudtecken p\u00e5 \u00e5ldrandet i underlivet s\u00e5som:<\/p>\n<ul data-start=\"301\" data-end=\"387\">\n<li data-start=\"301\" data-end=\"338\">\n<p data-start=\"303\" data-end=\"338\">F\u00f6rlust av hudton och elasticitet<\/p>\n<\/li>\n<li data-start=\"339\" data-end=\"361\">\n<p data-start=\"341\" data-end=\"361\">\u00d6verdriven torrhet<\/p>\n<\/li>\n<li data-start=\"362\" data-end=\"387\">\n<p data-start=\"364\" data-end=\"387\">Missf\u00e4rgning av huden<\/p>\n<\/li>\n<\/ul>\n<p data-start=\"389\" data-end=\"421\"><strong data-start=\"389\" data-end=\"419\">S\u00e5 h\u00e4r anv\u00e4nder du kr\u00e4men:<\/strong><\/p>\n<ol data-start=\"422\" data-end=\"555\">\n<li data-start=\"422\" data-end=\"468\">\n<p data-start=\"425\" data-end=\"468\">Applicera ett tunt lager p\u00e5 underlivet.<\/p>\n<\/li>\n<li data-start=\"469\" data-end=\"525\">\n<p data-start=\"472\" data-end=\"525\">Massera f\u00f6rsiktigt tills kr\u00e4men \u00e4r helt absorberad.<\/p>\n<\/li>\n<li data-start=\"526\" data-end=\"555\">\n<p data-start=\"529\" data-end=\"555\">Anv\u00e4nd morgon och kv\u00e4ll.<\/p>\n<\/li>\n<\/ol>\n<p data-start=\"557\" data-end=\"584\">Endast f\u00f6r utv\u00e4rtes bruk.<\/p>\n<h3 data-start=\"837\" data-end=\"854\">Konsistens<\/h3>\n<p data-start=\"856\" data-end=\"1070\">Kr\u00e4mens fylliga och \u00e5terfuktande formula har en silkeslen och omslutande k\u00e4nsla. Den absorberas snabbt, l\u00e4mnar huden sammetslen, j\u00e4mn och str\u00e5lande, samtidigt som den bek\u00e4mpar slapp hud och ger en fastare k\u00e4nsla.<\/p>\n<h3 data-start=\"1077\" data-end=\"1102\">Aktiva ingredienser<\/h3>\n<p data-start=\"1104\" data-end=\"1337\"><strong data-start=\"1104\" data-end=\"1131\">Haematococcus Pluvialis<\/strong><br data-start=\"1131\" data-end=\"1134\" \/>En naturlig ingrediens med kraftfull antioxidantverkan som hj\u00e4lper till att skydda huden, f\u00f6rebygga hudblemmor och motverka f\u00f6rlust av hudton, ger en friskare och j\u00e4mnare hud.<\/p>\n<p data-start=\"1339\" data-end=\"1568\"><strong data-start=\"1339\" data-end=\"1351\">Sheasm\u00f6r<\/strong><br data-start=\"1351\" data-end=\"1354\" \/>Utvunnet fr\u00e5n fr\u00f6n och k\u00e4rnor fr\u00e5n sheatr\u00e4det, \u00e4ven kallat \u201cungdomens v\u00e4xt\u201d. Sheasm\u00f6r \u00e4r rik p\u00e5 n\u00e4ring, mjukg\u00f6rande och \u00e5terfuktande, \u00f6kar hudens elasticitet och har lugnande, anti-aging och uppljusande effekter.<\/p>\n","protected":false},"excerpt":{"rendered":"<p data-start=\"97\" data-end=\"153\"><strong>Intensiv \u00e5terfuktning \u2013 Anti-aging f\u00f6r intimomr\u00e5det<\/strong><\/p>\n<p data-start=\"155\" data-end=\"338\">En exklusiv anti-agingbehandling som \u00e4r speciellt framtagen f\u00f6r underlivet. Den djupt \u00e5terfuktande formulan ger fyllighet, n\u00e4ring och komfort samtidigt som den v\u00e5rdar k\u00e4nslig hud.<\/p>\n<p data-start=\"340\" data-end=\"355\"><strong data-start=\"340\" data-end=\"353\">F\u00f6rdelar:<\/strong><\/p>\n<ul>\n<li data-start=\"356\" data-end=\"410\">\n<p data-start=\"358\" data-end=\"410\">Djup \u00e5terfuktning som h\u00e5ller huden mjuk och smidig<\/p>\n<\/li>\n<li data-start=\"413\" data-end=\"454\">Sl\u00e4tar ut och j\u00e4mnar ut hudens struktur<\/li>\n<li data-start=\"455\" data-end=\"507\">\n<p data-start=\"457\" data-end=\"507\">Minskar synliga \u00e5ldersfl\u00e4ckar och missf\u00e4rgningar<\/p>\n<\/li>\n<li data-start=\"508\" data-end=\"554\">\n<p data-start=\"510\" data-end=\"554\">Bevarar en ungdomlig k\u00e4nsla under l\u00e5ng tid<\/p>\n<\/li>\n<\/ul>\n<p data-start=\"556\" data-end=\"686\">Blandningen av h\u00f6gteknologiska och certifierade aktiva ingredienser arbetar tillsammans f\u00f6r att ge huden optimal v\u00e5rd och skydd.<\/p>\n<p data-start=\"556\" data-end=\"686\"><span dir=\"auto\"><span class=\"\" dir=\"auto\">30 ml \u2013 <\/span><\/span><em><span dir=\"auto\"><span class=\"\" dir=\"auto\">Cirka 200 produktdoseringar<\/span><\/span><\/em><\/p>\n","protected":false},"featured_media":23421,"comment_status":"open","ping_status":"closed","template":"","meta":[],"product_brand":[],"product_cat":[237],"product_tag":[],"class_list":{"0":"post-23473","1":"product","2":"type-product","3":"status-publish","4":"has-post-thumbnail","6":"product_cat-kysh-intimvard","8":"first","9":"instock","10":"taxable","11":"shipping-taxable","12":"purchasable","13":"product-type-simple"},"yoast_head":"<!-- This site is optimized with the Yoast SEO plugin v27.5 - https:\/\/yoast.com\/product\/yoast-seo-wordpress\/ -->\n<title>Anti-Aging Cream 30ml - LYCON Nordic - Sweden - Privat<\/title>\n<meta name=\"robots\" content=\"index, follow, max-snippet:-1, max-image-preview:large, max-video-preview:-1\" \/>\n<link rel=\"canonical\" href=\"https:\/\/lyconnordic.se\/privat\/produkt\/anti-aging-cream-30ml\/\" \/>\n<meta property=\"og:locale\" content=\"sv_SE\" \/>\n<meta property=\"og:type\" content=\"article\" \/>\n<meta property=\"og:title\" content=\"Anti-Aging Cream 30ml - LYCON Nordic - Sweden - Privat\" \/>\n<meta property=\"og:description\" content=\"Intensiv \u00e5terfuktning \u2013 Anti-aging f\u00f6r intimomr\u00e5det En exklusiv anti-agingbehandling som \u00e4r speciellt framtagen f\u00f6r underlivet. Den djupt \u00e5terfuktande formulan ger fyllighet, n\u00e4ring och komfort samtidigt som den v\u00e5rdar k\u00e4nslig hud. F\u00f6rdelar:     Djup \u00e5terfuktning som h\u00e5ller huden mjuk och smidig   Sl\u00e4tar ut och j\u00e4mnar ut hudens struktur   Minskar synliga \u00e5ldersfl\u00e4ckar och missf\u00e4rgningar    Bevarar en ungdomlig k\u00e4nsla under l\u00e5ng tid   Blandningen av h\u00f6gteknologiska och certifierade aktiva ingredienser arbetar tillsammans f\u00f6r att ge huden optimal v\u00e5rd och skydd. 30 ml \u2013 Cirka 200 produktdoseringar\" \/>\n<meta property=\"og:url\" content=\"https:\/\/lyconnordic.se\/privat\/produkt\/anti-aging-cream-30ml\/\" \/>\n<meta property=\"og:site_name\" content=\"LYCON Nordic - Sweden - Privat\" \/>\n<meta property=\"og:image\" content=\"https:\/\/lyconnordic.se\/privat\/wp-content\/uploads\/2025\/12\/8388779137762_ANTI-AGING-CREAM_cover_30ml-1.jpg\" \/>\n\t<meta property=\"og:image:width\" content=\"1500\" \/>\n\t<meta property=\"og:image:height\" content=\"2000\" \/>\n\t<meta property=\"og:image:type\" content=\"image\/jpeg\" \/>\n<meta name=\"twitter:card\" content=\"summary_large_image\" \/>\n<meta name=\"twitter:label1\" content=\"Ber\u00e4knad l\u00e4stid\" \/>\n\t<meta name=\"twitter:data1\" content=\"1 minut\" \/>\n<script type=\"application\/ld+json\" class=\"yoast-schema-graph\">{\"@context\":\"https:\\\/\\\/schema.org\",\"@graph\":[{\"@type\":\"WebPage\",\"@id\":\"https:\\\/\\\/lyconnordic.se\\\/privat\\\/produkt\\\/anti-aging-cream-30ml\\\/\",\"url\":\"https:\\\/\\\/lyconnordic.se\\\/privat\\\/produkt\\\/anti-aging-cream-30ml\\\/\",\"name\":\"Anti-Aging Cream 30ml - LYCON Nordic - Sweden - Privat\",\"isPartOf\":{\"@id\":\"https:\\\/\\\/lyconnordic.se\\\/privat\\\/#website\"},\"primaryImageOfPage\":{\"@id\":\"https:\\\/\\\/lyconnordic.se\\\/privat\\\/produkt\\\/anti-aging-cream-30ml\\\/#primaryimage\"},\"image\":{\"@id\":\"https:\\\/\\\/lyconnordic.se\\\/privat\\\/produkt\\\/anti-aging-cream-30ml\\\/#primaryimage\"},\"thumbnailUrl\":\"https:\\\/\\\/lyconnordic.se\\\/privat\\\/wp-content\\\/uploads\\\/2025\\\/12\\\/8388779137762_ANTI-AGING-CREAM_cover_30ml-1.jpg\",\"datePublished\":\"2026-02-11T10:58:06+00:00\",\"breadcrumb\":{\"@id\":\"https:\\\/\\\/lyconnordic.se\\\/privat\\\/produkt\\\/anti-aging-cream-30ml\\\/#breadcrumb\"},\"inLanguage\":\"sv-SE\",\"potentialAction\":[{\"@type\":\"ReadAction\",\"target\":[\"https:\\\/\\\/lyconnordic.se\\\/privat\\\/produkt\\\/anti-aging-cream-30ml\\\/\"]}]},{\"@type\":\"ImageObject\",\"inLanguage\":\"sv-SE\",\"@id\":\"https:\\\/\\\/lyconnordic.se\\\/privat\\\/produkt\\\/anti-aging-cream-30ml\\\/#primaryimage\",\"url\":\"https:\\\/\\\/lyconnordic.se\\\/privat\\\/wp-content\\\/uploads\\\/2025\\\/12\\\/8388779137762_ANTI-AGING-CREAM_cover_30ml-1.jpg\",\"contentUrl\":\"https:\\\/\\\/lyconnordic.se\\\/privat\\\/wp-content\\\/uploads\\\/2025\\\/12\\\/8388779137762_ANTI-AGING-CREAM_cover_30ml-1.jpg\",\"width\":1500,\"height\":2000},{\"@type\":\"BreadcrumbList\",\"@id\":\"https:\\\/\\\/lyconnordic.se\\\/privat\\\/produkt\\\/anti-aging-cream-30ml\\\/#breadcrumb\",\"itemListElement\":[{\"@type\":\"ListItem\",\"position\":1,\"name\":\"Hem\",\"item\":\"https:\\\/\\\/lyconnordic.se\\\/privat\\\/\"},{\"@type\":\"ListItem\",\"position\":2,\"name\":\"Produkter\",\"item\":\"https:\\\/\\\/lyconnordic.se\\\/privat\\\/produkter\\\/\"},{\"@type\":\"ListItem\",\"position\":3,\"name\":\"Anti-Aging Cream 30ml\"}]},{\"@type\":\"WebSite\",\"@id\":\"https:\\\/\\\/lyconnordic.se\\\/privat\\\/#website\",\"url\":\"https:\\\/\\\/lyconnordic.se\\\/privat\\\/\",\"name\":\"LYCON Nordic - Sweden\",\"description\":\"Lycon Nordic - Vax, Milt h\u00e5rborttagningsvax, Brasiliansk Vaxning, Exklusivt h\u00e5rborttagningsvax\",\"potentialAction\":[{\"@type\":\"SearchAction\",\"target\":{\"@type\":\"EntryPoint\",\"urlTemplate\":\"https:\\\/\\\/lyconnordic.se\\\/privat\\\/?s={search_term_string}\"},\"query-input\":{\"@type\":\"PropertyValueSpecification\",\"valueRequired\":true,\"valueName\":\"search_term_string\"}}],\"inLanguage\":\"sv-SE\"}]}<\/script>\n<!-- \/ Yoast SEO plugin. -->","yoast_head_json":{"title":"Anti-Aging Cream 30ml - LYCON Nordic - Sweden - Privat","robots":{"index":"index","follow":"follow","max-snippet":"max-snippet:-1","max-image-preview":"max-image-preview:large","max-video-preview":"max-video-preview:-1"},"canonical":"https:\/\/lyconnordic.se\/privat\/produkt\/anti-aging-cream-30ml\/","og_locale":"sv_SE","og_type":"article","og_title":"Anti-Aging Cream 30ml - LYCON Nordic - Sweden - Privat","og_description":"Intensiv \u00e5terfuktning \u2013 Anti-aging f\u00f6r intimomr\u00e5det En exklusiv anti-agingbehandling som \u00e4r speciellt framtagen f\u00f6r underlivet. Den djupt \u00e5terfuktande formulan ger fyllighet, n\u00e4ring och komfort samtidigt som den v\u00e5rdar k\u00e4nslig hud. F\u00f6rdelar:     Djup \u00e5terfuktning som h\u00e5ller huden mjuk och smidig   Sl\u00e4tar ut och j\u00e4mnar ut hudens struktur   Minskar synliga \u00e5ldersfl\u00e4ckar och missf\u00e4rgningar    Bevarar en ungdomlig k\u00e4nsla under l\u00e5ng tid   Blandningen av h\u00f6gteknologiska och certifierade aktiva ingredienser arbetar tillsammans f\u00f6r att ge huden optimal v\u00e5rd och skydd. 30 ml \u2013 Cirka 200 produktdoseringar","og_url":"https:\/\/lyconnordic.se\/privat\/produkt\/anti-aging-cream-30ml\/","og_site_name":"LYCON Nordic - Sweden - Privat","og_image":[{"width":1500,"height":2000,"url":"https:\/\/lyconnordic.se\/privat\/wp-content\/uploads\/2025\/12\/8388779137762_ANTI-AGING-CREAM_cover_30ml-1.jpg","type":"image\/jpeg"}],"twitter_card":"summary_large_image","twitter_misc":{"Ber\u00e4knad l\u00e4stid":"1 minut"},"schema":{"@context":"https:\/\/schema.org","@graph":[{"@type":"WebPage","@id":"https:\/\/lyconnordic.se\/privat\/produkt\/anti-aging-cream-30ml\/","url":"https:\/\/lyconnordic.se\/privat\/produkt\/anti-aging-cream-30ml\/","name":"Anti-Aging Cream 30ml - LYCON Nordic - Sweden - Privat","isPartOf":{"@id":"https:\/\/lyconnordic.se\/privat\/#website"},"primaryImageOfPage":{"@id":"https:\/\/lyconnordic.se\/privat\/produkt\/anti-aging-cream-30ml\/#primaryimage"},"image":{"@id":"https:\/\/lyconnordic.se\/privat\/produkt\/anti-aging-cream-30ml\/#primaryimage"},"thumbnailUrl":"https:\/\/lyconnordic.se\/privat\/wp-content\/uploads\/2025\/12\/8388779137762_ANTI-AGING-CREAM_cover_30ml-1.jpg","datePublished":"2026-02-11T10:58:06+00:00","breadcrumb":{"@id":"https:\/\/lyconnordic.se\/privat\/produkt\/anti-aging-cream-30ml\/#breadcrumb"},"inLanguage":"sv-SE","potentialAction":[{"@type":"ReadAction","target":["https:\/\/lyconnordic.se\/privat\/produkt\/anti-aging-cream-30ml\/"]}]},{"@type":"ImageObject","inLanguage":"sv-SE","@id":"https:\/\/lyconnordic.se\/privat\/produkt\/anti-aging-cream-30ml\/#primaryimage","url":"https:\/\/lyconnordic.se\/privat\/wp-content\/uploads\/2025\/12\/8388779137762_ANTI-AGING-CREAM_cover_30ml-1.jpg","contentUrl":"https:\/\/lyconnordic.se\/privat\/wp-content\/uploads\/2025\/12\/8388779137762_ANTI-AGING-CREAM_cover_30ml-1.jpg","width":1500,"height":2000},{"@type":"BreadcrumbList","@id":"https:\/\/lyconnordic.se\/privat\/produkt\/anti-aging-cream-30ml\/#breadcrumb","itemListElement":[{"@type":"ListItem","position":1,"name":"Hem","item":"https:\/\/lyconnordic.se\/privat\/"},{"@type":"ListItem","position":2,"name":"Produkter","item":"https:\/\/lyconnordic.se\/privat\/produkter\/"},{"@type":"ListItem","position":3,"name":"Anti-Aging Cream 30ml"}]},{"@type":"WebSite","@id":"https:\/\/lyconnordic.se\/privat\/#website","url":"https:\/\/lyconnordic.se\/privat\/","name":"LYCON Nordic - Sweden","description":"Lycon Nordic - Vax, Milt h\u00e5rborttagningsvax, Brasiliansk Vaxning, Exklusivt h\u00e5rborttagningsvax","potentialAction":[{"@type":"SearchAction","target":{"@type":"EntryPoint","urlTemplate":"https:\/\/lyconnordic.se\/privat\/?s={search_term_string}"},"query-input":{"@type":"PropertyValueSpecification","valueRequired":true,"valueName":"search_term_string"}}],"inLanguage":"sv-SE"}]}},"_links":{"self":[{"href":"https:\/\/lyconnordic.se\/privat\/wp-json\/wp\/v2\/product\/23473","targetHints":{"allow":["GET"]}}],"collection":[{"href":"https:\/\/lyconnordic.se\/privat\/wp-json\/wp\/v2\/product"}],"about":[{"href":"https:\/\/lyconnordic.se\/privat\/wp-json\/wp\/v2\/types\/product"}],"replies":[{"embeddable":true,"href":"https:\/\/lyconnordic.se\/privat\/wp-json\/wp\/v2\/comments?post=23473"}],"version-history":[{"count":1,"href":"https:\/\/lyconnordic.se\/privat\/wp-json\/wp\/v2\/product\/23473\/revisions"}],"predecessor-version":[{"id":23474,"href":"https:\/\/lyconnordic.se\/privat\/wp-json\/wp\/v2\/product\/23473\/revisions\/23474"}],"wp:featuredmedia":[{"embeddable":true,"href":"https:\/\/lyconnordic.se\/privat\/wp-json\/wp\/v2\/media\/23421"}],"wp:attachment":[{"href":"https:\/\/lyconnordic.se\/privat\/wp-json\/wp\/v2\/media?parent=23473"}],"wp:term":[{"taxonomy":"product_brand","embeddable":true,"href":"https:\/\/lyconnordic.se\/privat\/wp-json\/wp\/v2\/product_brand?post=23473"},{"taxonomy":"product_cat","embeddable":true,"href":"https:\/\/lyconnordic.se\/privat\/wp-json\/wp\/v2\/product_cat?post=23473"},{"taxonomy":"product_tag","embeddable":true,"href":"https:\/\/lyconnordic.se\/privat\/wp-json\/wp\/v2\/product_tag?post=23473"}],"curies":[{"name":"wp","href":"https:\/\/api.w.org\/{rel}","templated":true}]}}