{"id":23477,"date":"2026-02-11T11:58:20","date_gmt":"2026-02-11T10:58:20","guid":{"rendered":"https:\/\/lyconnordic.se\/privat\/?post_type=product&#038;p=23477"},"modified":"2026-02-11T11:58:20","modified_gmt":"2026-02-11T10:58:20","slug":"intimate-anti-age-cleanser-150ml","status":"publish","type":"product","link":"https:\/\/lyconnordic.se\/privat\/produkt\/intimate-anti-age-cleanser-150ml\/","title":{"rendered":"Intimate Anti-Age Cleanser 150ml"},"content":{"rendered":"<h2 data-start=\"153\" data-end=\"193\">N\u00e4rande och lugnande intimreng\u00f6ring<\/h2>\n<p data-start=\"195\" data-end=\"530\"><strong data-start=\"195\" data-end=\"243\">F\u00f6r dagligt bruk under och efter klimakteriet<\/strong><br data-start=\"243\" data-end=\"246\" \/>Denna milda intimreng\u00f6ring \u00e4r utvecklad f\u00f6r att st\u00f6dja balansen i intimomr\u00e5det n\u00e4r hormonf\u00f6r\u00e4ndringar kan p\u00e5verka huden och slemhinnorna. Med ett pH-v\u00e4rde p\u00e5 5,0\u20136,5 hj\u00e4lper den till att motverka torrhet och obehag, samtidigt som den skapar en k\u00e4nsla av fr\u00e4schhet och v\u00e4lbefinnande.<\/p>\n<p data-start=\"532\" data-end=\"561\"><strong data-start=\"532\" data-end=\"559\">S\u00e5 h\u00e4r anv\u00e4nder du den:<\/strong><\/p>\n<ul data-start=\"562\" data-end=\"698\">\n<li data-start=\"562\" data-end=\"605\">\n<p data-start=\"564\" data-end=\"605\">Applicera en liten m\u00e4ngd p\u00e5 fuktig hud.<\/p>\n<\/li>\n<li data-start=\"562\" data-end=\"605\">\n<p data-start=\"564\" data-end=\"605\">Massera f\u00f6rsiktigt med cirkulerande r\u00f6relser.<\/p>\n<\/li>\n<li data-start=\"656\" data-end=\"698\">\n<p data-start=\"658\" data-end=\"698\">Sk\u00f6lj noggrant med rikligt med vatten.<\/p>\n<\/li>\n<\/ul>\n<p data-start=\"700\" data-end=\"758\">L\u00e4mplig f\u00f6r daglig anv\u00e4ndning. Endast f\u00f6r utv\u00e4rtes bruk.<\/p>\n<h3 data-start=\"765\" data-end=\"807\">Uppfriskande och \u00e5terfuktande k\u00e4nsla<\/h3>\n<p data-start=\"809\" data-end=\"974\">Gelens unika textur omsluter huden och l\u00e4mnar den uppfriskad, lugnad och mjuk. Den milda formulan sk\u00f6ljs enkelt av och l\u00e4mnar huden v\u00e4ldoftande och behagligt n\u00e4rd.<\/p>\n<h3 data-start=\"981\" data-end=\"1018\">Kraftfulla, aktiva ingredienser<\/h3>\n<p data-start=\"1020\" data-end=\"1140\"><strong data-start=\"1020\" data-end=\"1036\">Hyaluronsyra<\/strong> \u2013 Ger intensiv och l\u00e5ngvarig \u00e5terfuktning, h\u00e5ller huden mjuk och smidig samt minskar torrhetsk\u00e4nslan.<\/p>\n<p data-start=\"1142\" data-end=\"1243\"><strong data-start=\"1142\" data-end=\"1155\">Panthenol<\/strong> \u2013 Lugnar och st\u00e4rker huden, fr\u00e4mjar naturlig \u00e5terh\u00e4mtning och skyddar mot irritation.<\/p>\n<p data-start=\"1245\" data-end=\"1338\"><strong data-start=\"1245\" data-end=\"1258\">Aloe vera<\/strong> \u2013 Rik p\u00e5 vitaminer och mineraler, lindrar rodnad och ger omedelbar fr\u00e4schhet.<\/p>\n<p data-start=\"1340\" data-end=\"1464\"><strong data-start=\"1340\" data-end=\"1354\">Ringblomma<\/strong> \u2013 Mjukg\u00f6rande och l\u00e4kande, hj\u00e4lper vid torrhet och k\u00e4nslighet, s\u00e5 huden k\u00e4nns bekv\u00e4m och v\u00e4l omh\u00e4ndertagen.<\/p>\n<p data-start=\"1466\" data-end=\"1589\"><strong data-start=\"1466\" data-end=\"1476\">Timjan<\/strong> \u2013 Naturligt antibakteriell, st\u00f6djer vaginalflorans balans och ger en k\u00e4nsla av renhet och l\u00e5ngvarig fr\u00e4schhet.<\/p>\n","protected":false},"excerpt":{"rendered":"<p>En n\u00e4rande intimreng\u00f6ring framtagen f\u00f6r kvinnor i klimakteriet.<\/p>\n","protected":false},"featured_media":23452,"comment_status":"open","ping_status":"closed","template":"","meta":[],"product_brand":[],"product_cat":[237],"product_tag":[],"class_list":{"0":"post-23477","1":"product","2":"type-product","3":"status-publish","4":"has-post-thumbnail","6":"product_cat-kysh-intimvard","8":"first","9":"instock","10":"taxable","11":"shipping-taxable","12":"purchasable","13":"product-type-simple"},"yoast_head":"<!-- This site is optimized with the Yoast SEO plugin v27.5 - https:\/\/yoast.com\/product\/yoast-seo-wordpress\/ -->\n<title>Intimate Anti-Age Cleanser 150ml - LYCON Nordic - Sweden - Privat<\/title>\n<meta name=\"robots\" content=\"index, follow, max-snippet:-1, max-image-preview:large, max-video-preview:-1\" \/>\n<link rel=\"canonical\" href=\"https:\/\/lyconnordic.se\/privat\/produkt\/intimate-anti-age-cleanser-150ml\/\" \/>\n<meta property=\"og:locale\" content=\"sv_SE\" \/>\n<meta property=\"og:type\" content=\"article\" \/>\n<meta property=\"og:title\" content=\"Intimate Anti-Age Cleanser 150ml - LYCON Nordic - Sweden - Privat\" \/>\n<meta property=\"og:description\" content=\"En n\u00e4rande intimreng\u00f6ring framtagen f\u00f6r kvinnor i klimakteriet.\" \/>\n<meta property=\"og:url\" content=\"https:\/\/lyconnordic.se\/privat\/produkt\/intimate-anti-age-cleanser-150ml\/\" \/>\n<meta property=\"og:site_name\" content=\"LYCON Nordic - Sweden - Privat\" \/>\n<meta property=\"og:image\" content=\"https:\/\/lyconnordic.se\/privat\/wp-content\/uploads\/2025\/12\/8388779137908_Kysh-Cosmetics_Intimate-Anti-aging-Cleanser_2.jpg\" \/>\n\t<meta property=\"og:image:width\" content=\"1500\" \/>\n\t<meta property=\"og:image:height\" content=\"2000\" \/>\n\t<meta property=\"og:image:type\" content=\"image\/jpeg\" \/>\n<meta name=\"twitter:card\" content=\"summary_large_image\" \/>\n<meta name=\"twitter:label1\" content=\"Ber\u00e4knad l\u00e4stid\" \/>\n\t<meta name=\"twitter:data1\" content=\"2 minuter\" \/>\n<script type=\"application\/ld+json\" class=\"yoast-schema-graph\">{\"@context\":\"https:\\\/\\\/schema.org\",\"@graph\":[{\"@type\":\"WebPage\",\"@id\":\"https:\\\/\\\/lyconnordic.se\\\/privat\\\/produkt\\\/intimate-anti-age-cleanser-150ml\\\/\",\"url\":\"https:\\\/\\\/lyconnordic.se\\\/privat\\\/produkt\\\/intimate-anti-age-cleanser-150ml\\\/\",\"name\":\"Intimate Anti-Age Cleanser 150ml - LYCON Nordic - Sweden - Privat\",\"isPartOf\":{\"@id\":\"https:\\\/\\\/lyconnordic.se\\\/privat\\\/#website\"},\"primaryImageOfPage\":{\"@id\":\"https:\\\/\\\/lyconnordic.se\\\/privat\\\/produkt\\\/intimate-anti-age-cleanser-150ml\\\/#primaryimage\"},\"image\":{\"@id\":\"https:\\\/\\\/lyconnordic.se\\\/privat\\\/produkt\\\/intimate-anti-age-cleanser-150ml\\\/#primaryimage\"},\"thumbnailUrl\":\"https:\\\/\\\/lyconnordic.se\\\/privat\\\/wp-content\\\/uploads\\\/2025\\\/12\\\/8388779137908_Kysh-Cosmetics_Intimate-Anti-aging-Cleanser_2.jpg\",\"datePublished\":\"2026-02-11T10:58:20+00:00\",\"breadcrumb\":{\"@id\":\"https:\\\/\\\/lyconnordic.se\\\/privat\\\/produkt\\\/intimate-anti-age-cleanser-150ml\\\/#breadcrumb\"},\"inLanguage\":\"sv-SE\",\"potentialAction\":[{\"@type\":\"ReadAction\",\"target\":[\"https:\\\/\\\/lyconnordic.se\\\/privat\\\/produkt\\\/intimate-anti-age-cleanser-150ml\\\/\"]}]},{\"@type\":\"ImageObject\",\"inLanguage\":\"sv-SE\",\"@id\":\"https:\\\/\\\/lyconnordic.se\\\/privat\\\/produkt\\\/intimate-anti-age-cleanser-150ml\\\/#primaryimage\",\"url\":\"https:\\\/\\\/lyconnordic.se\\\/privat\\\/wp-content\\\/uploads\\\/2025\\\/12\\\/8388779137908_Kysh-Cosmetics_Intimate-Anti-aging-Cleanser_2.jpg\",\"contentUrl\":\"https:\\\/\\\/lyconnordic.se\\\/privat\\\/wp-content\\\/uploads\\\/2025\\\/12\\\/8388779137908_Kysh-Cosmetics_Intimate-Anti-aging-Cleanser_2.jpg\",\"width\":1500,\"height\":2000},{\"@type\":\"BreadcrumbList\",\"@id\":\"https:\\\/\\\/lyconnordic.se\\\/privat\\\/produkt\\\/intimate-anti-age-cleanser-150ml\\\/#breadcrumb\",\"itemListElement\":[{\"@type\":\"ListItem\",\"position\":1,\"name\":\"Hem\",\"item\":\"https:\\\/\\\/lyconnordic.se\\\/privat\\\/\"},{\"@type\":\"ListItem\",\"position\":2,\"name\":\"Produkter\",\"item\":\"https:\\\/\\\/lyconnordic.se\\\/privat\\\/produkter\\\/\"},{\"@type\":\"ListItem\",\"position\":3,\"name\":\"Intimate Anti-Age Cleanser 150ml\"}]},{\"@type\":\"WebSite\",\"@id\":\"https:\\\/\\\/lyconnordic.se\\\/privat\\\/#website\",\"url\":\"https:\\\/\\\/lyconnordic.se\\\/privat\\\/\",\"name\":\"LYCON Nordic - Sweden\",\"description\":\"Lycon Nordic - Vax, Milt h\u00e5rborttagningsvax, Brasiliansk Vaxning, Exklusivt h\u00e5rborttagningsvax\",\"potentialAction\":[{\"@type\":\"SearchAction\",\"target\":{\"@type\":\"EntryPoint\",\"urlTemplate\":\"https:\\\/\\\/lyconnordic.se\\\/privat\\\/?s={search_term_string}\"},\"query-input\":{\"@type\":\"PropertyValueSpecification\",\"valueRequired\":true,\"valueName\":\"search_term_string\"}}],\"inLanguage\":\"sv-SE\"}]}<\/script>\n<!-- \/ Yoast SEO plugin. -->","yoast_head_json":{"title":"Intimate Anti-Age Cleanser 150ml - LYCON Nordic - Sweden - Privat","robots":{"index":"index","follow":"follow","max-snippet":"max-snippet:-1","max-image-preview":"max-image-preview:large","max-video-preview":"max-video-preview:-1"},"canonical":"https:\/\/lyconnordic.se\/privat\/produkt\/intimate-anti-age-cleanser-150ml\/","og_locale":"sv_SE","og_type":"article","og_title":"Intimate Anti-Age Cleanser 150ml - LYCON Nordic - Sweden - Privat","og_description":"En n\u00e4rande intimreng\u00f6ring framtagen f\u00f6r kvinnor i klimakteriet.","og_url":"https:\/\/lyconnordic.se\/privat\/produkt\/intimate-anti-age-cleanser-150ml\/","og_site_name":"LYCON Nordic - Sweden - Privat","og_image":[{"width":1500,"height":2000,"url":"https:\/\/lyconnordic.se\/privat\/wp-content\/uploads\/2025\/12\/8388779137908_Kysh-Cosmetics_Intimate-Anti-aging-Cleanser_2.jpg","type":"image\/jpeg"}],"twitter_card":"summary_large_image","twitter_misc":{"Ber\u00e4knad l\u00e4stid":"2 minuter"},"schema":{"@context":"https:\/\/schema.org","@graph":[{"@type":"WebPage","@id":"https:\/\/lyconnordic.se\/privat\/produkt\/intimate-anti-age-cleanser-150ml\/","url":"https:\/\/lyconnordic.se\/privat\/produkt\/intimate-anti-age-cleanser-150ml\/","name":"Intimate Anti-Age Cleanser 150ml - LYCON Nordic - Sweden - Privat","isPartOf":{"@id":"https:\/\/lyconnordic.se\/privat\/#website"},"primaryImageOfPage":{"@id":"https:\/\/lyconnordic.se\/privat\/produkt\/intimate-anti-age-cleanser-150ml\/#primaryimage"},"image":{"@id":"https:\/\/lyconnordic.se\/privat\/produkt\/intimate-anti-age-cleanser-150ml\/#primaryimage"},"thumbnailUrl":"https:\/\/lyconnordic.se\/privat\/wp-content\/uploads\/2025\/12\/8388779137908_Kysh-Cosmetics_Intimate-Anti-aging-Cleanser_2.jpg","datePublished":"2026-02-11T10:58:20+00:00","breadcrumb":{"@id":"https:\/\/lyconnordic.se\/privat\/produkt\/intimate-anti-age-cleanser-150ml\/#breadcrumb"},"inLanguage":"sv-SE","potentialAction":[{"@type":"ReadAction","target":["https:\/\/lyconnordic.se\/privat\/produkt\/intimate-anti-age-cleanser-150ml\/"]}]},{"@type":"ImageObject","inLanguage":"sv-SE","@id":"https:\/\/lyconnordic.se\/privat\/produkt\/intimate-anti-age-cleanser-150ml\/#primaryimage","url":"https:\/\/lyconnordic.se\/privat\/wp-content\/uploads\/2025\/12\/8388779137908_Kysh-Cosmetics_Intimate-Anti-aging-Cleanser_2.jpg","contentUrl":"https:\/\/lyconnordic.se\/privat\/wp-content\/uploads\/2025\/12\/8388779137908_Kysh-Cosmetics_Intimate-Anti-aging-Cleanser_2.jpg","width":1500,"height":2000},{"@type":"BreadcrumbList","@id":"https:\/\/lyconnordic.se\/privat\/produkt\/intimate-anti-age-cleanser-150ml\/#breadcrumb","itemListElement":[{"@type":"ListItem","position":1,"name":"Hem","item":"https:\/\/lyconnordic.se\/privat\/"},{"@type":"ListItem","position":2,"name":"Produkter","item":"https:\/\/lyconnordic.se\/privat\/produkter\/"},{"@type":"ListItem","position":3,"name":"Intimate Anti-Age Cleanser 150ml"}]},{"@type":"WebSite","@id":"https:\/\/lyconnordic.se\/privat\/#website","url":"https:\/\/lyconnordic.se\/privat\/","name":"LYCON Nordic - Sweden","description":"Lycon Nordic - Vax, Milt h\u00e5rborttagningsvax, Brasiliansk Vaxning, Exklusivt h\u00e5rborttagningsvax","potentialAction":[{"@type":"SearchAction","target":{"@type":"EntryPoint","urlTemplate":"https:\/\/lyconnordic.se\/privat\/?s={search_term_string}"},"query-input":{"@type":"PropertyValueSpecification","valueRequired":true,"valueName":"search_term_string"}}],"inLanguage":"sv-SE"}]}},"_links":{"self":[{"href":"https:\/\/lyconnordic.se\/privat\/wp-json\/wp\/v2\/product\/23477","targetHints":{"allow":["GET"]}}],"collection":[{"href":"https:\/\/lyconnordic.se\/privat\/wp-json\/wp\/v2\/product"}],"about":[{"href":"https:\/\/lyconnordic.se\/privat\/wp-json\/wp\/v2\/types\/product"}],"replies":[{"embeddable":true,"href":"https:\/\/lyconnordic.se\/privat\/wp-json\/wp\/v2\/comments?post=23477"}],"version-history":[{"count":1,"href":"https:\/\/lyconnordic.se\/privat\/wp-json\/wp\/v2\/product\/23477\/revisions"}],"predecessor-version":[{"id":23478,"href":"https:\/\/lyconnordic.se\/privat\/wp-json\/wp\/v2\/product\/23477\/revisions\/23478"}],"wp:featuredmedia":[{"embeddable":true,"href":"https:\/\/lyconnordic.se\/privat\/wp-json\/wp\/v2\/media\/23452"}],"wp:attachment":[{"href":"https:\/\/lyconnordic.se\/privat\/wp-json\/wp\/v2\/media?parent=23477"}],"wp:term":[{"taxonomy":"product_brand","embeddable":true,"href":"https:\/\/lyconnordic.se\/privat\/wp-json\/wp\/v2\/product_brand?post=23477"},{"taxonomy":"product_cat","embeddable":true,"href":"https:\/\/lyconnordic.se\/privat\/wp-json\/wp\/v2\/product_cat?post=23477"},{"taxonomy":"product_tag","embeddable":true,"href":"https:\/\/lyconnordic.se\/privat\/wp-json\/wp\/v2\/product_tag?post=23477"}],"curies":[{"name":"wp","href":"https:\/\/api.w.org\/{rel}","templated":true}]}}