{"id":23489,"date":"2026-02-02T14:17:22","date_gmt":"2026-02-02T13:17:22","guid":{"rendered":"https:\/\/lyconnordic.se\/privat\/?post_type=product&#038;p=23489"},"modified":"2026-02-02T14:18:45","modified_gmt":"2026-02-02T13:18:45","slug":"lycopedi-sugar-scrub-2","status":"publish","type":"product","link":"https:\/\/lyconnordic.se\/privat\/produkt\/lycopedi-sugar-scrub-2\/","title":{"rendered":"Lyco\u2019pedi Sugar Scrub 520g"},"content":{"rendered":"<p>med vitamin E och marint kollagen<\/p>\n<p>Ej testad p\u00e5 djur<\/p>\n","protected":false},"excerpt":{"rendered":"<p>Denna h\u00e4rliga sockerskrubb exfolierar effektivt huden och tar bort d\u00f6da hudceller utan att riva f\u00f6r h\u00e5rt p\u00e5 huden. Den \u00e4r oljefri, missf\u00e4rgar inte handdukarna och skv\u00e4tter inte \u00f6verallt medan du jobbar. Denna unika naturliga formula hj\u00e4lper till att motverka f\u00f6rh\u00e5rdnader och torr hud f\u00f6r att framh\u00e4va finare, l\u00e4tta f\u00f6tter med en silkeslen och fr\u00e4sch k\u00e4nsla.<\/p>\n<div class=\"pink-highlight\"><\/div>\n","protected":false},"featured_media":17059,"comment_status":"open","ping_status":"closed","template":"","meta":[],"product_brand":[],"product_cat":[20],"product_tag":[],"class_list":{"0":"post-23489","1":"product","2":"type-product","3":"status-publish","4":"has-post-thumbnail","6":"product_cat-vaxprodukter","8":"first","9":"instock","10":"sold-individually","11":"taxable","12":"shipping-taxable","13":"purchasable","14":"product-type-simple"},"yoast_head":"<!-- This site is optimized with the Yoast SEO plugin v27.5 - https:\/\/yoast.com\/product\/yoast-seo-wordpress\/ -->\n<title>Lyco\u2019pedi Sugar Scrub 520g - LYCON Nordic - Sweden - Privat<\/title>\n<meta name=\"robots\" content=\"index, follow, max-snippet:-1, max-image-preview:large, max-video-preview:-1\" \/>\n<link rel=\"canonical\" href=\"https:\/\/lyconnordic.se\/privat\/produkt\/lycopedi-sugar-scrub-2\/\" \/>\n<meta property=\"og:locale\" content=\"sv_SE\" \/>\n<meta property=\"og:type\" content=\"article\" \/>\n<meta property=\"og:title\" content=\"Lyco\u2019pedi Sugar Scrub 520g - LYCON Nordic - Sweden - Privat\" \/>\n<meta property=\"og:description\" content=\"Denna h\u00e4rliga sockerskrubb exfolierar effektivt huden och tar bort d\u00f6da hudceller utan att riva f\u00f6r h\u00e5rt p\u00e5 huden. Den \u00e4r oljefri, missf\u00e4rgar inte handdukarna och skv\u00e4tter inte \u00f6verallt medan du jobbar. Denna unika naturliga formula hj\u00e4lper till att motverka f\u00f6rh\u00e5rdnader och torr hud f\u00f6r att framh\u00e4va finare, l\u00e4tta f\u00f6tter med en silkeslen och fr\u00e4sch k\u00e4nsla.\" \/>\n<meta property=\"og:url\" content=\"https:\/\/lyconnordic.se\/privat\/produkt\/lycopedi-sugar-scrub-2\/\" \/>\n<meta property=\"og:site_name\" content=\"LYCON Nordic - Sweden - Privat\" \/>\n<meta property=\"article:modified_time\" content=\"2026-02-02T13:18:45+00:00\" \/>\n<meta property=\"og:image\" content=\"https:\/\/lyconnordic.se\/privat\/wp-content\/uploads\/2023\/11\/lycopedi_Sugar-Scrub_520g_WEB.jpg\" \/>\n\t<meta property=\"og:image:width\" content=\"900\" \/>\n\t<meta property=\"og:image:height\" content=\"900\" \/>\n\t<meta property=\"og:image:type\" content=\"image\/jpeg\" \/>\n<meta name=\"twitter:card\" content=\"summary_large_image\" \/>\n<meta name=\"twitter:label1\" content=\"Ber\u00e4knad l\u00e4stid\" \/>\n\t<meta name=\"twitter:data1\" content=\"1 minut\" \/>\n<script type=\"application\/ld+json\" class=\"yoast-schema-graph\">{\"@context\":\"https:\\\/\\\/schema.org\",\"@graph\":[{\"@type\":\"WebPage\",\"@id\":\"https:\\\/\\\/lyconnordic.se\\\/privat\\\/produkt\\\/lycopedi-sugar-scrub-2\\\/\",\"url\":\"https:\\\/\\\/lyconnordic.se\\\/privat\\\/produkt\\\/lycopedi-sugar-scrub-2\\\/\",\"name\":\"Lyco\u2019pedi Sugar Scrub 520g - LYCON Nordic - Sweden - Privat\",\"isPartOf\":{\"@id\":\"https:\\\/\\\/lyconnordic.se\\\/privat\\\/#website\"},\"primaryImageOfPage\":{\"@id\":\"https:\\\/\\\/lyconnordic.se\\\/privat\\\/produkt\\\/lycopedi-sugar-scrub-2\\\/#primaryimage\"},\"image\":{\"@id\":\"https:\\\/\\\/lyconnordic.se\\\/privat\\\/produkt\\\/lycopedi-sugar-scrub-2\\\/#primaryimage\"},\"thumbnailUrl\":\"https:\\\/\\\/lyconnordic.se\\\/privat\\\/wp-content\\\/uploads\\\/2023\\\/11\\\/lycopedi_Sugar-Scrub_520g_WEB.jpg\",\"datePublished\":\"2026-02-02T13:17:22+00:00\",\"dateModified\":\"2026-02-02T13:18:45+00:00\",\"breadcrumb\":{\"@id\":\"https:\\\/\\\/lyconnordic.se\\\/privat\\\/produkt\\\/lycopedi-sugar-scrub-2\\\/#breadcrumb\"},\"inLanguage\":\"sv-SE\",\"potentialAction\":[{\"@type\":\"ReadAction\",\"target\":[\"https:\\\/\\\/lyconnordic.se\\\/privat\\\/produkt\\\/lycopedi-sugar-scrub-2\\\/\"]}]},{\"@type\":\"ImageObject\",\"inLanguage\":\"sv-SE\",\"@id\":\"https:\\\/\\\/lyconnordic.se\\\/privat\\\/produkt\\\/lycopedi-sugar-scrub-2\\\/#primaryimage\",\"url\":\"https:\\\/\\\/lyconnordic.se\\\/privat\\\/wp-content\\\/uploads\\\/2023\\\/11\\\/lycopedi_Sugar-Scrub_520g_WEB.jpg\",\"contentUrl\":\"https:\\\/\\\/lyconnordic.se\\\/privat\\\/wp-content\\\/uploads\\\/2023\\\/11\\\/lycopedi_Sugar-Scrub_520g_WEB.jpg\",\"width\":900,\"height\":900},{\"@type\":\"BreadcrumbList\",\"@id\":\"https:\\\/\\\/lyconnordic.se\\\/privat\\\/produkt\\\/lycopedi-sugar-scrub-2\\\/#breadcrumb\",\"itemListElement\":[{\"@type\":\"ListItem\",\"position\":1,\"name\":\"Hem\",\"item\":\"https:\\\/\\\/lyconnordic.se\\\/privat\\\/\"},{\"@type\":\"ListItem\",\"position\":2,\"name\":\"Produkter\",\"item\":\"https:\\\/\\\/lyconnordic.se\\\/privat\\\/produkter\\\/\"},{\"@type\":\"ListItem\",\"position\":3,\"name\":\"Lyco\u2019pedi Sugar Scrub 520g\"}]},{\"@type\":\"WebSite\",\"@id\":\"https:\\\/\\\/lyconnordic.se\\\/privat\\\/#website\",\"url\":\"https:\\\/\\\/lyconnordic.se\\\/privat\\\/\",\"name\":\"LYCON Nordic - Sweden\",\"description\":\"Lycon Nordic - Vax, Milt h\u00e5rborttagningsvax, Brasiliansk Vaxning, Exklusivt h\u00e5rborttagningsvax\",\"potentialAction\":[{\"@type\":\"SearchAction\",\"target\":{\"@type\":\"EntryPoint\",\"urlTemplate\":\"https:\\\/\\\/lyconnordic.se\\\/privat\\\/?s={search_term_string}\"},\"query-input\":{\"@type\":\"PropertyValueSpecification\",\"valueRequired\":true,\"valueName\":\"search_term_string\"}}],\"inLanguage\":\"sv-SE\"}]}<\/script>\n<!-- \/ Yoast SEO plugin. -->","yoast_head_json":{"title":"Lyco\u2019pedi Sugar Scrub 520g - LYCON Nordic - Sweden - Privat","robots":{"index":"index","follow":"follow","max-snippet":"max-snippet:-1","max-image-preview":"max-image-preview:large","max-video-preview":"max-video-preview:-1"},"canonical":"https:\/\/lyconnordic.se\/privat\/produkt\/lycopedi-sugar-scrub-2\/","og_locale":"sv_SE","og_type":"article","og_title":"Lyco\u2019pedi Sugar Scrub 520g - LYCON Nordic - Sweden - Privat","og_description":"Denna h\u00e4rliga sockerskrubb exfolierar effektivt huden och tar bort d\u00f6da hudceller utan att riva f\u00f6r h\u00e5rt p\u00e5 huden. Den \u00e4r oljefri, missf\u00e4rgar inte handdukarna och skv\u00e4tter inte \u00f6verallt medan du jobbar. Denna unika naturliga formula hj\u00e4lper till att motverka f\u00f6rh\u00e5rdnader och torr hud f\u00f6r att framh\u00e4va finare, l\u00e4tta f\u00f6tter med en silkeslen och fr\u00e4sch k\u00e4nsla.","og_url":"https:\/\/lyconnordic.se\/privat\/produkt\/lycopedi-sugar-scrub-2\/","og_site_name":"LYCON Nordic - Sweden - Privat","article_modified_time":"2026-02-02T13:18:45+00:00","og_image":[{"width":900,"height":900,"url":"https:\/\/lyconnordic.se\/privat\/wp-content\/uploads\/2023\/11\/lycopedi_Sugar-Scrub_520g_WEB.jpg","type":"image\/jpeg"}],"twitter_card":"summary_large_image","twitter_misc":{"Ber\u00e4knad l\u00e4stid":"1 minut"},"schema":{"@context":"https:\/\/schema.org","@graph":[{"@type":"WebPage","@id":"https:\/\/lyconnordic.se\/privat\/produkt\/lycopedi-sugar-scrub-2\/","url":"https:\/\/lyconnordic.se\/privat\/produkt\/lycopedi-sugar-scrub-2\/","name":"Lyco\u2019pedi Sugar Scrub 520g - LYCON Nordic - Sweden - Privat","isPartOf":{"@id":"https:\/\/lyconnordic.se\/privat\/#website"},"primaryImageOfPage":{"@id":"https:\/\/lyconnordic.se\/privat\/produkt\/lycopedi-sugar-scrub-2\/#primaryimage"},"image":{"@id":"https:\/\/lyconnordic.se\/privat\/produkt\/lycopedi-sugar-scrub-2\/#primaryimage"},"thumbnailUrl":"https:\/\/lyconnordic.se\/privat\/wp-content\/uploads\/2023\/11\/lycopedi_Sugar-Scrub_520g_WEB.jpg","datePublished":"2026-02-02T13:17:22+00:00","dateModified":"2026-02-02T13:18:45+00:00","breadcrumb":{"@id":"https:\/\/lyconnordic.se\/privat\/produkt\/lycopedi-sugar-scrub-2\/#breadcrumb"},"inLanguage":"sv-SE","potentialAction":[{"@type":"ReadAction","target":["https:\/\/lyconnordic.se\/privat\/produkt\/lycopedi-sugar-scrub-2\/"]}]},{"@type":"ImageObject","inLanguage":"sv-SE","@id":"https:\/\/lyconnordic.se\/privat\/produkt\/lycopedi-sugar-scrub-2\/#primaryimage","url":"https:\/\/lyconnordic.se\/privat\/wp-content\/uploads\/2023\/11\/lycopedi_Sugar-Scrub_520g_WEB.jpg","contentUrl":"https:\/\/lyconnordic.se\/privat\/wp-content\/uploads\/2023\/11\/lycopedi_Sugar-Scrub_520g_WEB.jpg","width":900,"height":900},{"@type":"BreadcrumbList","@id":"https:\/\/lyconnordic.se\/privat\/produkt\/lycopedi-sugar-scrub-2\/#breadcrumb","itemListElement":[{"@type":"ListItem","position":1,"name":"Hem","item":"https:\/\/lyconnordic.se\/privat\/"},{"@type":"ListItem","position":2,"name":"Produkter","item":"https:\/\/lyconnordic.se\/privat\/produkter\/"},{"@type":"ListItem","position":3,"name":"Lyco\u2019pedi Sugar Scrub 520g"}]},{"@type":"WebSite","@id":"https:\/\/lyconnordic.se\/privat\/#website","url":"https:\/\/lyconnordic.se\/privat\/","name":"LYCON Nordic - Sweden","description":"Lycon Nordic - Vax, Milt h\u00e5rborttagningsvax, Brasiliansk Vaxning, Exklusivt h\u00e5rborttagningsvax","potentialAction":[{"@type":"SearchAction","target":{"@type":"EntryPoint","urlTemplate":"https:\/\/lyconnordic.se\/privat\/?s={search_term_string}"},"query-input":{"@type":"PropertyValueSpecification","valueRequired":true,"valueName":"search_term_string"}}],"inLanguage":"sv-SE"}]}},"_links":{"self":[{"href":"https:\/\/lyconnordic.se\/privat\/wp-json\/wp\/v2\/product\/23489","targetHints":{"allow":["GET"]}}],"collection":[{"href":"https:\/\/lyconnordic.se\/privat\/wp-json\/wp\/v2\/product"}],"about":[{"href":"https:\/\/lyconnordic.se\/privat\/wp-json\/wp\/v2\/types\/product"}],"replies":[{"embeddable":true,"href":"https:\/\/lyconnordic.se\/privat\/wp-json\/wp\/v2\/comments?post=23489"}],"version-history":[{"count":3,"href":"https:\/\/lyconnordic.se\/privat\/wp-json\/wp\/v2\/product\/23489\/revisions"}],"predecessor-version":[{"id":23492,"href":"https:\/\/lyconnordic.se\/privat\/wp-json\/wp\/v2\/product\/23489\/revisions\/23492"}],"wp:featuredmedia":[{"embeddable":true,"href":"https:\/\/lyconnordic.se\/privat\/wp-json\/wp\/v2\/media\/17059"}],"wp:attachment":[{"href":"https:\/\/lyconnordic.se\/privat\/wp-json\/wp\/v2\/media?parent=23489"}],"wp:term":[{"taxonomy":"product_brand","embeddable":true,"href":"https:\/\/lyconnordic.se\/privat\/wp-json\/wp\/v2\/product_brand?post=23489"},{"taxonomy":"product_cat","embeddable":true,"href":"https:\/\/lyconnordic.se\/privat\/wp-json\/wp\/v2\/product_cat?post=23489"},{"taxonomy":"product_tag","embeddable":true,"href":"https:\/\/lyconnordic.se\/privat\/wp-json\/wp\/v2\/product_tag?post=23489"}],"curies":[{"name":"wp","href":"https:\/\/api.w.org\/{rel}","templated":true}]}}